{"id":106,"date":"2016-09-14T10:43:16","date_gmt":"2016-09-14T09:43:16","guid":{"rendered":"http:\/\/blog.uclm.es\/carcelforzados\/?page_id=106"},"modified":"2016-09-14T10:43:16","modified_gmt":"2016-09-14T09:43:16","slug":"gitanos-forzados","status":"publish","type":"page","link":"https:\/\/blog.uclm.es\/carcelforzados\/crujia\/gitanos-forzados\/","title":{"rendered":"Gitanos forzados"},"content":{"rendered":"<p style=\"text-align: justify\">No son pocos los hombres de esta etnia que pasen por el establecimiento, acusados gen\u00e9ricamente de \u00abladrones\u00bb pero de hecho sin haber cometido otro delito que el ser \u00ab<em>vagabundos y mal entretenidos<\/em>\u00ab, o simplemente por \u00ab<em>andar en traje de gitano y hablar en lengua jerinzonza<\/em>\u00ab, cosa por otra parte habitual en otros \u00e1mbitos penales de la \u00e9poca.<\/p>\n<p style=\"text-align: justify\">Como la disposici\u00f3n de enviar reos no era restrictiva, el alcalde mayor de Baeza sentenci\u00f3 a seis a\u00f1os en las minas de Almad\u00e9n a cuatro gitanos y a otros dos gitanillos de 15 y 8 a\u00f1os respectivamente, por el tiempo que estimase el superintendente.<\/p>\n<p style=\"text-align: justify\">El gitanillo de 8 a\u00f1os fue excluido del servicio de las minas \u00ab<em>lo uno principalmente, por no ser capaz de haber cometido delito y no parecerme justo darle pena tan ignominiosa; y usando de caridad, le he tra\u00eddo, con consentimiento de su padre (que es uno de los cuatro referidos), a las casas de este Superintendente, con el fin de dispensarle diariamente alguna limosna y educaci\u00f3n<\/em>\u00ab.<\/p>\n<p style=\"text-align: justify\">Muchos fueron los reos acogidos a la conmutaci\u00f3n de pena de galeras por la mitad del tiempo en las minas, de ellos bastantes gitanos. Pero llegado el momento, no se les daba la libertad, porque era condici\u00f3n que tuviesen domicilio ejercicio seguro, cosa muy rara en esta clase de gentes. As\u00ed es que la mayor\u00eda permanecieron en Almad\u00e9n hasta 1763-1764, en que se les dio libertad a condici\u00f3n de que se establecieran en sitio fijo. Por \u00faltimo, en 1768 ya no fueron admitidos m\u00e1s gitanos que hab\u00edan sido sentenciados por el corregidor de Trujillo a trabajar en las minas.<\/p>\n<p style=\"text-align: justify\">M\u00e1s adelante, en el \u00faltimo decenio del siglo, hubo una conmutaci\u00f3n pero a la inversa. A forzados de Almad\u00e9n se les conced\u00eda la conmutaci\u00f3n de su pena de trabajo en las minas por igual tiempo de servicio en alg\u00fan regimiento del ej\u00e9rcito.<\/p>\n<p style=\"text-align: justify\">Del trato dado y de los trabajos realizados por este colectivo han quedado algunos cantes jondos en la modalidad de tarantas como los que siguen:<\/p>\n<p style=\"text-align: center\"><em>De las galeras del Puerto<\/em><br \/>\n<em> a las Minas nos trasladan<\/em><br \/>\n<em> Hacia el pueblo de Almad\u00e9n<\/em><br \/>\n<em> Revuelto de sangre gitana.<\/em><\/p>\n<p style=\"text-align: center\"><em>Cuente usted lo que nos hacen<\/em><br \/>\n<em> Sacar las ollas del horno<\/em><br \/>\n<em> Arde con el fuego<\/em><br \/>\n<em> Nos crujen las carnes.<\/em><br \/>\n<em> No nos permiten dormir,<\/em><br \/>\n<em> La noche se nos pasaba<\/em><br \/>\n<em> Amarraitos saques de agua.<\/em><br \/>\n<em> Se\u00f1or Don Mateo Alem\u00e1n<\/em><br \/>\n<em> Cuando la punta bald\u00eda<\/em><br \/>\n<em> Sacaban las ollas del horno<\/em><br \/>\n<em> Los pellejitos nos cruj\u00edan.<\/em><br \/>\n<em> Con los palos los miembros<\/em><br \/>\n<em> Insultaban nuestras vidas,<\/em><br \/>\n<em> Antes de que nos muramos todos<\/em><br \/>\n<em> Se\u00f1or Don Mateo Alem\u00e1n<\/em><br \/>\n<em> por Dios date prisa.<\/em><\/p>\n<p><a href=\"https:\/\/www.youtube.com\/watch?v=gOIeqZC16Ho\">https:\/\/www.youtube.com\/watch?v=gOIeqZC16Ho<\/a><\/p>\n<p style=\"text-align: justify\">Otras muestra nos viene dada por un escritor del Siglo XIX, Dem\u00f3filo que en martinetes escribi\u00f3:<\/p>\n<p style=\"text-align: center\"><em>Los gitanos del puerto<\/em><br \/>\n<em> Fueron los m\u00e1s desgraciados<\/em><br \/>\n<em> Que a las minas de azogue<\/em><br \/>\n<em> Se los llevan sentenciaos<\/em><br \/>\n<em> A otro d\u00eda siguiente<\/em><br \/>\n<em> Les pusieron una gorra<\/em><br \/>\n<em> Con alpargate de esparto<\/em><br \/>\n<em> Que el sentimiento me ahoga<\/em><br \/>\n<em> Al otro d\u00eda siguiente<\/em><br \/>\n<em> Les pusieron un maestro<\/em><br \/>\n<em> Que a to el que no andaba listo<\/em><br \/>\n<em> De un palo lo echara al suelo.<\/em><\/p>\n<p>&nbsp;<\/p>\n","protected":false},"excerpt":{"rendered":"<p>No son pocos los hombres de esta etnia que pasen por el establecimiento, acusados gen\u00e9ricamente de \u00abladrones\u00bb pero de hecho sin haber cometido otro delito que el ser \u00abvagabundos y mal entretenidos\u00ab, o simplemente por \u00abandar en traje de gitano y hablar en lengua jerinzonza\u00ab, cosa por otra parte habitual en otros \u00e1mbitos penales de &hellip; <a href=\"https:\/\/blog.uclm.es\/carcelforzados\/crujia\/gitanos-forzados\/\" class=\"more-link\">Seguir leyendo <span class=\"screen-reader-text\">Gitanos forzados<\/span> <span class=\"meta-nav\">&rarr;<\/span><\/a><\/p>\n","protected":false},"author":89,"featured_media":0,"parent":16,"menu_order":8,"comment_status":"closed","ping_status":"closed","template":"","meta":{"footnotes":""},"class_list":["post-106","page","type-page","status-publish","hentry"],"_links":{"self":[{"href":"https:\/\/blog.uclm.es\/carcelforzados\/wp-json\/wp\/v2\/pages\/106","targetHints":{"allow":["GET"]}}],"collection":[{"href":"https:\/\/blog.uclm.es\/carcelforzados\/wp-json\/wp\/v2\/pages"}],"about":[{"href":"https:\/\/blog.uclm.es\/carcelforzados\/wp-json\/wp\/v2\/types\/page"}],"author":[{"embeddable":true,"href":"https:\/\/blog.uclm.es\/carcelforzados\/wp-json\/wp\/v2\/users\/89"}],"replies":[{"embeddable":true,"href":"https:\/\/blog.uclm.es\/carcelforzados\/wp-json\/wp\/v2\/comments?post=106"}],"version-history":[{"count":0,"href":"https:\/\/blog.uclm.es\/carcelforzados\/wp-json\/wp\/v2\/pages\/106\/revisions"}],"up":[{"embeddable":true,"href":"https:\/\/blog.uclm.es\/carcelforzados\/wp-json\/wp\/v2\/pages\/16"}],"wp:attachment":[{"href":"https:\/\/blog.uclm.es\/carcelforzados\/wp-json\/wp\/v2\/media?parent=106"}],"curies":[{"name":"wp","href":"https:\/\/api.w.org\/{rel}","templated":true}]}}