{"id":15,"date":"2021-07-21T12:20:29","date_gmt":"2021-07-21T11:20:29","guid":{"rendered":"https:\/\/blog.uclm.es\/cabraac\/?page_id=15"},"modified":"2022-11-03T09:22:04","modified_gmt":"2022-11-03T07:22:04","slug":"miembros","status":"publish","type":"page","link":"https:\/\/blog.uclm.es\/cabraac\/miembros\/","title":{"rendered":"Miembros"},"content":{"rendered":"<p><\/p>\n\n\n<strong>Investigadores Principales<\/strong><\/p>\n\n\n<p><\/p>\n\n\nDr. Onofre Ricardo Contreras Jord\u00e1n. Facultad de Educaci\u00f3n de Albacete (Dpto. de Educaci\u00f3n F\u00edsica, Art\u00edstica y M\u00fasica, UCLM).<p><a href=\"https:\/\/orcid.org\/0000-0002-8034-0245\">https:\/\/orcid.org\/0000-0002-8034-0245<\/a><\/p>\n\n\n\n\n\nDr. Sixto Gonz\u00e1lez V\u00edllora. Facultad de Educaci\u00f3n de Albacete (Dpto. de Educaci\u00f3n F\u00edsica, Art\u00edstica y M\u00fasica, UCLM).<p><a href=\"https:\/\/orcid.org\/0000-0003-2473-5223\">https:\/\/orcid.org\/0000-0003-2473-5223<\/a><\/p>\n\n\n<p><\/p>\n\n\n<p><\/p>\n\n\n<p><\/p>\n\n\n<strong>Equipo de investigaci\u00f3n<\/strong><\/p>\n\n\n<p><\/p>\n\n\nDr. Pedro Gil Madrona. Facultad de Educaci\u00f3n de Albacete (Dpto. de Educaci\u00f3n F\u00edsica, Art\u00edstica y M\u00fasica, UCLM).<p><a href=\"https:\/\/orcid.org\/0000-0002-1503-6394\">https:\/\/orcid.org\/0000-0002-1503-6394<\/a><\/p>\n\n\n<p><\/p>\n\n\nDra. Mercedes Ferrando Prieto (Dpto. de Psicolog\u00eda Evolutiva y de la Educaci\u00f3n, Universidad de Murcia).<p><a href=\"https:\/\/orcid.org\/0000-0001-9198-1390\">https:\/\/orcid.org\/0000-0001-9198-1390<\/a><\/p>\n\n\n<p><\/p>\n\n\nDr. Jes\u00fas Mart\u00ednez Mart\u00ednez. Facultad de Educaci\u00f3n de Toledo (Dpto. de Educaci\u00f3n F\u00edsica, Art\u00edstica y M\u00fasica, UCLM).<p><a href=\"https:\/\/orcid.org\/0000-0001-8389-4238\">https:\/\/orcid.org\/0000-0001-8389-4238<\/a><\/p>\n\n\n<p><\/p>\n\n\nDr. Juan Carlos Pastor Vicedo. Facultad de Educaci\u00f3n de Albacete (Dpto. de Educaci\u00f3n F\u00edsica, Art\u00edstica y M\u00fasica, UCLM).<p><a href=\"https:\/\/orcid.org\/0000-0001-5771-6542\">https:\/\/orcid.org\/0000-0001-5771-6542<\/a><\/p>\n\n\n<p><\/p>\n\n\nDra. Nieves Mar\u00eda S\u00e1ez Gallego. Facultad de Educaci\u00f3n de Toledo (Dpto. de Educaci\u00f3n F\u00edsica, Art\u00edstica y M\u00fasica, UCLM).<p><a href=\"https:\/\/orcid.org\/0000-0001-5052-5567\">https:\/\/orcid.org\/0000-0001-5052-5567<\/a><\/p>\n\n\n<p><\/p>\n\n\n<p><\/p>\n\n\n<p><\/p>\n\n\n<strong>Equipo de trabajo<\/strong><\/p>\n\n\n<p><\/p>\n\n\nDra. Natalia Mar\u00eda Arias Palencia. Facultad de Educaci\u00f3n de Cuenca (Dpto. de Educaci\u00f3n F\u00edsica, Art\u00edstica y M\u00fasica, UCLM).<p><a href=\"https:\/\/orcid.org\/0000-0001-5004-3197\">https:\/\/orcid.org\/0000-0001-5004-3197<\/a><\/p>\n\n\n<p><\/p>\n\n\nDr. Ram\u00f3n Garc\u00eda Perales. Facultad de Educaci\u00f3n de Albacete (Dpto. de Educaci\u00f3n F\u00edsica, Art\u00edstica y M\u00fasica, UCLM).<p><a href=\"https:\/\/orcid.org\/0000-0003-2299-3421\">https:\/\/orcid.org\/0000-0003-2299-3421<\/a><\/p>\n\n\n<p><\/p>\n\n\nDr. \u00c1lvaro Infantes Paniagua. Facultad de Educaci\u00f3n (Dpto. de Psicolog\u00eda Evolutiva y de la Educaci\u00f3n, Universidad de Murcia, Contrato Postdoctoral \u00abMargarita Salas 2022\u00bb de UCLM).<p><a href=\"https:\/\/orcid.org\/0000-0002-3552-300X\">https:\/\/orcid.org\/0000-0002-3552-300X<\/a><\/p>\n\n\n\nDra. Mar\u00eda Pilar Le\u00f3n Gonz\u00e1lez. Facultad de Ciencias del Deporte de San Javier (Universidad de Murcia, Contrato Postdoctoral \u00abMargarita Salas\u00bb en Universidad de Castilla-La Mancha).<p><a href=\"https:\/\/orcid.org\/0000-0003-1639-0034\">https:\/\/orcid.org\/0000-0003-1639-0034<\/a><\/p>\n\n\n<p><\/p>\n\n\nDr. Alejandro Prieto Ayuso. Facultad de Educaci\u00f3n de Cuenca (Dpto. de Educaci\u00f3n F\u00edsica, Art\u00edstica y M\u00fasica, UCLM).<p><a href=\"https:\/\/orcid.org\/0000-0002-6228-5473\">https:\/\/orcid.org\/0000-0002-6228-5473<\/a><\/p>\n\n\n<p><\/p>\n\n\nDra. Mar\u00eda Dolores Prieto S\u00e1nchez (Dpto. de Piscolog\u00eda Evolutiva y de la Educaci\u00f3n, Universidad de Murcia).<\/p>\n\n\n<p><\/p>\n\n\nDr. Alberto Rocha (Asociaci\u00f3n ANEIS. Portugal).<p><a href=\"https:\/\/orcid.org\/0000-0002-5570-9872\">https:\/\/orcid.org\/0000-0002-5570-9872<\/a><\/p>\n","protected":false},"excerpt":{"rendered":"<p>Investigadores Principales Dr. Onofre Ricardo Contreras Jord\u00e1n. Facultad de Educaci\u00f3n de Albacete (Dpto. de Educaci\u00f3n F\u00edsica, Art\u00edstica y M\u00fasica, UCLM). https:\/\/orcid.org\/0000-0002-8034-0245 Dr. Sixto Gonz\u00e1lez V\u00edllora. Facultad de Educaci\u00f3n de Albacete (Dpto. de Educaci\u00f3n F\u00edsica, Art\u00edstica y M\u00fasica, UCLM). https:\/\/orcid.org\/0000-0003-2473-5223 Equipo &hellip; <a href=\"https:\/\/blog.uclm.es\/cabraac\/miembros\/\">Sigue leyendo <span class=\"meta-nav\">&rarr;<\/span><\/a><\/p>\n","protected":false},"author":235,"featured_media":0,"parent":0,"menu_order":0,"comment_status":"closed","ping_status":"closed","template":"","meta":{"footnotes":""},"class_list":["post-15","page","type-page","status-publish","hentry"],"_links":{"self":[{"href":"https:\/\/blog.uclm.es\/cabraac\/wp-json\/wp\/v2\/pages\/15","targetHints":{"allow":["GET"]}}],"collection":[{"href":"https:\/\/blog.uclm.es\/cabraac\/wp-json\/wp\/v2\/pages"}],"about":[{"href":"https:\/\/blog.uclm.es\/cabraac\/wp-json\/wp\/v2\/types\/page"}],"author":[{"embeddable":true,"href":"https:\/\/blog.uclm.es\/cabraac\/wp-json\/wp\/v2\/users\/235"}],"replies":[{"embeddable":true,"href":"https:\/\/blog.uclm.es\/cabraac\/wp-json\/wp\/v2\/comments?post=15"}],"version-history":[{"count":5,"href":"https:\/\/blog.uclm.es\/cabraac\/wp-json\/wp\/v2\/pages\/15\/revisions"}],"predecessor-version":[{"id":109,"href":"https:\/\/blog.uclm.es\/cabraac\/wp-json\/wp\/v2\/pages\/15\/revisions\/109"}],"wp:attachment":[{"href":"https:\/\/blog.uclm.es\/cabraac\/wp-json\/wp\/v2\/media?parent=15"}],"curies":[{"name":"wp","href":"https:\/\/api.w.org\/{rel}","templated":true}]}}