{"id":790,"date":"2026-05-10T09:19:22","date_gmt":"2026-05-10T09:19:22","guid":{"rendered":"https:\/\/blog.uclm.es\/beatrizmartin\/?page_id=790"},"modified":"2026-05-10T09:43:34","modified_gmt":"2026-05-10T09:43:34","slug":"biblioteca-de-prompts-de-investigacion","status":"publish","type":"page","link":"https:\/\/blog.uclm.es\/beatrizmartin\/biblioteca-de-prompts-de-investigacion\/","title":{"rendered":"Biblioteca de Prompts de Investigaci\u00f3n"},"content":{"rendered":"\n<div style=\"text-align:center;margin: 2em 0;padding: 2em;background: linear-gradient(135deg, #1a237e 0%, #283593 100%);border-radius: 12px\">\n  <p style=\"color:#fff;font-size:1.1em;margin-bottom:1em\">\n    \ud83d\udd2c Colecci\u00f3n de 49 prompts de IA para investigaci\u00f3n acad\u00e9mica \u2014 organizados por fases del proceso investigador\n  <\/p>\n  <a href=\"https:\/\/biblioresearch.netlify.app\/\" target=\"_blank\" style=\"display:inline-block;background:#4fc3f7;color:#0d1b4b;font-weight:bold;font-size:1.1em;padding:14px 32px;border-radius:8px;text-decoration:none\">\n    \ud83d\ude80 Acceder a la Biblioteca de Prompts\n  <\/a>\n  <p style=\"color:#b3c5f0;font-size:0.85em;margin-top:1em\">Se abre en una nueva pesta\u00f1a<\/p>\n<\/div>\n","protected":false},"excerpt":{"rendered":"<p>\ud83d\udd2c Colecci\u00f3n de 49 prompts de IA para investigaci\u00f3n acad\u00e9mica \u2014 organizados por fases del proceso investigador \ud83d\ude80 Acceder a la Biblioteca de Prompts Se abre en una nueva pesta\u00f1a<\/p>\n","protected":false},"author":27,"featured_media":0,"parent":0,"menu_order":0,"comment_status":"closed","ping_status":"closed","template":"","meta":{"footnotes":""},"class_list":["post-790","page","type-page","status-publish","hentry"],"_links":{"self":[{"href":"https:\/\/blog.uclm.es\/beatrizmartin\/wp-json\/wp\/v2\/pages\/790","targetHints":{"allow":["GET"]}}],"collection":[{"href":"https:\/\/blog.uclm.es\/beatrizmartin\/wp-json\/wp\/v2\/pages"}],"about":[{"href":"https:\/\/blog.uclm.es\/beatrizmartin\/wp-json\/wp\/v2\/types\/page"}],"author":[{"embeddable":true,"href":"https:\/\/blog.uclm.es\/beatrizmartin\/wp-json\/wp\/v2\/users\/27"}],"replies":[{"embeddable":true,"href":"https:\/\/blog.uclm.es\/beatrizmartin\/wp-json\/wp\/v2\/comments?post=790"}],"version-history":[{"count":11,"href":"https:\/\/blog.uclm.es\/beatrizmartin\/wp-json\/wp\/v2\/pages\/790\/revisions"}],"predecessor-version":[{"id":809,"href":"https:\/\/blog.uclm.es\/beatrizmartin\/wp-json\/wp\/v2\/pages\/790\/revisions\/809"}],"wp:attachment":[{"href":"https:\/\/blog.uclm.es\/beatrizmartin\/wp-json\/wp\/v2\/media?parent=790"}],"curies":[{"name":"wp","href":"https:\/\/api.w.org\/{rel}","templated":true}]}}