{"id":89,"date":"2013-03-05T21:59:30","date_gmt":"2013-03-05T20:59:30","guid":{"rendered":"http:\/\/blog.uclm.es\/beatrizlarraz\/?page_id=89"},"modified":"2013-03-05T21:59:30","modified_gmt":"2013-03-05T20:59:30","slug":"health-security-and-environmental-comission","status":"publish","type":"page","link":"https:\/\/blog.uclm.es\/beatrizlarraz\/health-security-and-environmental-comission\/","title":{"rendered":"Health, security and environmental comission"},"content":{"rendered":"<p>If you want to find the most up-to-date information about this comission, click\u00a0here:<\/p>\n<p><a href=\"https:\/\/blog.uclm.es\/cspma\/\"><img loading=\"lazy\" decoding=\"async\" class=\"alignleft size-medium wp-image-349\" src=\"https:\/\/blog.uclm.es\/beatrizlarraz\/wp-content\/uploads\/sites\/70\/2013\/03\/CMA-300x148.png\" alt=\"\" width=\"300\" height=\"148\" srcset=\"https:\/\/blog.uclm.es\/beatrizlarraz\/wp-content\/uploads\/sites\/70\/2013\/03\/CMA-300x148.png 300w, https:\/\/blog.uclm.es\/beatrizlarraz\/wp-content\/uploads\/sites\/70\/2013\/03\/CMA-768x380.png 768w, https:\/\/blog.uclm.es\/beatrizlarraz\/wp-content\/uploads\/sites\/70\/2013\/03\/CMA-500x247.png 500w, https:\/\/blog.uclm.es\/beatrizlarraz\/wp-content\/uploads\/sites\/70\/2013\/03\/CMA.png 796w\" sizes=\"auto, (max-width: 300px) 100vw, 300px\" \/><br \/>\n<\/a><\/p>\n<p>&nbsp;<\/p>\n<p>&nbsp;<\/p>\n<p>&nbsp;<\/p>\n<p>&nbsp;<\/p>\n<p>Las III Jornadas sobre Seguridad y Salud Alimentaria, que se celebrar\u00e1n los d\u00edas 16 y 17 de octubre de 2014, llevar\u00e1n por t\u00edtulo:<\/p>\n<p>Agricultura Ecol\u00f3gica: viabilidad econ\u00f3mica y aspectos legales.<\/p>\n<p><a href=\"https:\/\/blog.uclm.es\/beatrizlarraz\/wp-content\/uploads\/sites\/70\/2013\/03\/Cartel-III-Jornadas.jpg\"><img loading=\"lazy\" decoding=\"async\" class=\"alignleft size-medium wp-image-223\" src=\"https:\/\/blog.uclm.es\/beatrizlarraz\/wp-content\/uploads\/sites\/70\/2013\/03\/Cartel-III-Jornadas-224x300.jpg\" alt=\"Cartel III Jornadas\" width=\"224\" height=\"300\" \/><\/a><\/p>\n<p>&nbsp;<\/p>\n<p>&nbsp;<\/p>\n<p>&nbsp;<\/p>\n<p>&nbsp;<\/p>\n<p>&nbsp;<\/p>\n<p>&nbsp;<\/p>\n<p>&nbsp;<\/p>\n<p>&nbsp;<\/p>\n<p>&nbsp;<\/p>\n<p>New book: \u00abEl r\u00edo Tajo, lecciones del pasado para un futuro mejor\u00bb; \u00abTagus River, lessons from the past for a better world\u00bb<\/p>\n<p>Abstracts in English are included. \u00a0<a href=\"http:\/\/www.editorial-ledoria.com\/Inicio.142.0.html\">http:\/\/www.editorial-ledoria.com\/Inicio.142.0.html<\/a><\/p>\n<p><a href=\"https:\/\/blog.uclm.es\/beatrizlarraz\/wp-content\/uploads\/sites\/70\/2013\/03\/EL-RIO-TAJO-LECCIONES-DEL-PASADO-PARA-UN-FUTURO-MEJOR-portada3.jpg\"><img loading=\"lazy\" decoding=\"async\" class=\"alignleft size-medium wp-image-120\" src=\"https:\/\/blog.uclm.es\/beatrizlarraz\/wp-content\/uploads\/sites\/70\/2013\/03\/EL-RIO-TAJO-LECCIONES-DEL-PASADO-PARA-UN-FUTURO-MEJOR-portada3-215x300.jpg\" alt=\"\" width=\"215\" height=\"300\" srcset=\"https:\/\/blog.uclm.es\/beatrizlarraz\/wp-content\/uploads\/sites\/70\/2013\/03\/EL-RIO-TAJO-LECCIONES-DEL-PASADO-PARA-UN-FUTURO-MEJOR-portada3-215x300.jpg 215w, https:\/\/blog.uclm.es\/beatrizlarraz\/wp-content\/uploads\/sites\/70\/2013\/03\/EL-RIO-TAJO-LECCIONES-DEL-PASADO-PARA-UN-FUTURO-MEJOR-portada3.jpg 425w\" sizes=\"auto, (max-width: 215px) 100vw, 215px\" \/><\/a><\/p>\n<p>&nbsp;<\/p>\n<p>&nbsp;<\/p>\n<p>&nbsp;<\/p>\n<p>&nbsp;<\/p>\n<p>&nbsp;<\/p>\n<p>&nbsp;<\/p>\n<p>&nbsp;<\/p>\n<p>&nbsp;<\/p>\n<p>&nbsp;<\/p>\n<p>Jornadas Universitarias del Tajo:\u00a0 an\u00e1lisis del pasado, lecciones para el futuro<br \/>\n<a title=\"Acceso a la informaci\u00f3n (se abrir\u00e1 en una ventana nueva)\" href=\"http:\/\/www.uclm.es\/actividades\/evento.aspx?id_evento=3828\" target=\"_blank\" rel=\"noopener noreferrer\">http:\/\/www.uclm.es\/actividades\/evento.aspx?id_evento=3828<\/a><\/p>\n<p><a href=\"https:\/\/blog.uclm.es\/beatrizlarraz\/wp-content\/uploads\/sites\/70\/2013\/03\/UCLM-TAJO-PORTADA.jpg\"><img loading=\"lazy\" decoding=\"async\" class=\"alignleft size-medium wp-image-134\" src=\"https:\/\/blog.uclm.es\/beatrizlarraz\/wp-content\/uploads\/sites\/70\/2013\/03\/UCLM-TAJO-PORTADA-212x300.jpg\" alt=\"\" width=\"212\" height=\"300\" srcset=\"https:\/\/blog.uclm.es\/beatrizlarraz\/wp-content\/uploads\/sites\/70\/2013\/03\/UCLM-TAJO-PORTADA-212x300.jpg 212w, https:\/\/blog.uclm.es\/beatrizlarraz\/wp-content\/uploads\/sites\/70\/2013\/03\/UCLM-TAJO-PORTADA-724x1024.jpg 724w, https:\/\/blog.uclm.es\/beatrizlarraz\/wp-content\/uploads\/sites\/70\/2013\/03\/UCLM-TAJO-PORTADA-768x1086.jpg 768w, https:\/\/blog.uclm.es\/beatrizlarraz\/wp-content\/uploads\/sites\/70\/2013\/03\/UCLM-TAJO-PORTADA-1086x1536.jpg 1086w, https:\/\/blog.uclm.es\/beatrizlarraz\/wp-content\/uploads\/sites\/70\/2013\/03\/UCLM-TAJO-PORTADA-1448x2048.jpg 1448w, https:\/\/blog.uclm.es\/beatrizlarraz\/wp-content\/uploads\/sites\/70\/2013\/03\/UCLM-TAJO-PORTADA-scaled.jpg 1810w\" sizes=\"auto, (max-width: 212px) 100vw, 212px\" \/><\/a><\/p>\n<p>&nbsp;<\/p>\n<p>&nbsp;<\/p>\n<p>&nbsp;<\/p>\n<p>&nbsp;<\/p>\n<p>&nbsp;<\/p>\n<p>&nbsp;<\/p>\n<p>&nbsp;<\/p>\n<p>&nbsp;<\/p>\n<p>&nbsp;<\/p>\n<p>&nbsp;<\/p>\n<p>II Jornadas sobre Salud y Seguridad Alimentaria<br \/>\n<a title=\"Acceso a la informaci\u00f3n (se abrir\u00e1 en una ventana nueva)\" href=\"http:\/\/www.uclm.es\/actividades\/evento.aspx?id_evento=3721\" target=\"_blank\" rel=\"noopener noreferrer\">http:\/\/www.uclm.es\/actividades\/evento.aspx?id_evento=3721<\/a><\/p>\n<p><img loading=\"lazy\" decoding=\"async\" src=\"http:\/\/www.uclm.es\/profesorado\/blarraz\/img\/jornadas\/JornadasSaludSeguridadAlimentaria.JPG\" alt=\"\" width=\"168\" height=\"246\" \/><\/p>\n<p>(I) Jornada sobre Salud y Seguridad Alimentaria<\/p>\n<p><img loading=\"lazy\" decoding=\"async\" src=\"http:\/\/www.uclm.es\/profesorado\/blarraz\/img\/jornadas\/JornadasSeguridadAlimentaria.JPG\" alt=\"\" width=\"185\" height=\"246\" \/><\/p>\n<p>Desde Ruidera a Daimiel: problem\u00e1tica y soluciones desde el PEAG<\/p>\n<p><a href=\"https:\/\/blog.uclm.es\/beatrizlarraz\/wp-content\/uploads\/sites\/70\/2013\/03\/Jornadas-Ruidera.jpg\"><img loading=\"lazy\" decoding=\"async\" class=\"alignleft size-medium wp-image-132\" src=\"https:\/\/blog.uclm.es\/beatrizlarraz\/wp-content\/uploads\/sites\/70\/2013\/03\/Jornadas-Ruidera-212x300.jpg\" alt=\"\" width=\"212\" height=\"300\" srcset=\"https:\/\/blog.uclm.es\/beatrizlarraz\/wp-content\/uploads\/sites\/70\/2013\/03\/Jornadas-Ruidera-212x300.jpg 212w, https:\/\/blog.uclm.es\/beatrizlarraz\/wp-content\/uploads\/sites\/70\/2013\/03\/Jornadas-Ruidera-725x1024.jpg 725w, https:\/\/blog.uclm.es\/beatrizlarraz\/wp-content\/uploads\/sites\/70\/2013\/03\/Jornadas-Ruidera-768x1085.jpg 768w, https:\/\/blog.uclm.es\/beatrizlarraz\/wp-content\/uploads\/sites\/70\/2013\/03\/Jornadas-Ruidera.jpg 967w\" sizes=\"auto, (max-width: 212px) 100vw, 212px\" \/><\/a><\/p>\n<p>&nbsp;<\/p>\n<p>&nbsp;<\/p>\n<p>&nbsp;<\/p>\n<p>&nbsp;<\/p>\n<p>&nbsp;<\/p>\n<p>&nbsp;<\/p>\n<p>&nbsp;<\/p>\n<p>&nbsp;<\/p>\n<p>&nbsp;<\/p>\n<p><!--centro_contenido--><\/p>\n","protected":false},"excerpt":{"rendered":"<p>If you want to find the most up-to-date information about this comission, click\u00a0here: &nbsp; &nbsp; &nbsp; &nbsp; Las III Jornadas sobre Seguridad y Salud Alimentaria, que se celebrar\u00e1n los d\u00edas 16 y 17 de octubre de 2014, llevar\u00e1n por t\u00edtulo: &hellip; <a href=\"https:\/\/blog.uclm.es\/beatrizlarraz\/health-security-and-environmental-comission\/\">Sigue leyendo <span class=\"meta-nav\">&rarr;<\/span><\/a><\/p>\n","protected":false},"author":30,"featured_media":0,"parent":0,"menu_order":0,"comment_status":"closed","ping_status":"open","template":"page-fullwidth.php","meta":{"footnotes":""},"class_list":["post-89","page","type-page","status-publish","hentry"],"_links":{"self":[{"href":"https:\/\/blog.uclm.es\/beatrizlarraz\/wp-json\/wp\/v2\/pages\/89","targetHints":{"allow":["GET"]}}],"collection":[{"href":"https:\/\/blog.uclm.es\/beatrizlarraz\/wp-json\/wp\/v2\/pages"}],"about":[{"href":"https:\/\/blog.uclm.es\/beatrizlarraz\/wp-json\/wp\/v2\/types\/page"}],"author":[{"embeddable":true,"href":"https:\/\/blog.uclm.es\/beatrizlarraz\/wp-json\/wp\/v2\/users\/30"}],"replies":[{"embeddable":true,"href":"https:\/\/blog.uclm.es\/beatrizlarraz\/wp-json\/wp\/v2\/comments?post=89"}],"version-history":[{"count":0,"href":"https:\/\/blog.uclm.es\/beatrizlarraz\/wp-json\/wp\/v2\/pages\/89\/revisions"}],"wp:attachment":[{"href":"https:\/\/blog.uclm.es\/beatrizlarraz\/wp-json\/wp\/v2\/media?parent=89"}],"curies":[{"name":"wp","href":"https:\/\/api.w.org\/{rel}","templated":true}]}}