{"id":86,"date":"2013-03-05T21:54:37","date_gmt":"2013-03-05T20:54:37","guid":{"rendered":"http:\/\/blog.uclm.es\/beatrizlarraz\/?page_id=86"},"modified":"2024-09-09T14:45:36","modified_gmt":"2024-09-09T14:45:36","slug":"transfer-of-knowledge-to-private-sector","status":"publish","type":"page","link":"https:\/\/blog.uclm.es\/beatrizlarraz\/transfer-of-knowledge-to-private-sector\/","title":{"rendered":"Transfer of knowledge to private sector or public administrations"},"content":{"rendered":"<p>In-depth analysis of natural water retention measures against floods in the basin of the Ramabujas stream (Toledo). Firm: Mediodes Consultor\u00eda Ambiental y Paisajismo, S.L. Main researcher. 2024-2025<\/p>\n<p>Report on incorporation of ecological flows to new rules of exploitation of the Tajo-Segura transfer, Association: Asociaci\u00f3n de Municipios Ribere\u00f1os de los Embalses de Entrepe\u00f1as y Buend\u00eda. Main researcher. 2023-2024<\/p>\n<p>Analysis of the conservation status of the Guadarrama river basin. Consequences in the municipality of Batres. Public administration: Ayuntamiento de Batres (Madrid). Main researcher. 2022-2023<\/p>\n<p>Report on cadastral lands of the basin of the Guajaraz reservoir (Toledo). Firm: Mediodes Consultor\u00eda Ambiental y Paisajismo, S.L. Main researcher. 2022<\/p>\n<p>The Water Framework Directive and Cost Recovery in the Tajo-Segura Transfer. Association: Asociaci\u00f3n de Municipios Ribere\u00f1os de los Embalses de Entrepe\u00f1as y Buend\u00eda. Main researcher. 2021-2022<\/p>\n<p>Report on ecological flows in the Red Natura 2000 areas of the hydrographic basins of Castilla-La Mancha. Public administration: Direcci\u00f3n General de Medio Natural y Biodiversidad de la Junta de Comunidades de Castilla-La Mancha. Main researcher. 2020-2021<\/p>\n<p>Statistical Support for Quironsalud Professionals. Firm: QS Instituto de Investigaci\u00f3n e Innovaci\u00f3n, S.L.U. Researcher. 2020-2022<\/p>\n<p>Report on the proposal to improve the exploitation rules of the Tajo-Segura transfer. Association: Asociaci\u00f3n de Municipios Ribere\u00f1os de los Embalses de Entrepe\u00f1as y Buend\u00eda. Main researcher. 2020<\/p>\n<p>Application of Advanced Statistical Techniques for the Design of an Automated Housing Valuation Model. Firm: COHISPANIA (COMPA\u00d1IA HISPANIA DE TASACIONES). Main researcher. 2018-2019<\/p>\n<p>Design of a housing automated valuation model. Firm: COHISPANIA (COMPA\u00d1IA HISPANIA DE TASACIONES).\u00a0Main researcher. 2016-2017<\/p>\n<p>Online Valuation Project for Real Estate Portfolios. Firm: AXESOR CONOCER PARA DECIDIR S.A. Main researcher, 2013-2014<\/p>\n<p>Valuation of housing using geostatistical techniques. Firm: INFOTEL: Informaci\u00f3n y Telecomunicaciones S.A. Main researcher. 2009<\/p>\n<p><!--centro_contenido--><\/p>\n<p>.<\/p>\n","protected":false},"excerpt":{"rendered":"<p>In-depth analysis of natural water retention measures against floods in the basin of the Ramabujas stream (Toledo). Firm: Mediodes Consultor\u00eda Ambiental y Paisajismo, S.L. Main researcher. 2024-2025 Report on incorporation of ecological flows to new rules of exploitation of the &hellip; <a href=\"https:\/\/blog.uclm.es\/beatrizlarraz\/transfer-of-knowledge-to-private-sector\/\">Sigue leyendo <span class=\"meta-nav\">&rarr;<\/span><\/a><\/p>\n","protected":false},"author":30,"featured_media":0,"parent":0,"menu_order":0,"comment_status":"closed","ping_status":"open","template":"","meta":{"footnotes":""},"class_list":["post-86","page","type-page","status-publish","hentry"],"_links":{"self":[{"href":"https:\/\/blog.uclm.es\/beatrizlarraz\/wp-json\/wp\/v2\/pages\/86","targetHints":{"allow":["GET"]}}],"collection":[{"href":"https:\/\/blog.uclm.es\/beatrizlarraz\/wp-json\/wp\/v2\/pages"}],"about":[{"href":"https:\/\/blog.uclm.es\/beatrizlarraz\/wp-json\/wp\/v2\/types\/page"}],"author":[{"embeddable":true,"href":"https:\/\/blog.uclm.es\/beatrizlarraz\/wp-json\/wp\/v2\/users\/30"}],"replies":[{"embeddable":true,"href":"https:\/\/blog.uclm.es\/beatrizlarraz\/wp-json\/wp\/v2\/comments?post=86"}],"version-history":[{"count":2,"href":"https:\/\/blog.uclm.es\/beatrizlarraz\/wp-json\/wp\/v2\/pages\/86\/revisions"}],"predecessor-version":[{"id":521,"href":"https:\/\/blog.uclm.es\/beatrizlarraz\/wp-json\/wp\/v2\/pages\/86\/revisions\/521"}],"wp:attachment":[{"href":"https:\/\/blog.uclm.es\/beatrizlarraz\/wp-json\/wp\/v2\/media?parent=86"}],"curies":[{"name":"wp","href":"https:\/\/api.w.org\/{rel}","templated":true}]}}