{"id":83,"date":"2013-03-05T21:54:08","date_gmt":"2013-03-05T20:54:08","guid":{"rendered":"http:\/\/blog.uclm.es\/beatrizlarraz\/?page_id=83"},"modified":"2013-03-05T21:54:08","modified_gmt":"2013-03-05T20:54:08","slug":"courses-and-seminars","status":"publish","type":"page","link":"https:\/\/blog.uclm.es\/beatrizlarraz\/courses-and-seminars\/","title":{"rendered":"Courses and seminars"},"content":{"rendered":"<ul>\n<li>Matem\u00e1ticas I<\/li>\n<li>Matem\u00e1ticas II<\/li>\n<li>Estad\u00edstica Descriptiva<\/li>\n<li>Modelo Probabil\u00edstico<\/li>\n<li>Inferencia Estad\u00edstica<\/li>\n<li>Control Estad\u00edstico de la Calidad<\/li>\n<li>An\u00e1lisis Estad\u00edstico de Datos<\/li>\n<li>Estad\u00edstica Empresarial<\/li>\n<li>An\u00e1lisis y Tratamiento de Fuentes Estad\u00edsticas<\/li>\n<li>An\u00e1lisis de Datos Espaciales: Modelizaci\u00f3n del precio de la Vivienda.<\/li>\n<li>Curso de Estad\u00edstica Espacial, organizado por el Instituto Galego de Estat\u00edstica.<br \/>\nCelebrado en la Facultade de Econ\u00f3micas e Empresarais de la Universidad de Santiago de Compostela del 18 al 23 de noviembre de 2002.<\/li>\n<li>Seminario Metodolog\u00eda kriging: aplicaci\u00f3n al mercado inmobiliario.<br \/>\nImpartido en la Facultat d\u2019Economia de la Universitat de Val\u00e8ncia<br \/>\n26 de enero de 2006<\/li>\n<li>Conferencia Medidas de concentraci\u00f3n econ\u00f3mica: \u00edndices E y de Theil.<br \/>\nImpartida en la Facultat d\u2019Economia de la Universitat de Val\u00e8ncia<br \/>\n28 noviembre de 2006<\/li>\n<li>Seminario \u201cEstimaci\u00f3n Espacial del Precio de la Vivienda: M\u00e9todos de Krigeado\u201d.<br \/>\nImpartido en la empresa Grupo INFOTEL-AXESOR en Granada. 2-3 de abril de 2009<\/li>\n<li>Conferencia \u201cWeighthing elementary prices in time consumer price index construction\u201d.<br \/>\nImpartida en el Dipartamento di statistica Giuseppe Parenti de la Universidad de Florencia. 27 de enero de 2011<\/li>\n<li>An\u00e1lisis Estad\u00edstico de Datos Espaciales (Estad\u00edstica y Econometr\u00eda Espacial) correspondiente a la asignatura obligatoria \u00abAn\u00e1lisis Estad\u00edstico Aplicado II\u00bb del Master Universitario en Econom\u00eda Internacional y Relaciones Laborales\u00a0de la UCLM (2014-2015 y 2015-2016)<\/li>\n<li>Ponencia invitada en el acto de clausura del FOTUM ATENAGUA-Proyecto Europeo Interrreg SUDOE IV B: \u00abLa gestion des ressources en eau dans le bassin du Tage\u00bb (5 dic 2014)<\/li>\n<li>Workshop en la\u00a0Sociedad Chilena de Estudios Regionales bajo el t\u00edtulo \u00abIntroducci\u00f3n al an\u00e1lisis estad\u00edstico de datos espaciales: t\u00e9cnicas de kriging y cokriging\u201d a celebrar en Santiago de Chile (Chile) del 7 al 10 de septiembre de 2016.<\/li>\n<\/ul>\n","protected":false},"excerpt":{"rendered":"<p>Matem\u00e1ticas I Matem\u00e1ticas II Estad\u00edstica Descriptiva Modelo Probabil\u00edstico Inferencia Estad\u00edstica Control Estad\u00edstico de la Calidad An\u00e1lisis Estad\u00edstico de Datos Estad\u00edstica Empresarial An\u00e1lisis y Tratamiento de Fuentes Estad\u00edsticas An\u00e1lisis de Datos Espaciales: Modelizaci\u00f3n del precio de la Vivienda. Curso de Estad\u00edstica &hellip; <a href=\"https:\/\/blog.uclm.es\/beatrizlarraz\/courses-and-seminars\/\">Sigue leyendo <span class=\"meta-nav\">&rarr;<\/span><\/a><\/p>\n","protected":false},"author":30,"featured_media":0,"parent":0,"menu_order":0,"comment_status":"closed","ping_status":"open","template":"","meta":{"footnotes":""},"class_list":["post-83","page","type-page","status-publish","hentry"],"_links":{"self":[{"href":"https:\/\/blog.uclm.es\/beatrizlarraz\/wp-json\/wp\/v2\/pages\/83","targetHints":{"allow":["GET"]}}],"collection":[{"href":"https:\/\/blog.uclm.es\/beatrizlarraz\/wp-json\/wp\/v2\/pages"}],"about":[{"href":"https:\/\/blog.uclm.es\/beatrizlarraz\/wp-json\/wp\/v2\/types\/page"}],"author":[{"embeddable":true,"href":"https:\/\/blog.uclm.es\/beatrizlarraz\/wp-json\/wp\/v2\/users\/30"}],"replies":[{"embeddable":true,"href":"https:\/\/blog.uclm.es\/beatrizlarraz\/wp-json\/wp\/v2\/comments?post=83"}],"version-history":[{"count":0,"href":"https:\/\/blog.uclm.es\/beatrizlarraz\/wp-json\/wp\/v2\/pages\/83\/revisions"}],"wp:attachment":[{"href":"https:\/\/blog.uclm.es\/beatrizlarraz\/wp-json\/wp\/v2\/media?parent=83"}],"curies":[{"name":"wp","href":"https:\/\/api.w.org\/{rel}","templated":true}]}}