{"id":80,"date":"2013-03-05T21:53:32","date_gmt":"2013-03-05T20:53:32","guid":{"rendered":"http:\/\/blog.uclm.es\/beatrizlarraz\/?page_id=80"},"modified":"2024-03-05T12:32:48","modified_gmt":"2024-03-05T12:32:48","slug":"international-conferences","status":"publish","type":"page","link":"https:\/\/blog.uclm.es\/beatrizlarraz\/international-conferences\/","title":{"rendered":"International conferences"},"content":{"rendered":"<ul>\n<li>Urquiaga Cela, Ra\u00fal; Mart\u00ednez Escribano, Antonio; Larraz Iribas, Beatriz; Mart\u00edn Castro, Beatriz. Ciencia ciudadana para la creaci\u00f3n de un visor web del estado de conservaci\u00f3n de los r\u00edos de la cuenca del Tajo (InvesTAJO). IV Congreso Ib\u00e9rico de Restauraci\u00f3n Fluvial.Toledo (Spain). 2023<\/li>\n<li>Beatriz Larraz Iribas; Urquiaga Cela, Ra\u00fal; S\u00e1nchez P\u00e9rez, Miguel \u00c1ngel; Alonso Garc\u00eda, Consuelo. Degradaci\u00f3n del tramo medio del r\u00edo Guadarrama. Competencias legales y responsabilidad administrativa para su restauraci\u00f3n. IV Congreso Ib\u00e9rico de Restauraci\u00f3n Fluvial.Toledo (Spain). 2023<\/li>\n<li>Beatriz Larraz; San Mart\u00edn, Enrique. \u00bfEs cara el agua del trasvase Tajo-Segura? Recuperaci\u00f3n de costes, subvenciones y tarifas. XII Congreso Ib\u00e9rico de Gesti\u00f3n y Planificaci\u00f3n Del Agua. Mirando los r\u00edos desde el mar. Viejos y nuevos debates para una transici\u00f3n h\u00eddrica justa. Murcia (Spain). 2023<\/li>\n<li>Beatriz Larraz; Baeza, Domingo. Los caudales ecol\u00f3gicos en la cuenca del Tajo. Compromisos no del todo cumplidos. XII Congreso Ib\u00e9rico de Gesti\u00f3n y Planificaci\u00f3n Del Agua. Mirando los r\u00edos desde el mar. Viejos y nuevos debates para una transici\u00f3n h\u00eddrica justa. Murcia, Spain. 2023<\/li>\n<li>Beatriz Larraz; Ra\u00fal Urquiaga; Beatriz Mart\u00edn. Valoraci\u00f3n de la propuesta de reservas naturales fluviales en la cuenca hidrogr\u00e1fica del Tajo para el tercer ciclo de planificaci\u00f3n y propuesta adicional de ampliaci\u00f3n. XII Congreso Ib\u00e9rico de Gesti\u00f3n y Planificaci\u00f3n Del Agua. Mirando los r\u00edos desde el mar. Viejos y nuevos debates para una transici\u00f3n h\u00eddrica justa. Murcia (Spain). 2023<\/li>\n<li>Beatriz Larraz. Novedades de la normativa del Plan Hidrol\u00f3gico del Tajo 2022-2027. Invited Conference. <span style=\"font-size: revert\">Jornada t\u00e9cnica sobre el Plan Hidrol\u00f3gico de la cuenca del Tajo 2022-2027. <\/span>Toledo, Spain. 2023<\/li>\n<li>Beatriz Larraz. La degradaci\u00f3n de un gran r\u00edo. Invited Conference. 4\u00ba F\u00f3rum Ib\u00e9rico do Tejo &#8211; O Tejo e a Emerg\u00eancia Clim\u00e1tica. Vila Franca de Xira (Portugal). 2023<\/li>\n<li>Sabine Sauvage, Jos\u00e9 Miguel S\u00e1nchez-P\u00e9rez, M\u00e9lanie Raimonet, Roxelane Cakir, I\u00f1aki Antig\u00fcedad, Manuel Arcilla, Santiago Beguer\u00eda, Jos\u00e9 Bodoque, Christophe Boschet, Clarisse Cazals, Adolfo Chica Ruiz, Jose Ramon Diez, Bego\u00f1a Farizo, Matias Games Martinez, Noelia Garcia Rubio, Magali Gerino, Maria Gon\u00e7alves, Juan Jesus Gomiz-Pascual, Julian Ladera, <u>Beatriz Larraz<\/u>, Juan Luis Lechuga-Crespo, Rafael Ma\u00f1anes, Maite Meaurio, Enrique Navarro, Ramiro Neves, Ana Oliveira, Leticia Palaz\u00f3n, Javier Paredes-Arquiola, Maria Luisa Perez, Tiago Ramos, Francisco Javier Rodriguez, Estilita Ruiz, Denis Salles, Enrique San Martin, Miguel Sevilla-Callejo, Gabriela Zamarbide. A decision support system to evaluate water resource during low water period in South-Western Europe catchments: the AGUAMOD platform. 10th International Congress on Environmental Modelling and Software. https:\/\/scholarsarchive.byu.edu\/iemssconference\/2020\/ Ann van Griensven, Jiri Nossent, Daniel P. Ames (Eds.). Brussels, Belgium. 2020<\/li>\n<li><span style=\"font-size: revert\">Beatriz Larraz; San Mart\u00edn, Enrique; Hern\u00e1ndez Mora, Nuria. <\/span><span style=\"font-size: revert\">La gesti\u00f3n de los embalses y la despoblaci\u00f3n rural: un an\u00e1lisis comparativo de los embalses de Entrepe\u00f1as, Buend\u00eda y San Juan. <\/span><span style=\"font-size: revert\">XI Congreso Ib\u00e9rico de Gesti\u00f3n y Planificaci\u00f3n Del Agua. Transici\u00f3n h\u00eddrica y cambio global: del diagn\u00f3stico a la acci\u00f3n. <\/span><span style=\"font-size: revert\">On line because of COVID-19. <\/span><span style=\"font-size: revert\">2020<\/span><\/li>\n<li>Beatriz Larraz-Iribas; Domingo Baeza. Caudales ecol\u00f3gicos es proyectos hidroel\u00e9ctricos de la cuenca del Tajo. XI Congreso Ib\u00e9rico de Gesti\u00f3n y Planificaci\u00f3n Del Agua. Transici\u00f3n h\u00eddrica y cambio global: del diagn\u00f3stico a la acci\u00f3n. On line because of COVID-19. 2020<\/li>\n<li>Beatriz Larraz-Iribas; Noelia Garc\u00eda-Rubio; Emilio L\u00f3pe- Cano; Jos\u00e9 Luis Alfaro-Navarro; Esteban Alfaro-Cort\u00e9s; Mat\u00edas G\u00e1mez-Mart\u00ednez. M\u00e9todos Cuantitativos y Desarrollo Socioecon\u00f3mico. Women in Data Science (WiDS Albacete) coincidente con Global Women in Data Science (WiDS) en 150 localidades en el mundo. Albacete (Spain). 2020<\/li>\n<li>Emilio L\u00f3pez Cano; Beatriz Larraz-Iribas; Jos\u00e9 Luis Alfaro-Navarro; Esteban Alfaro-Cort\u00e9s; Noelia Garc\u00eda Rubio; Mat\u00edas G\u00e1mez Mart\u00ednez. R y Shiny al rescate de los tasadores: implementaci\u00f3n de un algoritmo experto para modelos. de valoraci\u00f3n autom\u00e1tica. XI Jornadas de Usuarios de R. Madrid (Spain). 2019<\/li>\n<li>Beatriz Larraz-Iribas, Jos\u00e9-Luis Alfaro-Navarro, Emilio L. Cano, Esteban Alfaro-Cort\u00e9s, Noelia Garc\u00eda-Rubio, and Mat\u00edas G\u00e1mez-Mart\u00ednez. R and Shiny to support real estate appraisers: An expert algorithm implementation for Automated Valuation Models. useR! 2019. http:\/\/user2019.r-project.org. Toulouse (France). 2019<\/li>\n<li>San Mart\u00edn, E., Larraz, B. y Hern\u00e1ndez-Mora, N. An\u00e1lisis de los impactos socioecon\u00f3micos del trasvase Tajo-Segura en los embalses de cabecera de Entrepe\u00f1as y Buend\u00eda. Primera Jornada La Espa\u00f1a Abandonada y la Pol\u00edtica de Cohesi\u00f3n Europea. Oficina del Parlamento Europeo en Espa\u00f1a, Madrid (Espa\u00f1a). 2019<\/li>\n<li>Jos\u00e9 Miguel S\u00e1nchez-P\u00e9rez, Sabine Sauvage, M\u00e9lanie Raimonet, Roxelane Cakir, I\u00f1aki Antig\u00fcedad, Manuel Arcilla, Santiago Beguer\u00eda, Jos\u00e9 Bodoque, Christophe Boschet, Clarisse Cazals, Adolfo Chica Ruiz, Jose Ramon Diez, Bego\u00f1a Farizo, Matias Games Martinez, Noelia Garcia Rubio, Magali Gerino, Maria Gon\u00e7alves, Juan Jesus Gomiz-Pascual, Julian Ladera, <u style=\"font-size: revert\">Beatriz Larraz<\/u><span style=\"font-size: revert\">, Juan Luis Lechuga-Crespo, Rafael Ma\u00f1anes, Maite Meaurio, Enrique Navarro, Ramiro Neves, Ana Oliveira, Leticia Palaz\u00f3n, Javier Paredes-Arquiola, Maria Luisa Perez, Tiago Ramos, Francisco Javier Rodriguez, Estilita Ruiz, Denis Salles, Enrique San Martin, Miguel Sevilla-Callejo, Gabriela Zamarbide. <\/span>AGUAMOD: a decision support system to evaluate water resource during low water period in South -Western Europe catchments. 2018 International SWAT Conference. Brussels. 2018<\/li>\n<li>San Mart\u00edn, E., Larraz, B. y Hern\u00e1ndez-Mora, N. An\u00e1lisis de los impactos socioecon\u00f3micos del trasvase Tajo-Segura en los embalses de cabecera de Entrepe\u00f1as y Buend\u00eda. Jornadas del agua: aspectos socioecon\u00f3micos y ambientales, organizado por el Colegio de Economistas de Madrid, secci\u00f3n Guadalajara. Trillo (Guadalajara, Espa\u00f1a). 2018<\/li>\n<li>San Mart\u00edn, E., Larraz, B. y Hern\u00e1ndez-Mora, N. Estudio de los impactos socioecon\u00f3micos del trasvase Tajo-Segura sobre los municipios ribere\u00f1os de los embalses de Entrepe\u00f1as y Buend\u00eda. X Congreso Ib\u00e9rico de Gesti\u00f3n y Planificaci\u00f3n del Agua. Coimbra (Portugal). 2018.<\/li>\n<li>Larraz, B. Informaci\u00f3n disponible sobre precios de vivienda en Espa\u00f1a. Ponencia invitada al 8\u00baEncuentro de la Sociedad Chilena de Estudios Regionales, celebrado en\u00a0Santiago de Chile (Chile), 2016<\/li>\n<li>Larraz, B.\u00a0Factores condicionantes y dependencia espacial en el grado de concentraci\u00f3n salarial en Espa\u00f1a. Ponencia en XXX Congreso Internacional de Econom\u00eda Aplicada celebrado en\u00a0Valencia (Espa\u00f1a), 2016<\/li>\n<li>Larraz, B. La insostenible gesti\u00f3n del agua en la demarcaci\u00f3n espa\u00f1ola de la cuenca del Tajo. Ponencia invitada e inaugural del\u00a0II Foro Ib\u00e9rico del Tajo, celebrado en\u00a0Vila Franca de Xira (Lisboa, Portugal), 2016<\/li>\n<li>Larraz, B., Herrera, M., Pav\u00eda, J.M. Determinantes de la Desigualdad Salarial en Espa\u00f1a. Un enfoque espacial. Ponencia en la\u00a0International Conference on Regional Science: Innovation and Geographical Spillovers: New Approaches and Evidence, celebrada en Reus (Tarragona), 2015<\/li>\n<li>San Mart\u00edn, E., Larraz, B., Hern\u00e1ndez-Mora. N. y Gallego, M. S. La gesti\u00f3n insostenible del r\u00edo Tajo. Ponencia en el\u00a0XII Economic Policy International Conference \u2013 XII JIPE 2015, celebrado en\u00a0Toledo, 2015<\/li>\n<li>Larraz, B. y Pav\u00eda, J.M. Autocorrelaci\u00f3n y Modelos Econom\u00e9tricos Espaciales en Econom\u00eda. Poster enviado a las I Jornades d\u2019Intercanvi d\u2019Experi\u00e8ncies d\u2019Innovaci\u00f3 Educativa en Econometria y M\u00e8todes Quantitatius, celebradas en\u00a0Valencia, 2015<\/li>\n<li>Larraz, B. Educaci\u00f3n Ambiental del Alumnado de Ciencias Jur\u00eddicas y Sociales. Ponencia en las\u00a0Jornadas UVT NETWORK II Encuentro de Experiencias Docentes en Educaci\u00f3n Superior, Albacete, 2015<\/li>\n<li>Larraz, B. y Pav\u00eda, J.M. Spatial Analysis of Wage Inequality in Spain. Ponencia en el \u00a07<sup>th<\/sup> JEAN PAELINCK Seminar celebrado en\u00a0Zaragoza, 2014<\/li>\n<li>Larraz, B. y Pav\u00eda, J.M. Concentraci\u00f3n Salarial en Espa\u00f1a. Un An\u00e1lisis Espacial. Ponencia en\u00a0la International Conference on Regional Science: Financing and Towns in Economic Recovery, celebrada en\u00a0Zaragoza, 2014<\/li>\n<li>Larraz, B. Situaci\u00f3n laboral, desigualdad de g\u00e9nero y brecha salarial desde el punto de vista de la Estad\u00edstica. Ponencia en el\u00a0Encuentro Intercampus sobre innovaci\u00f3n y mejora docente: \u201cEl proyecto de innovaci\u00f3n docente como herramienta de incorporaci\u00f3n de las cuestiones de g\u00e9nero en los \u00e1mbitos docente y acad\u00e9mico en los estudios de grado\u201d, Ciudad Real, 2014Larraz, B. Gender and labour characteristics on income inequality. Poster enviado al Current Economic and Social Topics CEST2013, Symposium on Financial Market Analysis. Warsaw (Polonia), 2013<\/li>\n<li>Larraz, B. An\u00e1lisis de la concentraci\u00f3n salarial en funci\u00f3n del g\u00e9nero y las caracter\u00edsticas laborales. El caso de Castilla-La Mancha, 2013. Ponencia en las X Jornadas de Econom\u00eda Laboral, Madrid<\/li>\n<li>Larraz, B., Poblaci\u00f3n, J. An Expert System for Estimating Punctual Housing Prices. II World Finance Conference, Rodhes (Greece), 2011. Presentado por Poblaci\u00f3n, J.<\/li>\n<li>Larraz, B., Pav\u00eda, JM, Ferrari, G. Weighting elementary prices in consumer price index construction using spatial autocorrelation. Ottawa Group, Wellington (New Zaeland), 2011.<\/li>\n<li>Larraz Iribas, B. An Expert System for Estimating Punctual Housing Prices. Sixty-Nineth International Atlantic Economic Conference, Prague (Czech Republic), 2010.<\/li>\n<li>Larraz Iribas, B. Incorporating the Spatial Component into the Consumer Price Index. Annual North American Meeting.\u00a0 Regional Science Association International. Denver, Colorado (USA), 2010.<\/li>\n<li>Larraz, B., Pav\u00eda, JM. Regional Size and Wealth. Sixty-Seventh International Atlantic Economic Conference, Roma (Italy), 2009.<\/li>\n<li>Montero Lorenzo, J.M., Larraz Iribas, B., Chasco Yrigoyen, C. Building an Environmental Quality Index for a big city: a spatial interpolation approach with DP2. 55th Annual North American Meetings of the Regional Science Association International, New York (USA), 2008. Presentado por Chasco, C.<\/li>\n<li>Montero, J.M., Larraz, B., Chasco, C. Building an Environmental Quality Index for a big city: a spatial interpolation approach with DP2, Seminar Jean Paelink on Spatial Econometric, Cartagena (Spain), 2008.<\/li>\n<li>Pav\u00eda, J.M.,\u00a0 Montero, J.M., Larraz, B., Fern\u00e1ndez-Avil\u00e9s, G. An Alternative to Cluster European Regions Eligible for ERDF Funding. Sixty-five International Atlantic Economic Conference, Warsaw (Polonia), 2008.<\/li>\n<li>Montero, J.M., Larraz, B., Alfaro, J.L. y Rodr\u00edguez, F. The Behaviour of Spanish Regional House Prices. Sixty-fourth International Atlantic Economic Conference, Savannah (Georgia, USA), 2007.<\/li>\n<li>Larraz, B. y Montero, J.M. Ponencia Invitada: Estimating Housing Prices: Kriging and Cokriging as an alternative. XVI Konferencja Naukova Sekcji Klasyfikacji i Analizy Danych Pts, Krynica (Polonia), 2007.<\/li>\n<li>Pav\u00eda, J.M , Larraz, B. y Cabrer, B. An Alternative to Cluster European Regions Elegible for ERDF Funding. Sixty-third International Atlantic Economic Conference Madrid (Spain)), 2007.<\/li>\n<li>Larraz, B. y Montero, JM\u00aa. Spatial Correlation in Housing Price Indexes. Sixty-third International Atlantic Economic Conference, Madrid (Spain), 2007.<\/li>\n<li>Larraz, B. Methods based on variograms versus classical interpolation methods: The real estate case. Sixty-second International Atlantic Economic Conference, Philadelphia, Penssylvania, (USA), 2006.<\/li>\n<li>Larraz, B. Cokriging versus kriging: an application to the premises market. Sixty-first International Atlantic Economic Conference. Berl\u00edn (Germany), 2006.<\/li>\n<li>Montero, JM., Larraz, B. Cokriging versus univariate interpolation methods: An application to the premises market. International Workshop on Spatio-Temporal Modelling (METMA3). Pamplona (Spain), 2006, Internacional<\/li>\n<li>Larraz, B. Structural Analysis of Housing Prices. Fifty-Eigth International Atlantic Economic Conference, Chicago (USA), 2004.<\/li>\n<li>Larraz, B.y Montero, J.M. The Spatial Dependence of the Unemployment Rate in Spain. Fifty-Sixth International Atlantic Economic Conference, Qu\u00e9bec (Canada), 2003.<\/li>\n<li>Larraz, B. Estructura espacial de la tasa de desempleo. XVII Reuni\u00f3n Asepelt-Espa\u00f1a. Publicaci\u00f3n en CD. Almer\u00eda (Spain), 2003, Nacional<\/li>\n<li>Larraz, B. Medida de la desigualdad de la distribuci\u00f3n de la renta en la Uni\u00f3n Europea y en la zona euro. XVI Reuni\u00f3n Asepelt-Espa\u00f1a, Publicaci\u00f3n en CD. Madrid (Spain)), 2002, Nacional<\/li>\n<li>Larraz, B. The evolution in the inequality of the distribution of incomes across European member states. Fifty-Third International Atlantic Economic Conference. Paris (France), 2002.<\/li>\n<\/ul>\n<p><!--centro_contenido--><\/p>\n","protected":false},"excerpt":{"rendered":"<p>Urquiaga Cela, Ra\u00fal; Mart\u00ednez Escribano, Antonio; Larraz Iribas, Beatriz; Mart\u00edn Castro, Beatriz. Ciencia ciudadana para la creaci\u00f3n de un visor web del estado de conservaci\u00f3n de los r\u00edos de la cuenca del Tajo (InvesTAJO). IV Congreso Ib\u00e9rico de Restauraci\u00f3n Fluvial.Toledo &hellip; <a href=\"https:\/\/blog.uclm.es\/beatrizlarraz\/international-conferences\/\">Sigue leyendo <span class=\"meta-nav\">&rarr;<\/span><\/a><\/p>\n","protected":false},"author":30,"featured_media":0,"parent":0,"menu_order":0,"comment_status":"closed","ping_status":"open","template":"","meta":{"footnotes":""},"class_list":["post-80","page","type-page","status-publish","hentry"],"_links":{"self":[{"href":"https:\/\/blog.uclm.es\/beatrizlarraz\/wp-json\/wp\/v2\/pages\/80","targetHints":{"allow":["GET"]}}],"collection":[{"href":"https:\/\/blog.uclm.es\/beatrizlarraz\/wp-json\/wp\/v2\/pages"}],"about":[{"href":"https:\/\/blog.uclm.es\/beatrizlarraz\/wp-json\/wp\/v2\/types\/page"}],"author":[{"embeddable":true,"href":"https:\/\/blog.uclm.es\/beatrizlarraz\/wp-json\/wp\/v2\/users\/30"}],"replies":[{"embeddable":true,"href":"https:\/\/blog.uclm.es\/beatrizlarraz\/wp-json\/wp\/v2\/comments?post=80"}],"version-history":[{"count":3,"href":"https:\/\/blog.uclm.es\/beatrizlarraz\/wp-json\/wp\/v2\/pages\/80\/revisions"}],"predecessor-version":[{"id":505,"href":"https:\/\/blog.uclm.es\/beatrizlarraz\/wp-json\/wp\/v2\/pages\/80\/revisions\/505"}],"wp:attachment":[{"href":"https:\/\/blog.uclm.es\/beatrizlarraz\/wp-json\/wp\/v2\/media?parent=80"}],"curies":[{"name":"wp","href":"https:\/\/api.w.org\/{rel}","templated":true}]}}