{"id":77,"date":"2013-03-05T21:52:43","date_gmt":"2013-03-05T20:52:43","guid":{"rendered":"http:\/\/blog.uclm.es\/beatrizlarraz\/?page_id=77"},"modified":"2023-03-22T12:00:53","modified_gmt":"2023-03-22T12:00:53","slug":"research-projects","status":"publish","type":"page","link":"https:\/\/blog.uclm.es\/beatrizlarraz\/research-projects\/","title":{"rendered":"Research projects"},"content":{"rendered":"\n<p><\/p>\n\n\n\n<p>InvesTAJO: citizen science for the creation of a web viewer of the state of conservation of the rivers of the Tagus basin. Financial entity: FECYT Innovaci\u00f3n (Fundaci\u00f3n Espa\u00f1ola para la Ciencia y la Tecnolog\u00eda). Ministerio de Ciencia e Innovaci\u00f3n FCT-21-17216. Entity: Universidad de Castilla-La Mancha (C\u00e1tedra del Tajo UCLM-Soliss) July 2022-June 2023 Amount: 22.000\u20ac Main researcher: Beatriz Larraz Iribas Researchers: 9<\/p>\n\n\n\n<p>Study on inequality, wage and gender gap in the Valencian Community 2018 and impact of COVID-19. Financial entity: Conseller\u00eda de Econom\u00eda Sostenible, Sectores Productivos, Comercio i Trabajo-GVA. CNME20\/DGECO\/005. Entities: Universidad de Valencia, Universidad de Castilla-La Mancha, Universidad de Barcelona. October 2020-June 2021. Amount: 14.000\u20ac. Main researcher: Jos\u00e9 Manuel Pav\u00eda Miralles. Researchers: 4<\/p>\n\n\n\n<p>The ROstros of COvid-19. Gender and Socioeconomic Impacts (ROCOGIS). Financial entity: CRUE-Banco de Santander-2020-2021. Entities: dades participantes: Universidad de Valencia, Universidad de Castilla-La Mancha, Universidad de Barcelona. January 2020-December 2021. Amount: 28.000 \u20ac. Main researcher: Beatriz Larraz Iribas in UCLM and Jos\u00e9 Manuel Pav\u00eda Miralles in UV. Researchers: 5<\/p>\n\n\n\n<p>Development of a Water Resources Management Platform for Low-Speed in the Territory of South-Western Europe-AGUAMOD Programa Interreg SUDOE (Convocatoria 2015). Financial entity: Uni\u00f3n Europea (Fondos FEDER). Entities:. 1.CENTRE NATIONAL DE LA RECHERCHE SCIENTIFIQUE (CNRS)France; 2.Universidad del Pa\u00eds Vasco\/Euskal Herriko Unibertsitatea UPV\/EHU Espa\u00f1a; 3.Agencia Estatal Consejo Superior de Investigaciones Cient\u00edficas IPECSIC Espa\u00f1a; 4.Universidad de Castilla- La Mancha UCLM Espa\u00f1a; 5.Instituto Superior T\u00e9cnico IST Portugal; 6.IRSTEA ETBX IRSTEA ETBX France; 7.Universidad de C\u00e1diz UCA Espa\u00f1a; 8.Instituto Nacional de Investiga\u00e7\u00e3o Agr\u00e1ria e Veterin\u00e1ria, I.P.INIAV Portugal; 9.UNIVERSITAT POLITECNICA DE VALENCIA UPV Espa\u00f1a. July 2016-June2019. Amount: 1.594.044\u20ac; Main researcher: Jos\u00e9 Miguel S\u00e1nchez P\u00e9rez (CNRS Francia). Researchers: 40; Beatriz Larraz: Coordinator of Working Task 2.<\/p>\n\n\n\n<p>Study on inequality, wage and gender gap in the Valencian Community. Financial entity: Conseller\u00eda de Econom\u00eda Sostenible, Sectores Productivos, Comercio i Trabajo-GV. Entities: Universidad de Valencia and Universidad de Castilla-La Mancha. March 2017-November 2017. Amount: 12.000\u20ac. Main researcher: Jos\u00e9 Manuel Pav\u00eda Miralles. Researchers: 2<\/p>\n\n\n\n<p>Social Structure, Polls and Elections. Financial Entity: Ministerio de Econom\u00eda y Competitividad-Ref:CSO2013-43054-R. Entity: Universidad de Valencia. January 2014-December 2018. Amount: 42.000\u20ac. Main researcher responsable: Jos\u00e9 Manuel Pav\u00eda Miralles. Researchers: 12<\/p>\n\n\n\n<p>Social Structure, Polls and Election Predictions. Financial Entity: Ministerio De Ciencia E Innovaci\u00f3n-Ref: CSO2009-11246 (subprograma CPOL). Universidad de Valencia. January 2010 &#8211; December 2012. Amount: 10.000 \u20ac. Main researcher: Jos\u00e9 Manuel Pav\u00eda Miralles. Researchers: 5<\/p>\n\n\n\n<p>An Analysis of the Statistical Sources of the Real Estate Market in Spain. Financial entity: Universidad de Castilla-La Mancha (Ref: HU20101761). January 2010 &#8211; December 2010. Amount: 2.400 \u20ac. Main researcher: Beatriz Larraz Iribas. Researchers: 2<\/p>\n\n\n\n<p>Economic-Spatial Analysis of House Prices in Madrid. Financial entity: Comunidad Aut\u00f3noma de Madrid y Universidad Aut\u00f3noma de Madrid. January 2009 &#8211; December 2009. Main researcher: Coro Chasco Irigoyen. Researchers: 4. <\/p>\n\n\n\n<p>An analysis to improve the predictive capacity of electoral estimates based on survey data. Financial entity: Centro de Investigaciones sociol\u00f3gicas (CIS). January 2009 &#8211; December 2009. Amount: 12.000 \u20ac. Main researcher: Jos\u00e9 Manuel Pav\u00eda Miralles. Researcher: 2<\/p>\n\n\n\n<p>Impact of the regional classification decision on the receipt of European funds. Financial entity: Universidad de Castilla-La Mancha. January 2009 &#8211; December 2009. Amount: 2.400\u20ac. Main researcher: Beatriz Larraz Iribas. Researchers: 3<\/p>\n\n\n\n<p>Spatial information: the great absentee in electoral predictions. Financial entity: Universidad de Castilla-La Mancha. January 2008 &#8211; December 2008. Amount: 2.400\u20ac. Main researcher: Beatriz Larraz Iribas. Researchers: 3<\/p>\n\n\n\n<p>House Price Index from the Point of View of Spatial Statistics. Financial entity: Universidad de Castilla-La Mancha. January 2006 &#8211; December 2007. Amount: 1.200\u20ac. Main researcher: Beatriz Larraz Iribas. Researchers: 2. <\/p>\n\n\n\n<p>Techniques of Spatial Estimation of Housing Prices and Commercial Premises. Financial entity: Junta de Comunidades de Castilla-La Mancha. January 2005 &#8211; December 2007. Amount: 32.775\u20ac. Main researcher: Jos\u00e9 Mar\u00eda Montero Lorenzo. Researchers: 6<\/p>\n\n\n\n<p>Statistical analysis of the Survey on the Green Areas of Pozuelo de Alarcon. Financial entity: BIO ENVIRONMENT SOLUCIONES AMBIENTALES. January 2006 &#8211; December 2006. Main researcher Montero Lorenzo, JM. Researchers: 9<\/p>\n\n\n\n<p>Estimation of housing prices in the historic center of the city of Toledo. Financial entity: Universidad de Castilla-La Mancha. January 2005 &#8211; December 2005. Main researcher Montero Lorenzo, Jos\u00e9 M\u00aa. Researchers: 4<\/p>\n\n\n\n<p>Development of a methodology for estimating real estate prices. Financial entity: Universidad de Castilla-La Mancha. January 2004 &#8211; December 2004. Main researcher Montero Lorenzo, Jos\u00e9 M\u00aa. Researcheres: 3<\/p>\n\n\n\n<p>Economic Outlook and Economic Forecast Report of Castilla-La Mancha (annual, four quarters). Financial entity: Junta de Comunidades de Castilla-La Mancha. January, 1999 \u2013 December 2013. Amount: 128.000\u20ac\/year. Main researcher Jos\u00e9 Mar\u00eda Montero Lorenzo. Researchers: 10<\/p>\n\n\n\n<p>Bulletin of Economic Situation and Forecasting of Castilla-La Mancha (annual, four quarters). Financial entity: Junta de Comunidades de Castilla-La Mancha. January, 1999 &#8211; December, 2002. Amount: 128.000\u20ac\/year. Main researcher Jos\u00e9 Mar\u00eda Montero Lorenzo. Researchers: 10  <\/p>\n","protected":false},"excerpt":{"rendered":"<p>InvesTAJO: citizen science for the creation of a web viewer of the state of conservation of the rivers of the Tagus basin. Financial entity: FECYT Innovaci\u00f3n (Fundaci\u00f3n Espa\u00f1ola para la Ciencia y la Tecnolog\u00eda). Ministerio de Ciencia e Innovaci\u00f3n FCT-21-17216. &hellip; <a href=\"https:\/\/blog.uclm.es\/beatrizlarraz\/research-projects\/\">Sigue leyendo <span class=\"meta-nav\">&rarr;<\/span><\/a><\/p>\n","protected":false},"author":30,"featured_media":0,"parent":0,"menu_order":0,"comment_status":"closed","ping_status":"open","template":"","meta":{"footnotes":""},"class_list":["post-77","page","type-page","status-publish","hentry"],"_links":{"self":[{"href":"https:\/\/blog.uclm.es\/beatrizlarraz\/wp-json\/wp\/v2\/pages\/77","targetHints":{"allow":["GET"]}}],"collection":[{"href":"https:\/\/blog.uclm.es\/beatrizlarraz\/wp-json\/wp\/v2\/pages"}],"about":[{"href":"https:\/\/blog.uclm.es\/beatrizlarraz\/wp-json\/wp\/v2\/types\/page"}],"author":[{"embeddable":true,"href":"https:\/\/blog.uclm.es\/beatrizlarraz\/wp-json\/wp\/v2\/users\/30"}],"replies":[{"embeddable":true,"href":"https:\/\/blog.uclm.es\/beatrizlarraz\/wp-json\/wp\/v2\/comments?post=77"}],"version-history":[{"count":6,"href":"https:\/\/blog.uclm.es\/beatrizlarraz\/wp-json\/wp\/v2\/pages\/77\/revisions"}],"predecessor-version":[{"id":472,"href":"https:\/\/blog.uclm.es\/beatrizlarraz\/wp-json\/wp\/v2\/pages\/77\/revisions\/472"}],"wp:attachment":[{"href":"https:\/\/blog.uclm.es\/beatrizlarraz\/wp-json\/wp\/v2\/media?parent=77"}],"curies":[{"name":"wp","href":"https:\/\/api.w.org\/{rel}","templated":true}]}}