{"id":66,"date":"2013-03-05T21:46:32","date_gmt":"2013-03-05T20:46:32","guid":{"rendered":"http:\/\/blog.uclm.es\/beatrizlarraz\/?page_id=66"},"modified":"2024-03-04T17:59:52","modified_gmt":"2024-03-04T17:59:52","slug":"other-publications","status":"publish","type":"page","link":"https:\/\/blog.uclm.es\/beatrizlarraz\/other-publications\/","title":{"rendered":"Other publications"},"content":{"rendered":"<ul>\n<li>Beatriz Larraz and Ra\u00fal Urquiaga. An\u00e1lisis de afecci\u00f3n al Dominio P\u00fablico Hidr\u00e1ulico. Plan Especial de Reforma Interior de Mejora \u201cPuente de la Cava\u201d. Documento-alegaciones realizadas en el periodo de informaci\u00f3n p\u00fablica del PERIM. 2023<\/li>\n<li>Beatriz Larraz, Enrique San Mart\u00edn , Ra\u00fal Urquiaga and Miguel \u00c1ngel S\u00e1nchez. Inclusi\u00f3n de los caudales m\u00ednimos del Tajo en las Reglas de Explotaci\u00f3n del Trasvase. Informe para la Asociaci\u00f3n de Municipios Ribere\u00f1os de los Embalses de Entrepe\u00f1as y Buend\u00eda.\u00a02023<\/li>\n<li>Rosa del Carmen Rodr\u00edguez Mart\u00edn-Doimeadios, Mar\u00eda de los Llanos Palop Herreros, Susana Sese\u00f1a Prieto, Francisco Javier Guzm\u00e1n Bernardo, Nuria Rodr\u00edguez Fari\u00f1as, Mar\u00eda Jim\u00e9nez Moreno, Mar\u00eda Rodr\u00edguez P\u00e9rez, Ra\u00fal Urquiaga Cela, Cristina de los Reyes Ramos y Beatriz Larraz Iribas. Estudio preliminar para la mejora del conocimiento sobre la presencia de contaminantes emergentes y de comunidades bacterianas con resistencia a antibi\u00f3ticos en las zonas Red Natura 2000 del eje del Tajo en Castilla-La Mancha en un contexto europeo. Informe para la Direcci\u00f3n General de Medio Natural y Biodiversidad de la Junta de Castilla-La Mancha.\u00a02023<\/li>\n<li>Beatriz Larraz, Miguel \u00c1ngel S\u00e1nchez, Ra\u00fal Urquiaga y Consuelo Alonso. An\u00e1lisis del estado de conservaci\u00f3n de la cuenca del r\u00edo Guadarrama. consecuencias en el municipio de Batres. Informe para el Ayuntamiento de Batres. 2023<\/li>\n<li>Beatriz Larraz y Ra\u00fal Urquiaga. Valoraci\u00f3n t\u00e9cnica al Dictamen del Consejo de Estado en relaci\u00f3n al Plan del Tajo. Informe. 2023<\/li>\n<li>Beatriz Larraz y Ra\u00fal Urquiaga.T\u00edtulo: Argumentos en relaci\u00f3n al establecimiento de caudales ecol\u00f3gicos en el Plan Hidrol\u00f3gico de la Demarcaci\u00f3n del Tajo. Documento t\u00e9cnico enviado al Consejo de Estado.\u00a02023<\/li>\n<li>Beatriz Larraz y Ra\u00fal Urquiaga. Valoraci\u00f3n de las modificaciones al Plan Hidrol\u00f3gico de la demarcaci\u00f3n del Tajo sometido a informaci\u00f3n del Consejo Nacional del Agua. Informe.\u00a02022<\/li>\n<li>Rosa del Carmen Rodr\u00edguez Mart\u00edn-Doimeadios, Mar\u00eda de los Llanos Palop Herreros, Susana Sese\u00f1a Prieto, Francisco Javier Guzm\u00e1n Bernardo, Nuria Rodr\u00edguez Fari\u00f1as, Mar\u00eda Jim\u00e9nez Moreno, Mar\u00eda Rodr\u00edguez P\u00e9rez, Ra\u00fal Urquiaga Cela, Cristina de los Reyes Ramos y Beatriz Larraz Iribas. Revisi\u00f3n bibliogr\u00e1fica, en un contexto europeo, del estado de conocimiento de la presencia de contaminantes emergentes y comunidades bacterianas con resistencias a antibi\u00f3ticos en las zonas de Red Natura 2000 del eje del Tajo perteneciente a Castilla-La Mancha. Informe para la Direcci\u00f3n General de Medio Natural y Biodiversidad de la Junta de Castilla-La Mancha.\u00a02022<\/li>\n<li>San Mart\u00edn, Enrique, Larraz, Beatriz. \u00bfEs cara el agua del trasvase Tajo-Segura? Recuperaci\u00f3n de costes, subvenciones y tarifas.\u00a0\u00a0Informe <a href=\"http:\/\/dx.doi.org\/10.13140\/RG.2.2.18052.30089\/2\">http:\/\/dx.doi.org\/10.13140\/RG.2.2.18052.30089\/2.<\/a>\u00a02022<\/li>\n<li>Beatriz Larraz y Ra\u00fal Urquiaga. Observaciones a la memoria informativa y diagn\u00f3stico del Plan de Ordenaci\u00f3n Municipal (POM) de Toledo. Informe.\u00a0mayo 2022<\/li>\n<li>Beatriz Larraz y Ra\u00fal Urquiaga. Alegaciones a la extinci\u00f3n de reserva de Almoguera. Informe.\u00a0septiembre 2022<\/li>\n<li>Beatriz Larraz y Ra\u00fal Urquiaga. Alegaciones a la modificaci\u00f3n del Reglamento del Dominio P\u00fablico Hidr\u00e1ulico. Informe de Observaciones al proyecto de Real Decreto por el que se modifica el Reglamento del Dominio P\u00fablico Hidr\u00e1ulico aprobado por Real Decreto 849\/1986, de 11 De Abril, y el Reglamento de la Administraci\u00f3n P\u00fablica del Agua Aprobado por Real Decreto 927\/1988, de 29 de julio.\u00a0septiembre 2022<\/li>\n<li>Enrique San Mart\u00edn y Beatriz Larraz. Informe t\u00e9cnico sobre el Impacto econ\u00f3mico del trasvase Tajo-Segura en Alicante, Almer\u00eda y Murcia. Informe. mayo 2022<\/li>\n<li>Enrique San Mart\u00edn y Beatriz Larraz. Informe t\u00e9cnico sobre el An\u00e1lisis de las repercusiones de la modificaci\u00f3n de las normas de explotaci\u00f3n del acueducto Tajo-Segura a trav\u00e9s del real decreto 638\/2021, de 27 de julio de 2021. Informe.\u00a0mayo 2022<\/li>\n<li>Enrique San Mart\u00edn y Beatriz Larraz. Informe t\u00e9cnico sobre la Estimaci\u00f3n del impacto sobre la actividad agraria de la provincia de Alicante de la modificaci\u00f3n en la regla de explotaci\u00f3n del trasvase Tajo\u2013Segura (ATS). Informe.\u00a0abril 2022<\/li>\n<li>Enrique San Mart\u00edn y Beatriz Larraz. Informe t\u00e9cnico sobre la Estimaci\u00f3n del impacto econ\u00f3mico del agua del trasvase Tajo Segura para regad\u00edo en la Regi\u00f3n de Murcia. Informe.\u00a0marzo 2022<\/li>\n<li>Beatriz Larraz y Ra\u00fal Urquiaga.Informe t\u00e9cnico sobre las reglas de explotaci\u00f3n del trasvase Tajo-Segura aprobadas por el RD 773\/2014. Informe. marzo 2022<\/li>\n<li>Beatriz Larraz y Ra\u00fal Urquiaga. Ampliaci\u00f3n de la propuesta de nuevas reservas naturales fluviales del r\u00edo Sorbe, del r\u00edo Alberche y del r\u00edo Lozoya. Informe.\u00a0mayo 2022<\/li>\n<li>Beatriz Larraz y Ra\u00fal Urquiaga.Informe sobre indicadores de sequ\u00eda y escasez en la cuenca del Tajo. Informe. septiembre 2022.<\/li>\n<li>Beatriz Larraz y Ra\u00fal Urquiaga. Informe sobre indicadores de sequ\u00eda y escasez en la cuenca del Tajo. Informe. septiembre 2021- julio 2022.<\/li>\n<li>Larraz, Beatriz, San Mart\u00edn, Enrique, Baeza, Domingo y S\u00e1nchez, Miguel \u00c1ngel. Propuesta AMREEB de Mejora de las Reglas de Explotaci\u00f3n del Trasvase Tajo-Segura. Informe. 2020, pp. 1-38.<\/li>\n<li>San Mart\u00edn, Enrique, Larraz, Beatriz y Hern\u00e1ndez-Mora, Nuria. Estudio de los impactos socioecon\u00f3micos del trasvase Tajo-Segura sobre los municipios ribere\u00f1os de los embalses de Entrepe\u00f1as y Buend\u00eda. DOI: 10.13140\/RG.2.2.29158.11847- 2018. pp. 1-162<\/li>\n<li>Castilla-La Mancha Economic Situation Report. Quarterly from 1999 to 2009<\/li>\n<li>Co-author of the \u00abStatistical Analysis of the Survey of green areas of Pozuelo de Alarc\u00f3n\u00bb commissioned by BIOENVIRONMENT Soluciones Medioambientales in 2006.<\/li>\n<\/ul>\n<p><!--centro_contenido--><\/p>\n","protected":false},"excerpt":{"rendered":"<p>Beatriz Larraz and Ra\u00fal Urquiaga. An\u00e1lisis de afecci\u00f3n al Dominio P\u00fablico Hidr\u00e1ulico. Plan Especial de Reforma Interior de Mejora \u201cPuente de la Cava\u201d. Documento-alegaciones realizadas en el periodo de informaci\u00f3n p\u00fablica del PERIM. 2023 Beatriz Larraz, Enrique San Mart\u00edn , &hellip; <a href=\"https:\/\/blog.uclm.es\/beatrizlarraz\/other-publications\/\">Sigue leyendo <span class=\"meta-nav\">&rarr;<\/span><\/a><\/p>\n","protected":false},"author":30,"featured_media":0,"parent":0,"menu_order":5,"comment_status":"closed","ping_status":"closed","template":"","meta":{"footnotes":""},"class_list":["post-66","page","type-page","status-publish","hentry"],"_links":{"self":[{"href":"https:\/\/blog.uclm.es\/beatrizlarraz\/wp-json\/wp\/v2\/pages\/66","targetHints":{"allow":["GET"]}}],"collection":[{"href":"https:\/\/blog.uclm.es\/beatrizlarraz\/wp-json\/wp\/v2\/pages"}],"about":[{"href":"https:\/\/blog.uclm.es\/beatrizlarraz\/wp-json\/wp\/v2\/types\/page"}],"author":[{"embeddable":true,"href":"https:\/\/blog.uclm.es\/beatrizlarraz\/wp-json\/wp\/v2\/users\/30"}],"replies":[{"embeddable":true,"href":"https:\/\/blog.uclm.es\/beatrizlarraz\/wp-json\/wp\/v2\/comments?post=66"}],"version-history":[{"count":3,"href":"https:\/\/blog.uclm.es\/beatrizlarraz\/wp-json\/wp\/v2\/pages\/66\/revisions"}],"predecessor-version":[{"id":494,"href":"https:\/\/blog.uclm.es\/beatrizlarraz\/wp-json\/wp\/v2\/pages\/66\/revisions\/494"}],"wp:attachment":[{"href":"https:\/\/blog.uclm.es\/beatrizlarraz\/wp-json\/wp\/v2\/media?parent=66"}],"curies":[{"name":"wp","href":"https:\/\/api.w.org\/{rel}","templated":true}]}}