{"id":442,"date":"2023-03-21T13:01:52","date_gmt":"2023-03-21T13:01:52","guid":{"rendered":"https:\/\/blog.uclm.es\/beatrizlarraz\/?page_id=442"},"modified":"2024-03-05T12:49:06","modified_gmt":"2024-03-05T12:49:06","slug":"research-stays","status":"publish","type":"page","link":"https:\/\/blog.uclm.es\/beatrizlarraz\/research-stays\/","title":{"rendered":"Research Stays"},"content":{"rendered":"\n<p>Centre National de la Recherche Scientifique (CNRS) Laboratoire Ecologie Fonctionnelle et Environnement. Toulouse (Francia). Date: 22\/05\/2023-5\/09\/2023+15\/01\/2024-15\/03\/2024.\u00a0  6 months. Ecosystem services and economic indicators in water management. Postdoctoral stay- Invited<\/p>\n\n\n\n<p>Universidad del Pa\u00eds Vasco &#8211; Facultad de Ciencias Sociales y de la Comunicaci\u00f3n. Departamento de Ciencia Pol\u00edtica y de la Administraci\u00f3n. Bilbao (Spain). 15\/9\/2014-12\/12\/2014: 4 months. Gender indicators and the pay gap. Postdoctoral stay \u2013 Invited<\/p>\n\n\n\n<p>University of Florence &#8211; Dipartimento di Statistica \u201cG.Parenti\u201d. Florence (Italy). 26\/5\/2010-28\/1\/2011: 8 months. Elaboration of Spatial Index Numbers (Case of the Consumer Price Index-CPI). Postdoctoral stay \u2013 Invited. <\/p>\n\n\n\n<p>Universidad de Valencia &#8211; Facultad de Econom\u00eda. Valencia (Spain). 1\/1\/2006-31\/3\/2006: 3 months. Spatial estimation and its application to the field of electoral processes. Postdoctoral stay &#8211; Invited. <\/p>\n\n\n\n<p><\/p>\n\n\n\n<div class=\"wp-block-group\"><div class=\"wp-block-group__inner-container is-layout-constrained wp-block-group-is-layout-constrained\">\n<div class=\"wp-block-group\"><div class=\"wp-block-group__inner-container is-layout-constrained wp-block-group-is-layout-constrained\">\n<div class=\"wp-block-group is-vertical is-layout-flex wp-container-core-group-is-layout-8cf370e7 wp-block-group-is-layout-flex\">\n<p><\/p>\n<\/div>\n<\/div><\/div>\n<\/div><\/div>\n","protected":false},"excerpt":{"rendered":"<p>Centre National de la Recherche Scientifique (CNRS) Laboratoire Ecologie Fonctionnelle et Environnement. Toulouse (Francia). Date: 22\/05\/2023-5\/09\/2023+15\/01\/2024-15\/03\/2024.\u00a0 6 months. Ecosystem services and economic indicators in water management. Postdoctoral stay- Invited Universidad del Pa\u00eds Vasco &#8211; Facultad de Ciencias Sociales y de &hellip; <a href=\"https:\/\/blog.uclm.es\/beatrizlarraz\/research-stays\/\">Sigue leyendo <span class=\"meta-nav\">&rarr;<\/span><\/a><\/p>\n","protected":false},"author":30,"featured_media":0,"parent":0,"menu_order":0,"comment_status":"closed","ping_status":"closed","template":"","meta":{"footnotes":""},"class_list":["post-442","page","type-page","status-publish","hentry"],"_links":{"self":[{"href":"https:\/\/blog.uclm.es\/beatrizlarraz\/wp-json\/wp\/v2\/pages\/442","targetHints":{"allow":["GET"]}}],"collection":[{"href":"https:\/\/blog.uclm.es\/beatrizlarraz\/wp-json\/wp\/v2\/pages"}],"about":[{"href":"https:\/\/blog.uclm.es\/beatrizlarraz\/wp-json\/wp\/v2\/types\/page"}],"author":[{"embeddable":true,"href":"https:\/\/blog.uclm.es\/beatrizlarraz\/wp-json\/wp\/v2\/users\/30"}],"replies":[{"embeddable":true,"href":"https:\/\/blog.uclm.es\/beatrizlarraz\/wp-json\/wp\/v2\/comments?post=442"}],"version-history":[{"count":5,"href":"https:\/\/blog.uclm.es\/beatrizlarraz\/wp-json\/wp\/v2\/pages\/442\/revisions"}],"predecessor-version":[{"id":509,"href":"https:\/\/blog.uclm.es\/beatrizlarraz\/wp-json\/wp\/v2\/pages\/442\/revisions\/509"}],"wp:attachment":[{"href":"https:\/\/blog.uclm.es\/beatrizlarraz\/wp-json\/wp\/v2\/media?parent=442"}],"curies":[{"name":"wp","href":"https:\/\/api.w.org\/{rel}","templated":true}]}}