{"id":32,"date":"2013-03-05T13:40:59","date_gmt":"2013-03-05T12:40:59","guid":{"rendered":"http:\/\/blog.uclm.es\/beatrizlarraz\/?page_id=32"},"modified":"2023-03-21T11:44:47","modified_gmt":"2023-03-21T11:44:47","slug":"books","status":"publish","type":"page","link":"https:\/\/blog.uclm.es\/beatrizlarraz\/books\/","title":{"rendered":"Books"},"content":{"rendered":"<ul>\n<li>Gender pay gap and inequality in China: Evolution and challenges for equality. A spatio-temporal an\u00e1lisis (2023) Sun Ximbo and Beatriz Larraz. Ediciones de la Universidad de Castilla-La Mancha. Colecci\u00f3n Atena, n.\u00ba39, pp.1-128. ISBN: 978-84-9044-554-9<\/li>\n<li>\u00bfEs cara el agua del trasvase Tajo-Segura? Tarifas y subvenciones en la Directiva Marco de Agua (2022) San Mart\u00edn, Enrique and Larraz, Beatriz, p.1-24. Report.<\/li>\n<li>Desigualdad, Brecha Salarial y de G\u00e9nero en la Comunitat Valenciana 2018. Impacto de la Covid-19. Periodo 2006-2018. (2021) Larraz, Beatriz, Pavia, Jose Manuel, Roig, Rosa and Moyano, Encarnaci\u00f3n. Edited by Comunitat Valenciana, Conselleria d\u2019Economia Sostenible, Sectors, Productius, Comer\u00e7 i Treball. pp. 1-257. ISBN: 978-84-482-6541-0<\/li>\n<li>Propuesta AMREEB de Mejora de las Reglas de Explotaci\u00f3n del Trasvase Tajo-Segura (2020) Larraz, Beatriz, San Mart\u00edn, Enrique, Baeza, Domingo y S\u00e1nchez, Miguel \u00c1ngel. pp. 1-38. Report.<\/li>\n<li>Desigualdad, Brecha Salarial y de G\u00e9nero en la Comunitat Valenciana periodo 2006-2014. (2018) Estudis econ\u00f2mics,8 (Generalitat Valenciana). Larraz, Beatriz, Pav\u00eda, Jose Manuel y Moyano, Encarnaci\u00f3n. pp: 1-282. ISBN: 978-84-482-6238-9<\/li>\n<li>Estudio de los impactos socioecon\u00f3micos del trasvase Tajo-Segura sobre los municipios ribere\u00f1os de los embalses de Entrepe\u00f1as y Buend\u00eda (2018) San Mart\u00edn, Enrique, Larraz, Beatriz y Hern\u00e1ndez-Mora, Nuria. Report: DOI 10.13140\/RG.2.2.29158.11847, pp: 1-162<\/li>\n<li>Brecha Salarial en Espa\u00f1a. Una reflexi\u00f3n sobre la discriminaci\u00f3n salarial de g\u00e9nero (2016) Ed.: ADD Ediciones. Authors:\u00a0 Mart\u00edn Ambrosio, A.I.\u00a0y Larraz Iribas,\u00a0B.\u00a0ISBN: XXXX<\/li>\n<li>Desarrollo sostenible en el siglo XXI: Econom\u00eda, Sociedad y Medio Ambiente (2016) Ed.: Iprolex. Editors: Larraz Iribas, B.\u00a0and Fern\u00e1ndez P\u00e9rez, Ana. ISBN: 978-84-941055-4-8<\/li>\n<li>O Rio Tejo, Economia, Cultura e Meio-ambiente \/ El R\u00edo Tajo, Econom\u00eda, Cultura y Medio Ambiente (2016) Ed.: AIDIA. Editors: Jo\u00e3o Monteiro Serrano and\u00a0Beatriz Larraz Iribas. ISBN: 9788415352921<\/li>\n<li>El r\u00edo Tajo, lecciones del pasado para un futuro mejor (2013) Ed.: Ledoria. Editors: Larraz Iribas, B.\u00a0and Cano Saavedra, A. ISBN: 9788415352921<\/li>\n<li>T\u00e9cnicas de cokrigeado para el an\u00e1lisis econ\u00f3mico (2011) Ed.: Acad\u00e9mica Espa\u00f1ola. Author: Larraz, B.<br \/>\nISBN: 978-3-8454-8208-8<\/li>\n<li>Introducci\u00f3n a la Geoestad\u00edstica Lineal (2008)\u00a0 Ed. Netbiblo. Authors: Montero, J. M., Larraz, B.<br \/>\nISBN: 9788497453479<\/li>\n<li>Estad\u00edstica Descriptiva (2007) Ed.: Thomson-Paraninfo. Authors: Montero, J. M., Larraz, B., Fern\u00e1ndez-Avil\u00e9s, G., Alfaro, J. L., Mond\u00e9jar, J., Mart\u00edn, C., Vargas, M and Rodr\u00edguez, F.<br \/>\nISBN: 9788497325141<\/li>\n<li>Problemas resueltos de Estad\u00edstica Descriptiva para Ciencias Sociales (2007) Ed.: Thomson-Paraninfo. Authors: Montero, J. M., Larraz, B., Fern\u00e1ndez-Avil\u00e9s, G., Alfaro, J. L., Mond\u00e9jar, J., Mart\u00edn, C., Vargas, M and Rodr\u00edguez, F.<br \/>\nISBN 9788497326599<\/li>\n<\/ul>\n","protected":false},"excerpt":{"rendered":"<p>Gender pay gap and inequality in China: Evolution and challenges for equality. A spatio-temporal an\u00e1lisis (2023) Sun Ximbo and Beatriz Larraz. Ediciones de la Universidad de Castilla-La Mancha. Colecci\u00f3n Atena, n.\u00ba39, pp.1-128. ISBN: 978-84-9044-554-9 \u00bfEs cara el agua del trasvase &hellip; <a href=\"https:\/\/blog.uclm.es\/beatrizlarraz\/books\/\">Sigue leyendo <span class=\"meta-nav\">&rarr;<\/span><\/a><\/p>\n","protected":false},"author":30,"featured_media":0,"parent":0,"menu_order":2,"comment_status":"closed","ping_status":"closed","template":"page-sidebar-right.php","meta":{"footnotes":""},"class_list":["post-32","page","type-page","status-publish","hentry"],"_links":{"self":[{"href":"https:\/\/blog.uclm.es\/beatrizlarraz\/wp-json\/wp\/v2\/pages\/32","targetHints":{"allow":["GET"]}}],"collection":[{"href":"https:\/\/blog.uclm.es\/beatrizlarraz\/wp-json\/wp\/v2\/pages"}],"about":[{"href":"https:\/\/blog.uclm.es\/beatrizlarraz\/wp-json\/wp\/v2\/types\/page"}],"author":[{"embeddable":true,"href":"https:\/\/blog.uclm.es\/beatrizlarraz\/wp-json\/wp\/v2\/users\/30"}],"replies":[{"embeddable":true,"href":"https:\/\/blog.uclm.es\/beatrizlarraz\/wp-json\/wp\/v2\/comments?post=32"}],"version-history":[{"count":1,"href":"https:\/\/blog.uclm.es\/beatrizlarraz\/wp-json\/wp\/v2\/pages\/32\/revisions"}],"predecessor-version":[{"id":423,"href":"https:\/\/blog.uclm.es\/beatrizlarraz\/wp-json\/wp\/v2\/pages\/32\/revisions\/423"}],"wp:attachment":[{"href":"https:\/\/blog.uclm.es\/beatrizlarraz\/wp-json\/wp\/v2\/media?parent=32"}],"curies":[{"name":"wp","href":"https:\/\/api.w.org\/{rel}","templated":true}]}}