{"id":24,"date":"2013-03-05T13:27:09","date_gmt":"2013-03-05T12:27:09","guid":{"rendered":"http:\/\/blog.uclm.es\/beatrizlarraz\/?page_id=24"},"modified":"2024-09-09T14:36:19","modified_gmt":"2024-09-09T14:36:19","slug":"articles","status":"publish","type":"page","link":"https:\/\/blog.uclm.es\/beatrizlarraz\/articles\/","title":{"rendered":"Articles"},"content":{"rendered":"<ul>\n<li>Larraz, B.; Urquiaga, R.; Mart\u00ednez, A.; Beatriz Mart\u00edn (2024) Improving Knowledge and Awareness and Contributing to Policy Making on River Pressures through a Citizen Science Approach: Tagus Web Viewer Case (Spain). <em>Water<\/em>, 16(15), 2214.<\/li>\n<li>Garc\u00eda-Rubio, N.; Larraz, B.; G\u00e1mez, M.; Raimonet, M.; Cakir, R.; Sauvage, S.; S\u00e1nchez P\u00e9rez, J.M. (2024) An economic valuation of the provisioning ecosystem services in the south\u2011west of Europe. <em>Environment, Development and Sustainability<\/em>. On line first.<\/li>\n<li>Larraz, B.; Garc\u00eda-Rubio, N.; G\u00e1mez, M.; Sauvage, S.; Cakir, R.; Raimonet, M.; S\u00e1nchez P\u00e9rez, J.M. (2024) Socio-Economic Indicators for Water Management in the South-West Europe Territory: SectorialWater Productivity and Intensity in Employment. <em>Water<\/em>.16(7),<\/li>\n<li>Aguilar, M-, Bleda, J. M., Larraz, B. and Urquiaga, R. (2024) The collective memory of the fluvial environment: the loss of a healthy natural environment in the city of Toledo (Spain) through pollution. <em>Society &amp; Natural Resources<\/em>, 37(6), pp.883-898.<\/li>\n<li>Larraz, B., Roig, R., Aybar, C. and Pav\u00eda, JM (2023) COVID-19 and the Housework Gender Division. Traditional or New Gender Patterns? <em>Journal of Family Issues<\/em> (In Press)<\/li>\n<li>Larraz, B and Xinbo, S. (2022) Spatial Analysis of the Gender Pay Gap in China: Asymmetries as a Consequence of Development. <em>Asian Women,<\/em> 38(4), pp.51-80<\/li>\n<li>Larraz, B. and San Mart\u00edn, E. (2021) A tale of two dams: The impact of reservoir management on rural depopulation in Central Spain. <em>Water Resources Management<\/em>, 35(14), pp.4769-4787<\/li>\n<li>Larraz-Iribas, B., Alfaro-Navarro, J.L., Lopez-Cano, E., Alfaro-Cortes, E., Garcia-Rubio, N. and G\u00e1mez-Mart\u00ednez, M. (2021) A computer-assisted expert algorithm for real estate valuation in Spanish cities. <em>Environment and Planning B: Urban Analytics and City Science, <\/em>48 (6), pp.1712-1727.<\/li>\n<li>Larraz, B., Pav\u00eda, J.M. and Herrera, M. (2021) Spatial Aggregation and Resampling Expansion of Big Surveys. An Analysis of Wage Inequality. <em>Regional Science, Policy and Practice<\/em>, 13<em>, <\/em>957-981.<\/li>\n<li>Larraz, B. and Garcia-Gomez, E. (2020) Depopulation of Toledo\u2019s historical centre in Spain? Challenge for local politics in world heritage cities. <em>Cities<\/em>, 105, pp.1-14.<\/li>\n<li>San Mart\u00edn, E., Larraz, B. and Gallego, M.S. (2020) When the river does not naturally flow: a case study of unsustainable management in the Tagus River (Spain). <em>Water International<\/em>, 45 (3), pp.189-221.<\/li>\n<li>Garc\u00eda-Mirantes, A., Larraz, B. and J. Poblaci\u00f3n (2020) A proposal to fix the optimal number of factors on modeling the dynamics of commodity prices. <em>Mathematics<\/em>, 8(6), pp.973. Special Issue: Quantitative Methods for Economics and Finance<\/li>\n<li>Alfaro-Navarro, J.L., L. Cano, E., Alfaro-Cort\u00e9s, E., Garc\u00eda, N., G\u00e1mez, M. and Larraz, B. (2020) A fully automated adjustment of ensemble methods in machine learning for modeling complex real estate systems. <em>Complexity<\/em>, 2020, pp.1-12. Special Issue: Computational Methods Applied to Data Analysis for Modeling Complex Real Estate Systems.<\/li>\n<li>San Mart\u00edn, E., Larraz, B and Hern\u00e1ndez-Mora, N. (2019) El \u201cMar de Castilla\u201d y el trasvase: un modelo alternativo de desarrollo abortado. <em>Nueva Alcarria, el Peri\u00f3dico de la Provincia<\/em>, Anuario Econ\u00f3mico de Guadalajara 2018, pp. 22.<\/li>\n<li>Larraz Iribas, Beatriz, Garc\u00eda G\u00f3mez, E. and L\u00f3pez G\u00f3mez, J.E. (2019) Estudio de la Evoluci\u00f3n de la Poblaci\u00f3n del Casco Hist\u00f3rico de Toledo. <em> Bolet\u00edn de la Real Academia de Bellas Artes y Ciencias hist\u00f3ricas de Toledo<\/em>, 62, Anexo, A\u00f1o CIII, pp.1-56.<\/li>\n<li>Larraz, B., Pav\u00eda, J.M. and Vila, L. (2019) Beyond the gender-pay gap. <em>Convergencia Revista de Ciencias Sociales<\/em>, 81(1), pp.1-34.<\/li>\n<li>D\u00edez, JR., Larraz, B., Sanz-Azkue, I. y Ruiz-Gonz\u00e1lez, A. (2017) Lehioa eta otsoa aurrez aurre. Ezagutzen al dituzte umeek bertako animalia arruntenak? <em>Semanario Argia<\/em>, 2554, pp.21-27.<\/li>\n<li>Larraz, B y Herrera, M. (sept. 2016) Factores condicionantes y dependencia espacial en el grado de concentraci\u00f3n salarial en Espa\u00f1a. <em>Estudios de Econom\u00eda Aplicada, <\/em>24(3)<\/li>\n<li>Larraz, B. (2016) Descomposici\u00f3n del grado de concentraci\u00f3n salarial desde una perspectiva de g\u00e9nero. El caso de Castilla-La Mancha. <em>Praxis Sociol\u00f3gica<\/em>, 20,\u00a0pp. 201-218.<\/li>\n<li>Garc\u00eda-Mirantes, A., Larraz, B. y Poblaci\u00f3n, J. (2015)\u00a0An alternative method to estimate parameters in modeling the behavior of commodity prices. <em>Quantitative Finance<\/em>. En edici\u00f3n http:\/\/dx.doi.org\/10.1080\/14697688.2015.109641<\/li>\n<li>San Mart\u00edn, E., Larraz, B, Hern\u00e1ndez-Mora, N y Bernad, Maria Soledad (2015) La gesti\u00f3n insostenible del r\u00edo Tajo. <em>Biblio3W, <\/em><em>Revista bibliogr\u00e1fica de geograf\u00eda y ciencias sociales, <\/em>n\u00fam. 1.133<\/li>\n<li>Larraz,B. (2015) Decomposing the Gini Inequality Index: An Expanded Solution With Survey Data Applied to Analyze Gender Income Inequality. Sociological Methods &amp; Research, 44(3) pp.508-533.<\/li>\n<li>Larraz, B. and Poblaci\u00f3n, J. (2013) An online Real Estate Valuation Model for Control Risk Taking: A Spatial Approach. <em>Investment Analysts Journal, <\/em>78, pp.17-31.<\/li>\n<li>Larraz,\u00a0 B, Pav\u00eda, JM and Ferrari, G. (2013) Weighting Elementary Prices in Consumer Price Index\u00a0 Construction Using Spatial Autocorrelation. <em>Communications\u00a0 in Statistics \u2013 Theory and Methods, <\/em>42(24). DOI: 10.1080\/03610926.2011.648793.<\/li>\n<li>Pav\u00eda, J.M. and Larraz, B. (2012) Regional Size, Wealth and EU Regional Policy. <em>Investigaciones Regionales<\/em>, Vol. 23, pp. 127-141.<\/li>\n<li>Montero,\u00a0 JM and Larraz, B. (2012) Space-time approach to commercial property prices\u00a0 valuation. <em>Applied Economics<\/em>, 44 (28), pp. 3705-3715.<\/li>\n<li>Pav\u00eda,\u00a0 JM and Larraz, B. (2012) Nonresponse Bias and Superpopulation Models in\u00a0 Electoral Polls. <em>Revista Espa\u00f1ola de Investigaciones\u00a0 Sociol\u00f3gicas<\/em>,\u00a0 137, pp.121-150.<\/li>\n<li>Larraz,\u00a0 B. (2011)\u00a0An expert system for online residential properties\u00a0 valuation. <em>Review of Economics&amp;Finance<\/em>, 2, pp.69-82.<\/li>\n<li>Montero,\u00a0 JM and Larraz, B. (2011) Interpolation methods for geographical data: Housing\u00a0 and commercial establishments markets. <em>Journal\u00a0 of Real Estate Research<\/em>, 33\u00a0 (2), pp. 233-244.<\/li>\n<li>Larraz,\u00a0 B and Pavia,\u00a0 JM. (2010) Classifying regions for European development\u00a0 funding. <em>European Urban and Regional\u00a0 Studies<\/em>, 17\u00a0 (1), pp. 69-82.<\/li>\n<li>Montero,\u00a0 JM, Chasco, C. and Larraz, B. (2010) Building an Environmental Quality Index for a big\u00a0 city: a spatial\u00a0\u00a0\u00a0\u00a0\u00a0\u00a0\u00a0\u00a0\u00a0\u00a0\u00a0\u00a0\u00a0\u00a0\u00a0\u00a0\u00a0\u00a0\u00a0\u00a0\u00a0\u00a0\u00a0\u00a0\u00a0\u00a0\u00a0\u00a0 interpolation approach combined with a distance\u00a0 indicator. <em>Journal of Geographical\u00a0 Systems<\/em> 12\u00a0 (4), pp.435-459.<\/li>\n<li>Montero,\u00a0 JM and Larraz, B. (2010) Estimating housing prices: A proposal with spatially correlated data. <em>International\u00a0 Advances in Economic Research<\/em>, 16 (1), pp. 39-51.<\/li>\n<li>Montero,\u00a0 JM, Larraz, B and Chasco, C. (2009) Building a spatio-temporal Environmental Quality\u00a0 Index:\u00a0 the case of Madrid.\u00a0\u00a0 <em>Statistica Applicata,\u00a0 The Italian Journal of Applied Statistics<\/em> 21 (2), pp.133-151.<\/li>\n<li>Montero,\u00a0 JM, Larraz, B and P\u00e1ez, A. (2009)\u00a0Estimating Commercial Property Prices: An\u00a0 Application of Cokriging with Housing Prices as Anciliary Information. <em>Journal of Geographical Systems<\/em>, 11 (4), pp. 407-425.<\/li>\n<li>Pav\u00eda,\u00a0 JM, Larraz, B and Montero, JM. (2008)\u00a0Election forecasts using spatio-temporal models. <em>Journal of the American Statistical\u00a0 Association<\/em> 103\u00a0 (483), pp.1050-1059.<\/li>\n<li>Pav\u00eda,\u00a0 JM and Larraz, B. (2008)\u00a0Quick counts for non-selected polling stations. <em>Journal of Applied Statistics<\/em> 34 (4), pp.383-405.<\/li>\n<li>Larraz,\u00a0 B and Alfaro, JL. (2008)\u00a0Asymetric behaviour of Spanish regional house\u00a0 prices. <em>International Advances in\u00a0 Economic Research<\/em>, 14\u00a0 (4), pp. 407-421.<\/li>\n<li>Pav\u00eda,\u00a0 JM, Montero, JM and Larraz, B. (2008)\u00a0Geograf\u00eda, elecciones y predicciones electorales. <em>Investigaci\u00f3n y Marketing<\/em>98, pp.70-76.<\/li>\n<li>Fdez-Avil\u00e9s,\u00a0 G and Larraz, B. (2008)\u00a0Aportaciones de los m\u00e9todos cuantitativos a la\u00a0 estimaci\u00f3n de precios de vivienda. <em>CLM. Econom\u00eda<\/em>12, pp.217-242.<\/li>\n<li>Montero,\u00a0 JM and Larraz, B. (2008)\u00a0Estimating housing prices: kriging and cokriging as\u00a0 an alternative. <em>Taksonomia <\/em>15,\u00a0 pp.57-68.<\/li>\n<li>Montero,\u00a0 JM, Larraz, B and Chasco, C. (2008)\u00a0Building an Environmental Quality Index for a big\u00a0 city: a spatial interpolation approach with DP2. <em>Munich\u00a0 Personal RePec Archive<\/em>,Vol. MPRA Paper No.\u00a0 10736.<\/li>\n<li>Larraz,\u00a0 B and Alfaro, JL. (2008) Asymmetric Behaviour of Spanish Regional House\u00a0 Prices: A Multivariate Approach. <em>The\u00a0 Journal of Economic Asymmetries<\/em> 15, pp.57-68.<\/li>\n<li>Montero\u00a0 JM and Larraz, B. (2006)\u00a0Estimaci\u00f3n espacial del precio de la vivienda\u00a0 mediante m\u00e9todos de krigeado. \u00a0\u00a0\u00a0\u00a0\u00a0\u00a0\u00a0\u00a0\u00a0\u00a0\u00a0\u00a0\u00a0\u00a0\u00a0\u00a0\u00a0\u00a0\u00a0 <em>Estad\u00edstica Espa\u00f1ola<\/em>,48 (162),\u00a0 pp.201-240.<\/li>\n<li>Pav\u00eda,\u00a0 JM and Larraz, B. (2006)\u00a0Una alternativa para la determinaci\u00f3n de las\u00a0 regiones europeas subvencionables con fondos estructurales y de cohesi\u00f3n. <em>CLM. Econom\u00eda <\/em>9, pp.39-60.<\/li>\n<li>Montero,\u00a0 JM and Larraz, B. (2006)\u00a0Estimating housing prices: kriging the mean.\u00a0\u00a0<em>International Advances in\u00a0 Economic Research<\/em> 12(2),\u00a0 Research Note on p. 419.<\/li>\n<\/ul>\n","protected":false},"excerpt":{"rendered":"<p>Larraz, B.; Urquiaga, R.; Mart\u00ednez, A.; Beatriz Mart\u00edn (2024) Improving Knowledge and Awareness and Contributing to Policy Making on River Pressures through a Citizen Science Approach: Tagus Web Viewer Case (Spain). Water, 16(15), 2214. Garc\u00eda-Rubio, N.; Larraz, B.; G\u00e1mez, M.; &hellip; <a href=\"https:\/\/blog.uclm.es\/beatrizlarraz\/articles\/\">Sigue leyendo <span class=\"meta-nav\">&rarr;<\/span><\/a><\/p>\n","protected":false},"author":30,"featured_media":0,"parent":0,"menu_order":1,"comment_status":"closed","ping_status":"closed","template":"","meta":{"footnotes":""},"class_list":["post-24","page","type-page","status-publish","hentry"],"_links":{"self":[{"href":"https:\/\/blog.uclm.es\/beatrizlarraz\/wp-json\/wp\/v2\/pages\/24","targetHints":{"allow":["GET"]}}],"collection":[{"href":"https:\/\/blog.uclm.es\/beatrizlarraz\/wp-json\/wp\/v2\/pages"}],"about":[{"href":"https:\/\/blog.uclm.es\/beatrizlarraz\/wp-json\/wp\/v2\/types\/page"}],"author":[{"embeddable":true,"href":"https:\/\/blog.uclm.es\/beatrizlarraz\/wp-json\/wp\/v2\/users\/30"}],"replies":[{"embeddable":true,"href":"https:\/\/blog.uclm.es\/beatrizlarraz\/wp-json\/wp\/v2\/comments?post=24"}],"version-history":[{"count":6,"href":"https:\/\/blog.uclm.es\/beatrizlarraz\/wp-json\/wp\/v2\/pages\/24\/revisions"}],"predecessor-version":[{"id":518,"href":"https:\/\/blog.uclm.es\/beatrizlarraz\/wp-json\/wp\/v2\/pages\/24\/revisions\/518"}],"wp:attachment":[{"href":"https:\/\/blog.uclm.es\/beatrizlarraz\/wp-json\/wp\/v2\/media?parent=24"}],"curies":[{"name":"wp","href":"https:\/\/api.w.org\/{rel}","templated":true}]}}