{"id":194,"date":"2013-11-29T15:20:44","date_gmt":"2013-11-29T14:20:44","guid":{"rendered":"http:\/\/blog.uclm.es\/beatrizlarraz\/?page_id=194"},"modified":"2023-03-21T12:37:08","modified_gmt":"2023-03-21T12:37:08","slug":"monography","status":"publish","type":"page","link":"https:\/\/blog.uclm.es\/beatrizlarraz\/monography\/","title":{"rendered":"Monography"},"content":{"rendered":"<p><strong>Methodology and Data Analysis in Social Sciences<\/strong><\/p>\n<p>Editors: Jean Pierre Levy (Universit\u00e9 du Qu\u00e9bec en Outaouais, Canada) and Beatriz Larraz (Universidad de Castilla.La Mancha, Spain)<\/p>\n<p>The basic idea of these series is to develop a paradigm, a problematic, a theory, etc.., to present and resolve it. Monographies should be very applied and practical and will introduce the subject in a first section as well as the theoretical part with its mathematics followed by an application with the associated computer program.<\/p>\n<p>Results will support the theoretical part and will introduce the proper conclusion. Monographies could be divided in the next sections:<\/p>\n<ul>\n<li>Goals of the methodology, problematic, objectives and introduction.<\/li>\n<li>Mathematical presentation of the methodology, development of the paradigm. Method originality and introduction of the application.<\/li>\n<li>Introduction of the computer application, data processing and explanation (relation with methodology).<\/li>\n<li>Results, conclusion and method contribution.<\/li>\n<li>Implication and contribution to Social Sciences comparing with other methods.<\/li>\n<\/ul>\n<p>Any social science subject (or example) could be addressed (sociology, marketing, psychology, finance, economics, anthropology, education, health sciences, business administration, etc..).<\/p>\n<p>Here you can see the books that have been published since 2008: the first eleven ones with Netbiblo Ed. and the rest with ADD Ed. Monographies\u00a0can be written in English or in Spanish.<\/p>\n<ol>\n<li>Las redes neuronales artificiales. Fundamentos te\u00f3ricos y aplicaciones pr\u00e1cticas Raquel Fl\u00f3rez L\u00f3pez y Jos\u00e9 Miguel Fern\u00e1ndez Fern\u00e1ndez.<\/li>\n<li>Introducci\u00f3n a la geoestad\u00edstica lineal. Jose M\u00aa Montero Lorenzo y Beatriz Larraz Iribas.<\/li>\n<li>The econometric analysis of hedge funds returns: an errors-in-variables perspective. Francois-Eric Racicot and Raymond Theoret.<\/li>\n<li>An\u00e1lisis de datos espacio-temporales para la econom\u00eda y el geomarketing. Coro Chasco Yrigoyen y Gema Fernandez Avil\u00e9s<\/li>\n<li>Stochastic processes for spatial eocnometrics. Jorge Mateu Mahiques, Jose Miguel Albert, Carles Comas, Vicente Orts, Jos\u00e9 C. Pernias and Emilio Porcu.<\/li>\n<li>La metodolog\u00eda VAR cointegrado: Un modelo de crecimiento econ\u00f3mico para M\u00e9xico, 1988-2007. Eduardo Lor\u00eda, Luis Daniel Torres y Manuel Garc\u00eda.<\/li>\n<li>Gr\u00e1ficos Multivariantes aplicados al control estad\u00edstico de la calidad. Jose Luis Alfaro, Jose Mondejar, Manuel Vargas<\/li>\n<li>Modelos Estad\u00edsticos en Meta-Analisis. Tania B. Huedo y Blair T. Johnson.<\/li>\n<li>Modelos de Series Temporales Aplicados a Rendimientos Financieros. Mar\u00eda del Carmen Garc\u00eda Centeno y Rom\u00e1n Minguez Salido.<\/li>\n<li>La experimentaci\u00f3n en marketing: la inferencia de causalidad mediante la fusi\u00f3n entre experimentaci\u00f3n y encuesta. Amparo Cervera.<\/li>\n<li>Modeling decision maker preferences and its applications. Kazimierz Zaras and Hamdjatou Kane.<\/li>\n<li>Combinaci\u00f3n de \u00e1rboles de clasificaci\u00f3n con R. Aplicaci\u00f3n a la econom\u00eda. Esteban Alfaro Cort\u00e9s, Mat\u00edas G\u00e1mez Mart\u00ednez y Noelia Garc\u00eda Rubio.<\/li>\n<li>El an\u00e1lisis de redes sociales: una aplicaci\u00f3n a la creatividad en una organizaci\u00f3n sanitaria. Pilar Marqu\u00e9s S\u00e1nchez y Mar\u00eda F. Mu\u00f1oz Doyague.<\/li>\n<li>Modelizaci\u00f3n estructural con PLS-SEM: constructos de segundo orden. Joaqu\u00edn Ald\u00e1s-Manzano.<\/li>\n<li>Analisis de la invarianza factorial y causal con AMOS. Cristina Calvo Porral.<\/li>\n<\/ol>\n<p><a href=\"https:\/\/blog.uclm.es\/beatrizlarraz\/wp-content\/uploads\/sites\/70\/2013\/11\/Imagen7.jpg\">\u00a0<\/a><\/p>\n<p><a href=\"https:\/\/blog.uclm.es\/beatrizlarraz\/wp-content\/uploads\/sites\/70\/2013\/11\/ADD_matias.png\">\u00a0<\/a><\/p>\n","protected":false},"excerpt":{"rendered":"<p>Methodology and Data Analysis in Social Sciences Editors: Jean Pierre Levy (Universit\u00e9 du Qu\u00e9bec en Outaouais, Canada) and Beatriz Larraz (Universidad de Castilla.La Mancha, Spain) The basic idea of these series is to develop a paradigm, a problematic, a theory, &hellip; <a href=\"https:\/\/blog.uclm.es\/beatrizlarraz\/monography\/\">Sigue leyendo <span class=\"meta-nav\">&rarr;<\/span><\/a><\/p>\n","protected":false},"author":30,"featured_media":0,"parent":0,"menu_order":0,"comment_status":"closed","ping_status":"open","template":"","meta":{"footnotes":""},"class_list":["post-194","page","type-page","status-publish","hentry"],"_links":{"self":[{"href":"https:\/\/blog.uclm.es\/beatrizlarraz\/wp-json\/wp\/v2\/pages\/194","targetHints":{"allow":["GET"]}}],"collection":[{"href":"https:\/\/blog.uclm.es\/beatrizlarraz\/wp-json\/wp\/v2\/pages"}],"about":[{"href":"https:\/\/blog.uclm.es\/beatrizlarraz\/wp-json\/wp\/v2\/types\/page"}],"author":[{"embeddable":true,"href":"https:\/\/blog.uclm.es\/beatrizlarraz\/wp-json\/wp\/v2\/users\/30"}],"replies":[{"embeddable":true,"href":"https:\/\/blog.uclm.es\/beatrizlarraz\/wp-json\/wp\/v2\/comments?post=194"}],"version-history":[{"count":1,"href":"https:\/\/blog.uclm.es\/beatrizlarraz\/wp-json\/wp\/v2\/pages\/194\/revisions"}],"predecessor-version":[{"id":438,"href":"https:\/\/blog.uclm.es\/beatrizlarraz\/wp-json\/wp\/v2\/pages\/194\/revisions\/438"}],"wp:attachment":[{"href":"https:\/\/blog.uclm.es\/beatrizlarraz\/wp-json\/wp\/v2\/media?parent=194"}],"curies":[{"name":"wp","href":"https:\/\/api.w.org\/{rel}","templated":true}]}}