{"id":174,"date":"2013-11-28T13:57:41","date_gmt":"2013-11-28T12:57:41","guid":{"rendered":"http:\/\/blog.uclm.es\/beatrizlarraz\/?page_id=174"},"modified":"2024-03-04T17:40:45","modified_gmt":"2024-03-04T17:40:45","slug":"real-estate","status":"publish","type":"page","link":"https:\/\/blog.uclm.es\/beatrizlarraz\/real-estate\/","title":{"rendered":"REAL ESTATE"},"content":{"rendered":"<p>CONTRACTS:<\/p>\n<p>Contrato de I+D \u201cValoraci\u00f3n de viviendas mediante t\u00e9cnicas geoestad\u00edsticas\u201d. Aplicaci\u00f3n de los M\u00e9todos de Krigeado al Proyecto \u201cInforme de Fincas\u201d desarrollado junto con la Empresa Axesor-Grupo Infotel, Informaci\u00f3n y Telecomunicaciones S.A. Obtenci\u00f3n de una Estimaci\u00f3n del Precio de la Vivienda a nivel de Calle y N\u00famero para todos los Municipios de Espa\u00f1a. 2009. <a title=\"Access to information (will open a new page)\" href=\"http:\/\/www.axesor.es\/gestoria-virtual\/informe-valoracion-vivienda.aspx\" target=\"_blank\" rel=\"noopener noreferrer\">http:\/\/www.axesor.es\/gestoria-virtual\/informe-valoracion-vivienda.aspx<\/a><\/p>\n<p>Contrato de I+D \u201cValoraci\u00f3n de carteras inmobiliarias\u201d. Aplicaci\u00f3n de t\u00e9cnicas multivariantes al proyecto\u00a0desarrollado junto con la Empresa Axesor-Grupo Infotel, Informaci\u00f3n y Telecomunicaciones S.A.\u00a0 2013.<!--centro_contenido--><\/p>\n<p>Contrato de I+D \u00abDise\u00f1o de un modelo de valoraci\u00f3n autom\u00e1tica de vivienda\u00bb con la empresa\u00a0COHISPANIA (COMPA\u00d1IA HISPANIA DE TASACIONES)\u00a02016. Investigadora principal.<\/p>\n<p>Pr\u00f3rroga del contrato de I+D \u00abDise\u00f1o de un modelo de valoraci\u00f3n autom\u00e1tica de vivienda\u00bb con la empresa COHISPANIA (COMPA\u00d1IA HISPANIA DE TASACIONES) 2017-2019. Investigadora principal.<\/p>\n<p>PUBLICATIONS:<\/p>\n<p>BOOKS:<\/p>\n<ul>\n<li>T\u00e9cnicas de cokrigeado para el an\u00e1lisis econ\u00f3mico (2011) Ed.: Acad\u00e9mica Espa\u00f1ola. Author: Larraz, B.<br \/>\nISBN: 978-3-8454-8208-8<\/li>\n<li>Chapter in Housing Policy (2010)<br \/>\nTitle: An Analysis of Sources of Real Estate Statistics in Spain. Chapter 7.<\/li>\n<\/ul>\n<p>ARTICLES:<\/p>\n<ul>\n<li>Larraz-Iribas, B., Alfaro-Navarro, J.L., Lopez-Cano, E., Alfaro-Cortes, E., Garcia-Rubio, N. and G\u00e1mez-Mart\u00ednez, M. (2021) A computer-assisted expert algorithm for real estate valuation in Spanish cities. <em>Environment and Planning B: Urban Analytics and City Science, <\/em>48 (6), pp.1712-1727.<\/li>\n<li>Alfaro-Navarro, J.L., L. Cano, E., Alfaro-Cort\u00e9s, E., Garc\u00eda, N., G\u00e1mez, M. and Larraz, B. (2020) A fully automated adjustment of ensemble methods in machine learning for modeling complex real estate systems. <em>Complexity<\/em>, 2020, pp.1-12. Special Issue: Computational Methods Applied to Data Analysis for Modeling Complex Real Estate Systems.<\/li>\n<li>Larraz, B. and Poblaci\u00f3n, J. (2013) An online Real Estate Valuation Model for Control Risk Taking: A Spatial Approach. <em>Investment Analysts Journal, <\/em>78, pp.17-31.<\/li>\n<li>Montero,\u00a0 JM and Larraz, B. (2012) Space-time approach to commercial property prices\u00a0 valuation. <em>Applied Economics<\/em>, 44 (28), pp. 3705-3715.<\/li>\n<li>Larraz,\u00a0 B. (2011)\u00a0An expert system for online residential properties\u00a0 valuation. <em>Review of Economics&amp;Finance<\/em>, 2, pp.69-82.<\/li>\n<li>Montero,\u00a0 JM and Larraz, B. (2011) Interpolation methods for geographical data: Housing\u00a0 and commercial establishments markets. <em>Journal\u00a0 of Real Estate Research<\/em>, 33\u00a0 (2), pp. 233-244.<\/li>\n<li>Montero,\u00a0 JM, Chasco, C. and Larraz, B. (2010) Building an Environmental Quality Index for a big\u00a0 city: a spatial\u00a0\u00a0\u00a0\u00a0\u00a0\u00a0\u00a0\u00a0\u00a0\u00a0\u00a0\u00a0\u00a0\u00a0\u00a0\u00a0\u00a0\u00a0\u00a0\u00a0\u00a0\u00a0\u00a0\u00a0\u00a0\u00a0\u00a0\u00a0 interpolation approach combined with a distance\u00a0 indicator. <em>Journal of Geographical\u00a0 Systems<\/em> 12\u00a0 (4), pp.435-459.<\/li>\n<li>Montero,\u00a0 JM and Larraz, B. (2010) Estimating housing prices: A proposal with spatially correlated data. <em>International\u00a0 Advances in Economic Research<\/em>, 16 (1), pp. 39-51.<\/li>\n<li>Montero,\u00a0 JM, Larraz, B and Chasco, C. (2009) Building a spatio-temporal Environmental Quality\u00a0 Index:\u00a0 the case of Madrid.\u00a0\u00a0 <em>Statistica Applicata,\u00a0 The Italian Journal of Applied Statistics<\/em> 21 (2), pp.133-151.<\/li>\n<li>Montero,\u00a0 JM, Larraz, B and P\u00e1ez, A. (2009)\u00a0Estimating Commercial Property Prices: An\u00a0 Application of Cokriging with Housing Prices as Anciliary Information. <em>Journal of Geographical Systems<\/em>, 11 (4), pp. 407-425.<\/li>\n<li>Larraz,\u00a0 B and Alfaro, JL. (2008)\u00a0Asymetric behaviour of Spanish regional house\u00a0 prices. <em>International Advances in\u00a0 Economic Research<\/em>, 14\u00a0 (4), pp. 407-421.<\/li>\n<li>Fdez-Avil\u00e9s,\u00a0 G and Larraz, B. (2008)\u00a0Aportaciones de los m\u00e9todos cuantitativos a la\u00a0 estimaci\u00f3n de precios de vivienda. <em>CLM. Econom\u00eda<\/em>12, pp.217-242.<\/li>\n<li>Montero,\u00a0 JM and Larraz, B. (2008)\u00a0Estimating housing prices: kriging and cokriging as\u00a0 an alternative. <em>Taksonomia <\/em>15,\u00a0 pp.57-68.<\/li>\n<li>Montero,\u00a0 JM, Larraz, B and Chasco, C. (2008)\u00a0Building an Environmental Quality Index for a big\u00a0 city: a spatial interpolation approach with DP2. <em>Munich\u00a0 Personal RePec Archive<\/em>,Vol. MPRA Paper No.\u00a0 10736.<\/li>\n<li>Larraz,\u00a0 B and Alfaro, JL. (2008) Asymmetric Behaviour of Spanish Regional House\u00a0 Prices: A Multivariate Approach. <em>The\u00a0 Journal of Economic Asymmetries<\/em> 15, pp.57-68.<\/li>\n<li>Montero\u00a0 JM and Larraz, B. (2006)\u00a0Estimaci\u00f3n espacial del precio de la vivienda\u00a0 mediante m\u00e9todos de krigeado. \u00a0\u00a0\u00a0\u00a0\u00a0\u00a0\u00a0\u00a0\u00a0\u00a0\u00a0\u00a0\u00a0\u00a0\u00a0\u00a0\u00a0\u00a0\u00a0 <em>Estad\u00edstica Espa\u00f1ola<\/em>,48 (162),\u00a0 pp.201-240.<\/li>\n<li>Montero,\u00a0 JM and Larraz, B. (2006)\u00a0Estimating housing prices: kriging the mean.\u00a0\u00a0<em>International Advances in\u00a0 Economic Research<\/em> 12(2),\u00a0 Research Note on p. 419.<\/li>\n<\/ul>\n","protected":false},"excerpt":{"rendered":"<p>CONTRACTS: Contrato de I+D \u201cValoraci\u00f3n de viviendas mediante t\u00e9cnicas geoestad\u00edsticas\u201d. Aplicaci\u00f3n de los M\u00e9todos de Krigeado al Proyecto \u201cInforme de Fincas\u201d desarrollado junto con la Empresa Axesor-Grupo Infotel, Informaci\u00f3n y Telecomunicaciones S.A. Obtenci\u00f3n de una Estimaci\u00f3n del Precio de la &hellip; <a href=\"https:\/\/blog.uclm.es\/beatrizlarraz\/real-estate\/\">Sigue leyendo <span class=\"meta-nav\">&rarr;<\/span><\/a><\/p>\n","protected":false},"author":30,"featured_media":0,"parent":0,"menu_order":0,"comment_status":"closed","ping_status":"open","template":"","meta":{"footnotes":""},"class_list":["post-174","page","type-page","status-publish","hentry"],"_links":{"self":[{"href":"https:\/\/blog.uclm.es\/beatrizlarraz\/wp-json\/wp\/v2\/pages\/174","targetHints":{"allow":["GET"]}}],"collection":[{"href":"https:\/\/blog.uclm.es\/beatrizlarraz\/wp-json\/wp\/v2\/pages"}],"about":[{"href":"https:\/\/blog.uclm.es\/beatrizlarraz\/wp-json\/wp\/v2\/types\/page"}],"author":[{"embeddable":true,"href":"https:\/\/blog.uclm.es\/beatrizlarraz\/wp-json\/wp\/v2\/users\/30"}],"replies":[{"embeddable":true,"href":"https:\/\/blog.uclm.es\/beatrizlarraz\/wp-json\/wp\/v2\/comments?post=174"}],"version-history":[{"count":2,"href":"https:\/\/blog.uclm.es\/beatrizlarraz\/wp-json\/wp\/v2\/pages\/174\/revisions"}],"predecessor-version":[{"id":490,"href":"https:\/\/blog.uclm.es\/beatrizlarraz\/wp-json\/wp\/v2\/pages\/174\/revisions\/490"}],"wp:attachment":[{"href":"https:\/\/blog.uclm.es\/beatrizlarraz\/wp-json\/wp\/v2\/media?parent=174"}],"curies":[{"name":"wp","href":"https:\/\/api.w.org\/{rel}","templated":true}]}}