{"id":159,"date":"2013-11-22T12:04:57","date_gmt":"2013-11-22T11:04:57","guid":{"rendered":"http:\/\/blog.uclm.es\/beatrizlarraz\/?page_id=159"},"modified":"2013-11-22T12:04:57","modified_gmt":"2013-11-22T11:04:57","slug":"tagus-river-research-group","status":"publish","type":"page","link":"https:\/\/blog.uclm.es\/beatrizlarraz\/tagus-river-research-group\/","title":{"rendered":"Tagus River research group"},"content":{"rendered":"<p><a href=\"https:\/\/blog.uclm.es\/beatrizlarraz\/wp-content\/uploads\/sites\/70\/2013\/11\/Grupo-de-investigacion_FINAL_alta.pdf\">Aims and research lines<\/a><\/p>\n<p><a href=\"http:\/\/blog.uclm.es\/grupotajo\/\">Web page<\/a><\/p>\n<p><b>Main researcher<\/b><b>:<\/b><\/p>\n<p><b>Dra. Beatriz Larraz Iribas:<\/b> Prof. Titular de Estad\u00edstica; Facultad de Ciencias Jur\u00eddicas y Sociales; Campus de Toledo; Universidad de Castilla-La Mancha. <a href=\"mailto:Beatriz.Larraz@uclm.es\">Beatriz.Larraz@uclm.es<\/a> ; <a href=\"http:\/\/blog.uclm.es\/beatrizlarraz\/\">http:\/\/blog.uclm.es\/beatrizlarraz\/<\/a><\/p>\n<p><b>\u00a0<\/b><b>Members: <\/b><\/p>\n<p><b>Dr. Jose Maria Bodoque del Pozo:<\/b> Profesor Contratado doctor de Geolog\u00eda y Recursos H\u00eddricos en la Facultad de Ciencias Ambientales y Bioqu\u00edmica; Universidad de Castilla La Mancha. <a href=\"mailto:Josemaria.Bodoque@uclm.es\">Josemaria.Bodoque@uclm.es<\/a>; <a href=\"http:\/\/www.attenagua-sudoe.eu\/es\/\">http:\/\/www.attenagua-sudoe.eu\/es\/<\/a><\/p>\n<p><strong>Contributors (in alphabetical order):<\/strong><\/p>\n<p><b>Dra.<\/b> <b>Maria Consuelo Alonso Garc\u00eda<\/b>: Profesora Titular de Derecho Administrativo y Derecho Ambiental, Facultad de Ciencias Jur\u00eddicas y Sociales de Toledo. Universidad de Castilla-La Mancha. <a href=\"mailto:Consuelo.Alonso@uclm.es\">Consuelo.Alonso@uclm.es<\/a><\/p>\n<p><b>Dr. Francisco Jos\u00e9 Aranda P\u00e9rez<\/b>: Catedr\u00e1tico de Historia Moderna, Departamento de Historia, Facultad de Letras de Ciudad Real. Universidad\u00a0 de Castilla-La Mancha. <a href=\"mailto:FcoJose.Aranda@uclm.es\">FcoJose.Aranda@uclm.es<\/a><\/p>\n<p><b>Dr. Domingo Baeza Sanz<\/b>: Profesor Asociado; Departamento de Ecolog\u00eda; Universidad Aut\u00f3noma de Madrid. <a href=\"mailto:domingo.baeza@uam.es\">domingo.baeza@uam.es<\/a><\/p>\n<p><b>Alejandro Cano Saavedra<\/b>: Presidente y portavoz de la Plataforma de Toledo en Defensa del Tajo. <a href=\"mailto:Alejandro.cano@telefonica.net\">Alejandro.cano@telefonica.net<\/a><\/p>\n<p><b>Dr. Rafael Camarillo Blas:<\/b> Profesor Titular de Universidad. Departamento de Ingenier\u00eda Qu\u00edmica. Especialista en gesti\u00f3n del agua: tecnolog\u00edas y procesos de tratamiento de aguas residuales urbanas e industriales. Facultad de Ciencias Ambientales y Bioqu\u00edmica.\u00a0Universidad de Castilla-La Mancha. <a href=\"mailto:Rafael.Camarillo@uclm.es\">Rafael.Camarillo@uclm.es<\/a><\/p>\n<p><b>Dr. Miguel Angel Esteve Selma<\/b>: Profesor Titular de Ecolog\u00eda de la Universidad de Murcia <a href=\"mailto:maesteve@um.es\">maesteve@um.es<\/a><\/p>\n<p><b>Dr. Federico Fern\u00e1ndez Gonz\u00e1lez:<\/b> Catedr\u00e1tico de Universidad. Instituto de Ciencias Ambientales de Castilla-La Mancha; Facultad de Ciencias Ambientales y Bioqu\u00edmica. Campus de Toledo. Universidad de Castilla-La Mancha. Federico.Fdez@uclm.es<\/p>\n<p><b>Mar\u00eda Soledad Gallego Bernad:<\/b> Abogada especialista en Derecho Ambiental, Agua, Urbanismo y Ordenaci\u00f3n del Territorio y miembro de la FNCA_ &#8211; <a href=\"mailto:msgalber@gmail.com\">msgalber@gmail.com<\/a><\/p>\n<p><b>Dra. Maria Isabel Gallego C\u00f3rcoles:<\/b> Profesora Titular de Derecho Administrativo y Derecho Ambiental, Facultad de Ciencias Jur\u00eddicas; Campus de Albacete; Universidad de Castilla-La Mancha. <a href=\"mailto:Isabel.Gallego@uclm.es\">Isabel.Gallego@uclm.es<\/a><\/p>\n<p><b>Carla Gamarra<\/b> (doctoranda de la UCLM). Se encuentra realizando la tesis doctoral sobre la gobernanza en el Tajo. Universidad de Castilla-La Mancha. <a href=\"mailto:crgmfl@hotmail.com\">crgmfl@hotmail.com<\/a><\/p>\n<p><b>Enrique Garc\u00eda G\u00f3mez:<\/b> Delegaci\u00f3n de Agricultura y Medio Ambiente. Diputaci\u00f3n de\u00a0Toledo. <a href=\"mailto:eggomez@diputoledo.es\">eggomez@diputoledo.es<\/a><\/p>\n<p><b>Jos\u00e9 \u00c1ngel Garc\u00eda-Redondo Moreno<\/b>: Servicio de Prevenci\u00f3n e Impacto Ambiental. Direcci\u00f3n General de Calidad e Impacto Ambiental. Junta de Comunidades de Castilla-La Mancha. Toledo.<a href=\"mailto:jagredondo@jccm.es\">jagredondo@jccm.es<\/a><\/p>\n<p><b>Rafael G\u00f3mez D\u00edaz:<\/b> Archivero municipal de Talavera de la Reina.<\/p>\n<p><b>Dr. C\u00e9sar Gonz\u00e1lez Cebollada<\/b>: \u00c1rea de Mec\u00e1nica de Fluidos; Escuela Polit\u00e9cnica Superior; Universidad de Zaragoza.\u00a0 <a href=\"mailto:cesargon@unizar.es\">cesargon@unizar.es<\/a><\/p>\n<p><b>Dr. Francesc Hern\u00e1ndez Sancho:<\/b> Profesor Titular de Universidad. Dpto. Estructura Econ\u00f3mica (Econom\u00eda Aplicada II). Facultad Econom\u00eda<i>. <\/i>Universitat de Val\u00e8ncia. Responsable del grupo de investigaci\u00f3n: Econom\u00eda del Agua. Gesti\u00f3n eficiente y reutilizaci\u00f3n. <a href=\"mailto:Francesc.Hernandez@uv.es\">Francesc.Hernandez@uv.es<\/a> ; <a href=\"http:\/\/www.economiadelagua.com\/\">www.economiadelagua.com<\/a><\/p>\n<p><b>Dra. Bouchra Haddad:<\/b> Profesora Ayudante Doctora de Geolog\u00eda Ambiental y Evaluaci\u00f3n de Impacto Ambiental en la Facultad de Ciencias Ambientales y Bioqu\u00edmica; Universidad Castilla La Mancha.bouchra.haddad@uclm.es<\/p>\n<p><b>Nuria Hern\u00e1ndez-Mora Zapata<\/b>: Presidenta de la Fundaci\u00f3n Nueva Cultura del Agua (FNCA). Perteneciente al grupo de investigaci\u00f3n de Estructuras y Sistemas Territoriales de la Universidad de Sevilla (<a title=\"blocked::http:\/\/grupo.us.es\/giest\/\" href=\"http:\/\/grupo.us.es\/giest\/\">http:\/\/grupo.us.es\/giest\/<\/a>). <a href=\"mailto:nhernandezmora@us.es\">nhernandezmora@us.es<\/a>; <a href=\"mailto:nuriahernandezmora@gmail.com\">nuriahernandezmora@gmail.com<\/a><\/p>\n<p><b>Dr. Pedro Jim\u00e9nez Est\u00e9vez: <\/b>Profesor Titular de Universidad; Departamento de Administraci\u00f3n de Empresas; Facultad de Ciencias Sociales de Talavera de la Reina. Campus de Toledo; Universidad de Castilla-La Mancha <a href=\"mailto:Pedro.JEstevez@uclm.es\">Pedro.JEstevez@uclm.es<\/a><b><\/b><\/p>\n<p><b>Dr. Francesc La-Roca i Cervig\u00f3n<\/b>: Profesor Titular del Departament d\u2019Economia Aplicada e investigador de la Estructura de Recerca Interdisciplinar d\u2019Estudis sobre Sostenibilitat (\u00c0rea d&#8217;Economia Ecol\u00f2gica i Medi Ambient); Universitat de Val\u00e8ncia <a href=\"mailto:Francesc.La-Roca@uv.es\">Francesc.La-Roca@uv.es<\/a><\/p>\n<p><b>Dr. \u00c1ngel Monterrubio P\u00e9rez:<\/b> Profesor Titular de Historia de la Educaci\u00f3n; Facultad de Ciencias Sociales; Campus de Toledo (Talavera de la Reina), Universidad de Castilla-La Mancha. <a href=\"mailto:Angel.Monterrubio@uclm.es\">Angel.Monterrubio@uclm.es<\/a><\/p>\n<p><b>Dr. Josu Mezo Arancibia: <\/b>Contratado Doctor, \u00c1rea de Sociolog\u00eda, Departamento de Filosof\u00eda. Facultad de Ciencias Ambientales y Bioqu\u00edmica.\u00a0Universidad de Castilla-La Mancha. <a href=\"mailto:Josu.Mezo@uclm.es\">Josu.Mezo@uclm.es<\/a><b><\/b><\/p>\n<p><b>Dra. Julia Mart\u00ednez Fern\u00e1ndez<\/b>. Doctora en Biolog\u00eda, profesora de Ecolog\u00eda de la Universidad Miguel Hern\u00e1ndez de Elche e investigadora del Observatorio de la Sostenibilidad en la Regi\u00f3n de Murcia (OSERM), adscrito al Instituto de Agua y Medio ambiente de la Universidad de Murcia. juliamf@um.es<\/p>\n<p><b>Miguel M\u00e9ndez-Cabeza Fuentes:<\/b> Portavoz de la Plataforma de Talavera en Defensa de los r\u00edos Tajo y Alberche.<\/p>\n<p><b>Dr. Julio Jos\u00e9 Plaza Tabasco<\/b>: Departamento de Geograf\u00eda y Ordenaci\u00f3n del Territorio. Facultad de Letras de Ciudad Real. Universidad de Castilla-La Mancha. <a href=\"mailto:Julio.Plaza@uclm.es\">Julio.Plaza@uclm.es<\/a><\/p>\n<p><b>Dr. Alfonso Rodr\u00edguez Torres:<\/b> Consejer\u00eda de Agricultura de la Junta de Comunidades de Castilla-La Mancha. Ex-profesor Asociado de Bot\u00e1nica. Instituto de Ciencias Ambientales de Castilla-La Mancha; Facultad de Ciencias Ambientales y Bioqu\u00edmica; Campus de Toledo; Universidad de Castilla-La Mancha. <a href=\"mailto:Alfonsor@jccm.es\">Alfonsor@jccm.es<\/a><\/p>\n<p><b>Dr. \u00c1ngel Ra\u00fal Ruiz Pulp\u00f3n:<\/b> Profesor Titular de Geograf\u00eda Humana. Departamento de Geograf\u00eda y Ordenaci\u00f3n del Territorio. Facultad de Letras de Ciudad Real. Universidad de Castilla-La Mancha. <a href=\"mailto:Angelraul.Ruiz@uclm.es\">Angelraul.Ruiz@uclm.es<\/a><\/p>\n<p><b>Dr. Pablo del R\u00edo Gonz\u00e1lez:<\/b> Cient\u00edfico Titular del Instituto de Pol\u00edticas y Bienes P\u00fablicos del Centro Superior de Investigaciones Cient\u00edficas (CSIC). Economista ambiental. Antiguo profesor de la UCLM. <a href=\"mailto:Pablo.delrio@csic.es\">Pablo.delrio@csic.es<\/a><\/p>\n<p><b>Dra. Rosa del Carmen Rodr\u00edguez Mart\u00edn-Doimeadios: <\/b>Profesora Titular de Qu\u00edmica Anal\u00edtica. \u00c1rea de Qu\u00edmica Anal\u00edtica del Departamento de Qu\u00edmica Anal\u00edtica y Tecnolog\u00eda de los Alimentos. Facultad de Ciencias Ambientales y Bioqu\u00edmica.\u00a0Universidad de Castilla-La Mancha. <a href=\"mailto:Rosacarmen.rodriguez@uclm.es\">Rosacarmen.rodriguez@uclm.es<\/a><\/p>\n<p><b>Dr. Enrique San Mart\u00edn Gonz\u00e1lez:\u00a0 <\/b>Profesor de Econom\u00eda Aplicada. Dpto. Econom\u00eda Aplicada e Historia Econ\u00f3mica. Fac. CC. Econ\u00f3micas y Empresariales. Universidad Nacional de Educaci\u00f3n a Distancia (UNED). <a href=\"mailto:esanmartin@cee.uned.es\">esanmartin@cee.uned.es<\/a><\/p>\n<p><b>Dr. Santiago Sardinero:<\/b> Profesor Titular de Bot\u00e1nica. Instituto de Ciencias Ambientales de Castilla-La Mancha; Facultad de Ciencias Ambientales y Bioqu\u00edmica. Campus de Toledo. Universidad de Castilla-La Mancha. Santiago.Sardinero@uclm.es<\/p>\n<p><b>Jo\u00e2o Monteiro Serrano<\/b>: Instituto Polit\u00e9cnico de Santar\u00e9m (Portugal); Cultura Avieira. <a href=\"mailto:avieiroseu@gmail.com\">avieiroseu@gmail.com<\/a><\/p>\n<p><b>Miguel \u00c1ngel S\u00e1nchez<\/b> <b>P\u00e9rez:<\/b> Portavoz de la Plataforma de Talavera en Defensa de los r\u00edos Tajo y Alberche. golindelasenda@gmail.com<\/p>\n<p><b>Ra\u00fal Urquiaga<\/b> <b>Cela<\/b>: Presidente de GRAMA (Grupo de Acci\u00f3n para el Medio Ambiente) y representante de Jarama Vivo. <a href=\"mailto:raul_urquiaga@yahoo.es\">raul_urquiaga@yahoo.es<\/a><\/p>\n<p><b>Maria Lourdes Vest\u00eda<\/b>: Instituto Polit\u00e9cnico de Santar\u00e9m (Portugal);\u00a0\u00a0\u00a0 <a href=\"mailto:lllurdesvestia@hotmail.com\">lllurdesvestia@hotmail.com<\/a><\/p>\n<p><b>Dr. Ferm\u00edn Ignacio Villarroya Gil<\/b>: Profesor Titular de Hidrogeolog\u00eda y Geolog\u00eda Ambiental en la Universidad Complutense de Madrid. Dr. en Ciencias Geol\u00f3gicas. <a title=\"blocked::mailto:ferminv@geo.ucm.es\" href=\"mailto:ferminv@geo.ucm.es\">ferminv@geo.ucm.es<\/a><\/p>\n<p><b>Dr. Jos\u00e9 Luis Yela:<\/b> Profesor Titular de Zoolog\u00eda. Facultad de Ciencias Ambientales y Bioqu\u00edmica. Universidad de Castilla-La Mancha. <a href=\"mailto:JoseLuis.Yela@uclm.es\">JoseLuis.Yela@uclm.es<\/a><\/p>\n","protected":false},"excerpt":{"rendered":"<p>Aims and research lines Web page Main researcher: Dra. Beatriz Larraz Iribas: Prof. Titular de Estad\u00edstica; Facultad de Ciencias Jur\u00eddicas y Sociales; Campus de Toledo; Universidad de Castilla-La Mancha. Beatriz.Larraz@uclm.es ; http:\/\/blog.uclm.es\/beatrizlarraz\/ \u00a0Members: Dr. Jose Maria Bodoque del Pozo: Profesor &hellip; <a href=\"https:\/\/blog.uclm.es\/beatrizlarraz\/tagus-river-research-group\/\">Sigue leyendo <span class=\"meta-nav\">&rarr;<\/span><\/a><\/p>\n","protected":false},"author":30,"featured_media":0,"parent":0,"menu_order":0,"comment_status":"closed","ping_status":"open","template":"","meta":{"footnotes":""},"class_list":["post-159","page","type-page","status-publish","hentry"],"_links":{"self":[{"href":"https:\/\/blog.uclm.es\/beatrizlarraz\/wp-json\/wp\/v2\/pages\/159","targetHints":{"allow":["GET"]}}],"collection":[{"href":"https:\/\/blog.uclm.es\/beatrizlarraz\/wp-json\/wp\/v2\/pages"}],"about":[{"href":"https:\/\/blog.uclm.es\/beatrizlarraz\/wp-json\/wp\/v2\/types\/page"}],"author":[{"embeddable":true,"href":"https:\/\/blog.uclm.es\/beatrizlarraz\/wp-json\/wp\/v2\/users\/30"}],"replies":[{"embeddable":true,"href":"https:\/\/blog.uclm.es\/beatrizlarraz\/wp-json\/wp\/v2\/comments?post=159"}],"version-history":[{"count":0,"href":"https:\/\/blog.uclm.es\/beatrizlarraz\/wp-json\/wp\/v2\/pages\/159\/revisions"}],"wp:attachment":[{"href":"https:\/\/blog.uclm.es\/beatrizlarraz\/wp-json\/wp\/v2\/media?parent=159"}],"curies":[{"name":"wp","href":"https:\/\/api.w.org\/{rel}","templated":true}]}}