{"id":143,"date":"2013-10-18T09:54:45","date_gmt":"2013-10-18T08:54:45","guid":{"rendered":"http:\/\/blog.uclm.es\/beatrizlarraz\/?page_id=143"},"modified":"2024-03-04T18:02:05","modified_gmt":"2024-03-04T18:02:05","slug":"research-groups","status":"publish","type":"page","link":"https:\/\/blog.uclm.es\/beatrizlarraz\/research\/research-groups\/","title":{"rendered":"Research Groups (2)"},"content":{"rendered":"\n<p><strong>1. Research Group in APPLIED STATISTICAL AND CLASSIFICATION TECHNIQUES (GITECA-UCLM). <\/strong><\/p>\n\n\n\n<p><strong>Main researcher.&nbsp;<\/strong><\/p>\n\n\n\n<p>website: <a href=\"https:\/\/www.uclm.es\/Departamentos\/epa\/Investigacion\/Investigacion-Tecnicas-estadisticasyclasificacion-aplicadas#menu-lineas\">Investigaci\u00f3n : Grupo de investigaci\u00f3n en T\u00e9cnicas estad\u00edsticas y de clasificaci\u00f3n aplicadas (uclm.es)<\/a><\/p>\n\n\n\n<p>Research lines:<\/p>\n\n\n\n<p>Complexity Analysis of Classification Problems<br>Calibration and validation of mathematical models<br>Statistical Classification using simple and combined classifiers<br>Regional Economic Situation<br>Mathematical Statistics<br>Robust Statistics<br>Uncertainty with respect to the data-generating model<br>Operations Research. Network and Graph Theory<br>Classifier combination methods<br>Statistical methods for quality control and quality improvement<br>Modelling energy systems and decision support systems<br>Prediction of business failure<br>Artificial Neural Networks<br>Statistical software and statistical computing<br>Environmental Economics<\/p>\n\n\n\n<p>Inside this group, I lead the <strong>Tagus River research team: Towards a Holistic Approach of its Problems and Solutions-University of Castilla-La Mancha. <\/strong>Research lines: Ecology, Economy, Sociology, Phisical and Human Geography, Legal Aspects (https:\/\/blog.uclm.es\/grupotajo\/). Currently, the activity of this group is included in <strong>C\u00e1tedra del Tajo UCLM-Soliss<\/strong> (https:\/\/catedradeltajo.es).<\/p>\n\n\n\n<p><strong>2. Research Group in Elections and Public Opinion-University of Valencia<\/strong><\/p>\n\n\n\n<p><strong>Group member<\/strong><\/p>\n\n\n\n<p><a href=\"http:\/\/www.uv.es\/uvweb\/applied_economics_department\/en\/research\/resear\">http:\/\/www.uv.es\/uvweb\/applied_economics_department\/en\/research\/resear<\/a><a href=\"http:\/\/www.uv.es\/uvweb\/applied_economics_department\/en\/research\/resear\">ch-groups\/elections-public-opinion\/group-members-1285890449690.html<\/a><\/p>\n\n\n\n<p>The research group in <strong>Elections and Public Opinion<\/strong> is attached to the Department of Applied Economics at the University of Valencia (Spain) and aims at analyzing, studying and finding solutions to all issues and questions related to electoral processes and\/or the measurement and monitoring of public opinion, applying the most advanced quantitative techniques.<\/p>\n\n\n\n<p>The most relevant research fields of the group include the following: the generation of electoral predictions, inference of individual voting behavior, analysis of polls and surveys, the search of new methodological approaches to improve (reducing costs) the quality of sampling methods, semantic analysis of opinions and monitoring of the internet sentiment, the study of the consequences of non-response and of the biases introduced during the whole inference process, the solution to the gaps in the databases, and the integration and pooling of local and global information to obtain multilevel responses.<\/p>\n\n\n\n<p>The approach used in the research group in <strong>Elections and Public Opinion<\/strong> is open, not being limited by any particular methodological tendency, and makes extensive use of whatever sources of information. Thus, we use classical and Bayesian techniques, we apply from simple linear regression models to complex approaches based on neural networks, wavelets or auto-binomial models, we use the spatial and\/or temporal component of the data explicitly, we perform simulation via Markov chain Monte Carlo or directly by Monte Carlo methods, and we introduce in our models survey data, reported election results, news reports, internet messages and\/or official statistics.<\/p>\n\n\n\n<p>The members of the group are open to working with other research groups, companies and institutions and encourage interested parties to contact us in order to explore possible avenues of collaboration.<\/p>\n","protected":false},"excerpt":{"rendered":"<p>1. Research Group in APPLIED STATISTICAL AND CLASSIFICATION TECHNIQUES (GITECA-UCLM). Main researcher.&nbsp; website: Investigaci\u00f3n : Grupo de investigaci\u00f3n en T\u00e9cnicas estad\u00edsticas y de clasificaci\u00f3n aplicadas (uclm.es) Research lines: Complexity Analysis of Classification ProblemsCalibration and validation of mathematical modelsStatistical Classification using &hellip; <a href=\"https:\/\/blog.uclm.es\/beatrizlarraz\/research\/research-groups\/\">Sigue leyendo <span class=\"meta-nav\">&rarr;<\/span><\/a><\/p>\n","protected":false},"author":30,"featured_media":0,"parent":98,"menu_order":0,"comment_status":"closed","ping_status":"open","template":"","meta":{"footnotes":""},"class_list":["post-143","page","type-page","status-publish","hentry"],"_links":{"self":[{"href":"https:\/\/blog.uclm.es\/beatrizlarraz\/wp-json\/wp\/v2\/pages\/143","targetHints":{"allow":["GET"]}}],"collection":[{"href":"https:\/\/blog.uclm.es\/beatrizlarraz\/wp-json\/wp\/v2\/pages"}],"about":[{"href":"https:\/\/blog.uclm.es\/beatrizlarraz\/wp-json\/wp\/v2\/types\/page"}],"author":[{"embeddable":true,"href":"https:\/\/blog.uclm.es\/beatrizlarraz\/wp-json\/wp\/v2\/users\/30"}],"replies":[{"embeddable":true,"href":"https:\/\/blog.uclm.es\/beatrizlarraz\/wp-json\/wp\/v2\/comments?post=143"}],"version-history":[{"count":5,"href":"https:\/\/blog.uclm.es\/beatrizlarraz\/wp-json\/wp\/v2\/pages\/143\/revisions"}],"predecessor-version":[{"id":496,"href":"https:\/\/blog.uclm.es\/beatrizlarraz\/wp-json\/wp\/v2\/pages\/143\/revisions\/496"}],"up":[{"embeddable":true,"href":"https:\/\/blog.uclm.es\/beatrizlarraz\/wp-json\/wp\/v2\/pages\/98"}],"wp:attachment":[{"href":"https:\/\/blog.uclm.es\/beatrizlarraz\/wp-json\/wp\/v2\/media?parent=143"}],"curies":[{"name":"wp","href":"https:\/\/api.w.org\/{rel}","templated":true}]}}