{"id":3,"date":"2017-04-03T09:38:10","date_gmt":"2017-04-03T09:38:10","guid":{"rendered":"http:\/\/blog.uclm.es\/aureliobermudez\/?page_id=2"},"modified":"2024-02-13T13:49:20","modified_gmt":"2024-02-13T12:49:20","slug":"personal","status":"publish","type":"page","link":"https:\/\/blog.uclm.es\/aureliobermudez\/","title":{"rendered":"Personal"},"content":{"rendered":"<p><img loading=\"lazy\" decoding=\"async\" class=\"alignnone size-full wp-image-62\" src=\"https:\/\/blog.uclm.es\/aureliobermudez\/wp-content\/uploads\/sites\/97\/2017\/04\/abermu.jpg\" alt=\"\" width=\"100\" height=\"150\" \/><br \/>\nCatedr\u00e1tico de Universidad<br \/>\n\u00c1rea de Arquitectura y Tecnolog\u00eda de Computadores<\/p>\n<p><a href=\"http:\/\/www.dsi.uclm.es\" target=\"_blank\" rel=\"noopener\">Departamento de Sistemas Inform\u00e1ticos (DSI)<\/a><br \/>\n<a href=\"http:\/\/www.esiiab.uclm.es\" target=\"_blank\" rel=\"noopener\">Escuela Superior de Ingenier\u00eda Inform\u00e1tica de Albacete (ESII)<\/a><br \/>\n<a href=\"http:\/\/www.uclm.es\" target=\"_blank\" rel=\"noopener\">Universidad de Castilla-La Mancha (UCLM)<\/a><\/p>\n<p>aurelio.bermudez@uclm.es<br \/>\n+34 926052984<\/p>\n","protected":false},"excerpt":{"rendered":"<p>Catedr\u00e1tico de Universidad \u00c1rea de Arquitectura y Tecnolog\u00eda de Computadores Departamento de Sistemas Inform\u00e1ticos (DSI) Escuela Superior de Ingenier\u00eda Inform\u00e1tica de Albacete (ESII) Universidad de Castilla-La Mancha (UCLM) aurelio.bermudez@uclm.es +34 926052984<\/p>\n","protected":false},"author":98,"featured_media":0,"parent":0,"menu_order":0,"comment_status":"closed","ping_status":"open","template":"","meta":{"footnotes":""},"class_list":["post-3","page","type-page","status-publish","hentry"],"_links":{"self":[{"href":"https:\/\/blog.uclm.es\/aureliobermudez\/wp-json\/wp\/v2\/pages\/3","targetHints":{"allow":["GET"]}}],"collection":[{"href":"https:\/\/blog.uclm.es\/aureliobermudez\/wp-json\/wp\/v2\/pages"}],"about":[{"href":"https:\/\/blog.uclm.es\/aureliobermudez\/wp-json\/wp\/v2\/types\/page"}],"author":[{"embeddable":true,"href":"https:\/\/blog.uclm.es\/aureliobermudez\/wp-json\/wp\/v2\/users\/98"}],"replies":[{"embeddable":true,"href":"https:\/\/blog.uclm.es\/aureliobermudez\/wp-json\/wp\/v2\/comments?post=3"}],"version-history":[{"count":2,"href":"https:\/\/blog.uclm.es\/aureliobermudez\/wp-json\/wp\/v2\/pages\/3\/revisions"}],"predecessor-version":[{"id":66,"href":"https:\/\/blog.uclm.es\/aureliobermudez\/wp-json\/wp\/v2\/pages\/3\/revisions\/66"}],"wp:attachment":[{"href":"https:\/\/blog.uclm.es\/aureliobermudez\/wp-json\/wp\/v2\/media?parent=3"}],"curies":[{"name":"wp","href":"https:\/\/api.w.org\/{rel}","templated":true}]}}