{"id":25,"date":"2017-04-10T21:33:20","date_gmt":"2017-04-10T20:33:20","guid":{"rendered":"http:\/\/blog.uclm.es\/aureliobermudez\/?page_id=25"},"modified":"2017-04-10T21:33:20","modified_gmt":"2017-04-10T20:33:20","slug":"investigacion","status":"publish","type":"page","link":"https:\/\/blog.uclm.es\/aureliobermudez\/investigacion\/","title":{"rendered":"Investigaci\u00f3n"},"content":{"rendered":"<p><a href=\"http:\/\/www.i3a.uclm.es\/raap\/\" rel=\"noopener noreferrer\" target=\"_blank\">Grupo de Redes y Arquitecturas de Altas Prestaciones<\/a> (<a href=\"http:\/\/www.i3a.uclm.es\/i3a_w\/\" target=\"_blank\" rel=\"noopener noreferrer\">Instituto de Investigaci\u00f3n en Inform\u00e1tica de Albacete<\/a>)<\/p>\n<p>Temas de inter\u00e9s:<br \/>\n&#8211; Veh\u00edculos a\u00e9reos no tripulados (UAV\/drones): integraci\u00f3n de UAV en aplicaciones de IoT, navegaci\u00f3n aut\u00f3noma de UAV, detecci\u00f3n y resoluci\u00f3n de conflictos entre UAV&#8230;<br \/>\n&#8211; Gesti\u00f3n del tr\u00e1fico a\u00e9reo (ATM) y navegaci\u00f3n basada en prestaciones (PBN).<br \/>\n&#8211; Movilidad a\u00e9rea urbana (UAM) y gesti\u00f3n del tr\u00e1fico a\u00e9reo no tripulado (UTM).<\/p>\n<p>(Intereses anteriores: modelado, encaminamiento y tolerancia a fallos en redes de interconexi\u00f3n de altas prestaciones y procesamiento de informaci\u00f3n mediante redes inal\u00e1mbricas de sensores.)<\/p>\n","protected":false},"excerpt":{"rendered":"<p>Grupo de Redes y Arquitecturas de Altas Prestaciones (Instituto de Investigaci\u00f3n en Inform\u00e1tica de Albacete) Temas de inter\u00e9s: &#8211; Veh\u00edculos a\u00e9reos no tripulados (UAV\/drones): integraci\u00f3n de UAV en aplicaciones de IoT, navegaci\u00f3n aut\u00f3noma de UAV, detecci\u00f3n y resoluci\u00f3n de conflictos entre UAV&#8230; &#8211; Gesti\u00f3n del tr\u00e1fico a\u00e9reo (ATM) y navegaci\u00f3n basada en prestaciones (PBN). &#8211; &hellip; <\/p>\n<p class=\"link-more\"><a href=\"https:\/\/blog.uclm.es\/aureliobermudez\/investigacion\/\" class=\"more-link\">Continuar leyendo<span class=\"screen-reader-text\"> \u00abInvestigaci\u00f3n\u00bb<\/span><\/a><\/p>\n","protected":false},"author":98,"featured_media":0,"parent":0,"menu_order":0,"comment_status":"closed","ping_status":"closed","template":"","meta":{"footnotes":""},"class_list":["post-25","page","type-page","status-publish","hentry"],"_links":{"self":[{"href":"https:\/\/blog.uclm.es\/aureliobermudez\/wp-json\/wp\/v2\/pages\/25","targetHints":{"allow":["GET"]}}],"collection":[{"href":"https:\/\/blog.uclm.es\/aureliobermudez\/wp-json\/wp\/v2\/pages"}],"about":[{"href":"https:\/\/blog.uclm.es\/aureliobermudez\/wp-json\/wp\/v2\/types\/page"}],"author":[{"embeddable":true,"href":"https:\/\/blog.uclm.es\/aureliobermudez\/wp-json\/wp\/v2\/users\/98"}],"replies":[{"embeddable":true,"href":"https:\/\/blog.uclm.es\/aureliobermudez\/wp-json\/wp\/v2\/comments?post=25"}],"version-history":[{"count":0,"href":"https:\/\/blog.uclm.es\/aureliobermudez\/wp-json\/wp\/v2\/pages\/25\/revisions"}],"wp:attachment":[{"href":"https:\/\/blog.uclm.es\/aureliobermudez\/wp-json\/wp\/v2\/media?parent=25"}],"curies":[{"name":"wp","href":"https:\/\/api.w.org\/{rel}","templated":true}]}}