{"id":16,"date":"2017-04-10T21:07:46","date_gmt":"2017-04-10T20:07:46","guid":{"rendered":"http:\/\/blog.uclm.es\/aureliobermudez\/?page_id=16"},"modified":"2024-02-13T13:46:22","modified_gmt":"2024-02-13T12:46:22","slug":"docencia","status":"publish","type":"page","link":"https:\/\/blog.uclm.es\/aureliobermudez\/docencia\/","title":{"rendered":"Docencia"},"content":{"rendered":"\n<p>Asignaturas impartidas:<br>&#8211; Arquitectura de Computadores (Grado en Ingenier\u00eda Inform\u00e1tica)<br>&#8211; Inform\u00e1tica Industrial (Grado en Ingenier\u00eda Electr\u00f3nica Industrial y Autom\u00e1tica)<\/p>\n","protected":false},"excerpt":{"rendered":"<p>Asignaturas impartidas:&#8211; Arquitectura de Computadores (Grado en Ingenier\u00eda Inform\u00e1tica)&#8211; Inform\u00e1tica Industrial (Grado en Ingenier\u00eda Electr\u00f3nica Industrial y Autom\u00e1tica)<\/p>\n","protected":false},"author":98,"featured_media":0,"parent":0,"menu_order":0,"comment_status":"closed","ping_status":"closed","template":"","meta":{"footnotes":""},"class_list":["post-16","page","type-page","status-publish","hentry"],"_links":{"self":[{"href":"https:\/\/blog.uclm.es\/aureliobermudez\/wp-json\/wp\/v2\/pages\/16","targetHints":{"allow":["GET"]}}],"collection":[{"href":"https:\/\/blog.uclm.es\/aureliobermudez\/wp-json\/wp\/v2\/pages"}],"about":[{"href":"https:\/\/blog.uclm.es\/aureliobermudez\/wp-json\/wp\/v2\/types\/page"}],"author":[{"embeddable":true,"href":"https:\/\/blog.uclm.es\/aureliobermudez\/wp-json\/wp\/v2\/users\/98"}],"replies":[{"embeddable":true,"href":"https:\/\/blog.uclm.es\/aureliobermudez\/wp-json\/wp\/v2\/comments?post=16"}],"version-history":[{"count":1,"href":"https:\/\/blog.uclm.es\/aureliobermudez\/wp-json\/wp\/v2\/pages\/16\/revisions"}],"predecessor-version":[{"id":64,"href":"https:\/\/blog.uclm.es\/aureliobermudez\/wp-json\/wp\/v2\/pages\/16\/revisions\/64"}],"wp:attachment":[{"href":"https:\/\/blog.uclm.es\/aureliobermudez\/wp-json\/wp\/v2\/media?parent=16"}],"curies":[{"name":"wp","href":"https:\/\/api.w.org\/{rel}","templated":true}]}}