{"id":518,"date":"2023-02-25T22:03:30","date_gmt":"2023-02-25T22:03:30","guid":{"rendered":"https:\/\/blog.uclm.es\/aula-penitenciaria\/?page_id=518"},"modified":"2023-02-25T22:34:44","modified_gmt":"2023-02-25T22:34:44","slug":"publicaciones-en-materia-penitenciaria","status":"publish","type":"page","link":"https:\/\/blog.uclm.es\/aula-penitenciaria\/publicaciones-en-materia-penitenciaria\/","title":{"rendered":"Publicaciones en materia penitenciaria"},"content":{"rendered":"\n<h2 class=\"has-text-align-center wp-block-heading\">LIBROS<br><\/h2>\n\n\n\n<ul class=\"wp-block-list\">\n<li><strong>Las mujeres en prisi\u00f3n: la voz que nadie escucha<\/strong>. Ediciones La Cultivada, 2022 (en coautor\u00eda con Esther Pascual Rodr\u00edguez).<\/li>\n<\/ul>\n\n\n\n<ul class=\"wp-block-list\">\n<li><strong>Las prisiones como estrategia frente al desaf\u00edo del terrorismo, la radicalizaci\u00f3n y el extremismo violento<\/strong>. Iustel, Madrid, 2021.<\/li>\n<\/ul>\n\n\n\n<ul class=\"wp-block-list\">\n<li><strong>La pena de prisi\u00f3n en medio abierto. Un recorrido por el r\u00e9gimen abierto, las salidas tratamentales y el principio de flexibilidad<\/strong>. Reus, 2021.<\/li>\n<\/ul>\n\n\n\n<ul class=\"wp-block-list\">\n<li><strong>La ejecuci\u00f3n de las penas de prisi\u00f3n permanente revisable y de larga duraci\u00f3n<\/strong>. Tirant Lo Blanch, Valencia, 2018.<\/li>\n<\/ul>\n\n\n\n<ul class=\"wp-block-list\">\n<li><strong>Terrorismo vs. Leyes y jueces. El reconocimiento de condenas penales europeas a efectos de acumulaci\u00f3n<\/strong>. Tirant lo Blanch, 2015 (en coautor\u00eda con Marta Mu\u00f1oz de Morales Romero).<\/li>\n<\/ul>\n\n\n\n<ul class=\"wp-block-list\">\n<li><strong>El sistema penitenciario espa\u00f1ol ante el siglo XXI.<\/strong> Iustel, Madrid, 2013.<\/li>\n<\/ul>\n\n\n\n<p class=\"has-text-align-center\"><strong>CAP\u00cdTULOS DE LIBRO<\/strong><\/p>\n\n\n\n<ul class=\"wp-block-list\">\n<li><strong>\u00abLa evoluci\u00f3n legislativa de las penas de prisi\u00f3n de muy larga duraci\u00f3n\u00bb.<\/strong> Penas Perpetuas. Tirant lo Blanch, Valencia, 2023 (en prensa).<\/li>\n\n\n\n<li><strong>\u00abEst\u00e1ndares europeos aplicables a la prevenci\u00f3n y actualizaci\u00f3n contra el terrorismo, la radicalizaci\u00f3n y el extremismo violento en prisi\u00f3n\u00bb<\/strong>. La ejecuci\u00f3n de la pena por delitos de terrorismo. Alicia Gil Gil (directora), Dykinson, 2022.<\/li>\n\n\n\n<li>\u00ab<strong>Construyendo los puentes entre el sistema progresivo y la individualizaci\u00f3n cient\u00edfica: el Decreto 162\/1968, de 25 de enero y el Real Decreto 2273\/1977, de 29 de julio\u00bb<\/strong>. Las prisiones espa\u00f1olas durante la transici\u00f3n. Ricardo Mata y Mart\u00edn (director), Comares, 2022.<\/li>\n\n\n\n<li><strong>\u00abMedidas de excarcelaci\u00f3n por razones humanitarias\u00bb<\/strong>. Gu\u00eda pr\u00e1ctica de Derecho Penitenciario. Jos\u00e9 Alapont (director). La Ley-Wolters-Kluwer, Madrid, 2022.<\/li>\n\n\n\n<li>\u00ab<strong>La ejecuci\u00f3n de las penas de prisi\u00f3n\u00bb<\/strong>. Libro Homenaje al Profesor Luis Arroyo Zapatero. Un derecho penal humanista (vol. II). BOE, 2021.<\/li>\n\n\n\n<li><strong>\u00abLa gesti\u00f3n de la sanidad penitenciaria: un reto inmediato del sistema espa\u00f1ol\u00bb<\/strong>. Salud mental y privaci\u00f3n de libertad: aspectos jur\u00eddicos e intervenci\u00f3n. Ricardo Mata y Mart\u00edn (director). Bosch, 2021.<\/li>\n\n\n\n<li><strong>\u00ab\u00bfTiene Espa\u00f1a un problema de sobrepoblaci\u00f3n penitenciaria?\u00bb.<\/strong> De los controles disciplinarios a los controles secutarios. Ediciones de la Universidad de Castilla-La Mancha, 2020.<\/li>\n\n\n\n<li><strong>\u00abEl impacto de g\u00e9nero y el Derecho penal (en la prisi\u00f3n)\u00bb<\/strong>. La evaluaci\u00f3n de impacto normativo por raz\u00f3n de g\u00e9nero. Su aplicaci\u00f3n efectiva en las instituciones europeas y en Espa\u00f1a. Centro de Estudios Pol\u00edticos y Constitucionales, Madrid, 2020 (en coautor\u00eda con Marta Mu\u00f1oz de Morales).<\/li>\n\n\n\n<li><strong>\u00abCountry Report Spain\u00bb. <\/strong>Harmonisierung strafrechtlicher Sanktionen in der Europ\u00e4ischen Union\u00bb. Nomos, 2020 (en coautor\u00eda con Ad\u00e1n Nieto y Marta Mu\u00f1oz de Morales).<\/li>\n\n\n\n<li><strong>\u00abLas prisiones en un mundo global: est\u00e1ndares europeos de Derecho penitenciario\u00bb.<\/strong> Ius puniendi y Global Law. Hacia un Derecho Penal sin Estado. Ad\u00e1n Nieto Mart\u00edn (director). Tirant lo Blanch, Valencia, 2019.<\/li>\n\n\n\n<li><strong>\u00abSobrepoblaci\u00f3n penitenciaria y estrategias de intervenci\u00f3n: el caso espa\u00f1ol\u00bb<\/strong>. La lotta al sovraffollamento carcerario en Europa. Modelli di pena e di esecuzione nell`esperienza comparata. Alessandro Bernardi (director). Jovene Editore, 2018.<\/li>\n\n\n\n<li><strong>\u00abLa ejecuci\u00f3n de las penas de prisi\u00f3n en los delitos de violencia de g\u00e9nero: \u00bfuna asignatura pendiente?\u00bb. <\/strong>Estudio integral de la violencia de g\u00e9nero. Un an\u00e1lisis te\u00f3rico-pr\u00e1ctico desde el derecho y las ciencias Sociales. Mar\u00eda Mart\u00edn S\u00e1nchez (directora). Tirant lo Blanch, Valencia, 2018.<\/li>\n\n\n\n<li><strong>\u00ab\u00bfPueden ser las condiciones de reclusi\u00f3n en Espa\u00f1a un obst\u00e1culo para la ejecuci\u00f3n de una orden de detenci\u00f3n y entrega? A prop\u00f3sito del <code>proc\u00e9s<\/code> catal\u00e1n\u00bb.<\/strong> Cooperar y castigar: el caso Puigdemont. Ediciones de la Universidad de Castilla-La Mancha, 2018.<\/li>\n\n\n\n<li><strong>\u00abLas posibilidades de individualizaci\u00f3n en las penas de prisi\u00f3n permanente revisable y de larga duraci\u00f3n: acceso a permisos, tercer grado y libertad condicional\u00bb.<\/strong> Tirant lo Blanch, Valencia, 2017.<\/li>\n\n\n\n<li><strong>\u00abSpain\u00bb<\/strong>. Prison overcrowding and alternatives to detention. European sources and national legal systems. Alessandro Bernardi (director). Jovene Editore, 2016 (en coautor\u00eda con Ad\u00e1n Nieto Mart\u00edn y Marta Mu\u00f1oz de Morales).<\/li>\n\n\n\n<li><strong>\u00abInmigrantes entre rejas: exclusi\u00f3n, expulsi\u00f3n y encarcelamiento de los inmigrantes en la Espa\u00f1a del siglo XXI\u00bb<\/strong>. El siglo de los castigos: prisi\u00f3n y formas carcelarias en la Espa\u00f1a del siglo XX. Pedro Oliver Olmo (director). Anthropos Editorial, 2013.<\/li>\n\n\n\n<li><strong>\u00abLibertad condicional\u00bb<\/strong>. Estudio cr\u00edtico en el Anteproyecto de Reforma del C\u00f3digo penal de 2012. Javier \u00c1lvarez y Jacobo Dopico (directores). Tirant lo Blanch, Valencia, 2013.<\/li>\n\n\n\n<li><strong>\u00abLa poblaci\u00f3n penitenciaria como comunidad educativa: la expresi\u00f3n musical como intervenci\u00f3n socializadora\u00bb.<\/strong> Jornadas sobre redes educativas: la educaci\u00f3n en la sociedad del conocimiento. Universidad de Sevilla, 2012 (en coautor\u00eda con Juan Jos\u00e9 Pastor Com\u00edn).<\/li>\n\n\n\n<li><strong>\u00abPol\u00edtica penitenciaria antiterrorista en Espa\u00f1a: la dispersi\u00f3n de las prisiones de seguridad\u00bb<\/strong>. Privaci\u00f3n de libertad y derechos humanos: las otras prisiones. Actas del I Congreso Internacional de Seguridad, justicia y sistema penal. Vicenta Cervell\u00f3 Donderis (directora). Universidad de Valencia, 2014.<\/li>\n\n\n\n<li><strong>\u00abLos extranjeros en prisi\u00f3n\u00bb.<\/strong> Derecho y prisiones hoy. Servicio de Publicaciones de la Universidad de Castilla-La Mancha, 2003.<\/li>\n<\/ul>\n\n\n\n<p class=\"has-text-align-center\"><strong>REVISTAS<\/strong><\/p>\n\n\n\n<ul class=\"wp-block-list\">\n<li><strong>\u00abThe European Challenge of Prison Radicalisation\u00bb<\/strong>. European Criminal Law Review, 1, 2023.<\/li>\n\n\n\n<li><strong>\u00abEl derecho penitenciario que nos dej\u00f3 el Proc\u00e8s: \u00bfconsecuencias ad futurum?\u00bb<\/strong>. Revista de Estudios Penitenciarios 2022 (en prensa).<\/li>\n\n\n\n<li><strong>\u00abEl derecho al cumplimiento en un lugar estable pr\u00f3ximo al domicilio\u00bb<\/strong>. Revista General de Derecho Penal n\u00ba 37, 2022.<\/li>\n\n\n\n<li><strong>\u00abCovid-19 y prisiones: un desaf\u00edo no s\u00f3lo sanitario y de seguridad, tambi\u00e9n humanitario\u00bb<\/strong>. Revista General de Derecho Penal n\u00ba 33, 2020.<\/li>\n\n\n\n<li><strong>\u00abLa trilog\u00eda del Tribunal de Justicia de la UE sobre Euroorden y condiciones de detenci\u00f3n contrarias a la dignidad: en busca de la confianza mutua perdida\u00bb<\/strong>. Revista Penal n\u00ba 45, 2020.<\/li>\n\n\n\n<li><strong>\u00abCuando los centros penitenciarios se convierten en hospitales, psiqui\u00e1tricos y asilos: aspectos regimentales y tratamentales de la gesti\u00f3n de la enfermedad y la ancianidad en prisi\u00f3n\u00bb<\/strong>. Revista General de Derecho Penal n\u00ba 32, 2019.<\/li>\n\n\n\n<li><strong>\u00abEl Derecho penitenciario humanitario\u00bb.<\/strong> Anuario de Derecho Penal y Ciencias Penales, 2019.<\/li>\n\n\n\n<li><strong>\u00abEst\u00e1ndares europeos sobre la cadena perpetua y su ejecuci\u00f3n\u00bb.<\/strong> La Ley Penal n\u00ba 139, 2019.<\/li>\n\n\n\n<li>\u00ab<strong>Seis frentes abiertos de la prisi\u00f3n permanente revisable\u00bb<\/strong>. La Ley n\u00ba 9479, 2019.<\/li>\n\n\n\n<li><strong>\u00abUn acercamiento a la jurisprudencia del Tribunal Europeo de Derechos Humanos sobre la cadena perpetua y a su posible proyecci\u00f3n sobre la prisi\u00f3n permanente revisable en Espa\u00f1a\u00bb.<\/strong> Revista General de Derecho Penal n\u00ba 31, 2019 (en coautor\u00eda con Dirk Van Zyl).<\/li>\n\n\n\n<li><strong>\u00abCan a Judicial Authority Refuse To Execute a European Arrest Warrant Due to the Situation of Spanish Prisons? On the Catalan Proc\u00e9s\u00bb.<\/strong> European Criminal Law Review, 2, 2018.<\/li>\n\n\n\n<li><strong>\u00abUn an\u00e1lisis de las estrategias contra la sobrepoblaci\u00f3n penitenciaria en Espa\u00f1a a la luz de los est\u00e1ndares europeos\u00bb.<\/strong> Revista Electr\u00f3nica de Ciencia Penal y Criminolog\u00eda 20-05, 2018.<\/li>\n\n\n\n<li><strong>\u00abProhibici\u00f3n de la mediaci\u00f3n en los delitos de violencia de g\u00e9nero: su incidencia en la ejecuci\u00f3n penal\u00bb<\/strong>. La Ley Penal n\u00ba 130, 2018.<\/li>\n\n\n\n<li><strong>\u00abLos est\u00e1ndares internacionales sobre la cadena perpetua del Comit\u00e9 Europeo para la Prevenci\u00f3n de la Tortura y las Penas o Tratos Inhumanos o Degradantes\u00bb.<\/strong> Revista de Derecho Penal y Criminolog\u00eda n\u00ba 17, 2017.<\/li>\n\n\n\n<li><strong>\u00abBeneficios penitenciarios y violencia de g\u00e9nero: a vueltas con la concesi\u00f3n del indulto particular\u00bb.<\/strong> Diario La Ley n\u00ba 9075, 2017.<\/li>\n\n\n\n<li><strong>\u00ab\u00bfPueden ser las condiciones de reclusi\u00f3n en Espa\u00f1a un obst\u00e1culo para la ejecuci\u00f3n de una orden de detenci\u00f3n y entrega?\u00bb. <\/strong>Revista General de Derecho Penal, n\u00ba 29, 2018.<\/li>\n\n\n\n<li><strong>\u00abAlternativas a la prisi\u00f3n: una evaluaci\u00f3n sobre su impacto en la poblaci\u00f3n penitenciaria espa\u00f1ola\u00bb. <\/strong>Revista General de Derecho Penal n\u00ba 28, 2017 (en coautor\u00eda con Ad\u00e1n Nieto Mart\u00edn y Marta Mu\u00f1oz de Morales).<\/li>\n\n\n\n<li><strong>\u00abDroga en prisi\u00f3n: estrategias penitenciarias en materia de ejecuci\u00f3n, tratamiento y seguridad\u00bb<\/strong>. Revista General de Derecho Penal, n\u00ba 26, 2016.<\/li>\n\n\n\n<li><strong>\u00abEl derecho a la educaci\u00f3n en el sistema penitenciario espa\u00f1ol\u00bb.<\/strong> Revista General de Derecho Penal, n\u00ba 20, 2013.<\/li>\n\n\n\n<li>\u00ab<strong>Educaci\u00f3n en prisi\u00f3n y reinserci\u00f3n social: la intervenci\u00f3n musical desde un paradigma cognitivo-conductual\u00bb<\/strong>. Educatio Siglo XXI: Revista de la Facultad de Educaci\u00f3n, vol. 31, n\u00ba 2, 2013 (en coautor\u00eda con Juan Jos\u00e9 Pastor Com\u00edn).<\/li>\n\n\n\n<li><strong>\u00abM\u00fasica en prisi\u00f3n: modelos de intervenci\u00f3n did\u00e1ctica\u00bb. <\/strong>M\u00fasica y Educaci\u00f3n n\u00ba 93, 2013 (en coautor\u00eda con Juan Jos\u00e9 Pastor Com\u00edn).<\/li>\n\n\n\n<li><strong>\u00abDelincuencia sexual: reforma y ejecuci\u00f3n penal\u00bb.<\/strong> ReCRIM, n\u00ba 3, 2013.<\/li>\n\n\n\n<li><strong>\u00abEl modelo pol\u00edtico-criminal espa\u00f1ol frente a la delincuencia de inmigrantes\u00bb.<\/strong> Revista Electr\u00f3nica de Ciencia Penal y Criminolog\u00eda (14-07) 2012.<\/li>\n\n\n\n<li><strong>\u00abEl derecho a la educaci\u00f3n en el sistema penitenciario espa\u00f1ol\u00bb.<\/strong> La Ley Penal n\u00ba 96-97, 2012.<\/li>\n\n\n\n<li><strong>\u00abLas respuestas del Derecho penitenciario ante la delincuencia terrorista. \u00bfHacia un modelo de prisi\u00f3n perpetua?\u00bb.<\/strong> Revista General de Derecho Penal n\u00ba 13, 2010.<\/li>\n\n\n\n<li><strong>\u00abEl modelo penitenciario espa\u00f1ol frente al terrorismo\u00bb<\/strong>. La Ley Penal n\u00ba 65, 2009.<\/li>\n\n\n\n<li><strong>\u00abAlgunas consideraciones sobre el r\u00e9gimen de ejecuci\u00f3n de las penas privativas de libertad de los delincuentes sexuales\u00bb<\/strong>. Revista General de Derecho Penal n\u00ba 4, 2005.<\/li>\n\n\n\n<li><strong>\u00abLos derechos de los extranjeros en las prisiones espa\u00f1olas: legalidad y realidad\u00bb. Revista General de Derecho Penal n\u00ba 2<\/strong>, 2004.<\/li>\n<\/ul>\n\n\n\n<p class=\"has-text-align-center\"><strong>PUBLICACIONES DOCENTES<\/strong><\/p>\n\n\n\n<ul class=\"wp-block-list\">\n<li><strong>\u00abLos derechos y deberes de los internos\u00bb. Derecho penitenciario: ense\u00f1anza y aprendizaje.<\/strong> 2\u00ba edici\u00f3n. Rosario de Vicente (directora). Tirant lo Blanch, Valencia, 2023.<\/li>\n\n\n\n<li><strong>\u00abAprendizaje y servicio: la articulaci\u00f3n de una cl\u00ednica jur\u00eddica penitenciaria\u00bb<\/strong>. Revista Docencia y Derecho, n\u00ba 16, 2021.<\/li>\n\n\n\n<li><strong>\u00abIntroducci\u00f3n al sistema penitenciario espa\u00f1ol\u00bb.<\/strong> Curso de Derecho Penal, Parte General (3\u00ba edici\u00f3n). Ediciones Experiencia, 2016.<\/li>\n\n\n\n<li><strong>\u00abLos derechos y deberes de los internos\u00bb.<\/strong> Derecho penitenciario: ense\u00f1anza y aprendizaje. Rosario de Vicente (directora). Tirant lo Blanch, Valencia, 2015.<\/li>\n<\/ul>\n","protected":false},"excerpt":{"rendered":"<p>LIBROS CAP\u00cdTULOS DE LIBRO REVISTAS PUBLICACIONES DOCENTES<\/p>\n","protected":false},"author":281,"featured_media":0,"parent":0,"menu_order":0,"comment_status":"closed","ping_status":"closed","template":"","meta":{"footnotes":""},"class_list":["post-518","page","type-page","status-publish","hentry"],"_links":{"self":[{"href":"https:\/\/blog.uclm.es\/aula-penitenciaria\/wp-json\/wp\/v2\/pages\/518","targetHints":{"allow":["GET"]}}],"collection":[{"href":"https:\/\/blog.uclm.es\/aula-penitenciaria\/wp-json\/wp\/v2\/pages"}],"about":[{"href":"https:\/\/blog.uclm.es\/aula-penitenciaria\/wp-json\/wp\/v2\/types\/page"}],"author":[{"embeddable":true,"href":"https:\/\/blog.uclm.es\/aula-penitenciaria\/wp-json\/wp\/v2\/users\/281"}],"replies":[{"embeddable":true,"href":"https:\/\/blog.uclm.es\/aula-penitenciaria\/wp-json\/wp\/v2\/comments?post=518"}],"version-history":[{"count":7,"href":"https:\/\/blog.uclm.es\/aula-penitenciaria\/wp-json\/wp\/v2\/pages\/518\/revisions"}],"predecessor-version":[{"id":527,"href":"https:\/\/blog.uclm.es\/aula-penitenciaria\/wp-json\/wp\/v2\/pages\/518\/revisions\/527"}],"wp:attachment":[{"href":"https:\/\/blog.uclm.es\/aula-penitenciaria\/wp-json\/wp\/v2\/media?parent=518"}],"curies":[{"name":"wp","href":"https:\/\/api.w.org\/{rel}","templated":true}]}}