{"id":492,"date":"2022-11-07T12:37:14","date_gmt":"2022-11-07T12:37:14","guid":{"rendered":"https:\/\/blog.uclm.es\/aula-penitenciaria\/?page_id=492"},"modified":"2022-11-07T12:37:14","modified_gmt":"2022-11-07T12:37:14","slug":"mujeres-en-prision-la-voz-que-nadie-escucha","status":"publish","type":"page","link":"https:\/\/blog.uclm.es\/aula-penitenciaria\/mujeres-en-prision-la-voz-que-nadie-escucha\/","title":{"rendered":"Mujeres en prisi\u00f3n: la voz que nadie escucha"},"content":{"rendered":"\n<figure class=\"wp-block-image size-full\"><img loading=\"lazy\" decoding=\"async\" width=\"1024\" height=\"670\" src=\"https:\/\/blog.uclm.es\/aula-penitenciaria\/wp-content\/uploads\/sites\/193\/2022\/11\/lavoz_MG_5261-1024x670-1.jpg\" alt=\"\" class=\"wp-image-493\" srcset=\"https:\/\/blog.uclm.es\/aula-penitenciaria\/wp-content\/uploads\/sites\/193\/2022\/11\/lavoz_MG_5261-1024x670-1.jpg 1024w, https:\/\/blog.uclm.es\/aula-penitenciaria\/wp-content\/uploads\/sites\/193\/2022\/11\/lavoz_MG_5261-1024x670-1-300x196.jpg 300w, https:\/\/blog.uclm.es\/aula-penitenciaria\/wp-content\/uploads\/sites\/193\/2022\/11\/lavoz_MG_5261-1024x670-1-768x503.jpg 768w, https:\/\/blog.uclm.es\/aula-penitenciaria\/wp-content\/uploads\/sites\/193\/2022\/11\/lavoz_MG_5261-1024x670-1-459x300.jpg 459w\" sizes=\"auto, (max-width: 1024px) 100vw, 1024px\" \/><figcaption>Presentaci\u00f3n en Caixa Forum Madrid del estudio \u00abLa voz que nadie escucha\u00bb. Mar\u00eda Lorenzo (Fundaci\u00f3n Gabeiras), Cristina Rodr\u00edguez Yag\u00fce y Esther Pascual Rodr\u00edguez.<\/figcaption><\/figure>\n\n\n\n<p>En el mes de mayo de 2022, la Fundaci\u00f3n Gabeiras y la Asociaci\u00f3n Teta&amp;Teta conformaron un equipo jur\u00eddico, integrado por Cristina Rodr\u00edguez Yag\u00fce y Esther Pascual Rodr\u00edguez, profesoras de Derecho penal especialistas en Derecho penitenciario, para elaborar un estudio jur\u00eddico sobre la situaci\u00f3n de las mujeres que se encuentran en prisi\u00f3n y analizar los mecanismos de alternativas a la prisi\u00f3n y el papel de la cultura como una herramienta para la resocializaci\u00f3n.<\/p>\n\n\n\n<p>Este estudio fue presentado el 27 de mayo de 2022 en Caixa Forum de Madrid. Puedes ver el acto en el siguiente v\u00eddeo: <a href=\"https:\/\/www.youtube.com\/watch?v=rZ2VzyY-9RQ\">https:\/\/www.youtube.com\/watch?v=rZ2VzyY-9RQ<\/a> y acceder al libro que recoge el estudio y descarg\u00e1rtelo aqu\u00ed: <a href=\"https:\/\/lacultivadaediciones.es\/las-mujeres-en-prision-la-voz-que-nadie-escucha\/\">Las mujeres en prisi\u00f3n: La voz que nadie escucha \u2013 La Cultivada (lacultivadaediciones.es)<\/a><\/p>\n\n\n\n<p><\/p>\n\n\n\n<p><\/p>\n","protected":false},"excerpt":{"rendered":"<p>En el mes de mayo de 2022, la Fundaci\u00f3n Gabeiras y la Asociaci\u00f3n Teta&amp;Teta conformaron un equipo jur\u00eddico, integrado por Cristina Rodr\u00edguez Yag\u00fce y Esther Pascual Rodr\u00edguez, profesoras de Derecho penal especialistas en Derecho penitenciario, para elaborar un estudio jur\u00eddico &hellip; <a href=\"https:\/\/blog.uclm.es\/aula-penitenciaria\/mujeres-en-prision-la-voz-que-nadie-escucha\/\">Sigue leyendo <span class=\"meta-nav\">&rarr;<\/span><\/a><\/p>\n","protected":false},"author":281,"featured_media":0,"parent":0,"menu_order":0,"comment_status":"closed","ping_status":"closed","template":"","meta":{"footnotes":""},"class_list":["post-492","page","type-page","status-publish","hentry"],"_links":{"self":[{"href":"https:\/\/blog.uclm.es\/aula-penitenciaria\/wp-json\/wp\/v2\/pages\/492","targetHints":{"allow":["GET"]}}],"collection":[{"href":"https:\/\/blog.uclm.es\/aula-penitenciaria\/wp-json\/wp\/v2\/pages"}],"about":[{"href":"https:\/\/blog.uclm.es\/aula-penitenciaria\/wp-json\/wp\/v2\/types\/page"}],"author":[{"embeddable":true,"href":"https:\/\/blog.uclm.es\/aula-penitenciaria\/wp-json\/wp\/v2\/users\/281"}],"replies":[{"embeddable":true,"href":"https:\/\/blog.uclm.es\/aula-penitenciaria\/wp-json\/wp\/v2\/comments?post=492"}],"version-history":[{"count":1,"href":"https:\/\/blog.uclm.es\/aula-penitenciaria\/wp-json\/wp\/v2\/pages\/492\/revisions"}],"predecessor-version":[{"id":495,"href":"https:\/\/blog.uclm.es\/aula-penitenciaria\/wp-json\/wp\/v2\/pages\/492\/revisions\/495"}],"wp:attachment":[{"href":"https:\/\/blog.uclm.es\/aula-penitenciaria\/wp-json\/wp\/v2\/media?parent=492"}],"curies":[{"name":"wp","href":"https:\/\/api.w.org\/{rel}","templated":true}]}}