{"id":473,"date":"2022-10-30T12:20:19","date_gmt":"2022-10-30T12:20:19","guid":{"rendered":"https:\/\/blog.uclm.es\/aula-penitenciaria\/?page_id=473"},"modified":"2023-02-25T20:39:58","modified_gmt":"2023-02-25T20:39:58","slug":"divulgacion","status":"publish","type":"page","link":"https:\/\/blog.uclm.es\/aula-penitenciaria\/divulgacion\/","title":{"rendered":"Divulgaci\u00f3n Penitenciaria"},"content":{"rendered":"\n<figure class=\"wp-block-image size-large\"><img loading=\"lazy\" decoding=\"async\" width=\"1024\" height=\"504\" src=\"https:\/\/blog.uclm.es\/aula-penitenciaria\/wp-content\/uploads\/sites\/193\/2023\/02\/Captura-de-pantalla-2023-02-25-200214-1024x504.jpg\" alt=\"\" class=\"wp-image-498\" srcset=\"https:\/\/blog.uclm.es\/aula-penitenciaria\/wp-content\/uploads\/sites\/193\/2023\/02\/Captura-de-pantalla-2023-02-25-200214-1024x504.jpg 1024w, https:\/\/blog.uclm.es\/aula-penitenciaria\/wp-content\/uploads\/sites\/193\/2023\/02\/Captura-de-pantalla-2023-02-25-200214-300x148.jpg 300w, https:\/\/blog.uclm.es\/aula-penitenciaria\/wp-content\/uploads\/sites\/193\/2023\/02\/Captura-de-pantalla-2023-02-25-200214-768x378.jpg 768w, https:\/\/blog.uclm.es\/aula-penitenciaria\/wp-content\/uploads\/sites\/193\/2023\/02\/Captura-de-pantalla-2023-02-25-200214-500x246.jpg 500w, https:\/\/blog.uclm.es\/aula-penitenciaria\/wp-content\/uploads\/sites\/193\/2023\/02\/Captura-de-pantalla-2023-02-25-200214.jpg 1163w\" sizes=\"auto, (max-width: 1024px) 100vw, 1024px\" \/><\/figure>\n\n\n\n<p>Las mujeres representamos el 51% de la poblaci\u00f3n residente en Espa\u00f1a. Sin embargo, nueve de cada diez personas privadas de libertad son hombres. A\u00fan as\u00ed, las mujeres en prisi\u00f3n son sin duda una poblaci\u00f3n vulnerable. Analicemos las razones: <a href=\"https:\/\/theconversation.com\/mujeres-en-prision-una-poblacion-vulnerable-176388\">https:\/\/theconversation.com\/mujeres-en-prision-una-poblacion-vulnerable-176388<\/a><\/p>\n\n\n\n<figure class=\"wp-block-image size-large\"><img loading=\"lazy\" decoding=\"async\" width=\"1024\" height=\"475\" src=\"https:\/\/blog.uclm.es\/aula-penitenciaria\/wp-content\/uploads\/sites\/193\/2022\/10\/The-Conversation-Series-y-pelis-1024x475.png\" alt=\"\" class=\"wp-image-474\" srcset=\"https:\/\/blog.uclm.es\/aula-penitenciaria\/wp-content\/uploads\/sites\/193\/2022\/10\/The-Conversation-Series-y-pelis-1024x475.png 1024w, https:\/\/blog.uclm.es\/aula-penitenciaria\/wp-content\/uploads\/sites\/193\/2022\/10\/The-Conversation-Series-y-pelis-300x139.png 300w, https:\/\/blog.uclm.es\/aula-penitenciaria\/wp-content\/uploads\/sites\/193\/2022\/10\/The-Conversation-Series-y-pelis-768x356.png 768w, https:\/\/blog.uclm.es\/aula-penitenciaria\/wp-content\/uploads\/sites\/193\/2022\/10\/The-Conversation-Series-y-pelis-500x232.png 500w, https:\/\/blog.uclm.es\/aula-penitenciaria\/wp-content\/uploads\/sites\/193\/2022\/10\/The-Conversation-Series-y-pelis.png 1255w\" sizes=\"auto, (max-width: 1024px) 100vw, 1024px\" \/><\/figure>\n\n\n\n<p>\u00bfLa imagen que nos devuelven las pel\u00edculas y las series carcelarias reflejan la realidad de las prisiones espa\u00f1olas? Sin duda alguna no, pero contribuyen poderosamente, junto con las noticias de sucesos que han ido ganando protagonismo en los medios de comunicaci\u00f3n, a dar una sensaci\u00f3n distorsionada de nuestros sistemas penal y penitenciario.<\/p>\n\n\n\n<p>Para leer m\u00e1s&#8230; <a href=\"https:\/\/theconversation.com\/son-las-prisiones-espanolas-como-las-de-las-series-y-las-peliculas-171159\">https:\/\/theconversation.com\/son-las-prisiones-espanolas-como-las-de-las-series-y-las-peliculas-171159<\/a> <\/p>\n\n\n\n<figure class=\"wp-block-image size-large\"><img loading=\"lazy\" decoding=\"async\" width=\"1024\" height=\"512\" src=\"https:\/\/blog.uclm.es\/aula-penitenciaria\/wp-content\/uploads\/sites\/193\/2022\/10\/The-Conversation-Rusia-1024x512.png\" alt=\"\" class=\"wp-image-475\" srcset=\"https:\/\/blog.uclm.es\/aula-penitenciaria\/wp-content\/uploads\/sites\/193\/2022\/10\/The-Conversation-Rusia-1024x512.png 1024w, https:\/\/blog.uclm.es\/aula-penitenciaria\/wp-content\/uploads\/sites\/193\/2022\/10\/The-Conversation-Rusia-300x150.png 300w, https:\/\/blog.uclm.es\/aula-penitenciaria\/wp-content\/uploads\/sites\/193\/2022\/10\/The-Conversation-Rusia-768x384.png 768w, https:\/\/blog.uclm.es\/aula-penitenciaria\/wp-content\/uploads\/sites\/193\/2022\/10\/The-Conversation-Rusia-500x250.png 500w, https:\/\/blog.uclm.es\/aula-penitenciaria\/wp-content\/uploads\/sites\/193\/2022\/10\/The-Conversation-Rusia.png 1254w\" sizes=\"auto, (max-width: 1024px) 100vw, 1024px\" \/><\/figure>\n\n\n\n<p>El Comit\u00e9 de Ministros del Consejo de Europa&nbsp;<a href=\"https:\/\/search.coe.int\/cm\/pages\/result_details.aspx?objectid=0900001680a5d7d9\">decidi\u00f3 la expulsi\u00f3n de la Federaci\u00f3n Rusa el 16 de marzo<\/a>&nbsp;en respuesta a la invasi\u00f3n militar de Ucrania. Aunque el ministro de Exteriores ruso hab\u00eda anunciado que su pa\u00eds ya no participar\u00eda en el Consejo de Europa seg\u00fan la forma prevista en el<a href=\"https:\/\/www.boe.es\/buscar\/doc.php?id=BOE-A-1978-5972\"> art\u00edculo 7 de su estatuto<\/a>, el Comit\u00e9 de Ministros del Consejo de Europa se adelant\u00f3 aplicando el art\u00edculo 8, que le permite expulsar a un pa\u00eds miembro que infrinja gravemente lo dispuesto en su art\u00edculo 3: el reconocimiento de los principios del Estado de Derecho y el disfrute de los derechos humanos y las libertades fundamentales, adem\u00e1s de la colaboraci\u00f3n sincera en los objetivos de esta organizaci\u00f3n.<\/p>\n\n\n\n<p>Para leer m\u00e1s&#8230; <a href=\"https:\/\/theconversation.com\/con-rusia-fuera-del-consejo-de-europa-que-sera-de-los-derechos-humanos-de-sus-presos-179824\">https:\/\/theconversation.com\/con-rusia-fuera-del-consejo-de-europa-que-sera-de-los-derechos-humanos-de-sus-presos-179824<\/a><\/p>\n\n\n\n<p><\/p>\n\n\n\n<figure class=\"wp-block-image size-large\"><img loading=\"lazy\" decoding=\"async\" width=\"1024\" height=\"486\" src=\"https:\/\/blog.uclm.es\/aula-penitenciaria\/wp-content\/uploads\/sites\/193\/2022\/10\/The-Conversation-Tercer-grado-1024x486.png\" alt=\"\" class=\"wp-image-476\" srcset=\"https:\/\/blog.uclm.es\/aula-penitenciaria\/wp-content\/uploads\/sites\/193\/2022\/10\/The-Conversation-Tercer-grado-1024x486.png 1024w, https:\/\/blog.uclm.es\/aula-penitenciaria\/wp-content\/uploads\/sites\/193\/2022\/10\/The-Conversation-Tercer-grado-300x142.png 300w, https:\/\/blog.uclm.es\/aula-penitenciaria\/wp-content\/uploads\/sites\/193\/2022\/10\/The-Conversation-Tercer-grado-768x364.png 768w, https:\/\/blog.uclm.es\/aula-penitenciaria\/wp-content\/uploads\/sites\/193\/2022\/10\/The-Conversation-Tercer-grado-500x237.png 500w, https:\/\/blog.uclm.es\/aula-penitenciaria\/wp-content\/uploads\/sites\/193\/2022\/10\/The-Conversation-Tercer-grado.png 1261w\" sizes=\"auto, (max-width: 1024px) 100vw, 1024px\" \/><\/figure>\n\n\n\n<p>Cuando desgraciadamente una persona en permiso de salida, tercer grado o libertad condicional comete un delito, se cuestiona la necesidad de estas figuras. Pero \u00bfqu\u00e9 sabemos del r\u00e9gimen abierto? Desmontemos algunos prejuicios y expliquemos algunas realidades.<\/p>\n\n\n\n<p>Para leer m\u00e1s&#8230; <a href=\"https:\/\/theconversation.com\/se-puede-cumplir-una-pena-de-prision-fuera-de-la-carcel-171290\">https:\/\/theconversation.com\/se-puede-cumplir-una-pena-de-prision-fuera-de-la-carcel-171290<\/a><\/p>\n\n\n\n<figure class=\"wp-block-image size-full\"><img loading=\"lazy\" decoding=\"async\" width=\"1015\" height=\"334\" src=\"https:\/\/blog.uclm.es\/aula-penitenciaria\/wp-content\/uploads\/sites\/193\/2022\/11\/Divulgacion-en-prision-una-ventana-abierta-a-la-ciencia.jpg\" alt=\"\" class=\"wp-image-487\" srcset=\"https:\/\/blog.uclm.es\/aula-penitenciaria\/wp-content\/uploads\/sites\/193\/2022\/11\/Divulgacion-en-prision-una-ventana-abierta-a-la-ciencia.jpg 1015w, https:\/\/blog.uclm.es\/aula-penitenciaria\/wp-content\/uploads\/sites\/193\/2022\/11\/Divulgacion-en-prision-una-ventana-abierta-a-la-ciencia-300x99.jpg 300w, https:\/\/blog.uclm.es\/aula-penitenciaria\/wp-content\/uploads\/sites\/193\/2022\/11\/Divulgacion-en-prision-una-ventana-abierta-a-la-ciencia-768x253.jpg 768w, https:\/\/blog.uclm.es\/aula-penitenciaria\/wp-content\/uploads\/sites\/193\/2022\/11\/Divulgacion-en-prision-una-ventana-abierta-a-la-ciencia-500x165.jpg 500w\" sizes=\"auto, (max-width: 1015px) 100vw, 1015px\" \/><\/figure>\n\n\n\n<p>El 21 de junio de 2022, Rom\u00e1n Escudero y su programa de radio de divulgaci\u00f3n: Investiga que no es poco, nos acompa\u00f1aron en el taller de m\u00fasica enmarcado en el Programa de Divulgaci\u00f3n de Ciencia en Prisi\u00f3n realizado en el centro penitenciario de Alc\u00e1zar de San Juan por Juan Jos\u00e9 Pastor, Javier Benito, Teresa Navarro y Jonatan Rodr\u00edguez. Como resultado, este magn\u00edfico programa, que puedes escuchar aqu\u00ed: <a href=\"https:\/\/www.uclm.es\/global\/promotores\/organos-de-gobierno\/vicerrectorado-de-investigacion-y-politica-cientifica\/novedades\/uclmdivulga\/investiga-que-no-es-poco\/20220621iqnep\">https:\/\/www.uclm.es\/global\/promotores\/organos-de-gobierno\/vicerrectorado-de-investigacion-y-politica-cientifica\/novedades\/uclmdivulga\/investiga-que-no-es-poco\/20220621iqnep<\/a><\/p>\n\n\n\n<p><\/p>\n\n\n\n<figure class=\"wp-block-image size-full\"><img loading=\"lazy\" decoding=\"async\" width=\"864\" height=\"289\" src=\"https:\/\/blog.uclm.es\/aula-penitenciaria\/wp-content\/uploads\/sites\/193\/2022\/11\/Investiga-que-no-es-poco.-perder-la-libertad.jpg\" alt=\"\" class=\"wp-image-490\" srcset=\"https:\/\/blog.uclm.es\/aula-penitenciaria\/wp-content\/uploads\/sites\/193\/2022\/11\/Investiga-que-no-es-poco.-perder-la-libertad.jpg 864w, https:\/\/blog.uclm.es\/aula-penitenciaria\/wp-content\/uploads\/sites\/193\/2022\/11\/Investiga-que-no-es-poco.-perder-la-libertad-300x100.jpg 300w, https:\/\/blog.uclm.es\/aula-penitenciaria\/wp-content\/uploads\/sites\/193\/2022\/11\/Investiga-que-no-es-poco.-perder-la-libertad-768x257.jpg 768w, https:\/\/blog.uclm.es\/aula-penitenciaria\/wp-content\/uploads\/sites\/193\/2022\/11\/Investiga-que-no-es-poco.-perder-la-libertad-500x167.jpg 500w\" sizes=\"auto, (max-width: 864px) 100vw, 864px\" \/><\/figure>\n\n\n\n<p>Cualquiera de nosotros podemos acabar en la c\u00e1rcel. S\u00ed. Una mala decisi\u00f3n, un despiste mientras conducimos&#8230; nos puede cambiar la vida en un instante y perder, incluso, nuestro derecho m\u00e1s preciado, la libertad. El 23 de noviembre de 2021, el Programa de radio \u00abInvestiga que no es poco\u00bb, habl\u00f3 sobre ello con las profesoras de Derecho Penal, Silvia Valma\u00f1a y Cristina Rodr\u00edguez. Puedes escuchar el programa aqu\u00ed: <a href=\"https:\/\/www.uclm.es\/global\/promotores\/organos-de-gobierno\/vicerrectorado-de-investigacion-y-politica-cientifica\/novedades\/uclmdivulga\/investiga-que-no-es-poco\/20211123iqnep\">https:\/\/www.uclm.es\/global\/promotores\/organos-de-gobierno\/vicerrectorado-de-investigacion-y-politica-cientifica\/novedades\/uclmdivulga\/investiga-que-no-es-poco\/20211123iqnep<\/a><\/p>\n\n\n\n<p><\/p>\n\n\n\n<p><\/p>\n","protected":false},"excerpt":{"rendered":"<p>Las mujeres representamos el 51% de la poblaci\u00f3n residente en Espa\u00f1a. Sin embargo, nueve de cada diez personas privadas de libertad son hombres. A\u00fan as\u00ed, las mujeres en prisi\u00f3n son sin duda una poblaci\u00f3n vulnerable. Analicemos las razones: https:\/\/theconversation.com\/mujeres-en-prision-una-poblacion-vulnerable-176388 \u00bfLa &hellip; <a href=\"https:\/\/blog.uclm.es\/aula-penitenciaria\/divulgacion\/\">Sigue leyendo <span class=\"meta-nav\">&rarr;<\/span><\/a><\/p>\n","protected":false},"author":281,"featured_media":0,"parent":0,"menu_order":0,"comment_status":"closed","ping_status":"closed","template":"","meta":{"footnotes":""},"class_list":["post-473","page","type-page","status-publish","hentry"],"_links":{"self":[{"href":"https:\/\/blog.uclm.es\/aula-penitenciaria\/wp-json\/wp\/v2\/pages\/473","targetHints":{"allow":["GET"]}}],"collection":[{"href":"https:\/\/blog.uclm.es\/aula-penitenciaria\/wp-json\/wp\/v2\/pages"}],"about":[{"href":"https:\/\/blog.uclm.es\/aula-penitenciaria\/wp-json\/wp\/v2\/types\/page"}],"author":[{"embeddable":true,"href":"https:\/\/blog.uclm.es\/aula-penitenciaria\/wp-json\/wp\/v2\/users\/281"}],"replies":[{"embeddable":true,"href":"https:\/\/blog.uclm.es\/aula-penitenciaria\/wp-json\/wp\/v2\/comments?post=473"}],"version-history":[{"count":6,"href":"https:\/\/blog.uclm.es\/aula-penitenciaria\/wp-json\/wp\/v2\/pages\/473\/revisions"}],"predecessor-version":[{"id":514,"href":"https:\/\/blog.uclm.es\/aula-penitenciaria\/wp-json\/wp\/v2\/pages\/473\/revisions\/514"}],"wp:attachment":[{"href":"https:\/\/blog.uclm.es\/aula-penitenciaria\/wp-json\/wp\/v2\/media?parent=473"}],"curies":[{"name":"wp","href":"https:\/\/api.w.org\/{rel}","templated":true}]}}