{"id":462,"date":"2022-10-30T12:05:34","date_gmt":"2022-10-30T12:05:34","guid":{"rendered":"https:\/\/blog.uclm.es\/aula-penitenciaria\/?page_id=462"},"modified":"2022-10-30T12:05:34","modified_gmt":"2022-10-30T12:05:34","slug":"otras-actividades","status":"publish","type":"page","link":"https:\/\/blog.uclm.es\/aula-penitenciaria\/otras-actividades\/","title":{"rendered":"Otras actividades"},"content":{"rendered":"\n<p>En el marco del Aula Penitenciaria, durante estos a\u00f1os tambi\u00e9n se ha tenido la ocasi\u00f3n de poder organizar algunas actividades en las que se han podido <em>incorporar personas privadas de libertad<\/em> que estaban cumpliendo su condena.<\/p>\n\n\n\n<p>As\u00ed, por ejemplo, en el curso acad\u00e9mico 2010\/2011, un grupo de internos clasificados en segundo y en tercer grado en los centros penitenciarios de Herrera de la Mancha y del Centro de Inserci\u00f3n Social \u201cConcepci\u00f3n Arenal\u201d participaron en una sesi\u00f3n de la asignatura de Sistema de Penas y Derecho Penitenciario explicando a los estudiantes c\u00f3mo era su vida en prisi\u00f3n y cu\u00e1les eran las actividades que desarrollaban en el \u00e1mbito educativo y laboral.<\/p>\n\n\n\n<p>En el curso acad\u00e9mico 2011\/2012, en colaboraci\u00f3n con profesores y estudiantes de la Facultad de Educaci\u00f3n de Ciudad Real, se organiz\u00f3 un partido de f\u00fatbol entre dos equipos, uno conformado con internos del Centro de Inserci\u00f3n Social Concepci\u00f3n Arenal y otro con estudiantes de la Titulaci\u00f3n de Educaci\u00f3n en la especialidad de Educaci\u00f3n F\u00edsica.<\/p>\n\n\n\n<p>En el curso acad\u00e9mico 2012\/2013, un grupo de internos del Centro de Inserci\u00f3n Social de Ciudad Real se incorporaron a una sesi\u00f3n de la asignatura de Sistema de Penas y Derecho Penitenciario para visionar, junto con los estudiantes, un reportaje sobre el sistema penal y penitenciario espa\u00f1ol e intervenir con posterioridad a un debate.<\/p>\n\n\n\n<p>Estos encuentros entre estudiantes del Grado en Derecho, de la asignatura Sistema de Penas y Derecho Penitenciario, e internos condenados a penas de prisi\u00f3n se ha continuado realizando en diversos cursos acad\u00e9micos dentro del Centro de Inserci\u00f3n Social \u201cConcepci\u00f3n Arenal\u201d.<\/p>\n\n\n\n<div class=\"wp-block-columns is-layout-flex wp-container-core-columns-is-layout-9d6595d7 wp-block-columns-is-layout-flex\">\n<div class=\"wp-block-column is-layout-flow wp-block-column-is-layout-flow\">\n<figure class=\"wp-block-image size-full\"><img loading=\"lazy\" decoding=\"async\" width=\"283\" height=\"215\" src=\"https:\/\/blog.uclm.es\/aula-penitenciaria\/wp-content\/uploads\/sites\/193\/2022\/10\/Cis.jpg\" alt=\"\" class=\"wp-image-468\" \/><\/figure>\n<\/div>\n\n\n\n<div class=\"wp-block-column is-layout-flow wp-block-column-is-layout-flow\">\n<figure class=\"wp-block-image size-full is-resized\"><img loading=\"lazy\" decoding=\"async\" src=\"https:\/\/blog.uclm.es\/aula-penitenciaria\/wp-content\/uploads\/sites\/193\/2022\/10\/Encuentro-CIS.jpg\" alt=\"\" class=\"wp-image-469\" width=\"283\" height=\"215\" \/><\/figure>\n<\/div>\n<\/div>\n\n\n\n<p>Tambi\u00e9n desde el Aula Penitenciaria se han <strong>organizado visitas a la Comandancia de la Guardia Civil y a la Comisar\u00eda Provincial de Polic\u00eda Nacional de Ciudad Real<\/strong>. Estas visitas les permiten a los estudiantes del grado en Derecho conocer las competencias, servicios y actuaciones de las fuerzas y cuerpos de seguridad en su labor de prevenci\u00f3n e investigaci\u00f3n criminal.<\/p>\n\n\n\n<div class=\"wp-block-columns is-layout-flex wp-container-core-columns-is-layout-9d6595d7 wp-block-columns-is-layout-flex\">\n<div class=\"wp-block-column is-layout-flow wp-block-column-is-layout-flow\">\n<figure class=\"wp-block-image size-full is-resized\"><img loading=\"lazy\" decoding=\"async\" src=\"https:\/\/blog.uclm.es\/aula-penitenciaria\/wp-content\/uploads\/sites\/193\/2022\/10\/Guardia-Civil-1.jpg\" alt=\"\" class=\"wp-image-463\" width=\"233\" height=\"177\" srcset=\"https:\/\/blog.uclm.es\/aula-penitenciaria\/wp-content\/uploads\/sites\/193\/2022\/10\/Guardia-Civil-1.jpg 599w, https:\/\/blog.uclm.es\/aula-penitenciaria\/wp-content\/uploads\/sites\/193\/2022\/10\/Guardia-Civil-1-300x228.jpg 300w, https:\/\/blog.uclm.es\/aula-penitenciaria\/wp-content\/uploads\/sites\/193\/2022\/10\/Guardia-Civil-1-395x300.jpg 395w\" sizes=\"auto, (max-width: 233px) 100vw, 233px\" \/><\/figure>\n<\/div>\n\n\n\n<div class=\"wp-block-column is-layout-flow wp-block-column-is-layout-flow\">\n<figure class=\"wp-block-image size-full is-resized\"><img loading=\"lazy\" decoding=\"async\" src=\"https:\/\/blog.uclm.es\/aula-penitenciaria\/wp-content\/uploads\/sites\/193\/2022\/10\/Guardia-Civil-2.jpg\" alt=\"\" class=\"wp-image-464\" width=\"227\" height=\"173\" srcset=\"https:\/\/blog.uclm.es\/aula-penitenciaria\/wp-content\/uploads\/sites\/193\/2022\/10\/Guardia-Civil-2.jpg 608w, https:\/\/blog.uclm.es\/aula-penitenciaria\/wp-content\/uploads\/sites\/193\/2022\/10\/Guardia-Civil-2-300x228.jpg 300w, https:\/\/blog.uclm.es\/aula-penitenciaria\/wp-content\/uploads\/sites\/193\/2022\/10\/Guardia-Civil-2-395x300.jpg 395w\" sizes=\"auto, (max-width: 227px) 100vw, 227px\" \/><\/figure>\n<\/div>\n\n\n\n<div class=\"wp-block-column is-layout-flow wp-block-column-is-layout-flow\">\n<figure class=\"wp-block-image size-full is-resized\"><img loading=\"lazy\" decoding=\"async\" src=\"https:\/\/blog.uclm.es\/aula-penitenciaria\/wp-content\/uploads\/sites\/193\/2022\/10\/Guardia-Civil-3.jpg\" alt=\"\" class=\"wp-image-465\" width=\"231\" height=\"177\" srcset=\"https:\/\/blog.uclm.es\/aula-penitenciaria\/wp-content\/uploads\/sites\/193\/2022\/10\/Guardia-Civil-3.jpg 461w, https:\/\/blog.uclm.es\/aula-penitenciaria\/wp-content\/uploads\/sites\/193\/2022\/10\/Guardia-Civil-3-300x229.jpg 300w, https:\/\/blog.uclm.es\/aula-penitenciaria\/wp-content\/uploads\/sites\/193\/2022\/10\/Guardia-Civil-3-393x300.jpg 393w\" sizes=\"auto, (max-width: 231px) 100vw, 231px\" \/><\/figure>\n<\/div>\n<\/div>\n\n\n\n<div class=\"wp-block-columns is-layout-flex wp-container-core-columns-is-layout-9d6595d7 wp-block-columns-is-layout-flex\">\n<div class=\"wp-block-column is-layout-flow wp-block-column-is-layout-flow\"><div class=\"wp-block-image\">\n<figure class=\"aligncenter size-full is-resized\"><img loading=\"lazy\" decoding=\"async\" src=\"https:\/\/blog.uclm.es\/aula-penitenciaria\/wp-content\/uploads\/sites\/193\/2022\/10\/Policia-1.jpg\" alt=\"\" class=\"wp-image-466\" width=\"344\" height=\"180\" srcset=\"https:\/\/blog.uclm.es\/aula-penitenciaria\/wp-content\/uploads\/sites\/193\/2022\/10\/Policia-1.jpg 306w, https:\/\/blog.uclm.es\/aula-penitenciaria\/wp-content\/uploads\/sites\/193\/2022\/10\/Policia-1-300x156.jpg 300w\" sizes=\"auto, (max-width: 344px) 100vw, 344px\" \/><\/figure>\n<\/div><\/div>\n\n\n\n<div class=\"wp-block-column is-layout-flow wp-block-column-is-layout-flow\"><div class=\"wp-block-image\">\n<figure class=\"aligncenter size-full is-resized\"><img loading=\"lazy\" decoding=\"async\" src=\"https:\/\/blog.uclm.es\/aula-penitenciaria\/wp-content\/uploads\/sites\/193\/2022\/10\/Policia-2.jpg\" alt=\"\" class=\"wp-image-467\" width=\"437\" height=\"176\" \/><\/figure>\n<\/div><\/div>\n<\/div>\n","protected":false},"excerpt":{"rendered":"<p>En el marco del Aula Penitenciaria, durante estos a\u00f1os tambi\u00e9n se ha tenido la ocasi\u00f3n de poder organizar algunas actividades en las que se han podido incorporar personas privadas de libertad que estaban cumpliendo su condena. As\u00ed, por ejemplo, en &hellip; <a href=\"https:\/\/blog.uclm.es\/aula-penitenciaria\/otras-actividades\/\">Sigue leyendo <span class=\"meta-nav\">&rarr;<\/span><\/a><\/p>\n","protected":false},"author":281,"featured_media":0,"parent":0,"menu_order":0,"comment_status":"closed","ping_status":"closed","template":"","meta":{"footnotes":""},"class_list":["post-462","page","type-page","status-publish","hentry"],"_links":{"self":[{"href":"https:\/\/blog.uclm.es\/aula-penitenciaria\/wp-json\/wp\/v2\/pages\/462","targetHints":{"allow":["GET"]}}],"collection":[{"href":"https:\/\/blog.uclm.es\/aula-penitenciaria\/wp-json\/wp\/v2\/pages"}],"about":[{"href":"https:\/\/blog.uclm.es\/aula-penitenciaria\/wp-json\/wp\/v2\/types\/page"}],"author":[{"embeddable":true,"href":"https:\/\/blog.uclm.es\/aula-penitenciaria\/wp-json\/wp\/v2\/users\/281"}],"replies":[{"embeddable":true,"href":"https:\/\/blog.uclm.es\/aula-penitenciaria\/wp-json\/wp\/v2\/comments?post=462"}],"version-history":[{"count":1,"href":"https:\/\/blog.uclm.es\/aula-penitenciaria\/wp-json\/wp\/v2\/pages\/462\/revisions"}],"predecessor-version":[{"id":471,"href":"https:\/\/blog.uclm.es\/aula-penitenciaria\/wp-json\/wp\/v2\/pages\/462\/revisions\/471"}],"wp:attachment":[{"href":"https:\/\/blog.uclm.es\/aula-penitenciaria\/wp-json\/wp\/v2\/media?parent=462"}],"curies":[{"name":"wp","href":"https:\/\/api.w.org\/{rel}","templated":true}]}}