{"id":422,"date":"2022-10-30T11:26:09","date_gmt":"2022-10-30T11:26:09","guid":{"rendered":"https:\/\/blog.uclm.es\/aula-penitenciaria\/?page_id=422"},"modified":"2022-10-30T11:26:52","modified_gmt":"2022-10-30T11:26:52","slug":"profesionales-en-el-aula","status":"publish","type":"page","link":"https:\/\/blog.uclm.es\/aula-penitenciaria\/profesionales-en-el-aula\/","title":{"rendered":"Profesionales en el aula"},"content":{"rendered":"\n<p>La <strong>participaci\u00f3n de profesionales penitenciarios<\/strong> y otros actores que intervienen en la ejecuci\u00f3n de las penas en las aulas de la Universidad de Castilla-La Mancha es uno de los objetivos del Aula Penitenciaria. Su intervenci\u00f3n a trav\u00e9s de conferencias y ponencias, tanto en la docencia reglada de asignaturas como \u201cSistema de Penas y Derecho Penitenciario\u201d, como en jornadas y cursos, permite que los estudiantes tengan un acercamiento eminentemente pr\u00e1ctico a la realidad penitenciaria, adem\u00e1s de conocer, de primera mano, las distintas profesiones que desempe\u00f1an y, con ello, posibles salidas profesionales relacionadas con la esfera penal y penitenciaria una vez finalizados sus estudios.<\/p>\n\n\n\n<p>Durante estos a\u00f1os, en las aulas de la Facultad de Derecho y Ciencias Sociales hemos tenido la suerte de poder contar en varias ocasiones con el m\u00e1ximo responsable de las prisiones en Espa\u00f1a, el <strong>Secretario General de Instituciones Penitenciarias<\/strong>, D. \u00c1ngel Luis Ortiz Gonz\u00e1lez; con la responsable en Espa\u00f1a de las penas alternativas, D\u00aa Guadalupe Rivera, Subdirectora General de IIPP para el medio abierto y las penas alternativas; con el titular del Juzgado n\u00ba 1 de Castilla-La Mancha de Vigilancia Penitenciaria, el Magistrado Antonio Moreno de la Santa-Limia; con el director del centro penitenciario de Alc\u00e1zar de San Juan, D. Fernando Puerta; con el subdirector responsable del centro de inserci\u00f3n social de Ciudad Real, D. Alberto Hordanza; con juristas de prisiones como D\u00aa. Puerto Solar calvo o D. Jes\u00fas Rico; con t\u00e9cnicos del Defensor del Pueblo como D. Marcos Baras Gonz\u00e1lez; con el responsable educativo del centro penitenciario de Herrera de la Mancha, Juli\u00e1n S\u00e1nchez Plaza; con el psic\u00f3logo y subdirector de tratamiento del centro penitenciario de Herrera de la Mancha, D. Miguel \u00c1ngel Murcia; el consejero t\u00e9cnico de la Subdirecci\u00f3n General, D. Jes\u00fas del Rey; la Presidenta de la Audiencia Provincial de Ciudad Real, D\u00aa Mar\u00eda Jes\u00fas Alarc\u00f3n; quien fuera Secretaria General de Instituciones Penitenciarias entre 2004 y 2011, D\u00aa. Mercedes Gallizo Llamas; abogados penitenciaristas como D. Juli\u00e1n R\u00edos Mart\u00edn; etc.<\/p>\n\n\n\n<div class=\"wp-block-columns is-layout-flex wp-container-core-columns-is-layout-9d6595d7 wp-block-columns-is-layout-flex\">\n<div class=\"wp-block-column is-layout-flow wp-block-column-is-layout-flow\">\n<figure class=\"wp-block-image size-full\"><img loading=\"lazy\" decoding=\"async\" width=\"584\" height=\"444\" src=\"https:\/\/blog.uclm.es\/aula-penitenciaria\/wp-content\/uploads\/sites\/193\/2022\/10\/Conferencias-1.jpg\" alt=\"\" class=\"wp-image-423\" srcset=\"https:\/\/blog.uclm.es\/aula-penitenciaria\/wp-content\/uploads\/sites\/193\/2022\/10\/Conferencias-1.jpg 584w, https:\/\/blog.uclm.es\/aula-penitenciaria\/wp-content\/uploads\/sites\/193\/2022\/10\/Conferencias-1-300x228.jpg 300w, https:\/\/blog.uclm.es\/aula-penitenciaria\/wp-content\/uploads\/sites\/193\/2022\/10\/Conferencias-1-395x300.jpg 395w\" sizes=\"auto, (max-width: 584px) 100vw, 584px\" \/><\/figure>\n<\/div>\n\n\n\n<div class=\"wp-block-column is-layout-flow wp-block-column-is-layout-flow\">\n<figure class=\"wp-block-image size-full is-resized\"><img loading=\"lazy\" decoding=\"async\" src=\"https:\/\/blog.uclm.es\/aula-penitenciaria\/wp-content\/uploads\/sites\/193\/2022\/10\/Conferencias-2.jpg\" alt=\"\" class=\"wp-image-424\" width=\"309\" height=\"212\" \/><\/figure>\n<\/div>\n<\/div>\n\n\n\n<div class=\"wp-block-columns is-layout-flex wp-container-core-columns-is-layout-9d6595d7 wp-block-columns-is-layout-flex\">\n<div class=\"wp-block-column is-layout-flow wp-block-column-is-layout-flow\">\n<figure class=\"wp-block-image size-full\"><img loading=\"lazy\" decoding=\"async\" width=\"292\" height=\"222\" src=\"https:\/\/blog.uclm.es\/aula-penitenciaria\/wp-content\/uploads\/sites\/193\/2022\/10\/Conferencias-4-1.jpg\" alt=\"\" class=\"wp-image-426\" \/><\/figure>\n<\/div>\n\n\n\n<div class=\"wp-block-column is-layout-flow wp-block-column-is-layout-flow\">\n<figure class=\"wp-block-image size-full is-resized\"><img loading=\"lazy\" decoding=\"async\" src=\"https:\/\/blog.uclm.es\/aula-penitenciaria\/wp-content\/uploads\/sites\/193\/2022\/10\/Conferencias-3.jpg\" alt=\"\" class=\"wp-image-428\" width=\"277\" height=\"211\" \/><\/figure>\n<\/div>\n<\/div>\n\n\n\n<div class=\"wp-block-columns is-layout-flex wp-container-core-columns-is-layout-9d6595d7 wp-block-columns-is-layout-flex\">\n<div class=\"wp-block-column is-layout-flow wp-block-column-is-layout-flow\">\n<figure class=\"wp-block-image size-full is-resized\"><img loading=\"lazy\" decoding=\"async\" src=\"https:\/\/blog.uclm.es\/aula-penitenciaria\/wp-content\/uploads\/sites\/193\/2022\/10\/Conferencias-5.jpg\" alt=\"\" class=\"wp-image-429\" width=\"195\" height=\"190\" \/><\/figure>\n<\/div>\n\n\n\n<div class=\"wp-block-column is-layout-flow wp-block-column-is-layout-flow\">\n<figure class=\"wp-block-image size-full is-resized\"><img loading=\"lazy\" decoding=\"async\" src=\"https:\/\/blog.uclm.es\/aula-penitenciaria\/wp-content\/uploads\/sites\/193\/2022\/10\/Conferencias-6-1.jpg\" alt=\"\" class=\"wp-image-430\" width=\"214\" height=\"163\" srcset=\"https:\/\/blog.uclm.es\/aula-penitenciaria\/wp-content\/uploads\/sites\/193\/2022\/10\/Conferencias-6-1.jpg 341w, https:\/\/blog.uclm.es\/aula-penitenciaria\/wp-content\/uploads\/sites\/193\/2022\/10\/Conferencias-6-1-300x228.jpg 300w\" sizes=\"auto, (max-width: 214px) 100vw, 214px\" \/><\/figure>\n<\/div>\n\n\n\n<div class=\"wp-block-column is-layout-flow wp-block-column-is-layout-flow\">\n<figure class=\"wp-block-image size-full is-resized\"><img loading=\"lazy\" decoding=\"async\" src=\"https:\/\/blog.uclm.es\/aula-penitenciaria\/wp-content\/uploads\/sites\/193\/2022\/10\/Conferencias-8.jpg\" alt=\"\" class=\"wp-image-431\" width=\"213\" height=\"162\" srcset=\"https:\/\/blog.uclm.es\/aula-penitenciaria\/wp-content\/uploads\/sites\/193\/2022\/10\/Conferencias-8.jpg 574w, https:\/\/blog.uclm.es\/aula-penitenciaria\/wp-content\/uploads\/sites\/193\/2022\/10\/Conferencias-8-300x228.jpg 300w, https:\/\/blog.uclm.es\/aula-penitenciaria\/wp-content\/uploads\/sites\/193\/2022\/10\/Conferencias-8-394x300.jpg 394w\" sizes=\"auto, (max-width: 213px) 100vw, 213px\" \/><\/figure>\n<\/div>\n<\/div>\n\n\n\n<div class=\"wp-block-columns is-layout-flex wp-container-core-columns-is-layout-9d6595d7 wp-block-columns-is-layout-flex\">\n<div class=\"wp-block-column is-layout-flow wp-block-column-is-layout-flow\" style=\"flex-basis:33.33%\">\n<figure class=\"wp-block-image size-full\"><img loading=\"lazy\" decoding=\"async\" width=\"177\" height=\"260\" src=\"https:\/\/blog.uclm.es\/aula-penitenciaria\/wp-content\/uploads\/sites\/193\/2022\/10\/Conferencias-7.jpg\" alt=\"\" class=\"wp-image-432\" \/><\/figure>\n<\/div>\n\n\n\n<div class=\"wp-block-column is-layout-flow wp-block-column-is-layout-flow\" style=\"flex-basis:66.66%\">\n<figure class=\"wp-block-image size-full\"><img loading=\"lazy\" decoding=\"async\" width=\"639\" height=\"434\" src=\"https:\/\/blog.uclm.es\/aula-penitenciaria\/wp-content\/uploads\/sites\/193\/2022\/10\/Conferencias-9.jpg\" alt=\"\" class=\"wp-image-433\" srcset=\"https:\/\/blog.uclm.es\/aula-penitenciaria\/wp-content\/uploads\/sites\/193\/2022\/10\/Conferencias-9.jpg 639w, https:\/\/blog.uclm.es\/aula-penitenciaria\/wp-content\/uploads\/sites\/193\/2022\/10\/Conferencias-9-300x204.jpg 300w, https:\/\/blog.uclm.es\/aula-penitenciaria\/wp-content\/uploads\/sites\/193\/2022\/10\/Conferencias-9-442x300.jpg 442w\" sizes=\"auto, (max-width: 639px) 100vw, 639px\" \/><\/figure>\n<\/div>\n<\/div>\n","protected":false},"excerpt":{"rendered":"<p>La participaci\u00f3n de profesionales penitenciarios y otros actores que intervienen en la ejecuci\u00f3n de las penas en las aulas de la Universidad de Castilla-La Mancha es uno de los objetivos del Aula Penitenciaria. Su intervenci\u00f3n a trav\u00e9s de conferencias y &hellip; <a href=\"https:\/\/blog.uclm.es\/aula-penitenciaria\/profesionales-en-el-aula\/\">Sigue leyendo <span class=\"meta-nav\">&rarr;<\/span><\/a><\/p>\n","protected":false},"author":281,"featured_media":0,"parent":0,"menu_order":0,"comment_status":"closed","ping_status":"closed","template":"","meta":{"footnotes":""},"class_list":["post-422","page","type-page","status-publish","hentry"],"_links":{"self":[{"href":"https:\/\/blog.uclm.es\/aula-penitenciaria\/wp-json\/wp\/v2\/pages\/422","targetHints":{"allow":["GET"]}}],"collection":[{"href":"https:\/\/blog.uclm.es\/aula-penitenciaria\/wp-json\/wp\/v2\/pages"}],"about":[{"href":"https:\/\/blog.uclm.es\/aula-penitenciaria\/wp-json\/wp\/v2\/types\/page"}],"author":[{"embeddable":true,"href":"https:\/\/blog.uclm.es\/aula-penitenciaria\/wp-json\/wp\/v2\/users\/281"}],"replies":[{"embeddable":true,"href":"https:\/\/blog.uclm.es\/aula-penitenciaria\/wp-json\/wp\/v2\/comments?post=422"}],"version-history":[{"count":2,"href":"https:\/\/blog.uclm.es\/aula-penitenciaria\/wp-json\/wp\/v2\/pages\/422\/revisions"}],"predecessor-version":[{"id":436,"href":"https:\/\/blog.uclm.es\/aula-penitenciaria\/wp-json\/wp\/v2\/pages\/422\/revisions\/436"}],"wp:attachment":[{"href":"https:\/\/blog.uclm.es\/aula-penitenciaria\/wp-json\/wp\/v2\/media?parent=422"}],"curies":[{"name":"wp","href":"https:\/\/api.w.org\/{rel}","templated":true}]}}