{"id":394,"date":"2022-10-30T10:54:13","date_gmt":"2022-10-30T10:54:13","guid":{"rendered":"https:\/\/blog.uclm.es\/aula-penitenciaria\/?page_id=394"},"modified":"2023-02-25T22:38:29","modified_gmt":"2023-02-25T22:38:29","slug":"direccion","status":"publish","type":"page","link":"https:\/\/blog.uclm.es\/aula-penitenciaria\/direccion\/","title":{"rendered":"Direcci\u00f3n"},"content":{"rendered":"<div class=\"wp-block-image\">\n<figure class=\"alignleft size-large is-resized\"><img loading=\"lazy\" decoding=\"async\" src=\"https:\/\/blog.uclm.es\/aula-penitenciaria\/wp-content\/uploads\/sites\/193\/2022\/10\/DSC_0006-1024x678.jpg\" alt=\"\" class=\"wp-image-395\" width=\"345\" height=\"226\" \/><figcaption class=\"wp-element-caption\">Cristina Rodr\u00edguez Yag\u00fce. Profesora Titular de Universidad. UCLM<\/figcaption><\/figure>\n<\/div>\n\n\n<p>La responsable del Aula Penitenciaria de la UCLM<strong> <\/strong>es <strong>Cristina Rodr\u00edguez Yag\u00fce<\/strong>, profesora Titular de Derecho Penal en la Facultad de Derecho y Ciencias Sociales de Ciudad Real.<\/p>\n\n\n\n<p>Licenciada en Derecho, con premio extraordinario, y m\u00e1ster en Criminolog\u00eda, es doctora en Derecho por la UCLM. Cuenta con el reconocimiento de tres sexenios de investigaci\u00f3n y de cinco quinquenios docentes. Ha realizado distintas estancias de investigaci\u00f3n por un tiempo de dos a\u00f1os en las Universidades de Bayreuth, Friburgo, Heidelberg y Nottingham.<\/p>\n\n\n\n<p>Cristina Rodr\u00edguez Yag\u00fce es <strong>especialista en Derecho Penitenciario<\/strong>, \u00e1mbito al que ha dedicado gran parte de su investigaci\u00f3n y docencia.<\/p>\n\n\n\n<p>Es autora de seis libros, entre los que cabe destacar<em>:&nbsp;Las prisiones como estrategia frente al desaf\u00edo del terrorismo, la radicalizaci\u00f3n y el extremismo violento<\/em>&nbsp;(Iustel, 2021);&nbsp;<em>La pena de prisi\u00f3n en medio abierto<\/em>, prologado por el padre de la Ley Penitenciaria en Espa\u00f1a, Carlos Garc\u00eda Vald\u00e9s (Reus, 2021);&nbsp;<em>La ejecuci\u00f3n de las penas de prisi\u00f3n permanente y de larga duraci\u00f3n<\/em>&nbsp;(Tirant, 2018) o&nbsp;<em>El sistema penitenciario espa\u00f1ol ante el siglo<\/em> XXI&nbsp;(Iustel, 2013).&nbsp; Adem\u00e1s de ser responsable de varias publicaciones docentes, es autora de numerosos cap\u00edtulos de libros y art\u00edculos en revistas nacionales e internacionales de impacto en materia penitenciaria.<\/p>\n\n\n\n<p>En el a\u00f1o 2022 ha publicado el estudio\u00a0<em>Las mujeres en prisi\u00f3n: explorando nuevas v\u00edas de cumplimiento de las penas impuestas a mujeres a trav\u00e9s de la cultura<\/em>\u00a0(La Cultivada, 2022), realizado junto a Esther Pascual, por encargo de la Fundaci\u00f3n Gabeiras, que recoge una radiograf\u00eda de la situaci\u00f3n de las mujeres privadas de libertad en el contexto espa\u00f1ol y europeo, analizando v\u00edas alternativas al cumplimiento de la pena en prisi\u00f3n. <\/p>\n\n\n\n<p>Actualmente codirige junto al Profesor Luis Arroyo Zapatero el proyecto regional de la Junta de Comunidades de Castilla-La Mancha: \u2018La crueldad en el derecho penal contempor\u00e1neo: pena de muerte, ejecuciones extrajudiciales y cadena perpetua\u2019.<\/p>\n\n\n\n<p>Recientemente ha dise\u00f1ado y dirigido el <strong>proyecto de divulgaci\u00f3n cient\u00edfica \u2018Divulgaci\u00f3n en prisi\u00f3n: una ventana abierta la Ciencia\u2019<\/strong>, financiado por el Proyecto FECYT del Ministerio de Ciencia e Innovaci\u00f3n para el fomento de la cultura cient\u00edfica, a trav\u00e9s del cual 14 investigadores de la UCLM han impartido distintos talleres de diferentes tem\u00e1ticas en los centros penitenciarios de la regi\u00f3n.<\/p>\n\n\n\n<p>De forma paralela, la profesora Rodr\u00edguez Yag\u00fce ha desarrollado una amplia actividad docente, siendo la responsable de la asignatura de Derecho Penitenciario en su facultad desde el curso 2000\/2001 hasta la actualidad y coordinadora de un proyecto de innovaci\u00f3n docente para la implantaci\u00f3n de una <strong>Cl\u00ednica jur\u00eddica penitenciaria<\/strong>. Esto le ha permitido organizar diferentes congresos, jornadas y seminarios que han posibilitado el di\u00e1logo entre la Administraci\u00f3n y sus profesionales penitenciarios con la Universidad, propiciando encuentros entre el alumnado y las personas privadas de libertad, responsables de Instituciones Penitenciarias, directores de centros penitenciarios, juristas, psic\u00f3logos o jueces de vigilancia tanto en las aulas universitarias como en establecimientos penitenciarios.<\/p>\n\n\n\n<p>El pasado 23 de septiembre de 2022, en el acto con motivo de la Festividad de La Merced celebrado en el centro penitenciario de C\u00f3rdoba se le entreg\u00f3 <strong>la Medalla de Plata al M\u00e9rito Social Penitenciario de Instituciones Penitenciarias<\/strong>, concedido \u201cen reconocimiento a su prol\u00edfica trayectoria como investigadora y docente de derecho penitenciario, a su labor de creaci\u00f3n y difusi\u00f3n de contenido acad\u00e9mico y a la colaboraci\u00f3n mantenida con la Instituci\u00f3n Penitenciaria en materia formativa\u201d.<\/p>\n\n\n\n<figure class=\"wp-block-image size-large\"><img loading=\"lazy\" decoding=\"async\" width=\"1024\" height=\"683\" src=\"https:\/\/blog.uclm.es\/aula-penitenciaria\/wp-content\/uploads\/sites\/193\/2022\/10\/RGUEZ._YAGUE_11-1024x683.jpg\" alt=\"\" class=\"wp-image-396\" srcset=\"https:\/\/blog.uclm.es\/aula-penitenciaria\/wp-content\/uploads\/sites\/193\/2022\/10\/RGUEZ._YAGUE_11-1024x683.jpg 1024w, https:\/\/blog.uclm.es\/aula-penitenciaria\/wp-content\/uploads\/sites\/193\/2022\/10\/RGUEZ._YAGUE_11-300x200.jpg 300w, https:\/\/blog.uclm.es\/aula-penitenciaria\/wp-content\/uploads\/sites\/193\/2022\/10\/RGUEZ._YAGUE_11-768x512.jpg 768w, https:\/\/blog.uclm.es\/aula-penitenciaria\/wp-content\/uploads\/sites\/193\/2022\/10\/RGUEZ._YAGUE_11-1536x1024.jpg 1536w, https:\/\/blog.uclm.es\/aula-penitenciaria\/wp-content\/uploads\/sites\/193\/2022\/10\/RGUEZ._YAGUE_11-2048x1365.jpg 2048w, https:\/\/blog.uclm.es\/aula-penitenciaria\/wp-content\/uploads\/sites\/193\/2022\/10\/RGUEZ._YAGUE_11-450x300.jpg 450w\" sizes=\"auto, (max-width: 1024px) 100vw, 1024px\" \/><figcaption class=\"wp-element-caption\">Entrega de la Medalla de Plata al M\u00e9rito Social Penitenciario (C\u00f3rdoba, Merced, 2022). <br>Fotograf\u00eda de M. Berrocal<\/figcaption><\/figure>\n","protected":false},"excerpt":{"rendered":"<p>La responsable del Aula Penitenciaria de la UCLM es Cristina Rodr\u00edguez Yag\u00fce, profesora Titular de Derecho Penal en la Facultad de Derecho y Ciencias Sociales de Ciudad Real. Licenciada en Derecho, con premio extraordinario, y m\u00e1ster en Criminolog\u00eda, es doctora &hellip; <a href=\"https:\/\/blog.uclm.es\/aula-penitenciaria\/direccion\/\">Sigue leyendo <span class=\"meta-nav\">&rarr;<\/span><\/a><\/p>\n","protected":false},"author":281,"featured_media":0,"parent":0,"menu_order":0,"comment_status":"closed","ping_status":"closed","template":"","meta":{"footnotes":""},"class_list":["post-394","page","type-page","status-publish","hentry"],"_links":{"self":[{"href":"https:\/\/blog.uclm.es\/aula-penitenciaria\/wp-json\/wp\/v2\/pages\/394","targetHints":{"allow":["GET"]}}],"collection":[{"href":"https:\/\/blog.uclm.es\/aula-penitenciaria\/wp-json\/wp\/v2\/pages"}],"about":[{"href":"https:\/\/blog.uclm.es\/aula-penitenciaria\/wp-json\/wp\/v2\/types\/page"}],"author":[{"embeddable":true,"href":"https:\/\/blog.uclm.es\/aula-penitenciaria\/wp-json\/wp\/v2\/users\/281"}],"replies":[{"embeddable":true,"href":"https:\/\/blog.uclm.es\/aula-penitenciaria\/wp-json\/wp\/v2\/comments?post=394"}],"version-history":[{"count":5,"href":"https:\/\/blog.uclm.es\/aula-penitenciaria\/wp-json\/wp\/v2\/pages\/394\/revisions"}],"predecessor-version":[{"id":531,"href":"https:\/\/blog.uclm.es\/aula-penitenciaria\/wp-json\/wp\/v2\/pages\/394\/revisions\/531"}],"wp:attachment":[{"href":"https:\/\/blog.uclm.es\/aula-penitenciaria\/wp-json\/wp\/v2\/media?parent=394"}],"curies":[{"name":"wp","href":"https:\/\/api.w.org\/{rel}","templated":true}]}}