{"id":2,"date":"2022-10-24T11:32:01","date_gmt":"2022-10-24T11:32:01","guid":{"rendered":"https:\/\/blog.uclm.es\/aula-penitenciaria\/?page_id=2"},"modified":"2022-10-30T11:42:58","modified_gmt":"2022-10-30T11:42:58","slug":"pagina-ejemplo","status":"publish","type":"page","link":"https:\/\/blog.uclm.es\/aula-penitenciaria\/pagina-ejemplo\/","title":{"rendered":"Seminarios de especializaci\u00f3n Victoria Kent"},"content":{"rendered":"\n<p>El Aula Penitenciaria ha organizado durante estos a\u00f1os diversos <strong>Seminarios de Especializaci\u00f3n<\/strong>, dirigidos a estudiantes de grado en Derecho de la Facultad de Derecho y Ciencias Sociales y a estudiantes de grado en Educaci\u00f3n de la Facultad de Educaci\u00f3n de Ciudad Real. Estos seminarios permiten profundizar en algunos aspectos concretos referidos a las consecuencias jur\u00eddicas del delito y a la ejecuci\u00f3n penitenciaria desde un punto de vista eminentemente pr\u00e1ctico y con la participaci\u00f3n tanto de profesores expertos en la materia como de profesionales penitenciarios.<\/p>\n\n\n\n<p>Estos seminarios de especializaci\u00f3n, bajo la advocaci\u00f3n de <strong>\u201cVictoria Kent<\/strong>\u201d, quien fuera responsable de Instituciones Penitenciarias en tiempos de la II Rep\u00fablica y promotora de numerosas medidas que humanizaron el sistema penitenciario, tienen un formato singular, puesto que se realizan <strong>en colaboraci\u00f3n con un centro penitenciario de referencia<\/strong>. As\u00ed, la primera de las sesiones se realiza en las aulas de la Facultad, donde intervienen distintos profesores, investigadores y distintos profesionales penitenciarios expertos en la materia que se trata. Es en la segunda de las sesiones cuando el aula se traslada al <strong>interior del centro penitenciario<\/strong>, para conocer la dimensi\u00f3n pr\u00e1ctica del tema tratado, con la participaci\u00f3n de los profesionales penitenciarios y propiciando el encuentro entre estudiantes y los internos.<\/p>\n\n\n\n<p>Durante este tiempo, las tem\u00e1ticas planteadas han sido distintas. El primer seminario, realizado en <strong>colaboraci\u00f3n con el centro penitenciario de Herrera de la Mancha<\/strong>, profundiz\u00f3 en los mecanismos de resoluci\u00f3n de conflictos y en la justicia restaurativa en el \u00e1mbito penitenciario, permiti\u00e9ndoles conocer a los estudiantes de grado en Derecho de la Facultad de Derecho y Ciencias Sociales de Ciudad Real los mecanismos de mediaci\u00f3n como instrumento de resoluci\u00f3n de problemas entre internos o entre estos y sus v\u00edctimas y el funcionamiento de nuevas formas de convivencia en prisi\u00f3n como los m\u00f3dulos de respeto o las unidades terap\u00e9uticas. Su gran demanda hizo que hubiera cinco ediciones en sucesivos cursos acad\u00e9micos.<\/p>\n\n\n\n<p>El segundo seminario, que tambi\u00e9n tuvo hasta cuatro ediciones, se organiz\u00f3 por el Aula Penitenciaria en colaboraci\u00f3n con la <strong>Facultad de Educaci\u00f3n de Ciudad Real y el centro penitenciario de Herrera de la Mancha<\/strong> y su objetivo fue la educaci\u00f3n en prisi\u00f3n. Sus destinatarios fueron los estudiantes de los distintos grados de Educaci\u00f3n, que a trav\u00e9s del mismo pod\u00edan conocer las singularidades de la educaci\u00f3n impartida a los adultos en el entorno penitenciario, con sus especificidades, carencias y problemas espec\u00edficos, de la mano de los profesores\/as destinados\/as en el centro penitenciario y de los internos matriculados en distintos programas de educaci\u00f3n reglada y no reglada.<\/p>\n\n\n\n<p>Junto a estos seminarios, que se repitieron en sucesivas ediciones, tambi\u00e9n se abord\u00f3 en 2016, en colaboraci\u00f3n con el centro penitenciario de Herrera de la Mancha, la relaci\u00f3n entre la drogadicci\u00f3n y el sistema penal, desarroll\u00e1ndose la segunda de las sesiones dentro de la Unidad Terap\u00e9utica de este centro penitenciario de la mano de los terapeutas de Proyecto Hombre.<\/p>\n\n\n\n<p>En el curso acad\u00e9mico 2019\/2020, anterior a la pandemia que ha impedido hasta el presente curso poder desarrollar una iniciativa similar, se ofert\u00f3 un nuevo Seminario de Especializaci\u00f3n para los estudiantes del grado en Derecho de la Facultad de Derecho y Ciencias Sociales, esta vez <strong>en colaboraci\u00f3n con el centro Penitenciario Madrid VI (Aranjuez).<\/strong> Su tema, los colectivos m\u00e1s vulnerables en prisi\u00f3n, buscaba profundizar en el an\u00e1lisis de las situaciones de vulnerabilidad que sufren en prisi\u00f3n colectivos como las mujeres, los enfermos, los toxic\u00f3manos, las personas en situaci\u00f3n de pobreza y exclusi\u00f3n social, los enfermos mentales o los ancianos. La segunda sesi\u00f3n, en el centro penitenciario de Aranjuez, permiti\u00f3 a los estudiantes conocer el m\u00f3dulo mixto en el que conviven familias con ni\u00f1os hasta tres a\u00f1os, el programa de tratamiento para enfermos mentales y el programa para personas ancianas en prisi\u00f3n.<\/p>\n\n\n\n<div class=\"wp-block-group\"><div class=\"wp-block-group__inner-container is-layout-flow wp-block-group-is-layout-flow\">\n<div class=\"wp-block-group\"><div class=\"wp-block-group__inner-container is-layout-flow wp-block-group-is-layout-flow\">\n<div class=\"wp-block-columns is-layout-flex wp-container-core-columns-is-layout-9d6595d7 wp-block-columns-is-layout-flex\">\n<div class=\"wp-block-column is-layout-flow wp-block-column-is-layout-flow\" style=\"flex-basis:100%\">\n<div class=\"wp-block-group\"><div class=\"wp-block-group__inner-container is-layout-flow wp-block-group-is-layout-flow\"><\/div><\/div>\n\n\n\n<div class=\"wp-block-columns is-layout-flex wp-container-core-columns-is-layout-9d6595d7 wp-block-columns-is-layout-flex\">\n<div class=\"wp-block-column is-layout-flow wp-block-column-is-layout-flow\">\n<figure class=\"wp-block-image size-full is-resized\"><img loading=\"lazy\" decoding=\"async\" src=\"https:\/\/blog.uclm.es\/aula-penitenciaria\/wp-content\/uploads\/sites\/193\/2022\/10\/Victoria-Kent-1-1.jpg\" alt=\"\" class=\"wp-image-406\" width=\"199\" height=\"151\" srcset=\"https:\/\/blog.uclm.es\/aula-penitenciaria\/wp-content\/uploads\/sites\/193\/2022\/10\/Victoria-Kent-1-1.jpg 610w, https:\/\/blog.uclm.es\/aula-penitenciaria\/wp-content\/uploads\/sites\/193\/2022\/10\/Victoria-Kent-1-1-300x228.jpg 300w, https:\/\/blog.uclm.es\/aula-penitenciaria\/wp-content\/uploads\/sites\/193\/2022\/10\/Victoria-Kent-1-1-395x300.jpg 395w\" sizes=\"auto, (max-width: 199px) 100vw, 199px\" \/><\/figure>\n<\/div>\n\n\n\n<div class=\"wp-block-column is-layout-flow wp-block-column-is-layout-flow\">\n<figure class=\"wp-block-image size-full is-resized\"><img loading=\"lazy\" decoding=\"async\" src=\"https:\/\/blog.uclm.es\/aula-penitenciaria\/wp-content\/uploads\/sites\/193\/2022\/10\/Victoria-Kent-2-1.png\" alt=\"\" class=\"wp-image-407\" width=\"207\" height=\"148\" srcset=\"https:\/\/blog.uclm.es\/aula-penitenciaria\/wp-content\/uploads\/sites\/193\/2022\/10\/Victoria-Kent-2-1.png 365w, https:\/\/blog.uclm.es\/aula-penitenciaria\/wp-content\/uploads\/sites\/193\/2022\/10\/Victoria-Kent-2-1-300x215.png 300w\" sizes=\"auto, (max-width: 207px) 100vw, 207px\" \/><\/figure>\n<\/div>\n\n\n\n<div class=\"wp-block-column is-layout-flow wp-block-column-is-layout-flow\">\n<figure class=\"wp-block-image size-full is-resized\"><img loading=\"lazy\" decoding=\"async\" src=\"https:\/\/blog.uclm.es\/aula-penitenciaria\/wp-content\/uploads\/sites\/193\/2022\/10\/Victoria-Kent-3-1.jpg\" alt=\"\" class=\"wp-image-408\" width=\"207\" height=\"157\" srcset=\"https:\/\/blog.uclm.es\/aula-penitenciaria\/wp-content\/uploads\/sites\/193\/2022\/10\/Victoria-Kent-3-1.jpg 635w, https:\/\/blog.uclm.es\/aula-penitenciaria\/wp-content\/uploads\/sites\/193\/2022\/10\/Victoria-Kent-3-1-300x228.jpg 300w, https:\/\/blog.uclm.es\/aula-penitenciaria\/wp-content\/uploads\/sites\/193\/2022\/10\/Victoria-Kent-3-1-394x300.jpg 394w\" sizes=\"auto, (max-width: 207px) 100vw, 207px\" \/><\/figure>\n<\/div>\n<\/div>\n<\/div>\n<\/div>\n\n\n\n<div class=\"wp-block-columns is-layout-flex wp-container-core-columns-is-layout-9d6595d7 wp-block-columns-is-layout-flex\">\n<div class=\"wp-block-column is-layout-flow wp-block-column-is-layout-flow\"><\/div>\n\n\n\n<div class=\"wp-block-column is-layout-flow wp-block-column-is-layout-flow\"><\/div>\n\n\n\n<div class=\"wp-block-column is-layout-flow wp-block-column-is-layout-flow\"><\/div>\n<\/div>\n<\/div><\/div>\n<\/div><\/div>\n","protected":false},"excerpt":{"rendered":"<p>El Aula Penitenciaria ha organizado durante estos a\u00f1os diversos Seminarios de Especializaci\u00f3n, dirigidos a estudiantes de grado en Derecho de la Facultad de Derecho y Ciencias Sociales y a estudiantes de grado en Educaci\u00f3n de la Facultad de Educaci\u00f3n de &hellip; <a href=\"https:\/\/blog.uclm.es\/aula-penitenciaria\/pagina-ejemplo\/\">Sigue leyendo <span class=\"meta-nav\">&rarr;<\/span><\/a><\/p>\n","protected":false},"author":281,"featured_media":0,"parent":0,"menu_order":0,"comment_status":"closed","ping_status":"open","template":"","meta":{"footnotes":""},"class_list":["post-2","page","type-page","status-publish","hentry"],"_links":{"self":[{"href":"https:\/\/blog.uclm.es\/aula-penitenciaria\/wp-json\/wp\/v2\/pages\/2","targetHints":{"allow":["GET"]}}],"collection":[{"href":"https:\/\/blog.uclm.es\/aula-penitenciaria\/wp-json\/wp\/v2\/pages"}],"about":[{"href":"https:\/\/blog.uclm.es\/aula-penitenciaria\/wp-json\/wp\/v2\/types\/page"}],"author":[{"embeddable":true,"href":"https:\/\/blog.uclm.es\/aula-penitenciaria\/wp-json\/wp\/v2\/users\/281"}],"replies":[{"embeddable":true,"href":"https:\/\/blog.uclm.es\/aula-penitenciaria\/wp-json\/wp\/v2\/comments?post=2"}],"version-history":[{"count":4,"href":"https:\/\/blog.uclm.es\/aula-penitenciaria\/wp-json\/wp\/v2\/pages\/2\/revisions"}],"predecessor-version":[{"id":454,"href":"https:\/\/blog.uclm.es\/aula-penitenciaria\/wp-json\/wp\/v2\/pages\/2\/revisions\/454"}],"wp:attachment":[{"href":"https:\/\/blog.uclm.es\/aula-penitenciaria\/wp-json\/wp\/v2\/media?parent=2"}],"curies":[{"name":"wp","href":"https:\/\/api.w.org\/{rel}","templated":true}]}}