{"id":66,"date":"2021-11-09T12:03:33","date_gmt":"2021-11-09T11:03:33","guid":{"rendered":"https:\/\/blog.uclm.es\/aula-educacionambiental\/?page_id=66"},"modified":"2023-02-24T12:30:50","modified_gmt":"2023-02-24T12:30:50","slug":"inscripciones","status":"publish","type":"page","link":"https:\/\/blog.uclm.es\/aula-educacionambiental\/inscripciones\/","title":{"rendered":"Inscripciones"},"content":{"rendered":"\n<h2 class=\"wp-block-heading\">Actividades abiertas<\/h2>\n\n\n\n<p><\/p>\n\n\n\n<h2 class=\"wp-block-heading\">Actividades cerradas<\/h2>\n\n\n\n<p><strong>20\/12\/21. Jornada \u00bfC\u00f3mo percibimos los problemas ambientales?. \u00bfC\u00f3mo respondemos desde la educaci\u00f3n ambiental?.&nbsp;<\/strong><\/p>\n\n\n\n<p><strong>26\/01\/22. I Concurso de Fotograf\u00eda del Aula de Educaci\u00f3n Ambiental UCLM.&nbsp;<\/strong><\/p>\n\n\n\n<p><strong>19\/03\/22. Recogida de residuos en la ribera del R\u00edo Tajo. Proyecto LIBERA.<\/strong>&nbsp;<\/p>\n\n\n\n<p><strong>26\/04\/22. Conferencia Carmen Aranda. Directora del Centro de Investigaci\u00f3n de FIEB.<\/strong><\/p>\n\n\n\n<p><strong>30\/04\/22. Salida de Inter\u00e9s Ambiental. Centros de Interpretaci\u00f3n Volc\u00e1n Cerro Gordo y Laguna La Inesperada (Ciudad Real, Castilla-La Mancha).<\/strong><\/p>\n\n\n\n<p><strong>11\/06\/22. Recogida de residuos. La gran recogida de basuraleza (TO, AB)<\/strong><\/p>\n\n\n\n<p><\/p>\n\n\n\n<p><\/p>\n\n\n\n<h1 class=\"wp-block-heading\"><strong>11 junio 2022<\/strong><\/h1>\n\n\n\n<h2 class=\"wp-block-heading\"><strong>Recogida de residuos. La gran recogida de basuraleza (TO, AB)<\/strong><\/h2>\n","protected":false},"excerpt":{"rendered":"<p>Actividades abiertas Actividades cerradas 20\/12\/21. Jornada \u00bfC\u00f3mo percibimos los problemas ambientales?. \u00bfC\u00f3mo respondemos desde la educaci\u00f3n ambiental?.&nbsp; 26\/01\/22. I Concurso de Fotograf\u00eda del Aula de Educaci\u00f3n Ambiental UCLM.&nbsp; 19\/03\/22. Recogida de residuos en la ribera del R\u00edo Tajo. Proyecto LIBERA.&nbsp; 26\/04\/22. Conferencia Carmen Aranda. Directora del Centro de Investigaci\u00f3n de FIEB. 30\/04\/22. Salida de Inter\u00e9s &hellip; <a href=\"https:\/\/blog.uclm.es\/aula-educacionambiental\/inscripciones\/\" class=\"more-link\">Seguir leyendo <span class=\"screen-reader-text\">Inscripciones<\/span> <span class=\"meta-nav\">&rarr;<\/span><\/a><\/p>\n","protected":false},"author":288,"featured_media":0,"parent":0,"menu_order":0,"comment_status":"closed","ping_status":"closed","template":"","meta":{"footnotes":""},"class_list":["post-66","page","type-page","status-publish","hentry"],"_links":{"self":[{"href":"https:\/\/blog.uclm.es\/aula-educacionambiental\/wp-json\/wp\/v2\/pages\/66","targetHints":{"allow":["GET"]}}],"collection":[{"href":"https:\/\/blog.uclm.es\/aula-educacionambiental\/wp-json\/wp\/v2\/pages"}],"about":[{"href":"https:\/\/blog.uclm.es\/aula-educacionambiental\/wp-json\/wp\/v2\/types\/page"}],"author":[{"embeddable":true,"href":"https:\/\/blog.uclm.es\/aula-educacionambiental\/wp-json\/wp\/v2\/users\/288"}],"replies":[{"embeddable":true,"href":"https:\/\/blog.uclm.es\/aula-educacionambiental\/wp-json\/wp\/v2\/comments?post=66"}],"version-history":[{"count":2,"href":"https:\/\/blog.uclm.es\/aula-educacionambiental\/wp-json\/wp\/v2\/pages\/66\/revisions"}],"predecessor-version":[{"id":2248,"href":"https:\/\/blog.uclm.es\/aula-educacionambiental\/wp-json\/wp\/v2\/pages\/66\/revisions\/2248"}],"wp:attachment":[{"href":"https:\/\/blog.uclm.es\/aula-educacionambiental\/wp-json\/wp\/v2\/media?parent=66"}],"curies":[{"name":"wp","href":"https:\/\/api.w.org\/{rel}","templated":true}]}}