{"id":58,"date":"2021-11-09T12:02:26","date_gmt":"2021-11-09T11:02:26","guid":{"rendered":"https:\/\/blog.uclm.es\/aula-educacionambiental\/?page_id=58"},"modified":"2023-02-24T12:05:39","modified_gmt":"2023-02-24T12:05:39","slug":"enlaces-de-interes","status":"publish","type":"page","link":"https:\/\/blog.uclm.es\/aula-educacionambiental\/enlaces-de-interes\/","title":{"rendered":"Enlaces de inter\u00e9s"},"content":{"rendered":"\n<p><em><a rel=\"noreferrer noopener\" href=\"https:\/\/www.castillalamancha.es\/gobierno\/desarrollosostenible\/estructura\/vicmedamb\/actuaciones\/estrategia-de-educaci%C3%B3n-ambiental-de-castilla-la-mancha-horizonte-2030-2020-2025%20\" target=\"_blank\">P\u00e1gina de la Junta de Comunidades de Castilla-La Mancha dedicada a la Estrategia de Educaci\u00f3n Ambiental<\/a><\/em><\/p>\n\n\n\n<hr class=\"wp-block-separator has-alpha-channel-opacity\" \/>\n\n\n\n<p><a rel=\"noreferrer noopener\" href=\"https:\/\/www.miteco.gob.es\/ca\/ceneam\/\" target=\"_blank\">Centro Nacional de Educaci\u00f3n Ambiental-CENEAM<\/a><\/p>\n\n\n\n<hr class=\"wp-block-separator has-alpha-channel-opacity\" \/>\n\n\n\n<p><a rel=\"noreferrer noopener\" href=\"https:\/\/www.miteco.gob.es\/ca\/ceneam\/carpeta-informativa-del-ceneam\/\" target=\"_blank\">Carpeta Informativa del Centro Nacional de Educaci\u00f3n Ambiental-CENEAM<\/a><\/p>\n\n\n\n<hr class=\"wp-block-separator has-alpha-channel-opacity\" \/>\n\n\n\n<p><a rel=\"noreferrer noopener\" href=\"https:\/\/www.un.org\/sustainabledevelopment\/es\/\" target=\"_blank\">P\u00e1gina de las Naciones Unidas dedicada a los Objetivos de Desarrollo Sostenible<\/a><\/p>\n\n\n\n<hr class=\"wp-block-separator has-alpha-channel-opacity\" \/>\n","protected":false},"excerpt":{"rendered":"<p>P\u00e1gina de la Junta de Comunidades de Castilla-La Mancha dedicada a la Estrategia de Educaci\u00f3n Ambiental Centro Nacional de Educaci\u00f3n Ambiental-CENEAM Carpeta Informativa del Centro Nacional de Educaci\u00f3n Ambiental-CENEAM P\u00e1gina de las Naciones Unidas dedicada a los Objetivos de Desarrollo Sostenible<\/p>\n","protected":false},"author":288,"featured_media":0,"parent":0,"menu_order":0,"comment_status":"closed","ping_status":"closed","template":"","meta":{"footnotes":""},"class_list":["post-58","page","type-page","status-publish","hentry"],"_links":{"self":[{"href":"https:\/\/blog.uclm.es\/aula-educacionambiental\/wp-json\/wp\/v2\/pages\/58","targetHints":{"allow":["GET"]}}],"collection":[{"href":"https:\/\/blog.uclm.es\/aula-educacionambiental\/wp-json\/wp\/v2\/pages"}],"about":[{"href":"https:\/\/blog.uclm.es\/aula-educacionambiental\/wp-json\/wp\/v2\/types\/page"}],"author":[{"embeddable":true,"href":"https:\/\/blog.uclm.es\/aula-educacionambiental\/wp-json\/wp\/v2\/users\/288"}],"replies":[{"embeddable":true,"href":"https:\/\/blog.uclm.es\/aula-educacionambiental\/wp-json\/wp\/v2\/comments?post=58"}],"version-history":[{"count":2,"href":"https:\/\/blog.uclm.es\/aula-educacionambiental\/wp-json\/wp\/v2\/pages\/58\/revisions"}],"predecessor-version":[{"id":2243,"href":"https:\/\/blog.uclm.es\/aula-educacionambiental\/wp-json\/wp\/v2\/pages\/58\/revisions\/2243"}],"wp:attachment":[{"href":"https:\/\/blog.uclm.es\/aula-educacionambiental\/wp-json\/wp\/v2\/media?parent=58"}],"curies":[{"name":"wp","href":"https:\/\/api.w.org\/{rel}","templated":true}]}}