{"id":56,"date":"2021-11-09T12:02:10","date_gmt":"2021-11-09T11:02:10","guid":{"rendered":"https:\/\/blog.uclm.es\/aula-educacionambiental\/?page_id=56"},"modified":"2023-02-24T12:04:18","modified_gmt":"2023-02-24T12:04:18","slug":"documentos-de-interes","status":"publish","type":"page","link":"https:\/\/blog.uclm.es\/aula-educacionambiental\/documentos-de-interes\/","title":{"rendered":"Documentos de inter\u00e9s"},"content":{"rendered":"\n<p class=\"has-text-align-center\"><a rel=\"noreferrer noopener\" href=\"https:\/\/blog.uclm.es\/aula-educacionambiental\/wp-content\/uploads\/sites\/198\/2021\/12\/Estrategia-de-Educacion-Ambiental-de-CLM.pdf\" target=\"_blank\">\u00abEstrategia de Educaci\u00f3n Ambiental de Castilla-La Mancha.\u00bb<\/a><\/p>\n\n\n\n<hr class=\"wp-block-separator has-alpha-channel-opacity\" \/>\n\n\n\n<p class=\"has-text-align-center\"><a rel=\"noreferrer noopener\" href=\"https:\/\/blog.uclm.es\/aula-educacionambiental\/wp-content\/uploads\/sites\/198\/2021\/12\/Resumen-Estrategia-de-Educacion-Ambiental-de-CLM.pdf\" target=\"_blank\">\u00abResumen de la Estrategia de Educaci\u00f3n Ambiental de Castilla-La Mancha\u00bb.<\/a><\/p>\n\n\n\n<hr class=\"wp-block-separator has-alpha-channel-opacity\" \/>\n\n\n\n<p class=\"has-text-align-center\"><a rel=\"noreferrer noopener\" href=\"https:\/\/blog.uclm.es\/aula-educacionambiental\/wp-content\/uploads\/sites\/198\/2021\/12\/Plan-de-Accion-de-Educacion-Ambiental-para-la-Sostenibilidad-2021-2025_Espana.pdf\" target=\"_blank\">\u00abPlan de acci\u00f3n de educaci\u00f3n ambiental para la sostenibilidad (2021-2025)- PAEAS_Espa\u00f1a.\u00bb<\/a><\/p>\n\n\n\n<hr class=\"wp-block-separator has-alpha-channel-opacity\" \/>\n","protected":false},"excerpt":{"rendered":"<p>\u00abEstrategia de Educaci\u00f3n Ambiental de Castilla-La Mancha.\u00bb \u00abResumen de la Estrategia de Educaci\u00f3n Ambiental de Castilla-La Mancha\u00bb. \u00abPlan de acci\u00f3n de educaci\u00f3n ambiental para la sostenibilidad (2021-2025)- PAEAS_Espa\u00f1a.\u00bb<\/p>\n","protected":false},"author":288,"featured_media":0,"parent":0,"menu_order":0,"comment_status":"closed","ping_status":"closed","template":"","meta":{"footnotes":""},"class_list":["post-56","page","type-page","status-publish","hentry"],"_links":{"self":[{"href":"https:\/\/blog.uclm.es\/aula-educacionambiental\/wp-json\/wp\/v2\/pages\/56","targetHints":{"allow":["GET"]}}],"collection":[{"href":"https:\/\/blog.uclm.es\/aula-educacionambiental\/wp-json\/wp\/v2\/pages"}],"about":[{"href":"https:\/\/blog.uclm.es\/aula-educacionambiental\/wp-json\/wp\/v2\/types\/page"}],"author":[{"embeddable":true,"href":"https:\/\/blog.uclm.es\/aula-educacionambiental\/wp-json\/wp\/v2\/users\/288"}],"replies":[{"embeddable":true,"href":"https:\/\/blog.uclm.es\/aula-educacionambiental\/wp-json\/wp\/v2\/comments?post=56"}],"version-history":[{"count":2,"href":"https:\/\/blog.uclm.es\/aula-educacionambiental\/wp-json\/wp\/v2\/pages\/56\/revisions"}],"predecessor-version":[{"id":2241,"href":"https:\/\/blog.uclm.es\/aula-educacionambiental\/wp-json\/wp\/v2\/pages\/56\/revisions\/2241"}],"wp:attachment":[{"href":"https:\/\/blog.uclm.es\/aula-educacionambiental\/wp-json\/wp\/v2\/media?parent=56"}],"curies":[{"name":"wp","href":"https:\/\/api.w.org\/{rel}","templated":true}]}}