{"id":42,"date":"2021-11-09T11:56:14","date_gmt":"2021-11-09T10:56:14","guid":{"rendered":"https:\/\/blog.uclm.es\/aula-educacionambiental\/?page_id=42"},"modified":"2023-02-24T11:54:26","modified_gmt":"2023-02-24T11:54:26","slug":"en-que-trabajamos","status":"publish","type":"page","link":"https:\/\/blog.uclm.es\/aula-educacionambiental\/en-que-trabajamos\/","title":{"rendered":"\u00bfEn qu\u00e9 trabajamos?"},"content":{"rendered":"\n<p>La participaci\u00f3n e implicaci\u00f3n de los universitarios es un objetivo fundamental del Aula de Educaci\u00f3n Ambiental por lo que la organizaci\u00f3n y promoci\u00f3n de eventos, foros y actividades que contribuyan a fomentarlas est\u00e1 entre sus prioridades.<\/p>\n\n\n\n<p><em><strong>Nuestras l\u00edneas de actuaci\u00f3n<\/strong><\/em><\/p>\n\n\n\n<p>De acuerdo con la Estrategia de Educaci\u00f3n Ambiental de Castilla-La Mancha se desarrollar\u00e1n:<\/p>\n\n\n\n<ul class=\"wp-block-list\">\n<li>Actividades de divulgaci\u00f3n, formaci\u00f3n y promoci\u00f3n sobre temas relacionados con la actividad del Aula de Educaci\u00f3n Ambiental de la UCLM.<\/li>\n\n\n\n<li>Desarrollo de proyectos de investigaci\u00f3n sobre la educaci\u00f3n ambiental en materia de diagn\u00f3stico, evaluaci\u00f3n, innovaci\u00f3n, necesidades de formaci\u00f3n y propuestas de actuaci\u00f3n.<\/li>\n\n\n\n<li>Impulso de la participaci\u00f3n de la poblaci\u00f3n joven en foros, programas y cert\u00e1menes internacionales en materia de sostenibilidad.<\/li>\n\n\n\n<li>Organizaci\u00f3n de encuentros y foros entre profesionales, estudiantes, acad\u00e9micos, investigadores y otras personas interesadas enfocados a difundir y trabajar en educaci\u00f3n ambiental.<\/li>\n\n\n\n<li>An\u00e1lisis e impulso de la incorporaci\u00f3n del desarrollo sostenible en los programas de estudio de grado y posgrado.<\/li>\n\n\n\n<li> Concesi\u00f3n de becas y premios.<\/li>\n<\/ul>\n","protected":false},"excerpt":{"rendered":"<p>La participaci\u00f3n e implicaci\u00f3n de los universitarios es un objetivo fundamental del Aula de Educaci\u00f3n Ambiental por lo que la organizaci\u00f3n y promoci\u00f3n de eventos, foros y actividades que contribuyan a fomentarlas est\u00e1 entre sus prioridades. Nuestras l\u00edneas de actuaci\u00f3n De acuerdo con la Estrategia de Educaci\u00f3n Ambiental de Castilla-La Mancha se desarrollar\u00e1n:<\/p>\n","protected":false},"author":288,"featured_media":0,"parent":0,"menu_order":0,"comment_status":"closed","ping_status":"closed","template":"","meta":{"footnotes":""},"class_list":["post-42","page","type-page","status-publish","hentry"],"_links":{"self":[{"href":"https:\/\/blog.uclm.es\/aula-educacionambiental\/wp-json\/wp\/v2\/pages\/42","targetHints":{"allow":["GET"]}}],"collection":[{"href":"https:\/\/blog.uclm.es\/aula-educacionambiental\/wp-json\/wp\/v2\/pages"}],"about":[{"href":"https:\/\/blog.uclm.es\/aula-educacionambiental\/wp-json\/wp\/v2\/types\/page"}],"author":[{"embeddable":true,"href":"https:\/\/blog.uclm.es\/aula-educacionambiental\/wp-json\/wp\/v2\/users\/288"}],"replies":[{"embeddable":true,"href":"https:\/\/blog.uclm.es\/aula-educacionambiental\/wp-json\/wp\/v2\/comments?post=42"}],"version-history":[{"count":2,"href":"https:\/\/blog.uclm.es\/aula-educacionambiental\/wp-json\/wp\/v2\/pages\/42\/revisions"}],"predecessor-version":[{"id":2238,"href":"https:\/\/blog.uclm.es\/aula-educacionambiental\/wp-json\/wp\/v2\/pages\/42\/revisions\/2238"}],"wp:attachment":[{"href":"https:\/\/blog.uclm.es\/aula-educacionambiental\/wp-json\/wp\/v2\/media?parent=42"}],"curies":[{"name":"wp","href":"https:\/\/api.w.org\/{rel}","templated":true}]}}