{"id":40,"date":"2021-11-09T11:55:50","date_gmt":"2021-11-09T10:55:50","guid":{"rendered":"https:\/\/blog.uclm.es\/aula-educacionambiental\/?page_id=40"},"modified":"2023-02-24T11:51:07","modified_gmt":"2023-02-24T11:51:07","slug":"quienes-somos","status":"publish","type":"page","link":"https:\/\/blog.uclm.es\/aula-educacionambiental\/quienes-somos\/","title":{"rendered":"\u00bfQui\u00e9nes somos?"},"content":{"rendered":"\n<p>El Aula de Educaci\u00f3n Ambiental de la UCLM nace de la colaboraci\u00f3n entre la Universidad de Castilla-La Mancha y la Junta de Comunidades de Castilla-La Mancha, en el marco de la Estrategia de Educaci\u00f3n Ambiental regional, para contribuir a la sensibilizaci\u00f3n, formaci\u00f3n, investigaci\u00f3n y divulgaci\u00f3n en Educaci\u00f3n Ambiental y Sostenibilidad entre la comunidad universitaria.<\/p>\n\n\n\n<p>Pretendemos que las actividades del Aula sean variadas y de inter\u00e9s para los diferentes colectivos, dando opciones que permitan dar respuesta a las diferentes sensibilidades y atraer a aquellos que se sientan m\u00e1s alejados o desmotivados.<\/p>\n\n\n\n<p>Esperamos conseguir estos objetivos y contribuir a una mayor sensibilizaci\u00f3n y conocimiento en estas materias.<\/p>\n","protected":false},"excerpt":{"rendered":"<p>El Aula de Educaci\u00f3n Ambiental de la UCLM nace de la colaboraci\u00f3n entre la Universidad de Castilla-La Mancha y la Junta de Comunidades de Castilla-La Mancha, en el marco de la Estrategia de Educaci\u00f3n Ambiental regional, para contribuir a la sensibilizaci\u00f3n, formaci\u00f3n, investigaci\u00f3n y divulgaci\u00f3n en Educaci\u00f3n Ambiental y Sostenibilidad entre la comunidad universitaria. Pretendemos &hellip; <a href=\"https:\/\/blog.uclm.es\/aula-educacionambiental\/quienes-somos\/\" class=\"more-link\">Seguir leyendo <span class=\"screen-reader-text\">\u00bfQui\u00e9nes somos?<\/span> <span class=\"meta-nav\">&rarr;<\/span><\/a><\/p>\n","protected":false},"author":288,"featured_media":0,"parent":0,"menu_order":0,"comment_status":"closed","ping_status":"closed","template":"","meta":{"footnotes":""},"class_list":["post-40","page","type-page","status-publish","hentry"],"_links":{"self":[{"href":"https:\/\/blog.uclm.es\/aula-educacionambiental\/wp-json\/wp\/v2\/pages\/40","targetHints":{"allow":["GET"]}}],"collection":[{"href":"https:\/\/blog.uclm.es\/aula-educacionambiental\/wp-json\/wp\/v2\/pages"}],"about":[{"href":"https:\/\/blog.uclm.es\/aula-educacionambiental\/wp-json\/wp\/v2\/types\/page"}],"author":[{"embeddable":true,"href":"https:\/\/blog.uclm.es\/aula-educacionambiental\/wp-json\/wp\/v2\/users\/288"}],"replies":[{"embeddable":true,"href":"https:\/\/blog.uclm.es\/aula-educacionambiental\/wp-json\/wp\/v2\/comments?post=40"}],"version-history":[{"count":1,"href":"https:\/\/blog.uclm.es\/aula-educacionambiental\/wp-json\/wp\/v2\/pages\/40\/revisions"}],"predecessor-version":[{"id":2230,"href":"https:\/\/blog.uclm.es\/aula-educacionambiental\/wp-json\/wp\/v2\/pages\/40\/revisions\/2230"}],"wp:attachment":[{"href":"https:\/\/blog.uclm.es\/aula-educacionambiental\/wp-json\/wp\/v2\/media?parent=40"}],"curies":[{"name":"wp","href":"https:\/\/api.w.org\/{rel}","templated":true}]}}