{"id":800,"date":"2024-05-08T11:26:31","date_gmt":"2024-05-08T11:26:31","guid":{"rendered":"https:\/\/blog.uclm.es\/artea\/?page_id=800"},"modified":"2024-05-29T09:53:03","modified_gmt":"2024-05-29T09:53:03","slug":"i-congreso-de-investigacion-en-artes-trabajos","status":"publish","type":"page","link":"https:\/\/blog.uclm.es\/artea\/i-congreso-de-investigacion-en-artes-trabajos\/","title":{"rendered":"I Congreso de Investigaci\u00f3n en Artes \/ Pr\u00e1cticas Esc\u00e9nicas y Cultura Visual \/ Env\u00edo de trabajos"},"content":{"rendered":"\n<figure class=\"wp-block-image size-large\"><img decoding=\"async\" src=\"https:\/\/blog.uclm.es\/artea\/wp-content\/uploads\/sites\/250\/2024\/05\/Cartel-A2-Vertical-Concierto-de-Jazz-Ilustrado-Multicolor-724x1024.jpg\" alt=\"\" class=\"wp-image-853\" \/><\/figure>\n\n\n\n<ul class=\"wp-block-list\">\n<li><a href=\"https:\/\/blog.uclm.es\/artea\/i-congreso-de-investigacion-en-artes-2\/\">Programaci\u00f3n<\/a><\/li>\n\n\n\n<li><a href=\"https:\/\/blog.uclm.es\/artea\/i-congreso-de-investigacion-en-artes\/\">Presentaci\u00f3n<\/a><\/li>\n\n\n\n<li><a href=\"https:\/\/blog.uclm.es\/artea\/i-congreso-de-investigacion-en-artes-practicas-escenicas-y-cultura-visual-como-llegar\/\">Como llegar<\/a><\/li>\n\n\n\n<li><a href=\"https:\/\/forms.gle\/haM3PFELPQPzp4tK9\">Formulario de inscripci\u00f3n para asistentes<\/a><\/li>\n\n\n\n<li><a href=\"https:\/\/blog.uclm.es\/artea\/i-congreso-de-investigacion-en-artes-trabajos\/\">Env\u00edo de trabajos para las propuestas seleccionadas<\/a><\/li>\n<\/ul>\n\n\n\n<p><strong>Env\u00edo de trabajos completos para las propuestas seleccionadas en la convocatoria del 6 de mayo de 2024.<\/strong><\/p>\n\n\n\n<p>Todas las propuestas deber\u00e1n ajustarse a los siguientes criterios:<\/p>\n\n\n\n<p>\u00b7&nbsp;&nbsp;&nbsp;&nbsp;&nbsp;&nbsp;&nbsp;&nbsp; Documento en formato Word<\/p>\n\n\n\n<p>\u00b7&nbsp;&nbsp;&nbsp;&nbsp;&nbsp;&nbsp;&nbsp;&nbsp; Letra Times New Roman<\/p>\n\n\n\n<p>\u00b7&nbsp;&nbsp;&nbsp;&nbsp;&nbsp;&nbsp;&nbsp;&nbsp; Cuerpo de 12 puntos<\/p>\n\n\n\n<p>\u00b7&nbsp;&nbsp;&nbsp;&nbsp;&nbsp;&nbsp;&nbsp;&nbsp; Interlineado de 1,5<\/p>\n\n\n\n<p>\u00b7&nbsp;&nbsp;&nbsp;&nbsp;&nbsp;&nbsp;&nbsp;&nbsp; M\u00e1rgenes normales: superior: 2,5 cm, inferior: 2,5 cm, derecho: 3 cm, izquierdo: 3 cm<\/p>\n\n\n\n<p>\u00b7&nbsp;&nbsp;&nbsp;&nbsp;&nbsp;&nbsp;&nbsp;&nbsp; 12 p\u00e1ginas m\u00e1ximo, incluido todo el material: fotograf\u00edas, gr\u00e1ficos, tablas, figuras, etc.<\/p>\n\n\n\n<p><strong>Para la correcta elaboraci\u00f3n&nbsp;de las citas, referencias bibliogr\u00e1ficas, figuras y tablas del texto completo de la comunicaci\u00f3n oral se deben seguir las normas APA 7.\u00aa edici\u00f3n.<\/strong><\/p>\n\n\n\n<p>La extensi\u00f3n m\u00e1xima del texto completo ser\u00e1 de<strong>&nbsp;3000 palabras<\/strong>. La totalidad del documento no podr\u00e1 exceder las&nbsp;<strong>12 p\u00e1ginas en formato Word<\/strong>, incluyendo las im\u00e1genes, gr\u00e1ficos, tablas, figuras, etc., que pudiera contener.<\/p>\n\n\n\n<p>Para la correcta publicaci\u00f3n de las comunicaciones es imprescindible que las figuras de cualquier tipo (gr\u00e1ficos, fotograf\u00edas, dibujos, etc.) tengan la calidad necesaria de reproducci\u00f3n (300 p\u00edxeles por pulgada m\u00ednimo, con el lado largo al menos de 10 cm y en formato .tiff o .jpg) y se presenten de dos formas: por un lado, en el lugar que les corresponde en el texto, y por otro, en documentos independientes, es decir, cada una de las figuras por separado en los formatos antes indicados. Es necesario que todas ellas se env\u00eden numeradas y rotuladas seg\u00fan conste en el texto de la comunicaci\u00f3n, por ejemplo: Figura1.jpg. En el texto de la comunicaci\u00f3n deber\u00e1 constar: Figura 1, con su t\u00edtulo, y en el pie de la imagen el&nbsp;<em>copyright<\/em>&nbsp;del nombre del autor; en el caso de tablas, gr\u00e1ficos, etc., se deber\u00e1 indicar \u201celaboraci\u00f3n propia\u201d, o \u201celaboraci\u00f3n propia a partir de\u201d. Las im\u00e1genes ser\u00e1n editadas en blanco y negro en el libro de actas del congreso, es necesario hacer una selecci\u00f3n adecuada de las mismas. Los autores\/as deben tener los derechos de autor de las fotos o im\u00e1genes, o la cesi\u00f3n por escrito del autor\/a original de los derechos de reproducci\u00f3n, y deber\u00e1n entregarlos a los responsables del congreso. El autor\/a de las fotos o im\u00e1genes ceder\u00e1 los derechos de reproducci\u00f3n a la organizaci\u00f3n del congreso.<\/p>\n\n\n\n<p>Las referencias bibliogr\u00e1ficas se incorporar\u00e1n al final, ordenadas alfab\u00e9ticamente seg\u00fan la<strong>&nbsp;normativa APA 7.\u00aa edici\u00f3n<\/strong>&nbsp;y estar\u00e1n incluidas en las 3000 palabras del texto completo. Podr\u00e1n incluirse notas a pie de p\u00e1gina, que se utilizar\u00e1n exclusivamente para aclaraciones del texto.<\/p>\n\n\n\n<p><strong>El plazo l\u00edmite de recepci\u00f3n de los<\/strong>&nbsp;<strong>trabajos completos<\/strong>, incluido todo el material requerido, ser\u00e1 el&nbsp;<strong>19 de junio de 2024<\/strong>.<\/p>\n\n\n\n<p>Los autores\/as son los responsables del contenido. Los trabajos deber\u00e1n estar escritos en castellano y ser originales e in\u00e9ditos, es decir, que no hayan sido publicados en ning\u00fan formato ni presentados en ning\u00fan otro congreso, certamen, festival, jornadas, etc.<\/p>\n\n\n\n<p>Los textos de las comunicaciones orales ser\u00e1n publicados en formato de cap\u00edtulo en el libro de actas del congreso con su ISBN.<\/p>\n\n\n\n<p><sup><strong><sub>AVAE \u2013 AECLM Archivo Virtual de Artes Esc\u00e9nicas \u2013 Artes Esc\u00e9nicas en Castilla-La Mancha<\/sub><\/strong><\/sup><\/p>\n\n\n\n<figure class=\"wp-block-image size-large\"><img decoding=\"async\" src=\"https:\/\/blog.uclm.es\/artea\/wp-content\/uploads\/sites\/250\/2024\/04\/logos-1024x107.jpg\" alt=\"\" class=\"wp-image-788\" \/><\/figure>\n\n\n\n<p><sup><strong><sub>En colaboraci\u00f3n con<\/sub><\/strong><\/sup><\/p>\n\n\n\n<figure class=\"wp-block-image size-full is-resized\"><img decoding=\"async\" src=\"https:\/\/blog.uclm.es\/artea\/wp-content\/uploads\/sites\/250\/2024\/05\/logo_web2x.png\" alt=\"\" class=\"wp-image-818\" style=\"width:127px;height:auto\" \/><\/figure>\n","protected":false},"excerpt":{"rendered":"<p>Env\u00edo de trabajos completos para las propuestas seleccionadas en la convocatoria del 6 de mayo de 2024. Todas las propuestas deber\u00e1n ajustarse a los siguientes criterios: \u00b7&nbsp;&nbsp;&nbsp;&nbsp;&nbsp;&nbsp;&nbsp;&nbsp; Documento en formato Word \u00b7&nbsp;&nbsp;&nbsp;&nbsp;&nbsp;&nbsp;&nbsp;&nbsp; Letra Times New Roman \u00b7&nbsp;&nbsp;&nbsp;&nbsp;&nbsp;&nbsp;&nbsp;&nbsp; Cuerpo de 12 puntos \u00b7&nbsp;&nbsp;&nbsp;&nbsp;&nbsp;&nbsp;&nbsp;&nbsp; Interlineado de 1,5 \u00b7&nbsp;&nbsp;&nbsp;&nbsp;&nbsp;&nbsp;&nbsp;&nbsp; M\u00e1rgenes normales: superior: 2,5 cm, inferior: 2,5 cm, derecho: [&hellip;]<\/p>\n","protected":false},"author":404,"featured_media":0,"parent":0,"menu_order":0,"comment_status":"closed","ping_status":"closed","template":"","meta":{"footnotes":""},"class_list":["post-800","page","type-page","status-publish","hentry"],"_links":{"self":[{"href":"https:\/\/blog.uclm.es\/artea\/wp-json\/wp\/v2\/pages\/800","targetHints":{"allow":["GET"]}}],"collection":[{"href":"https:\/\/blog.uclm.es\/artea\/wp-json\/wp\/v2\/pages"}],"about":[{"href":"https:\/\/blog.uclm.es\/artea\/wp-json\/wp\/v2\/types\/page"}],"author":[{"embeddable":true,"href":"https:\/\/blog.uclm.es\/artea\/wp-json\/wp\/v2\/users\/404"}],"replies":[{"embeddable":true,"href":"https:\/\/blog.uclm.es\/artea\/wp-json\/wp\/v2\/comments?post=800"}],"version-history":[{"count":8,"href":"https:\/\/blog.uclm.es\/artea\/wp-json\/wp\/v2\/pages\/800\/revisions"}],"predecessor-version":[{"id":865,"href":"https:\/\/blog.uclm.es\/artea\/wp-json\/wp\/v2\/pages\/800\/revisions\/865"}],"wp:attachment":[{"href":"https:\/\/blog.uclm.es\/artea\/wp-json\/wp\/v2\/media?parent=800"}],"curies":[{"name":"wp","href":"https:\/\/api.w.org\/{rel}","templated":true}]}}