{"id":791,"date":"2024-05-08T11:37:25","date_gmt":"2024-05-08T11:37:25","guid":{"rendered":"https:\/\/blog.uclm.es\/artea\/?page_id=791"},"modified":"2024-05-29T09:52:29","modified_gmt":"2024-05-29T09:52:29","slug":"i-congreso-de-investigacion-en-artes-practicas-escenicas-y-cultura-visual-como-llegar","status":"publish","type":"page","link":"https:\/\/blog.uclm.es\/artea\/i-congreso-de-investigacion-en-artes-practicas-escenicas-y-cultura-visual-como-llegar\/","title":{"rendered":"I Congreso de Investigaci\u00f3n en Artes \/ \u00a0Pr\u00e1cticas Esc\u00e9nicas y Cultura Visual \/ C\u00f3mo llegar\u00a0"},"content":{"rendered":"\n<figure class=\"wp-block-image size-large\"><img decoding=\"async\" src=\"https:\/\/blog.uclm.es\/artea\/wp-content\/uploads\/sites\/250\/2024\/05\/Cartel-A2-Vertical-Concierto-de-Jazz-Ilustrado-Multicolor-724x1024.jpg\" alt=\"\" class=\"wp-image-853\" \/><\/figure>\n\n\n\n<ul class=\"wp-block-list\">\n<li><a href=\"https:\/\/blog.uclm.es\/artea\/i-congreso-de-investigacion-en-artes-2\/\">Programaci\u00f3n<\/a><\/li>\n\n\n\n<li><a href=\"https:\/\/blog.uclm.es\/artea\/i-congreso-de-investigacion-en-artes\/\">Presentaci\u00f3n<\/a><\/li>\n\n\n\n<li><a href=\"https:\/\/blog.uclm.es\/artea\/i-congreso-de-investigacion-en-artes-practicas-escenicas-y-cultura-visual-como-llegar\/\">Como llegar<\/a><\/li>\n\n\n\n<li><a href=\"https:\/\/forms.gle\/haM3PFELPQPzp4tK9\">Formulario de inscripci\u00f3n para asistentes<\/a><\/li>\n\n\n\n<li><a href=\"https:\/\/blog.uclm.es\/artea\/i-congreso-de-investigacion-en-artes-trabajos\/\">Env\u00edo de trabajos para las propuestas seleccionadas<\/a><\/li>\n<\/ul>\n\n\n\n<p><strong>C\u00f3mo llegar<\/strong><\/p>\n\n\n\n<p><strong>A<\/strong> <strong>Facultad de Bellas Artes de Cuenca<\/strong> &#8211; C\/ Sta. Teresa Jornet, s\/n, 16002 Cuenca<\/p>\n\n\n\n<p>40.078492 | -2.146354<\/p>\n\n\n\n<p><\/p>\n\n\n\n<p>Llegada en autob\u00fas &#8211; Estaci\u00f3n de Autobuses de Cuenca, C\/ Ferm\u00edn Caballero, 20, 16004 Cuenca<\/p>\n\n\n\n<ul class=\"wp-block-list\">\n<li>Autob\u00fas &#8211; <a href=\"https:\/\/maps.app.goo.gl\/ove9jT1qBdDXmdSK9\">https:\/\/maps.app.goo.gl\/ove9jT1qBdDXmdSK9<\/a><\/li>\n\n\n\n<li>Taxi   +34 969 23 33 43<\/li>\n<\/ul>\n\n\n\n<p>Llegada en tren &#8211; Estaci\u00f3n de Cuenca-Fernando Z\u00f3bel | N-320, S\/N, 16003 Cuenca<\/p>\n\n\n\n<ul class=\"wp-block-list\">\n<li>Autob\u00fas &#8211; <a href=\"https:\/\/maps.app.goo.gl\/2GWshDDqXaBiLtC99\">https:\/\/maps.app.goo.gl\/2GWshDDqXaBiLtC99<\/a><\/li>\n\n\n\n<li>Taxi   +34 969 23 33 43<\/li>\n<\/ul>\n\n\n\n<p>Llegada en coche direcci\u00f3n &#8211; <a href=\"https:\/\/maps.app.goo.gl\/7Af4tpsSLs2WH27y6\">Facultad de Bellas Artes<\/a><\/p>\n\n\n\n<p><\/p>\n\n\n\n<p><strong>A<\/strong> <strong>Fundaci\u00f3n Antonio P\u00e9rez<\/strong> &#8211; Rda. Juli\u00e1n Romero, 20, 16001 Cuenca<\/p>\n\n\n\n<p>39.403912 | -2.429389<\/p>\n\n\n\n<p><\/p>\n\n\n\n<p>Llegada en autob\u00fas &#8211; Estaci\u00f3n de Autobuses de Cuenca, C. Ferm\u00edn Caballero, 20, 16004 Cuenca<\/p>\n\n\n\n<ul class=\"wp-block-list\">\n<li>Autob\u00fas &#8211; <a href=\"https:\/\/maps.app.goo.gl\/Rt2r64V4PTdtESvC7\">https:\/\/maps.app.goo.gl\/Rt2r64V4PTdtESvC7<\/a><\/li>\n\n\n\n<li>Taxi   +34 969 23 33 43<\/li>\n<\/ul>\n\n\n\n<p>Llegada en tren &#8211; Estaci\u00f3n de Cuenca-Fernando Z\u00f3bel | N-320, S\/N, 16003 Cuenca<\/p>\n\n\n\n<ul class=\"wp-block-list\">\n<li>Autob\u00fas &#8211; <a href=\"https:\/\/maps.app.goo.gl\/TCYEBj31gicrrXov6\">https:\/\/maps.app.goo.gl\/TCYEBj31gicrrXov6<\/a><\/li>\n\n\n\n<li>Taxi   +34 969 23 33 43<\/li>\n<\/ul>\n\n\n\n<p>Llegada en coche direcci\u00f3n &#8211; <a href=\"https:\/\/maps.app.goo.gl\/gpsW1cDQXWrpL25HA\">Antonio P\u00e9rez Foundation Museum<\/a><\/p>\n\n\n\n<p><\/p>\n\n\n\n<p><sup><strong><sub>AVAE \u2013 AECLM Archivo Virtual de Artes Esc\u00e9nicas \u2013 Artes Esc\u00e9nicas en Castilla-La Mancha<\/sub><\/strong><\/sup><\/p>\n\n\n\n<figure class=\"wp-block-image size-large\"><img decoding=\"async\" src=\"https:\/\/blog.uclm.es\/artea\/wp-content\/uploads\/sites\/250\/2024\/04\/logos-1024x107.jpg\" alt=\"\" class=\"wp-image-788\" \/><\/figure>\n\n\n\n<p><sup><strong><sub>En colaboraci\u00f3n con<\/sub><\/strong><\/sup><\/p>\n\n\n\n<figure class=\"wp-block-image size-full is-resized\"><img decoding=\"async\" src=\"https:\/\/blog.uclm.es\/artea\/wp-content\/uploads\/sites\/250\/2024\/05\/logo_web2x.png\" alt=\"\" class=\"wp-image-818\" style=\"width:119px;height:auto\" \/><\/figure>\n","protected":false},"excerpt":{"rendered":"<p>C\u00f3mo llegar A Facultad de Bellas Artes de Cuenca &#8211; C\/ Sta. Teresa Jornet, s\/n, 16002 Cuenca 40.078492 | -2.146354 Llegada en autob\u00fas &#8211; Estaci\u00f3n de Autobuses de Cuenca, C\/ Ferm\u00edn Caballero, 20, 16004 Cuenca Llegada en tren &#8211; Estaci\u00f3n de Cuenca-Fernando Z\u00f3bel | N-320, S\/N, 16003 Cuenca Llegada en coche direcci\u00f3n &#8211; Facultad de [&hellip;]<\/p>\n","protected":false},"author":404,"featured_media":0,"parent":0,"menu_order":0,"comment_status":"closed","ping_status":"closed","template":"","meta":{"footnotes":""},"class_list":["post-791","page","type-page","status-publish","hentry"],"_links":{"self":[{"href":"https:\/\/blog.uclm.es\/artea\/wp-json\/wp\/v2\/pages\/791","targetHints":{"allow":["GET"]}}],"collection":[{"href":"https:\/\/blog.uclm.es\/artea\/wp-json\/wp\/v2\/pages"}],"about":[{"href":"https:\/\/blog.uclm.es\/artea\/wp-json\/wp\/v2\/types\/page"}],"author":[{"embeddable":true,"href":"https:\/\/blog.uclm.es\/artea\/wp-json\/wp\/v2\/users\/404"}],"replies":[{"embeddable":true,"href":"https:\/\/blog.uclm.es\/artea\/wp-json\/wp\/v2\/comments?post=791"}],"version-history":[{"count":12,"href":"https:\/\/blog.uclm.es\/artea\/wp-json\/wp\/v2\/pages\/791\/revisions"}],"predecessor-version":[{"id":864,"href":"https:\/\/blog.uclm.es\/artea\/wp-json\/wp\/v2\/pages\/791\/revisions\/864"}],"wp:attachment":[{"href":"https:\/\/blog.uclm.es\/artea\/wp-json\/wp\/v2\/media?parent=791"}],"curies":[{"name":"wp","href":"https:\/\/api.w.org\/{rel}","templated":true}]}}