{"id":657,"date":"2024-02-06T11:59:32","date_gmt":"2024-02-06T11:59:32","guid":{"rendered":"https:\/\/blog.uclm.es\/artea\/?page_id=657"},"modified":"2026-02-19T10:38:04","modified_gmt":"2026-02-19T10:38:04","slug":"somos","status":"publish","type":"page","link":"https:\/\/blog.uclm.es\/artea\/somos\/","title":{"rendered":"artea"},"content":{"rendered":"\n<h2 class=\"wp-block-heading\"><\/h2>\n\n\n\n<p>Grupo orientado a la investigaci\u00f3n-creaci\u00f3n o investigaci\u00f3n basada en la pr\u00e1ctica en los \u00e1mbitos de las artes esc\u00e9nicas, las artes vivas, el cine expandido, la escritura experimental y las artes visuales. <\/p>\n\n\n\n<div style=\"height:27px\" aria-hidden=\"true\" class=\"wp-block-spacer\"><\/div>\n\n\n\n<div class=\"wp-block-buttons is-content-justification-center is-layout-flex wp-container-core-buttons-is-layout-a89b3969 wp-block-buttons-is-layout-flex\"><\/div>\n\n\n\n<div class=\"wp-block-buttons is-content-justification-center is-layout-flex wp-container-core-buttons-is-layout-a89b3969 wp-block-buttons-is-layout-flex\">\n<div class=\"wp-block-button\"><a class=\"wp-block-button__link wp-element-button\" href=\"https:\/\/blog.uclm.es\/artea\/category\/grupo-artea\/grupo-experimenta\/\">Grupo Proyecto Experimenta<\/a><\/div>\n\n\n\n<div class=\"wp-block-button\"><a class=\"wp-block-button__link wp-element-button\" href=\"https:\/\/blog.uclm.es\/artea\/category\/grupo-artea\/artea-uclm\/\">Grupo UCLM<\/a><\/div>\n\n\n\n<div class=\"wp-block-button\"><a class=\"wp-block-button__link wp-element-button\" href=\"https:\/\/blog.uclm.es\/artea\/category\/grupo-artea\/equipo_aeclm\/\">Grupo Proyecto AECLM<\/a><\/div>\n<\/div>\n\n\n\n<div class=\"wp-block-buttons is-content-justification-center is-layout-flex wp-container-core-buttons-is-layout-a89b3969 wp-block-buttons-is-layout-flex\">\n<div class=\"wp-block-button\"><a class=\"wp-block-button__link wp-element-button\" href=\"https:\/\/blog.uclm.es\/artea\/category\/grupo-artea\/colaboradors-artea\/\">Colaborador+s<\/a><\/div>\n\n\n\n<div class=\"wp-block-button\"><a class=\"wp-block-button__link wp-element-button\" href=\"https:\/\/blog.uclm.es\/artea\/category\/grupo-artea\/\">Tod+s<\/a><\/div>\n<\/div>\n\n\n\n<div style=\"height:30px\" aria-hidden=\"true\" class=\"wp-block-spacer\"><\/div>\n\n\n\n<p>En sus inicios, el grupo se centr\u00f3 en la investigaci\u00f3n sobre artes esc\u00e9nicas contempor\u00e1neas, con espacial atenci\u00f3n al \u00e1mbito espa\u00f1ol y latinoamericano. Esta primera l\u00ednea de investigaci\u00f3n dio lugar al <a href=\"https:\/\/blog.uclm.es\/archivoartea\/\">Archivo Virtual de Artes Esc\u00e9nicas<\/a>. En un segundo momento, y coincidiendo con el desarrollo del <a href=\"https:\/\/blog.uclm.es\/artea\/2023\/09\/17\/master-en-practica-escenica-y-cultura-visual\/\" data-type=\"post\" data-id=\"2084\">Master en Pr\u00e1ctica Esc\u00e9nica y Cultura Visual<\/a>, en colaboraci\u00f3n con el Museo Reina Sof\u00eda, el grupo redefini\u00f3 su campo de acci\u00f3n en torno al t\u00e9rmino de artes vivas, lo que dio lugar a un cambio de denominaci\u00f3n del AVAE, que ahora se llama <a href=\"https:\/\/archivoartea.uclm.es\" data-type=\"link\" data-id=\"https:\/\/archivoartea.uclm.es\" target=\"_blank\" rel=\"noreferrer noopener\">Archivo Artea<\/a>. Los \u00faltimos proyectos de investigaci\u00f3n y el desarrollo del programa de doctorado nos llevaron a una nueva orientaci\u00f3n hacia la investigaci\u00f3n-creaci\u00f3n o investigaci\u00f3n basada en la pr\u00e1ctica, en las \u00e1reas anteriormente se\u00f1aladas. El grupo tiene su sede en la <a href=\"https:\/\/bellasartesuclm.com\" data-type=\"link\" data-id=\"https:\/\/bellasartesuclm.com\" target=\"_blank\" rel=\"noreferrer noopener\">Facultad de Bellas Artes de Cuenca <\/a>(UCLM), aunque est\u00e1 integrado por artistas e investigadores de diferentes universidades as\u00ed como artistas independientes. Igualmente su actividad se desarrolla en colaboraci\u00f3n con diferentes universidades, instituciones, asociaciones y agentes art\u00edsticos y culturales.<\/p>\n\n\n\n<p><\/p>\n\n\n\n<p><\/p>\n","protected":false},"excerpt":{"rendered":"<p>Grupo orientado a la investigaci\u00f3n-creaci\u00f3n o investigaci\u00f3n basada en la pr\u00e1ctica en los \u00e1mbitos de las artes esc\u00e9nicas, las artes vivas, el cine expandido, la escritura experimental y las artes visuales. En sus inicios, el grupo se centr\u00f3 en la investigaci\u00f3n sobre artes esc\u00e9nicas contempor\u00e1neas, con espacial atenci\u00f3n al \u00e1mbito espa\u00f1ol y latinoamericano. Esta primera [&hellip;]<\/p>\n","protected":false},"author":404,"featured_media":1437,"parent":0,"menu_order":0,"comment_status":"closed","ping_status":"closed","template":"","meta":{"footnotes":""},"class_list":["post-657","page","type-page","status-publish","has-post-thumbnail","hentry"],"_links":{"self":[{"href":"https:\/\/blog.uclm.es\/artea\/wp-json\/wp\/v2\/pages\/657","targetHints":{"allow":["GET"]}}],"collection":[{"href":"https:\/\/blog.uclm.es\/artea\/wp-json\/wp\/v2\/pages"}],"about":[{"href":"https:\/\/blog.uclm.es\/artea\/wp-json\/wp\/v2\/types\/page"}],"author":[{"embeddable":true,"href":"https:\/\/blog.uclm.es\/artea\/wp-json\/wp\/v2\/users\/404"}],"replies":[{"embeddable":true,"href":"https:\/\/blog.uclm.es\/artea\/wp-json\/wp\/v2\/comments?post=657"}],"version-history":[{"count":32,"href":"https:\/\/blog.uclm.es\/artea\/wp-json\/wp\/v2\/pages\/657\/revisions"}],"predecessor-version":[{"id":4101,"href":"https:\/\/blog.uclm.es\/artea\/wp-json\/wp\/v2\/pages\/657\/revisions\/4101"}],"wp:featuredmedia":[{"embeddable":true,"href":"https:\/\/blog.uclm.es\/artea\/wp-json\/wp\/v2\/media\/1437"}],"wp:attachment":[{"href":"https:\/\/blog.uclm.es\/artea\/wp-json\/wp\/v2\/media?parent=657"}],"curies":[{"name":"wp","href":"https:\/\/api.w.org\/{rel}","templated":true}]}}