{"id":2444,"date":"2025-06-20T08:40:09","date_gmt":"2025-06-20T08:40:09","guid":{"rendered":"https:\/\/blog.uclm.es\/artea\/?page_id=2444"},"modified":"2025-06-20T12:35:31","modified_gmt":"2025-06-20T12:35:31","slug":"experimenta-2","status":"publish","type":"page","link":"https:\/\/blog.uclm.es\/artea\/experimenta-2\/","title":{"rendered":"Experimenta"},"content":{"rendered":"\n<figure class=\"wp-block-image size-full\"><img loading=\"lazy\" decoding=\"async\" width=\"768\" height=\"768\" src=\"https:\/\/blog.uclm.es\/artea\/wp-content\/uploads\/sites\/250\/2025\/01\/Experimenta.jpeg\" alt=\"\" class=\"wp-image-1634\" srcset=\"https:\/\/blog.uclm.es\/artea\/wp-content\/uploads\/sites\/250\/2025\/01\/Experimenta.jpeg 768w, https:\/\/blog.uclm.es\/artea\/wp-content\/uploads\/sites\/250\/2025\/01\/Experimenta-300x300.jpeg 300w, https:\/\/blog.uclm.es\/artea\/wp-content\/uploads\/sites\/250\/2025\/01\/Experimenta-150x150.jpeg 150w\" sizes=\"auto, (max-width: 768px) 100vw, 768px\" \/><\/figure>\n\n\n\n<h4 class=\"wp-block-heading\"><strong>EXPERIMENTA<\/strong>. <strong>Pr\u00e1cticas expandidas de investigaci\u00f3n-creaci\u00f3n: experimentalidad y genealog\u00eda<\/strong>.<\/h4>\n\n\n\n<p class=\"has-text-align-right\"><a href=\"\/\/blog.uclm.es\/artea\/experimenta\/\" data-type=\"post\" data-id=\"1221\" target=\"_blank\" rel=\"noreferrer noopener\"><strong>EN<\/strong><\/a><\/p>\n\n\n\n<p>Este proyecto plantea la creaci\u00f3n de un marco y una comunidad de investigaci\u00f3n experimental para la producci\u00f3n art\u00edstica, la elaboraci\u00f3n de metodolog\u00edas de investigaci\u00f3n-creaci\u00f3n y el estudio geneal\u00f3gico de pr\u00e1cticas experimentales en el \u00e1mbito de las artes vivas y otras pr\u00e1cticas art\u00edsticas expandidas, con especial atenci\u00f3n a la escritura experimental, el paracinema y el site specific.  <a href=\"https:\/\/blog.uclm.es\/artea\/experimenta-resumen-abstract\/\" data-type=\"page\" data-id=\"1205\">Leer m\u00e1s<\/a><\/p>\n\n\n\n<p>Fecha de inicio: 01\/09\/2024. Fecha fin: 31\/08\/2028.<\/p>\n\n\n\n<h5 class=\"wp-block-heading\" id=\"block-7b5b5dc9-7601-4d6c-9261-acca034849c1\">Equipo de investigaci\u00f3n: <\/h5>\n\n\n\n<p id=\"block-7b5b5dc9-7601-4d6c-9261-acca034849c1\">IP: Jos\u00e9 A. S\u00e1nchez (UCLM).. Equipo: Isis Saz, Esperanza Collado, Ra\u00fal Hidalgo, Mar\u00eda Salgado (UCLM), Victoria P\u00e9rez Royo (U. de Zaragoza), \u00d3scar Cornago (CSIC), Gloria Dur\u00e1n (U. de Salamanca), Ixiar Rozas (U. Mondrag\u00f3n), Arantxa Romero (U. Carlos III). Equipo de trabajo: Romina Casile, Silvia Zayas, Tzu-han Hung, Natalia Salazar Turienzo, Irene Mahugo, Youssef Taki, Dami\u00e1n Montesdeoca (UCLM), Erea Fern\u00e1ndez (UCM), Giulia Palladini (U. La Sapienza, Roma), Antonio Prieto Stambaugh (U. Veracruzana), Anja Isabel Schneider (Centre Allemand d&#8217;historie de l&#8217;art, Paris), Erik Bullot (\u00c9cole Superior d&#8217;art de Bourges), Shaday Larios (Microscop\u00eda Teatro), (UCLM), Laia Arg\u00fcelles (U. Zaragoza), Marta Azparren (U. Pompeu Fabra).  <a href=\"https:\/\/blog.uclm.es\/artea\/category\/equipo-experimenta\/\" data-type=\"category\" data-id=\"110\">Ver detalle<\/a><\/p>\n\n\n\n<h5 class=\"wp-block-heading\"><a href=\"https:\/\/blog.uclm.es\/artea\/experimenta-actividades\/\">&gt;&gt;Actividades P\u00fablicas<\/a><\/h5>\n\n\n\n<h6 class=\"wp-block-heading\"><a href=\"\/\/blog.uclm.es\/artea\/experimenta\/\">Living Arts and Expanded Practices for artistic research: experiment and genealogy<\/a> <\/h6>\n\n\n\n<p id=\"block-93e93345-3ad2-4015-94e5-6ad05afdac5d\">Subproyecto 1 del proyecto de investigaci\u00f3n coordinado <a href=\"https:\/\/blog.uclm.es\/joseasanchez\/2024\/07\/26\/eclar\/\">ECLAR<\/a><\/p>\n\n\n\n<p id=\"block-909c57f0-bbab-4ecc-b630-2569f69e9928\">Proyecto PID2023-148236NB-C21. Financiado por la Agencia Estatal de Investigaci\u00f3n (AEI-MICIU) 10.13039\/501100011033 y por FEDER,UE.<\/p>\n\n\n\n<p><\/p>\n\n\n\n<figure class=\"wp-block-image aligncenter size-full is-resized\"><img loading=\"lazy\" decoding=\"async\" width=\"866\" height=\"169\" src=\"https:\/\/blog.uclm.es\/artea\/wp-content\/uploads\/sites\/250\/2025\/01\/image.png\" alt=\"\" class=\"wp-image-2093\" style=\"width:302px;height:auto\" srcset=\"https:\/\/blog.uclm.es\/artea\/wp-content\/uploads\/sites\/250\/2025\/01\/image.png 866w, https:\/\/blog.uclm.es\/artea\/wp-content\/uploads\/sites\/250\/2025\/01\/image-300x59.png 300w, https:\/\/blog.uclm.es\/artea\/wp-content\/uploads\/sites\/250\/2025\/01\/image-768x150.png 768w\" sizes=\"auto, (max-width: 866px) 100vw, 866px\" \/><\/figure>\n","protected":false},"excerpt":{"rendered":"<p>EXPERIMENTA. Pr\u00e1cticas expandidas de investigaci\u00f3n-creaci\u00f3n: experimentalidad y genealog\u00eda. EN Este proyecto plantea la creaci\u00f3n de un marco y una comunidad de investigaci\u00f3n experimental para la producci\u00f3n art\u00edstica, la elaboraci\u00f3n de metodolog\u00edas de investigaci\u00f3n-creaci\u00f3n y el estudio geneal\u00f3gico de pr\u00e1cticas experimentales en el \u00e1mbito de las artes vivas y otras pr\u00e1cticas art\u00edsticas expandidas, con especial atenci\u00f3n [&hellip;]<\/p>\n","protected":false},"author":285,"featured_media":1634,"parent":0,"menu_order":0,"comment_status":"closed","ping_status":"closed","template":"","meta":{"footnotes":""},"class_list":["post-2444","page","type-page","status-publish","has-post-thumbnail","hentry"],"_links":{"self":[{"href":"https:\/\/blog.uclm.es\/artea\/wp-json\/wp\/v2\/pages\/2444","targetHints":{"allow":["GET"]}}],"collection":[{"href":"https:\/\/blog.uclm.es\/artea\/wp-json\/wp\/v2\/pages"}],"about":[{"href":"https:\/\/blog.uclm.es\/artea\/wp-json\/wp\/v2\/types\/page"}],"author":[{"embeddable":true,"href":"https:\/\/blog.uclm.es\/artea\/wp-json\/wp\/v2\/users\/285"}],"replies":[{"embeddable":true,"href":"https:\/\/blog.uclm.es\/artea\/wp-json\/wp\/v2\/comments?post=2444"}],"version-history":[{"count":9,"href":"https:\/\/blog.uclm.es\/artea\/wp-json\/wp\/v2\/pages\/2444\/revisions"}],"predecessor-version":[{"id":2472,"href":"https:\/\/blog.uclm.es\/artea\/wp-json\/wp\/v2\/pages\/2444\/revisions\/2472"}],"wp:featuredmedia":[{"embeddable":true,"href":"https:\/\/blog.uclm.es\/artea\/wp-json\/wp\/v2\/media\/1634"}],"wp:attachment":[{"href":"https:\/\/blog.uclm.es\/artea\/wp-json\/wp\/v2\/media?parent=2444"}],"curies":[{"name":"wp","href":"https:\/\/api.w.org\/{rel}","templated":true}]}}