{"id":1508,"date":"2025-06-15T10:14:45","date_gmt":"2025-06-15T10:14:45","guid":{"rendered":"https:\/\/blog.uclm.es\/artea\/?page_id=1508"},"modified":"2026-04-14T09:55:54","modified_gmt":"2026-04-14T09:55:54","slug":"calendario","status":"publish","type":"page","link":"https:\/\/blog.uclm.es\/artea\/calendario\/","title":{"rendered":"Agenda"},"content":{"rendered":"\n<h2 class=\"wp-block-heading\">Agenda<\/h2>\n\n\n\n<p>2026<\/p>\n\n\n\n<p><strong>Abril<\/strong><\/p>\n\n\n\n<p>Dami\u00e1n Montesdeoca. Taller <strong>Se abre el tel\u00f3n y se cae el del medio<\/strong>. <a href=\"https:\/\/lodelfestivalico.es\" data-type=\"link\" data-id=\"https:\/\/lodelfestivalico.es\">El Festivalico<\/a>. Escuela de Arte de Almer\u00eda. 18 de abril de 2026.<\/p>\n\n\n\n<p><strong>II Seminario de Investigaci\u00f3n Experimenta:<\/strong> <strong>Comunidades so\u00f1antes.<\/strong> Laboratorio y programa p\u00fablico. Museo de Arte Abstracto de Cuenca y Facultad de Bellas Artes. 28-30 de abril de 2026. <a href=\"https:\/\/blog.uclm.es\/artea\/2026\/04\/07\/comunidades-sonantes-ii-seminario-de-investigacion-experimenta\/\" data-type=\"link\" data-id=\"https:\/\/blog.uclm.es\/artea\/2026\/04\/07\/comunidades-sonantes-ii-seminario-de-investigacion-experimenta\/\">Programa<\/a>.<\/p>\n\n\n\n<p>Youssef Taki. Exposici\u00f3n. <strong><a href=\"https:\/\/powerhousearts.org\/conductor\"><em>CONDUCTOR<\/em> Art Fair of the Global Majority<\/a><\/strong>, Brooklyn, Nueva York, 29 de abril al 3 de mayo de 2026.<\/p>\n\n\n\n<p>Youssef Taki. (Colectivo Al&#8217; Akhawat). Presentaci\u00f3n de residencia anual. <strong><a href=\"https:\/\/www.lacasaencendida.es\/biblioteca\/os-damos-las-referencias-que-nos-faltaron?eventId=9983\"><em>Os damos las referencias que nos faltaron<\/em><\/a><\/strong>. La Casa Encendida, 16 de abril de 2026.<\/p>\n\n\n\n<p><strong>Mayo<\/strong><\/p>\n\n\n\n<p>Youssef Taki y Agnes Essonti. ReX Radio Experimenta. <strong>Episodio 7 &#8211;<em>Dar la cara<\/em>.<\/strong> <a href=\"https:\/\/radio.lacasaencendida.es\/programas\/radio-experimenta\/\" data-type=\"link\" data-id=\"https:\/\/radio.lacasaencendida.es\/programas\/radio-experimenta\/\">Radio de la Casa Encendida<\/a>, Madrid. Disponible partir en Mayo de 2026.<\/p>\n\n\n\n<p>Dami\u00e1n Montesdeoca, Youssef Taki y Beatriz Morales Manzanaro, <strong><a href=\"https:\/\/alamanchamanchega.com\/la-mancha-hierve\/\">La Mancha Hierve<\/a><\/strong>. Herencia, 9 y 10 de mayo de 2026.<\/p>\n\n\n\n<p>Dami\u00e1n Montesdeoca y <a href=\"https:\/\/blog.uclm.es\/archivoartea\/2018\/06\/07\/amaia-bono-jimenez\/\" data-type=\"link\" data-id=\"https:\/\/blog.uclm.es\/archivoartea\/2018\/06\/07\/amaia-bono-jimenez\/\">Amaia Bono<\/a>. Espect\u00e1culo <strong>Palabrer\u00eda Pesada<\/strong>. <a href=\"https:\/\/www.teatroscanal.com\/espectaculo\/palabreria-pesada-amaia-bono-damian-montesdeoca-tc2526\/\" data-type=\"link\" data-id=\"https:\/\/www.teatroscanal.com\/espectaculo\/palabreria-pesada-amaia-bono-damian-montesdeoca-tc2526\/\">Teatros del Canal<\/a>. Ciclo de Artes Vivas y Performance. Madrid, 23 de mayo de 2026.<\/p>\n\n\n\n<p>Carmen Escudero. Encuentro <strong>Coreograf\u00edas del Hogar<\/strong>. 27 de mayo de 2026. <a href=\"https:\/\/docs.google.com\/forms\/d\/e\/1FAIpQLSeB2VsImhZXiddin0xYrKOzTsSUN5h-eDZwydplMNs-j8ZYAw\/viewform?pli=1\" data-type=\"link\" data-id=\"https:\/\/docs.google.com\/forms\/d\/e\/1FAIpQLSeB2VsImhZXiddin0xYrKOzTsSUN5h-eDZwydplMNs-j8ZYAw\/viewform?pli=1\">Convocatoria abierta<\/a> del 13 de abril al 4 de mayo. <\/p>\n\n\n\n<p>Youssef Taki. Exposici\u00f3n. <em><strong><a href=\"https:\/\/visitacuenca.es\/es\/content\/servicios-culturales\/sala-acua-uclm\">Al filo de la imagen<\/a><\/strong><\/em>, Sala Acua en Cuenca, 14 de mayo al 31 de mayo de 2026.<\/p>\n\n\n\n<p>Youssef Taki. Exposici\u00f3n. (Colectivo Al&#8217; Akhawat) <strong><a href=\"https:\/\/powerhousearts.org\/conductor\"><em><strong>Majlis de la Universidad Popular del Mediod\u00ed<\/strong>a<\/em><\/a>, Casa de Porras<\/strong>, Granada, 5 de Mayo de 2026.<\/p>\n\n\n\n<p>Youssef Taki. Seminario. (Colectivo Al&#8217; Akhawat). <strong><em><strong>Po\u00e9ticas del encuentro. Majlis Al&#8217; Akhawat<\/strong><\/em>, <\/strong>La Casa Encendida, Madrid, 20 de Mayo de 2026.<\/p>\n\n\n\n<p><strong>Junio<\/strong><\/p>\n\n\n\n<p>Jos\u00e9 A. S\u00e1nchez. <strong><em><a href=\"https:\/\/blog.uclm.es\/artea\/2026\/03\/18\/arte-y-poder\/\" data-type=\"post\" data-id=\"4201\">Arte y poder, a partir de la categor\u00eda de esperpento<\/a>.<\/em> <\/strong>Academia La Central, Madrid, del 2 al 30 de junio de 2026<\/p>\n\n\n\n<p>Youssef Taki. Exposici\u00f3n. (Colectivo Al&#8217; Akhawat). <em><strong>Y el oeste no exist\u00eda<\/strong>.<\/em> Galer\u00eda Tangent Proyects. Barcelona. 25 de junio a 10 de septiembre de 2026. <\/p>\n\n\n\n<p class=\"has-text-align-center\">***<\/p>\n\n\n\n<h5 class=\"wp-block-heading\"><\/h5>\n\n\n\n<p><\/p>\n\n\n\n<p><\/p>\n","protected":false},"excerpt":{"rendered":"<p>Agenda 2026 Abril Dami\u00e1n Montesdeoca. Taller Se abre el tel\u00f3n y se cae el del medio. El Festivalico. Escuela de Arte de Almer\u00eda. 18 de abril de 2026. II Seminario de Investigaci\u00f3n Experimenta: Comunidades so\u00f1antes. Laboratorio y programa p\u00fablico. Museo de Arte Abstracto de Cuenca y Facultad de Bellas Artes. 28-30 de abril de 2026. [&hellip;]<\/p>\n","protected":false},"author":285,"featured_media":0,"parent":0,"menu_order":0,"comment_status":"closed","ping_status":"closed","template":"","meta":{"footnotes":""},"class_list":["post-1508","page","type-page","status-publish","hentry"],"_links":{"self":[{"href":"https:\/\/blog.uclm.es\/artea\/wp-json\/wp\/v2\/pages\/1508","targetHints":{"allow":["GET"]}}],"collection":[{"href":"https:\/\/blog.uclm.es\/artea\/wp-json\/wp\/v2\/pages"}],"about":[{"href":"https:\/\/blog.uclm.es\/artea\/wp-json\/wp\/v2\/types\/page"}],"author":[{"embeddable":true,"href":"https:\/\/blog.uclm.es\/artea\/wp-json\/wp\/v2\/users\/285"}],"replies":[{"embeddable":true,"href":"https:\/\/blog.uclm.es\/artea\/wp-json\/wp\/v2\/comments?post=1508"}],"version-history":[{"count":97,"href":"https:\/\/blog.uclm.es\/artea\/wp-json\/wp\/v2\/pages\/1508\/revisions"}],"predecessor-version":[{"id":4282,"href":"https:\/\/blog.uclm.es\/artea\/wp-json\/wp\/v2\/pages\/1508\/revisions\/4282"}],"wp:attachment":[{"href":"https:\/\/blog.uclm.es\/artea\/wp-json\/wp\/v2\/media?parent=1508"}],"curies":[{"name":"wp","href":"https:\/\/api.w.org\/{rel}","templated":true}]}}