{"id":1440,"date":"2025-06-14T16:06:17","date_gmt":"2025-06-14T16:06:17","guid":{"rendered":"https:\/\/blog.uclm.es\/artea\/?page_id=1440"},"modified":"2026-02-06T08:54:30","modified_gmt":"2026-02-06T08:54:30","slug":"buscar","status":"publish","type":"page","link":"https:\/\/blog.uclm.es\/artea\/buscar\/","title":{"rendered":"Buscar"},"content":{"rendered":"<form role=\"search\" method=\"get\" action=\"https:\/\/blog.uclm.es\/artea\/\" class=\"wp-block-search__button-outside wp-block-search__icon-button wp-block-search\"    ><label class=\"wp-block-search__label\" for=\"wp-block-search__input-1\" >Buscar<\/label><div class=\"wp-block-search__inside-wrapper\" ><input class=\"wp-block-search__input\" id=\"wp-block-search__input-1\" placeholder=\"\" value=\"\" type=\"search\" name=\"s\" required \/><button aria-label=\"Buscar\" class=\"wp-block-search__button has-icon wp-element-button\" type=\"submit\" ><svg class=\"search-icon\" viewBox=\"0 0 24 24\" width=\"24\" height=\"24\">\n\t\t\t\t\t<path d=\"M13 5c-3.3 0-6 2.7-6 6 0 1.4.5 2.7 1.3 3.7l-3.8 3.8 1.1 1.1 3.8-3.8c1 .8 2.3 1.3 3.7 1.3 3.3 0 6-2.7 6-6S16.3 5 13 5zm0 10.5c-2.5 0-4.5-2-4.5-4.5s2-4.5 4.5-4.5 4.5 2 4.5 4.5-2 4.5-4.5 4.5z\"><\/path>\n\t\t\t\t<\/svg><\/button><\/div><\/form>\n\n\n<div style=\"height:27px\" aria-hidden=\"true\" class=\"wp-block-spacer\"><\/div>\n\n\n<p class=\"wp-block-tag-cloud\"><a href=\"https:\/\/blog.uclm.es\/artea\/tag\/accion\/\" class=\"tag-cloud-link tag-link-106 tag-link-position-1\" style=\"font-size: 13.764705882353pt;\" aria-label=\"acci\u00f3n (8 elementos)\">acci\u00f3n<\/a>\n<a href=\"https:\/\/blog.uclm.es\/artea\/tag\/afecto\/\" class=\"tag-cloud-link tag-link-158 tag-link-position-2\" style=\"font-size: 10.964705882353pt;\" aria-label=\"afectos (5 elementos)\">afectos<\/a>\n<a href=\"https:\/\/blog.uclm.es\/artea\/tag\/archivo\/\" class=\"tag-cloud-link tag-link-72 tag-link-position-3\" style=\"font-size: 8pt;\" aria-label=\"archivo (3 elementos)\">archivo<\/a>\n<a href=\"https:\/\/blog.uclm.es\/artea\/tag\/archivo-virtual\/\" class=\"tag-cloud-link tag-link-48 tag-link-position-4\" style=\"font-size: 10.964705882353pt;\" aria-label=\"archivo virtual (5 elementos)\">archivo virtual<\/a>\n<a href=\"https:\/\/blog.uclm.es\/artea\/tag\/arte-de-accion\/\" class=\"tag-cloud-link tag-link-108 tag-link-position-5\" style=\"font-size: 10.964705882353pt;\" aria-label=\"arte de acci\u00f3n (5 elementos)\">arte de acci\u00f3n<\/a>\n<a href=\"https:\/\/blog.uclm.es\/artea\/tag\/artes-escenicas\/\" class=\"tag-cloud-link tag-link-80 tag-link-position-6\" style=\"font-size: 17.058823529412pt;\" aria-label=\"artes esc\u00e9nicas (13 elementos)\">artes esc\u00e9nicas<\/a>\n<a href=\"https:\/\/blog.uclm.es\/artea\/tag\/artes-visuales\/\" class=\"tag-cloud-link tag-link-142 tag-link-position-7\" style=\"font-size: 8pt;\" aria-label=\"artes visuales (3 elementos)\">artes visuales<\/a>\n<a href=\"https:\/\/blog.uclm.es\/artea\/tag\/artes-vivas\/\" class=\"tag-cloud-link tag-link-32 tag-link-position-8\" style=\"font-size: 19.858823529412pt;\" aria-label=\"artes vivas (20 elementos)\">artes vivas<\/a>\n<a href=\"https:\/\/blog.uclm.es\/artea\/tag\/comunidad\/\" class=\"tag-cloud-link tag-link-104 tag-link-position-9\" style=\"font-size: 10.964705882353pt;\" aria-label=\"comunidad (5 elementos)\">comunidad<\/a>\n<a href=\"https:\/\/blog.uclm.es\/artea\/tag\/conflicto\/\" class=\"tag-cloud-link tag-link-63 tag-link-position-10\" style=\"font-size: 8pt;\" aria-label=\"conflicto (3 elementos)\">conflicto<\/a>\n<a href=\"https:\/\/blog.uclm.es\/artea\/tag\/coreografia\/\" class=\"tag-cloud-link tag-link-124 tag-link-position-11\" style=\"font-size: 8pt;\" aria-label=\"coreograf\u00eda (3 elementos)\">coreograf\u00eda<\/a>\n<a href=\"https:\/\/blog.uclm.es\/artea\/tag\/cuerpo\/\" class=\"tag-cloud-link tag-link-17 tag-link-position-12\" style=\"font-size: 22pt;\" aria-label=\"cuerpo (27 elementos)\">cuerpo<\/a>\n<a href=\"https:\/\/blog.uclm.es\/artea\/tag\/danza\/\" class=\"tag-cloud-link tag-link-78 tag-link-position-13\" style=\"font-size: 17.552941176471pt;\" aria-label=\"danza (14 elementos)\">danza<\/a>\n<a href=\"https:\/\/blog.uclm.es\/artea\/tag\/democracia\/\" class=\"tag-cloud-link tag-link-135 tag-link-position-14\" style=\"font-size: 8pt;\" aria-label=\"democracia (3 elementos)\">democracia<\/a>\n<a href=\"https:\/\/blog.uclm.es\/artea\/tag\/documentacion\/\" class=\"tag-cloud-link tag-link-85 tag-link-position-15\" style=\"font-size: 8pt;\" aria-label=\"documentaci\u00f3n (3 elementos)\">documentaci\u00f3n<\/a>\n<a href=\"https:\/\/blog.uclm.es\/artea\/tag\/dramaturgia\/\" class=\"tag-cloud-link tag-link-105 tag-link-position-16\" style=\"font-size: 8pt;\" aria-label=\"dramaturgia (3 elementos)\">dramaturgia<\/a>\n<a href=\"https:\/\/blog.uclm.es\/artea\/tag\/ecologia\/\" class=\"tag-cloud-link tag-link-145 tag-link-position-17\" style=\"font-size: 8pt;\" aria-label=\"ecolog\u00eda (3 elementos)\">ecolog\u00eda<\/a>\n<a href=\"https:\/\/blog.uclm.es\/artea\/tag\/efimero\/\" class=\"tag-cloud-link tag-link-132 tag-link-position-18\" style=\"font-size: 8pt;\" aria-label=\"ef\u00edmero (3 elementos)\">ef\u00edmero<\/a>\n<a href=\"https:\/\/blog.uclm.es\/artea\/tag\/encuentro\/\" class=\"tag-cloud-link tag-link-6 tag-link-position-19\" style=\"font-size: 8pt;\" aria-label=\"encuentro (3 elementos)\">encuentro<\/a>\n<a href=\"https:\/\/blog.uclm.es\/artea\/tag\/escritura\/\" class=\"tag-cloud-link tag-link-129 tag-link-position-20\" style=\"font-size: 12.117647058824pt;\" aria-label=\"escritura (6 elementos)\">escritura<\/a>\n<a href=\"https:\/\/blog.uclm.es\/artea\/tag\/experimentalidad\/\" class=\"tag-cloud-link tag-link-46 tag-link-position-21\" style=\"font-size: 8pt;\" aria-label=\"experimentalidad (3 elementos)\">experimentalidad<\/a>\n<a href=\"https:\/\/blog.uclm.es\/artea\/tag\/historia\/\" class=\"tag-cloud-link tag-link-74 tag-link-position-22\" style=\"font-size: 10.964705882353pt;\" aria-label=\"historia (5 elementos)\">historia<\/a>\n<a href=\"https:\/\/blog.uclm.es\/artea\/tag\/imagen\/\" class=\"tag-cloud-link tag-link-152 tag-link-position-23\" style=\"font-size: 8pt;\" aria-label=\"imagen (3 elementos)\">imagen<\/a>\n<a href=\"https:\/\/blog.uclm.es\/artea\/tag\/imaginarios-sociales\/\" class=\"tag-cloud-link tag-link-81 tag-link-position-24\" style=\"font-size: 8pt;\" aria-label=\"imaginarios sociales (3 elementos)\">imaginarios sociales<\/a>\n<a href=\"https:\/\/blog.uclm.es\/artea\/tag\/investigacion-creacion\/\" class=\"tag-cloud-link tag-link-116 tag-link-position-25\" style=\"font-size: 9.6470588235294pt;\" aria-label=\"investigaci\u00f3n-creacion (4 elementos)\">investigaci\u00f3n-creacion<\/a>\n<a href=\"https:\/\/blog.uclm.es\/artea\/tag\/juego\/\" class=\"tag-cloud-link tag-link-174 tag-link-position-26\" style=\"font-size: 9.6470588235294pt;\" aria-label=\"juego (4 elementos)\">juego<\/a>\n<a href=\"https:\/\/blog.uclm.es\/artea\/tag\/lenguaje\/\" class=\"tag-cloud-link tag-link-162 tag-link-position-27\" style=\"font-size: 8pt;\" aria-label=\"lenguaje (3 elementos)\">lenguaje<\/a>\n<a href=\"https:\/\/blog.uclm.es\/artea\/tag\/memoria\/\" class=\"tag-cloud-link tag-link-73 tag-link-position-28\" style=\"font-size: 13.764705882353pt;\" aria-label=\"memoria (8 elementos)\">memoria<\/a>\n<a href=\"https:\/\/blog.uclm.es\/artea\/tag\/mncars\/\" class=\"tag-cloud-link tag-link-65 tag-link-position-29\" style=\"font-size: 18.376470588235pt;\" aria-label=\"mncars (16 elementos)\">mncars<\/a>\n<a href=\"https:\/\/blog.uclm.es\/artea\/tag\/mpecv\/\" class=\"tag-cloud-link tag-link-70 tag-link-position-30\" style=\"font-size: 15.247058823529pt;\" aria-label=\"mpecv (10 elementos)\">mpecv<\/a>\n<a href=\"https:\/\/blog.uclm.es\/artea\/tag\/muipav\/\" class=\"tag-cloud-link tag-link-56 tag-link-position-31\" style=\"font-size: 12.117647058824pt;\" aria-label=\"muipav (6 elementos)\">muipav<\/a>\n<a href=\"https:\/\/blog.uclm.es\/artea\/tag\/participacion\/\" class=\"tag-cloud-link tag-link-136 tag-link-position-32\" style=\"font-size: 9.6470588235294pt;\" aria-label=\"participaci\u00f3n (4 elementos)\">participaci\u00f3n<\/a>\n<a href=\"https:\/\/blog.uclm.es\/artea\/tag\/pedagogia\/\" class=\"tag-cloud-link tag-link-107 tag-link-position-33\" style=\"font-size: 8pt;\" aria-label=\"pedagog\u00eda (3 elementos)\">pedagog\u00eda<\/a>\n<a href=\"https:\/\/blog.uclm.es\/artea\/tag\/pensamiento\/\" class=\"tag-cloud-link tag-link-25 tag-link-position-34\" style=\"font-size: 18.376470588235pt;\" aria-label=\"pensamiento (16 elementos)\">pensamiento<\/a>\n<a href=\"https:\/\/blog.uclm.es\/artea\/tag\/performance\/\" class=\"tag-cloud-link tag-link-21 tag-link-position-35\" style=\"font-size: 16.4pt;\" aria-label=\"performance (12 elementos)\">performance<\/a>\n<a href=\"https:\/\/blog.uclm.es\/artea\/tag\/performatividad\/\" class=\"tag-cloud-link tag-link-55 tag-link-position-36\" style=\"font-size: 8pt;\" aria-label=\"performatividad (3 elementos)\">performatividad<\/a>\n<a href=\"https:\/\/blog.uclm.es\/artea\/tag\/poesia\/\" class=\"tag-cloud-link tag-link-130 tag-link-position-37\" style=\"font-size: 10.964705882353pt;\" aria-label=\"poes\u00eda (5 elementos)\">poes\u00eda<\/a>\n<a href=\"https:\/\/blog.uclm.es\/artea\/tag\/politica\/\" class=\"tag-cloud-link tag-link-69 tag-link-position-38\" style=\"font-size: 12.941176470588pt;\" aria-label=\"pol\u00edtica (7 elementos)\">pol\u00edtica<\/a>\n<a href=\"https:\/\/blog.uclm.es\/artea\/tag\/privado\/\" class=\"tag-cloud-link tag-link-134 tag-link-position-39\" style=\"font-size: 8pt;\" aria-label=\"privado (3 elementos)\">privado<\/a>\n<a href=\"https:\/\/blog.uclm.es\/artea\/tag\/publico\/\" class=\"tag-cloud-link tag-link-133 tag-link-position-40\" style=\"font-size: 9.6470588235294pt;\" aria-label=\"p\u00fablico (4 elementos)\">p\u00fablico<\/a>\n<a href=\"https:\/\/blog.uclm.es\/artea\/tag\/representacion\/\" class=\"tag-cloud-link tag-link-54 tag-link-position-41\" style=\"font-size: 8pt;\" aria-label=\"representaci\u00f3n (3 elementos)\">representaci\u00f3n<\/a>\n<a href=\"https:\/\/blog.uclm.es\/artea\/tag\/seminario\/\" class=\"tag-cloud-link tag-link-23 tag-link-position-42\" style=\"font-size: 8pt;\" aria-label=\"seminario (3 elementos)\">seminario<\/a>\n<a href=\"https:\/\/blog.uclm.es\/artea\/tag\/teatralidad\/\" class=\"tag-cloud-link tag-link-52 tag-link-position-43\" style=\"font-size: 15.905882352941pt;\" aria-label=\"teatralidad (11 elementos)\">teatralidad<\/a>\n<a href=\"https:\/\/blog.uclm.es\/artea\/tag\/teatro\/\" class=\"tag-cloud-link tag-link-66 tag-link-position-44\" style=\"font-size: 8pt;\" aria-label=\"teatro (3 elementos)\">teatro<\/a>\n<a href=\"https:\/\/blog.uclm.es\/artea\/tag\/teatro-politico\/\" class=\"tag-cloud-link tag-link-68 tag-link-position-45\" style=\"font-size: 10.964705882353pt;\" aria-label=\"teatro pol\u00edtico (5 elementos)\">teatro pol\u00edtico<\/a><\/p>\n\n\n<div style=\"height:33px\" aria-hidden=\"true\" class=\"wp-block-spacer\"><\/div>\n\n\n\n<h5 class=\"wp-block-heading\">Buscar por Proyectos<\/h5>\n\n\n\n<p><a href=\"https:\/\/blog.uclm.es\/artea\/category\/experimenta-2\/\">Experimenta<\/a> (2024-2028)<\/p>\n\n\n\n<p><a href=\"https:\/\/blog.uclm.es\/artea\/category\/aeclm\/\">Artes ef\u00edmeras en Castilla-La Mancha<\/a> (AECLM) (2022-2025)<\/p>\n\n\n\n<p><a href=\"https:\/\/blog.uclm.es\/artea\/category\/la-nueva-perdida-del-centro\/\">La nueva p\u00e9rdida del centro<\/a> (2020-2023)<\/p>\n\n\n\n<p><a href=\"https:\/\/blog.uclm.es\/artea\/category\/teatralidades-expandidas\/\">Teatralidades expandidas<\/a> (2015-2019)<\/p>\n\n\n\n<p><a href=\"https:\/\/blog.uclm.es\/artea\/category\/teatralidades-disidentes\/\">Teatralidades disidentes<\/a> (2012-2015)<\/p>\n\n\n\n<p><a href=\"https:\/\/blog.uclm.es\/artea\/category\/imaginarios-sociales-ii\/\">Imaginarios sociales II<\/a> (2012-2015)<\/p>\n\n\n\n<p><a href=\"https:\/\/blog.uclm.es\/artea\/category\/autonomia-y-complejidad\/\">Autonom\u00eda y complejidad<\/a> (2009-11)<\/p>\n\n\n\n<p><a href=\"https:\/\/blog.uclm.es\/artea\/category\/digitalizar-lo-efimero\/\">Digitalizar lo ef\u00edmero<\/a> (2006-2009)<\/p>\n\n\n\n<p><a href=\"https:\/\/blog.uclm.es\/artea\/category\/politicas-del-cuerpo-y-de-la-imagen\/\">Pol\u00edticas del cuerpo y de la imagen<\/a> (2004-2008)<\/p>\n\n\n\n<p><\/p>\n","protected":false},"excerpt":{"rendered":"<p>Buscar por Proyectos Experimenta (2024-2028) Artes ef\u00edmeras en Castilla-La Mancha (AECLM) (2022-2025) La nueva p\u00e9rdida del centro (2020-2023) Teatralidades expandidas (2015-2019) Teatralidades disidentes (2012-2015) Imaginarios sociales II (2012-2015) Autonom\u00eda y complejidad (2009-11) Digitalizar lo ef\u00edmero (2006-2009) Pol\u00edticas del cuerpo y de la imagen (2004-2008)<\/p>\n","protected":false},"author":285,"featured_media":0,"parent":0,"menu_order":0,"comment_status":"closed","ping_status":"closed","template":"","meta":{"footnotes":""},"class_list":["post-1440","page","type-page","status-publish","hentry"],"_links":{"self":[{"href":"https:\/\/blog.uclm.es\/artea\/wp-json\/wp\/v2\/pages\/1440","targetHints":{"allow":["GET"]}}],"collection":[{"href":"https:\/\/blog.uclm.es\/artea\/wp-json\/wp\/v2\/pages"}],"about":[{"href":"https:\/\/blog.uclm.es\/artea\/wp-json\/wp\/v2\/types\/page"}],"author":[{"embeddable":true,"href":"https:\/\/blog.uclm.es\/artea\/wp-json\/wp\/v2\/users\/285"}],"replies":[{"embeddable":true,"href":"https:\/\/blog.uclm.es\/artea\/wp-json\/wp\/v2\/comments?post=1440"}],"version-history":[{"count":6,"href":"https:\/\/blog.uclm.es\/artea\/wp-json\/wp\/v2\/pages\/1440\/revisions"}],"predecessor-version":[{"id":3909,"href":"https:\/\/blog.uclm.es\/artea\/wp-json\/wp\/v2\/pages\/1440\/revisions\/3909"}],"wp:attachment":[{"href":"https:\/\/blog.uclm.es\/artea\/wp-json\/wp\/v2\/media?parent=1440"}],"curies":[{"name":"wp","href":"https:\/\/api.w.org\/{rel}","templated":true}]}}