{"id":1205,"date":"2025-05-18T08:26:23","date_gmt":"2025-05-18T08:26:23","guid":{"rendered":"https:\/\/blog.uclm.es\/artea\/?page_id=1205"},"modified":"2025-05-18T08:30:18","modified_gmt":"2025-05-18T08:30:18","slug":"experimenta-resumen-abstract","status":"publish","type":"page","link":"https:\/\/blog.uclm.es\/artea\/experimenta-resumen-abstract\/","title":{"rendered":"EXPERIMENTA. Resumen"},"content":{"rendered":"\n<p>Este proyecto plantea la creaci\u00f3n de un marco y una comunidad de investigaci\u00f3n experimental para la producci\u00f3n art\u00edstica, la elaboraci\u00f3n de metodolog\u00edas de investigaci\u00f3n-creaci\u00f3n y el estudio geneal\u00f3gico de pr\u00e1cticas experimentales en el \u00e1mbito de las artes vivas y otras pr\u00e1cticas art\u00edsticas expandidas, con especial atenci\u00f3n a la escritura experimental, el paracinema y el site specific.<\/p>\n\n\n\n<p>Los t\u00e9rminos artes vivas y pr\u00e1cticas expandidas remiten tanto a una fluidez disciplinar (incorporando lo inter- y lo trans-disciplinar) como a una disoluci\u00f3n de l\u00edmites (flexibilizados en la teor\u00eda, pero a\u00fan r\u00edgidos en la pr\u00e1ctica y en los estudios acad\u00e9micos) entre un arte inscrito en el \u00e1mbito de la alta cultura y multitud de pr\u00e1cticas que originariamente no responden al concepto moderno de arte. Nos interesa redefinir lo experimental en relaci\u00f3n con lo popular, lo vern\u00e1culo, las artesan\u00edas y los rituales. Trabajaremos en la tensi\u00f3n entre las pr\u00e1cticas art\u00edsticas deslocalizadas en la escena global, dominada por la experiencia de las grandes urbes, y las pr\u00e1cticas de site-specific, incluyendo el potencial de una nueva experiencia de lo rural. Y atenderemos para poner en valor, tanto desde la creaci\u00f3n como desde el estudio cr\u00edtico, dimensiones de la experiencia po\u00e9tica excluidas por la racionalidad occidental: lo on\u00edrico, lo m\u00e1gico, lo \u00edntimo o lo espiritual.<\/p>\n\n\n\n<p>Este proyecto propone la organizaci\u00f3n de una comunidad experimental con una sede f\u00edsica en Cuenca y sedes itinerantes vinculadas a los espacios de trabajo de los integrantes del equipo, as\u00ed como a otros espacios con los que se mantendr\u00e1n colaboraciones de investigaci\u00f3n-creaci\u00f3n. Se articula mediante la creaci\u00f3n de tres laboratorios de artes vivas, con \u00e9nfasis en tres formatos: cine expandido y anal\u00f3gico, escritura expandida y oralidad, site specific y ruralidad. Estos tres laboratorios generar\u00e1n proyectos de creaci\u00f3n, talleres de experimentaci\u00f3n y propuestas metodol\u00f3gicas. Se conciben como espacios permeables y se trabajar\u00e1 activamente para conseguir transferencias y colaboraciones. En paralelo, se articular\u00e1 un grupo de estudios, con una dedicaci\u00f3n prioritaria hacia el establecimiento de marcos te\u00f3ricos y propuestas de genealog\u00eda.<\/p>\n\n\n\n<p>Defendemos la potencia de la pr\u00e1ctica art\u00edstica (esc\u00e9nica, cinematogr\u00e1fica, literaria, visual y conceptual) y de los m\u00e9todos experimentales para producir conocimiento en el \u00e1mbito de la investigaci\u00f3n-creaci\u00f3n y sus metodolog\u00edas. La experimentalidad actual es una experimentalidad situada, nutrida por el pensamiento feminista, el ecologismo y los nuevos materialismos. Puede darse como una experimentaci\u00f3n de g\u00e9nero, de modos de comunicaci\u00f3n y articulaci\u00f3n de comunidades o de inscripci\u00f3n en ecosistemas en los que se ensayan nuevas relaciones entre las subjetividades humanas, la vida y la materia<em>.<\/em><\/p>\n\n\n\n<p>Pero el hacer del presente y su comprensi\u00f3n s\u00f3lo son posibles en relaci\u00f3n con otros presentes que ahora consideramos pasado. En la recuperaci\u00f3n de esos presentes pasados recurriremos a un m\u00e9todo geneal\u00f3gico, coherente con la centralidad de la idea de vida, que define el marco de esta investigaci\u00f3n. Y ensayaremos formatos no exclusivamente textuales: diagram\u00e1ticos, orales, visuales o performativos. Hacer presentes los pasados por medio de estas genealog\u00edas podr\u00e1 ser tambi\u00e9n otro modo de pr\u00e1ctica experimental.<\/p>\n","protected":false},"excerpt":{"rendered":"<p>Este proyecto plantea la creaci\u00f3n de un marco y una comunidad de investigaci\u00f3n experimental para la producci\u00f3n art\u00edstica, la elaboraci\u00f3n de metodolog\u00edas de investigaci\u00f3n-creaci\u00f3n y el estudio geneal\u00f3gico de pr\u00e1cticas experimentales en el \u00e1mbito de las artes vivas y otras pr\u00e1cticas art\u00edsticas expandidas, con especial atenci\u00f3n a la escritura experimental, el paracinema y el site [&hellip;]<\/p>\n","protected":false},"author":285,"featured_media":0,"parent":0,"menu_order":0,"comment_status":"closed","ping_status":"closed","template":"","meta":{"footnotes":""},"class_list":["post-1205","page","type-page","status-publish","hentry"],"_links":{"self":[{"href":"https:\/\/blog.uclm.es\/artea\/wp-json\/wp\/v2\/pages\/1205","targetHints":{"allow":["GET"]}}],"collection":[{"href":"https:\/\/blog.uclm.es\/artea\/wp-json\/wp\/v2\/pages"}],"about":[{"href":"https:\/\/blog.uclm.es\/artea\/wp-json\/wp\/v2\/types\/page"}],"author":[{"embeddable":true,"href":"https:\/\/blog.uclm.es\/artea\/wp-json\/wp\/v2\/users\/285"}],"replies":[{"embeddable":true,"href":"https:\/\/blog.uclm.es\/artea\/wp-json\/wp\/v2\/comments?post=1205"}],"version-history":[{"count":3,"href":"https:\/\/blog.uclm.es\/artea\/wp-json\/wp\/v2\/pages\/1205\/revisions"}],"predecessor-version":[{"id":1209,"href":"https:\/\/blog.uclm.es\/artea\/wp-json\/wp\/v2\/pages\/1205\/revisions\/1209"}],"wp:attachment":[{"href":"https:\/\/blog.uclm.es\/artea\/wp-json\/wp\/v2\/media?parent=1205"}],"curies":[{"name":"wp","href":"https:\/\/api.w.org\/{rel}","templated":true}]}}