{"id":99,"date":"2019-09-18T11:18:19","date_gmt":"2019-09-18T10:18:19","guid":{"rendered":"http:\/\/blog.uclm.es\/areammt\/?page_id=99"},"modified":"2022-11-10T09:01:47","modified_gmt":"2022-11-10T09:01:47","slug":"frio-industrial","status":"publish","type":"page","link":"https:\/\/blog.uclm.es\/areammt\/docencia-2\/frio-industrial\/","title":{"rendered":"Fr\u00edo Industrial"},"content":{"rendered":"<table border=\"1\" width=\"550\">\n<tbody>\n<tr>\n<td width=\"25%\"><b>Subject Code<\/b><\/td>\n<td width=\"75%\">310626<\/td>\n<\/tr>\n<tr>\n<td width=\"25%\"><b>Subject Name<\/b><\/td>\n<td width=\"75%\">Industrial refrigeration<\/td>\n<\/tr>\n<tr>\n<td width=\"25%\"><b>Subject term<\/b><\/td>\n<td width=\"75%\">First quarter, 1st year (Master in Industrial Engineering)<\/td>\n<\/tr>\n<tr>\n<td width=\"25%\"><b>Hours per week<\/b><\/td>\n<td width=\"75%\">4<\/td>\n<\/tr>\n<tr>\n<td width=\"25%\"><b>Subject type<\/b><\/td>\n<td width=\"75%\">Obligatoria (required)<\/td>\n<\/tr>\n<tr>\n<td width=\"25%\"><b>Credits<\/b><\/td>\n<td width=\"75%\">6 ECTS credits<\/td>\n<\/tr>\n<tr>\n<td colspan=\"2\" bgcolor=\"#CCCCCC\" width=\"100%\">\n<p align=\"center\">\n<\/td>\n<\/tr>\n<tr>\n<td width=\"25%\"><b>Objectives<\/b><\/td>\n<td width=\"75%\">Knowledge on the refigeration systems used in industry,\u00a0 their themodynamic fundamentals and their constructive details. Understand more deeply the psichrometry and the air conditionig systems as the most important application of cold.<\/td>\n<\/tr>\n<tr>\n<td width=\"25%\"><b>Contents<\/b><\/td>\n<td width=\"75%\">Coolants. Compression refrigeration systems. Absortion and ejection systems. Expansion systems. Cryogenics. Components of the industrial systems. Psichrometry. Calculation of thermal charges and pipes.<\/td>\n<\/tr>\n<tr>\n<td width=\"25%\"><b>Bibliography<\/b><\/td>\n<td width=\"75%\">Turns, S. An introduction to combustion. Concepts and applications. McGraw-Hill. 1997.<br \/>\nLapuerta, M.; Hern\u00e1ndez, J.J. Tecnolog\u00edas de la combusti\u00f3n. Ciencia y T\u00e9cnica, 17. Serv. Publicaciones UCLM. 1998.<\/td>\n<\/tr>\n<tr>\n<td colspan=\"2\" bgcolor=\"#CCCCCC\" width=\"100%\"><\/td>\n<\/tr>\n<tr>\n<td width=\"25%\"><b>Professor<\/b><\/td>\n<td width=\"75%\">Mag\u00edn Lapuerta<br \/>\nJos\u00e9 Rodr\u00edguez Fern\u00e1ndez<\/td>\n<\/tr>\n<tr>\n<td width=\"25%\"><b>Teaching Method<\/b><\/td>\n<td width=\"75%\">Classroom and laboratory teaching<\/td>\n<\/tr>\n<tr>\n<td width=\"25%\"><b>Evaluation Method<\/b><\/td>\n<td width=\"75%\">Mid-term and final exams<\/td>\n<\/tr>\n<\/tbody>\n<\/table>\n","protected":false},"excerpt":{"rendered":"<p>Subject Code 310626 Subject Name Industrial refrigeration Subject term First quarter, 1st year (Master in Industrial Engineering) Hours per week 4 Subject type Obligatoria (required) Credits 6 ECTS credits Objectives Knowledge on the refigeration systems used in industry,\u00a0 their themodynamic fundamentals and their constructive details. Understand more deeply the psichrometry and the air conditionig systems [&hellip;]<\/p>\n","protected":false},"author":245,"featured_media":0,"parent":24,"menu_order":0,"comment_status":"closed","ping_status":"closed","template":"page-no-separators","meta":{"footnotes":""},"class_list":["post-99","page","type-page","status-publish","hentry"],"_links":{"self":[{"href":"https:\/\/blog.uclm.es\/areammt\/wp-json\/wp\/v2\/pages\/99","targetHints":{"allow":["GET"]}}],"collection":[{"href":"https:\/\/blog.uclm.es\/areammt\/wp-json\/wp\/v2\/pages"}],"about":[{"href":"https:\/\/blog.uclm.es\/areammt\/wp-json\/wp\/v2\/types\/page"}],"author":[{"embeddable":true,"href":"https:\/\/blog.uclm.es\/areammt\/wp-json\/wp\/v2\/users\/245"}],"replies":[{"embeddable":true,"href":"https:\/\/blog.uclm.es\/areammt\/wp-json\/wp\/v2\/comments?post=99"}],"version-history":[{"count":1,"href":"https:\/\/blog.uclm.es\/areammt\/wp-json\/wp\/v2\/pages\/99\/revisions"}],"predecessor-version":[{"id":1035,"href":"https:\/\/blog.uclm.es\/areammt\/wp-json\/wp\/v2\/pages\/99\/revisions\/1035"}],"up":[{"embeddable":true,"href":"https:\/\/blog.uclm.es\/areammt\/wp-json\/wp\/v2\/pages\/24"}],"wp:attachment":[{"href":"https:\/\/blog.uclm.es\/areammt\/wp-json\/wp\/v2\/media?parent=99"}],"curies":[{"name":"wp","href":"https:\/\/api.w.org\/{rel}","templated":true}]}}