{"id":93,"date":"2019-09-18T11:00:04","date_gmt":"2019-09-18T10:00:04","guid":{"rendered":"http:\/\/blog.uclm.es\/areammt\/?page_id=93"},"modified":"2022-11-10T08:58:47","modified_gmt":"2022-11-10T08:58:47","slug":"tecnologias-de-la-combustion","status":"publish","type":"page","link":"https:\/\/blog.uclm.es\/areammt\/docencia-2\/tecnologias-de-la-combustion\/","title":{"rendered":"Tecnolog\u00edas de la Combusti\u00f3n"},"content":{"rendered":"\n<figure class=\"wp-block-table\"><table><tbody><tr><td><b>Subject Code<\/b><\/td><td>56369<\/td><\/tr><tr><td><b>Subject Name<\/b><\/td><td>Combustion Technology<\/td><\/tr><tr><td><b>Subject term<\/b><\/td><td>Second quarter of 3rd year<\/td><\/tr><tr><td><b>Hours per week<\/b><\/td><td>4<\/td><\/tr><tr><td><b>Subject type<\/b><\/td><td>Optativa (Elective) \/ TE<\/td><\/tr><tr><td><b>Credits<\/b><\/td><td>6 ECTS credits<\/td><\/tr><tr><td>\n<p align=\"center\">&nbsp;<\/p>\n<\/td><\/tr><tr><td><b>Objectives<\/b><\/td><td>Know the physical-chemical fundamentals of the combustion process; the nature, the origin (renewable or fossil) and the behaviour of the combustibles. Know the technology based on combustion processes and the sectors where it is used.<\/td><\/tr><tr><td><b>Contents<\/b><\/td><td>Classification and basics of combustion. Themochemistry and kinetic chemistry. Combustibles. Pyrolysis and gasification. Autoignition, detonation, deflagration, premixed or diffusive combustion , turbulent or laminar combustion. Combustion of gases, fluids and solids. Instalations for combustion:&nbsp; hearths, burners, boilers, ovens and dryers. Contamination<\/td><\/tr><tr><td><b>Bibliography<\/b><\/td><td>Turns, S. An introduction to combustion. Concepts and applications. McGraw-Hill. 1997.<br>Lapuerta, M.; Hern\u00e1ndez, J.J. Tecnolog\u00edas de la combusti\u00f3n. Ciencia y T\u00e9cnica, 17. Serv. Publicaciones UCLM. 1998.<\/td><\/tr><tr><td>&nbsp;<\/td><\/tr><tr><td><b>Professor<\/b><\/td><td>\n<table border=\"1\" width=\"550\">\n<tbody>\n<tr>\n<td width=\"75%\">Rosario Ballesteros<\/td>\n<\/tr>\n<\/tbody>\n<\/table>\n<\/td><td>Rosario Ballesteros<\/td><\/tr><tr><td>Rosario Ballesteros<\/td><\/tr><tr><td><b>Teaching Method<\/b><\/td><td>Classroom and laboratory teaching<\/td><\/tr><tr><td><b>Evaluation Method<\/b><\/td><td>Mid-term and final exams<\/td><\/tr><\/tbody><\/table><\/figure>\n","protected":false},"excerpt":{"rendered":"<p>Subject Code 56369 Subject Name Combustion Technology Subject term Second quarter of 3rd year Hours per week 4 Subject type Optativa (Elective) \/ TE Credits 6 ECTS credits &nbsp; Objectives Know the physical-chemical fundamentals of the combustion process; the nature, the origin (renewable or fossil) and the behaviour of the combustibles. Know the technology based [&hellip;]<\/p>\n","protected":false},"author":245,"featured_media":0,"parent":24,"menu_order":0,"comment_status":"closed","ping_status":"closed","template":"page-no-separators","meta":{"footnotes":""},"class_list":["post-93","page","type-page","status-publish","hentry"],"_links":{"self":[{"href":"https:\/\/blog.uclm.es\/areammt\/wp-json\/wp\/v2\/pages\/93","targetHints":{"allow":["GET"]}}],"collection":[{"href":"https:\/\/blog.uclm.es\/areammt\/wp-json\/wp\/v2\/pages"}],"about":[{"href":"https:\/\/blog.uclm.es\/areammt\/wp-json\/wp\/v2\/types\/page"}],"author":[{"embeddable":true,"href":"https:\/\/blog.uclm.es\/areammt\/wp-json\/wp\/v2\/users\/245"}],"replies":[{"embeddable":true,"href":"https:\/\/blog.uclm.es\/areammt\/wp-json\/wp\/v2\/comments?post=93"}],"version-history":[{"count":1,"href":"https:\/\/blog.uclm.es\/areammt\/wp-json\/wp\/v2\/pages\/93\/revisions"}],"predecessor-version":[{"id":1032,"href":"https:\/\/blog.uclm.es\/areammt\/wp-json\/wp\/v2\/pages\/93\/revisions\/1032"}],"up":[{"embeddable":true,"href":"https:\/\/blog.uclm.es\/areammt\/wp-json\/wp\/v2\/pages\/24"}],"wp:attachment":[{"href":"https:\/\/blog.uclm.es\/areammt\/wp-json\/wp\/v2\/media?parent=93"}],"curies":[{"name":"wp","href":"https:\/\/api.w.org\/{rel}","templated":true}]}}