{"id":800,"date":"2021-06-21T08:39:32","date_gmt":"2021-06-21T07:39:32","guid":{"rendered":"https:\/\/blog.uclm.es\/areammt\/?page_id=800"},"modified":"2023-03-16T09:16:56","modified_gmt":"2023-03-16T09:16:56","slug":"tarifas","status":"publish","type":"page","link":"https:\/\/blog.uclm.es\/areammt\/tarifas\/","title":{"rendered":"Tarifas"},"content":{"rendered":"\n<p><strong><em>PRESTACIONES Y EMISIONES DE VEH\u00cdCULOS LIGEROS<\/em><\/strong><\/p>\n\n\n\n<h5 class=\"wp-block-heading\">Ciclos de conducci\u00f3n real en banco, con medida de emisiones reguladas (CO, CO2, THC, NOx, PM, PN) tanto en modal como en bolsas<\/h5>\n\n\n\n<figure class=\"wp-block-table\"><table><tbody><tr><td>&nbsp;<\/td><td><em><strong>Ciclos de hasta 30 min de duraci\u00f3n (tipo WLTC)<\/strong><\/em><\/td><td><em><strong>Ciclos de 105 min (*) de duraci\u00f3n (tipo RDE simulado)<\/strong><\/em><\/td><td><img loading=\"lazy\" decoding=\"async\" class=\"aligncenter wp-image-853 size-full\" src=\"https:\/\/blog.uclm.es\/areammt\/wp-content\/uploads\/sites\/175\/2021\/06\/EL-PRIMERO.png\" alt=\"\" width=\"178\" height=\"287\"><\/td><\/tr><tr><td><em><strong>Con control de temperatura y humedad ambiental<\/strong><\/em><\/td><td><em><strong>1850 \u20ac<\/strong><\/em><\/td><td><em><strong>2700 \u20ac<\/strong><\/em><\/td><\/tr><tr><td><em><strong>Sin control de temperatura y humedad ambiental<\/strong><\/em><\/td><td><em><strong>1050 \u20ac<\/strong><\/em><\/td><td><em><strong>1650 \u20ac<\/strong><\/em><\/td><td>&nbsp;<\/td><\/tr><tr><td><em><strong>Ciclos sucesivos a uno anterior, con motor caliente<\/strong><\/em><\/td><td><em><strong>1050 \u20ac<\/strong><\/em><\/td><td><em><strong>1900 \u20ac<\/strong><\/em><\/td><\/tr><\/tbody><\/table><\/figure>\n\n\n\n<h5 class=\"wp-block-heading\">Ciclos de conducci\u00f3n real en banco, con medida solo de part\u00edculas (PM, PN)<\/h5>\n\n\n\n<figure class=\"wp-block-table\"><table><tbody><tr><td>&nbsp;<\/td><td><strong>Ciclos de hasta 30 min de duraci\u00f3n (tipo WLTC)<\/strong><\/td><td><strong>Ciclos de 105 min (*) de duraci\u00f3n (tipo RDE simulado<\/strong><\/td><\/tr><tr><td><em><strong>Con control de temperatura y humedad ambiental<\/strong><\/em><\/td><td><strong><em>1250 \u20ac<\/em><\/strong><\/td><td><strong><em>2100 \u20ac<\/em><\/strong><\/td><\/tr><tr><td><em><strong>Sin control de temperatura y humedad ambiental<\/strong><\/em><\/td><td><strong><em>1050 \u20ac<\/em><\/strong><\/td><td><strong><em>2430 \u20ac<\/em><\/strong><\/td><td><em><strong><img loading=\"lazy\" decoding=\"async\" class=\"alignnone size-medium wp-image-849\" src=\"https:\/\/blog.uclm.es\/areammt\/wp-content\/uploads\/sites\/175\/2021\/06\/CICLOS-DE-CONDUCCION-SOLO-PARTICULAS-273x300.jpg\" alt=\"\" width=\"273\" height=\"300\" srcset=\"https:\/\/blog.uclm.es\/areammt\/wp-content\/uploads\/sites\/175\/2021\/06\/CICLOS-DE-CONDUCCION-SOLO-PARTICULAS-273x300.jpg 273w, https:\/\/blog.uclm.es\/areammt\/wp-content\/uploads\/sites\/175\/2021\/06\/CICLOS-DE-CONDUCCION-SOLO-PARTICULAS.jpg 747w\" sizes=\"auto, (max-width: 273px) 100vw, 273px\" \/><\/strong><\/em><\/td><\/tr><tr><td><em><strong>Ciclos sucesivos a uno anterior, con motor caliente<\/strong><\/em><\/td><td><strong><em>750 \u20ac<\/em><\/strong><\/td><td><strong><em>1470 \u20ac<\/em><\/strong><\/td><\/tr><\/tbody><\/table><\/figure>\n\n\n\n<h5 class=\"wp-block-heading\">Ciclos de conducci\u00f3n en banco en condiciones de carga extrema (tipo dientes de sierra), con medida de emisiones reguladas (CO, CO2, THC, NOx, PM, PN) tanto en modal como en bolsas<\/h5>\n\n\n\n<figure class=\"wp-block-table\"><table><tbody><tr><td>&nbsp;<\/td><td><em><strong>Ciclos de hasta 15 min (*) de duraci\u00f3n <\/strong><\/em><\/td><\/tr><tr><td><strong>Con control de temperatura y humedad ambiental<\/strong><\/td><td><strong><em>2000 \u20ac<\/em><\/strong><\/td><\/tr><tr><td><em><strong>Sin control de temperatura y humedad ambiental<\/strong><\/em><\/td><td><strong><em>1800 \u20ac<\/em><\/strong><\/td><td>&nbsp;<\/td><\/tr><\/tbody><\/table><\/figure>\n\n\n\n<h5 class=\"wp-block-heading\">Rodaje de veh\u00edculo en tramos de velocidad constante (3000 km *)<\/h5>\n\n\n\n<figure class=\"wp-block-table\"><table><tbody><tr><td><em><strong>Con control de temperatura y humedad ambiental<\/strong><\/em><\/td><td><b><i>8000 \u20ac<\/i><\/b><\/td><td><b><i><img loading=\"lazy\" decoding=\"async\" class=\"alignnone size-full wp-image-851\" src=\"https:\/\/blog.uclm.es\/areammt\/wp-content\/uploads\/sites\/175\/2021\/06\/RODAJE.png\" alt=\"\" width=\"255\" height=\"185\"><\/i><\/b><\/td><\/tr><tr><td><em><strong>Sin control de temperatura y humedad ambiental<\/strong><\/em><\/td><td><strong><em>6000 \u20ac<\/em><\/strong><\/td><\/tr><\/tbody><\/table><\/figure>\n\n\n\n<h5 class=\"wp-block-heading\">Alquiler de veh\u00edculo para realizaci\u00f3n de ensayos en el banco de rodillos<\/h5>\n\n\n\n<figure class=\"wp-block-table\"><table><tbody><tr><td><em><strong>Veh\u00edculo disponible en la instalaci\u00f3n (Peugeot 3008 1.6 Blue hDi), sensorizado y con tomas antes y despu\u00e9s de catalizadores<\/strong><\/em><\/td><td><strong><em>500 \u20ac\/semana<\/em><\/strong><\/td><td><img loading=\"lazy\" decoding=\"async\" class=\"alignnone size-medium wp-image-841\" src=\"https:\/\/blog.uclm.es\/areammt\/wp-content\/uploads\/sites\/175\/2021\/06\/Foto-Peugeto-300x211.jpg\" alt=\"\" width=\"300\" height=\"211\" srcset=\"https:\/\/blog.uclm.es\/areammt\/wp-content\/uploads\/sites\/175\/2021\/06\/Foto-Peugeto-300x211.jpg 300w, https:\/\/blog.uclm.es\/areammt\/wp-content\/uploads\/sites\/175\/2021\/06\/Foto-Peugeto-768x539.jpg 768w, https:\/\/blog.uclm.es\/areammt\/wp-content\/uploads\/sites\/175\/2021\/06\/Foto-Peugeto.jpg 889w\" sizes=\"auto, (max-width: 300px) 100vw, 300px\" \/><\/td><\/tr><tr><td><strong><em>Alquiler de otro veh\u00edculo<\/em><\/strong><\/td><td><strong><em>Coste repercutido (*)<\/em><\/strong><\/td><\/tr><\/tbody><\/table><\/figure>\n\n\n\n<h5 class=\"wp-block-heading\">&nbsp;Realizaci\u00f3n de prueba de coast-down en carretera<\/h5>\n\n\n\n<figure class=\"wp-block-table\"><table><tbody><tr><td><em><strong>Carretera CM-4117, puntos kilom\u00e9tricos 7 a 10<\/strong><\/em><\/td><td><strong><em>500 \u20ac<\/em><\/strong><\/td><\/tr><tr><td><em><strong>Otra localizaci\u00f3n<\/strong><\/em><\/td><td><em><strong>A valorar seg\u00fan distancia a Ciudad Real<\/strong><\/em><\/td><\/tr><\/tbody><\/table><\/figure>\n\n\n\n<h5 class=\"wp-block-heading\">Curva de potencia a plena carga, sin medida de emisiones<\/h5>\n\n\n\n<figure class=\"wp-block-table\"><table><tbody><tr><td><em><strong>Con control de temperatura y humedad ambiental<\/strong><\/em><\/td><td><strong><em>450 \u20ac<\/em><\/strong><\/td><\/tr><tr><td><em><strong>Sin control de temperatura y humedad ambiental<\/strong><\/em><\/td><td><strong>300 \u20ac<\/strong><\/td><\/tr><\/tbody><\/table><\/figure>\n\n\n\n<h5 class=\"wp-block-heading\">Labores de asesor\u00eda (*)<\/h5>\n\n\n\n<figure class=\"wp-block-table\"><table><tbody><tr><td><em><strong>Si se contrata el servicio seg\u00fan asesoramiento<\/strong><\/em><\/td><td><strong><em>Sin coste<\/em><\/strong><\/td><\/tr><tr><td><em><strong>Si no se contrata<\/strong><\/em><\/td><td><strong><em>200 \u20ac<\/em><\/strong><\/td><\/tr><\/tbody><\/table><\/figure>\n\n\n\n<h5 class=\"wp-block-heading\">Emisi\u00f3n de informes<\/h5>\n\n\n\n<figure class=\"wp-block-table\"><table><tbody><tr><td><em><strong>Resultados en formato hoja de c\u00e1lculo (seg\u00fan modelo interno) e informe con tabulaci\u00f3n de resultados y descripci\u00f3n de equipos<\/strong><\/em><\/td><td><strong><em>Sin coste<\/em><\/strong><\/td><\/tr><tr><td><em><strong>Informe con an\u00e1lisis de resultados, estudios estad\u00edsticos, recomendaciones y conclusiones<\/strong><\/em><\/td><td><strong>1250 \u20ac<\/strong><\/td><\/tr><\/tbody><\/table><\/figure>\n\n\n\n<h5 class=\"wp-block-heading\">Uso libre de la instalaci\u00f3n (con supervisi\u00f3n de t\u00e9cnico propio), durante una jornada laboral (8 h)<\/h5>\n\n\n\n<figure class=\"wp-block-table\"><table><tbody><tr><td><strong><em>Con soporte de t\u00e9cnico propio para manejo de la instalaci\u00f3n (condiciones de rodadura y clim\u00e1ticas)<\/em><\/strong><\/td><td><strong><em>2000 \u20ac\/jornada<\/em><\/strong><\/td><td><img loading=\"lazy\" decoding=\"async\" class=\"alignnone size-medium wp-image-716\" src=\"https:\/\/blog.uclm.es\/areammt\/wp-content\/uploads\/sites\/175\/2021\/05\/CamaraClimatica-copia-225x300.jpg\" alt=\"\" width=\"225\" height=\"300\" srcset=\"https:\/\/blog.uclm.es\/areammt\/wp-content\/uploads\/sites\/175\/2021\/05\/CamaraClimatica-copia-225x300.jpg 225w, https:\/\/blog.uclm.es\/areammt\/wp-content\/uploads\/sites\/175\/2021\/05\/CamaraClimatica-copia.jpg 576w\" sizes=\"auto, (max-width: 225px) 100vw, 225px\" \/><\/td><\/tr><tr><td><em><strong>Con soporte de t\u00e9cnico propio para manejo de la instalaci\u00f3n y cooperaci\u00f3n en ensayo (conducci\u00f3n, sustituci\u00f3n de equipos, etc.)<\/strong><\/em><\/td><td><em><strong>2500 \u20ac\/jornada<\/strong><\/em><\/td><\/tr><\/tbody><\/table><\/figure>\n\n\n\n<h5 class=\"wp-block-heading\">Descuentos<\/h5>\n\n\n\n<figure class=\"wp-block-table\"><table><tbody><tr><td><em><strong>Por alto volumen (+ de 20 ciclos o equivalente)<\/strong><\/em><\/td><td><strong><em>10%<\/em><\/strong><\/td><\/tr><tr><td><em><strong>Para grupos internos UCLM<\/strong><\/em><\/td><td><strong><em>Consultar descuentos<\/em><\/strong><\/td><\/tr><\/tbody><\/table><\/figure>\n\n\n\n<p><strong><em>TARIFAS POR ENSAYOS EN LABORATORIO DE COMBUSTIBLES Y MOTORES<\/em><\/strong><\/p>\n\n\n\n<p><strong><em>TARIFAS POR ENSAYOS EN LABORATORIO DE BIOMASA<\/em><\/strong> <em><strong>DEL INSTITUTO DE ENERG\u00cdAS RENOVABLES DE ALBACETE<\/strong><\/em><\/p>\n\n\n\n<div class=\"wp-block-columns is-layout-flex wp-container-core-columns-is-layout-28f84493 wp-block-columns-is-layout-flex\">\n<div class=\"wp-block-column is-layout-flow wp-block-column-is-layout-flow\" style=\"flex-basis:100%\">\n<figure class=\"wp-block-table\"><table><tbody><tr><td>Servicio:<\/td><td>Determinaci\u00f3n de di\u00e1metro y longitud de p\u00e9lets<\/td><\/tr><tr><td>Descripci\u00f3n:<\/td><td>&nbsp;Ensayo seg\u00fan ISO 17829<\/td><\/tr><tr><td>Precio:<\/td><td>15.00 \u20ac<\/td><\/tr><tr><td>Servicio:<\/td><td>Determinaci\u00f3n de humedad de recepci\u00f3n<\/td><\/tr><tr><td>Descripci\u00f3n:<\/td><td>Ensayo seg\u00fan ISO 18134-1, 18134-2<\/td><\/tr><tr><td>Precio:<\/td><td>15.00 \u20ac<\/td><\/tr><tr><td>Servicio:<\/td><td>Contenido en cenizas<\/td><\/tr><tr><td>Descripci\u00f3n:<\/td><td>Ensayo seg\u00fan ISO 18122<\/td><\/tr><tr><td>Precio:<\/td><td>50.00 \u20ac<\/td><\/tr><tr><td>Servicio:<\/td><td>An\u00e1lisis inmediato (contenido en cenizas, vol\u00e1tiles y carbono fijo)<\/td><\/tr><tr><td>Descripci\u00f3n:<\/td><td>Ensayo seg\u00fan ISO 18122, 18123<\/td><\/tr><tr><td>Precio:<\/td><td>85.00 \u20ac<\/td><\/tr><tr><td>Servicio:<\/td><td>Durabilidad mec\u00e1nica y contenido en finos<\/td><\/tr><tr><td>Descripci\u00f3n:<\/td><td>Ensayo seg\u00fan ISO 17831-1<\/td><\/tr><tr><td>Precio:<\/td><td>20.00 \u20ac<\/td><\/tr><tr><td>Servicio:<\/td><td>Poder calor\u00edfico superior<\/td><\/tr><tr><td>Descripci\u00f3n:<\/td><td>Ensayo seg\u00fan ISO 18125<\/td><\/tr><tr><td>Precio:<\/td><td>45.00 \u20ac<\/td><\/tr><tr><td>Servicio:<\/td><td>Poder calor\u00edfico inferior (incluye poder calor\u00edfico superior)<\/td><\/tr><tr><td>Descripci\u00f3n:<\/td><td>Ensayo seg\u00fan ISO 18125<\/td><\/tr><tr><td>Precio:<\/td><td>95.00 \u20ac<\/td><\/tr><tr><td>Servicio:<\/td><td>Densidad aparente<\/td><\/tr><tr><td>Descripci\u00f3n:<\/td><td>Ensayo seg\u00fan ISO 17828<\/td><\/tr><tr><td>Precio:<\/td><td>20.00 \u20ac<\/td><\/tr><tr><td>Servicio:<\/td><td>Densidad de part\u00edcula<\/td><\/tr><tr><td>Descripci\u00f3n:<\/td><td>Ensayo seg\u00fan ISO 18847<\/td><\/tr><tr><td>Precio:<\/td><td>20.00 \u20ac<\/td><\/tr><tr><td>Servicio:<\/td><td>Distribuci\u00f3n tama\u00f1o de part\u00edcula<\/td><\/tr><tr><td>Descripci\u00f3n:<\/td><td>Ensayo seg\u00fan ISO 17827<\/td><\/tr><tr><td>Precio:<\/td><td>45.00 \u20ac<\/td><\/tr><tr><td>Servicio:<\/td><td>Determinaci\u00f3n C, H, N<\/td><\/tr><tr><td>Descripci\u00f3n:<\/td><td>Ensayo seg\u00fan ISO 16948<\/td><\/tr><tr><td>Precio:<\/td><td>40.00 \u20ac<\/td><\/tr><tr><td>Servicio:<\/td><td>Determinaci\u00f3n cloro y azufre<\/td><\/tr><tr><td>Descripci\u00f3n:<\/td><td>Ensayo seg\u00fan ISO 16994<\/td><\/tr><tr><td>Precio:<\/td><td>35.00 \u20ac<\/td><\/tr><tr><td>Servicio:<\/td><td>Determinaci\u00f3n cloro<\/td><\/tr><tr><td>Descripci\u00f3n:<\/td><td>Ensayo seg\u00fan ISO 16994<\/td><\/tr><tr><td>Precio:<\/td><td>30.00 \u20ac<\/td><\/tr><tr><td>Servicio:<\/td><td>Preparaci\u00f3n de muestras con molino<\/td><\/tr><tr><td>Descripci\u00f3n:<\/td><td>Ensayo seg\u00fan ISO 14780<\/td><\/tr><tr><td>Precio:<\/td><td>12.00 \u20ac<\/td><\/tr><tr><td>Servicio:<\/td><td>Preparaci\u00f3n de muestras cuarteo y triturado<\/td><\/tr><tr><td>Descripci\u00f3n:<\/td><td>Ensayo seg\u00fan ISO 14780<\/td><\/tr><tr><td>Precio:<\/td><td>40.00 \u20ac<\/td><\/tr><tr><td>Servicio:<\/td><td>An\u00e1lisis de elementos mayoritarios<\/td><\/tr><tr><td>Descripci\u00f3n:<\/td><td>Ensayo seg\u00fan ISO 16967<\/td><\/tr><tr><td>Precio:<\/td><td>140.00 \u20ac<\/td><\/tr><tr><td>Servicio:<\/td><td>An\u00e1lisis de elementos minoritarios<\/td><\/tr><tr><td>Descripci\u00f3n:<\/td><td>Ensayo seg\u00fan ISO 16968<\/td><\/tr><tr><td>Precio:<\/td><td>165.00 \u20ac<\/td><\/tr><tr><td>Servicio:<\/td><td>An\u00e1lisis elementos mayoritarios y minoritarios<\/td><\/tr><tr><td>Descripci\u00f3n:<\/td><td>Ensayo seg\u00fan ISO 16967, 16968<\/td><\/tr><tr><td>Precio:<\/td><td>220.00 \u20ac<\/td><\/tr><tr><td>Servicio:<\/td><td>Fusibilidad de cenizas<\/td><\/tr><tr><td>Descripci\u00f3n:<\/td><td>Ensayo propio<\/td><\/tr><tr><td>Precio:<\/td><td>160.00 \u20ac<\/td><\/tr><\/tbody><\/table><\/figure>\n<\/div>\n<\/div>\n\n\n\n<p><\/p>\n","protected":false},"excerpt":{"rendered":"<p>PRESTACIONES Y EMISIONES DE VEH\u00cdCULOS LIGEROS Ciclos de conducci\u00f3n real en banco, con medida de emisiones reguladas (CO, CO2, THC, NOx, PM, PN) tanto en modal como en bolsas &nbsp; Ciclos de hasta 30 min de duraci\u00f3n (tipo WLTC) Ciclos de 105 min (*) de duraci\u00f3n (tipo RDE simulado) Con control de temperatura y humedad [&hellip;]<\/p>\n","protected":false},"author":245,"featured_media":0,"parent":0,"menu_order":0,"comment_status":"closed","ping_status":"closed","template":"page-no-separators","meta":{"footnotes":""},"class_list":["post-800","page","type-page","status-publish","hentry"],"_links":{"self":[{"href":"https:\/\/blog.uclm.es\/areammt\/wp-json\/wp\/v2\/pages\/800","targetHints":{"allow":["GET"]}}],"collection":[{"href":"https:\/\/blog.uclm.es\/areammt\/wp-json\/wp\/v2\/pages"}],"about":[{"href":"https:\/\/blog.uclm.es\/areammt\/wp-json\/wp\/v2\/types\/page"}],"author":[{"embeddable":true,"href":"https:\/\/blog.uclm.es\/areammt\/wp-json\/wp\/v2\/users\/245"}],"replies":[{"embeddable":true,"href":"https:\/\/blog.uclm.es\/areammt\/wp-json\/wp\/v2\/comments?post=800"}],"version-history":[{"count":8,"href":"https:\/\/blog.uclm.es\/areammt\/wp-json\/wp\/v2\/pages\/800\/revisions"}],"predecessor-version":[{"id":1323,"href":"https:\/\/blog.uclm.es\/areammt\/wp-json\/wp\/v2\/pages\/800\/revisions\/1323"}],"wp:attachment":[{"href":"https:\/\/blog.uclm.es\/areammt\/wp-json\/wp\/v2\/media?parent=800"}],"curies":[{"name":"wp","href":"https:\/\/api.w.org\/{rel}","templated":true}]}}