{"id":603,"date":"2020-10-13T09:28:26","date_gmt":"2020-10-13T08:28:26","guid":{"rendered":"http:\/\/blog.uclm.es\/areammt\/?page_id=603"},"modified":"2020-10-13T09:28:26","modified_gmt":"2020-10-13T08:28:26","slug":"rad-soot","status":"publish","type":"page","link":"https:\/\/blog.uclm.es\/areammt\/rad-soot\/","title":{"rendered":"RAD-SOOT (PID2019-109767RB-I00)"},"content":{"rendered":"<p>[vc_row][vc_column][vc_tta_accordion style=\u00bbmodern\u00bb shape=\u00bbround\u00bb color=\u00bbturquoise\u00bb c_align=\u00bbcenter\u00bb active_section=\u00bb1&#8243;][vc_tta_section title=\u00bbEntidades participantes\u00bb tab_id=\u00bb1606380305487-83ea0613-c1b0&#8243;][vc_column_text]<\/p>\n<h2 style=\"text-align: left\"><span style=\"color: #3366ff\"><em><strong><span style=\"color: #0000ff\">GRUPO DE COMBUSTIBLES Y MOTORES(GCM)<\/span><\/strong><\/em><\/span><\/h2>\n<h2 style=\"text-align: left\"><span style=\"color: #834abd\"><strong>Secci\u00f3n de Ciudad Real<\/strong><\/span><\/h2>\n<p><img loading=\"lazy\" decoding=\"async\" class=\"alignnone size-medium wp-image-891 aligncenter\" src=\"https:\/\/blog.uclm.es\/areammt\/wp-content\/uploads\/sites\/175\/2022\/02\/LOGOMARCA_UCLMCEI_2021-300x61.png\" alt=\"\" width=\"300\" height=\"61\" srcset=\"https:\/\/blog.uclm.es\/areammt\/wp-content\/uploads\/sites\/175\/2022\/02\/LOGOMARCA_UCLMCEI_2021-300x61.png 300w, https:\/\/blog.uclm.es\/areammt\/wp-content\/uploads\/sites\/175\/2022\/02\/LOGOMARCA_UCLMCEI_2021-1024x207.png 1024w, https:\/\/blog.uclm.es\/areammt\/wp-content\/uploads\/sites\/175\/2022\/02\/LOGOMARCA_UCLMCEI_2021-768x156.png 768w, https:\/\/blog.uclm.es\/areammt\/wp-content\/uploads\/sites\/175\/2022\/02\/LOGOMARCA_UCLMCEI_2021-1536x311.png 1536w, https:\/\/blog.uclm.es\/areammt\/wp-content\/uploads\/sites\/175\/2022\/02\/LOGOMARCA_UCLMCEI_2021.png 1965w\" sizes=\"auto, (max-width: 300px) 100vw, 300px\" \/><\/p>\n<h2 style=\"text-align: left\"><span style=\"color: #834abd\"><strong><img loading=\"lazy\" decoding=\"async\" class=\"alignnone size-medium wp-image-708 aligncenter\" src=\"https:\/\/blog.uclm.es\/areammt\/wp-content\/uploads\/sites\/175\/2021\/02\/FOTO-MAS-AMPLIADA-UCLM-300x76.png\" alt=\"\" width=\"300\" height=\"76\" srcset=\"https:\/\/blog.uclm.es\/areammt\/wp-content\/uploads\/sites\/175\/2021\/02\/FOTO-MAS-AMPLIADA-UCLM-300x76.png 300w, https:\/\/blog.uclm.es\/areammt\/wp-content\/uploads\/sites\/175\/2021\/02\/FOTO-MAS-AMPLIADA-UCLM.png 743w\" sizes=\"auto, (max-width: 300px) 100vw, 300px\" \/><\/strong><\/span><\/h2>\n<h2 style=\"text-align: left\"><span style=\"color: #834abd\"><strong>Secci\u00f3n de Albacete<\/strong><\/span><\/h2>\n<p><img loading=\"lazy\" decoding=\"async\" class=\"size-full wp-image-683 aligncenter\" src=\"https:\/\/blog.uclm.es\/areammt\/wp-content\/uploads\/sites\/175\/2021\/02\/Foto-AB.png\" alt=\"\" width=\"275\" height=\"115\" \/><\/p>\n<h2><span style=\"color: #0000ff\"><em><strong>INSTITUTO NACIONAL DE T\u00c9CNICA AEROSPACIAL (INTA)<\/strong><\/em><\/span><\/h2>\n<p><img loading=\"lazy\" decoding=\"async\" class=\"wp-image-666 aligncenter\" src=\"https:\/\/blog.uclm.es\/areammt\/wp-content\/uploads\/sites\/175\/2021\/01\/GOB_DEF_INTA_WEB-300x51.png\" alt=\"\" width=\"288\" height=\"49\" srcset=\"https:\/\/blog.uclm.es\/areammt\/wp-content\/uploads\/sites\/175\/2021\/01\/GOB_DEF_INTA_WEB-300x51.png 300w, https:\/\/blog.uclm.es\/areammt\/wp-content\/uploads\/sites\/175\/2021\/01\/GOB_DEF_INTA_WEB.png 380w\" sizes=\"auto, (max-width: 288px) 100vw, 288px\" \/><\/p>\n<p><img loading=\"lazy\" decoding=\"async\" class=\"alignnone size-medium wp-image-698 aligncenter\" src=\"https:\/\/blog.uclm.es\/areammt\/wp-content\/uploads\/sites\/175\/2021\/02\/inta-300x123.png\" alt=\"\" width=\"300\" height=\"123\" srcset=\"https:\/\/blog.uclm.es\/areammt\/wp-content\/uploads\/sites\/175\/2021\/02\/inta-300x123.png 300w, https:\/\/blog.uclm.es\/areammt\/wp-content\/uploads\/sites\/175\/2021\/02\/inta.png 350w\" sizes=\"auto, (max-width: 300px) 100vw, 300px\" \/><\/p>\n<h2><span style=\"color: #0000ff\"><em><strong>UNIVERSIDAD POLIT\u00c9CNICA DE MADRID (UPM)<\/strong><\/em><\/span><\/h2>\n<p><img loading=\"lazy\" decoding=\"async\" class=\"wp-image-664 aligncenter\" src=\"http:\/\/blog.uclm.es\/areammt\/files\/2021\/01\/Logo-UPM.png\" alt=\"\" width=\"167\" height=\"129\" \/><\/p>\n<p style=\"text-align: center\"><img loading=\"lazy\" decoding=\"async\" class=\"alignnone size-full wp-image-700\" src=\"https:\/\/blog.uclm.es\/areammt\/wp-content\/uploads\/sites\/175\/2021\/02\/Bolonio.png\" alt=\"\" width=\"135\" height=\"151\" \/><\/p>\n<p>[\/vc_column_text][\/vc_tta_section][vc_tta_section title=\u00bbInformes cient\u00edfico-t\u00e9cnicos\u00bb tab_id=\u00bb1602577543283-6e611fe6-9c9c\u00bb][vc_column_text]<a href=\"https:\/\/blog.uclm.es\/areammt\/wp-content\/uploads\/sites\/175\/2021\/05\/Expliacion-borrador-electrones-efectivos_24_02_21.pdf\">Expliaci\u00f3n borrador electrones efectivos_24_02_21<\/a><\/p>\n<p><a href=\"https:\/\/blog.uclm.es\/areammt\/wp-content\/uploads\/sites\/175\/2021\/05\/Informe_22_10_20.pdf\">Informe_22_10_20<\/a><\/p>\n<p><a href=\"https:\/\/blog.uclm.es\/areammt\/wp-content\/uploads\/sites\/175\/2021\/05\/Modelo-de-dispersion_13_02_21.pdf\">Modelo de dispersi\u00f3n_13_02_21<\/a>[\/vc_column_text][\/vc_tta_section][vc_tta_section title=\u00bbResoluciones\u00bb tab_id=\u00bb1602577543310-936c8fe6-621c\u00bb][vc_column_text]<a href=\"https:\/\/blog.uclm.es\/areammt\/wp-content\/uploads\/sites\/175\/2020\/10\/Resolucion-definitiva.pdf\">Resoluci\u00f3n definitiva<\/a>[\/vc_column_text][\/vc_tta_section][vc_tta_section title=\u00bbFotograf\u00edas\u00bb tab_id=\u00bb1602577620963-293ef0e5-a319&#8243;][vc_column_text]<img loading=\"lazy\" decoding=\"async\" class=\"alignnone size-medium wp-image-717 alignleft\" src=\"https:\/\/blog.uclm.es\/areammt\/wp-content\/uploads\/sites\/175\/2021\/05\/Montaje-de-instalacion-300x224.jpg\" alt=\"\" width=\"300\" height=\"224\" srcset=\"https:\/\/blog.uclm.es\/areammt\/wp-content\/uploads\/sites\/175\/2021\/05\/Montaje-de-instalacion-300x224.jpg 300w, https:\/\/blog.uclm.es\/areammt\/wp-content\/uploads\/sites\/175\/2021\/05\/Montaje-de-instalacion-1024x766.jpg 1024w, https:\/\/blog.uclm.es\/areammt\/wp-content\/uploads\/sites\/175\/2021\/05\/Montaje-de-instalacion-768x575.jpg 768w, https:\/\/blog.uclm.es\/areammt\/wp-content\/uploads\/sites\/175\/2021\/05\/Montaje-de-instalacion-1536x1149.jpg 1536w, https:\/\/blog.uclm.es\/areammt\/wp-content\/uploads\/sites\/175\/2021\/05\/Montaje-de-instalacion.jpg 1600w\" sizes=\"auto, (max-width: 300px) 100vw, 300px\" \/><img loading=\"lazy\" decoding=\"async\" class=\"alignnone wp-image-718 alignleft\" src=\"http:\/\/blog.uclm.es\/areammt\/files\/2021\/05\/Procesado_emisiones-300x146.jpg\" alt=\"\" width=\"458\" height=\"223\" \/><br \/>\n<img loading=\"lazy\" decoding=\"async\" class=\"wp-image-902 alignnone\" src=\"https:\/\/blog.uclm.es\/areammt\/wp-content\/uploads\/sites\/175\/2022\/02\/Coche-en-Banco-rodillos-trasero-300x146.jpg\" alt=\"\" width=\"491\" height=\"239\" srcset=\"https:\/\/blog.uclm.es\/areammt\/wp-content\/uploads\/sites\/175\/2022\/02\/Coche-en-Banco-rodillos-trasero-300x146.jpg 300w, https:\/\/blog.uclm.es\/areammt\/wp-content\/uploads\/sites\/175\/2022\/02\/Coche-en-Banco-rodillos-trasero-1024x498.jpg 1024w, https:\/\/blog.uclm.es\/areammt\/wp-content\/uploads\/sites\/175\/2022\/02\/Coche-en-Banco-rodillos-trasero-768x374.jpg 768w, https:\/\/blog.uclm.es\/areammt\/wp-content\/uploads\/sites\/175\/2022\/02\/Coche-en-Banco-rodillos-trasero.jpg 1299w\" sizes=\"auto, (max-width: 491px) 100vw, 491px\" \/><br \/>\n<img loading=\"lazy\" decoding=\"async\" class=\"alignnone wp-image-901\" src=\"https:\/\/blog.uclm.es\/areammt\/wp-content\/uploads\/sites\/175\/2022\/02\/Coche-en-Banco-rodillos-delantero-300x146.jpg\" alt=\"\" width=\"500\" height=\"243\" srcset=\"https:\/\/blog.uclm.es\/areammt\/wp-content\/uploads\/sites\/175\/2022\/02\/Coche-en-Banco-rodillos-delantero-300x146.jpg 300w, https:\/\/blog.uclm.es\/areammt\/wp-content\/uploads\/sites\/175\/2022\/02\/Coche-en-Banco-rodillos-delantero-1024x497.jpg 1024w, https:\/\/blog.uclm.es\/areammt\/wp-content\/uploads\/sites\/175\/2022\/02\/Coche-en-Banco-rodillos-delantero-768x373.jpg 768w, https:\/\/blog.uclm.es\/areammt\/wp-content\/uploads\/sites\/175\/2022\/02\/Coche-en-Banco-rodillos-delantero.jpg 1299w\" sizes=\"auto, (max-width: 500px) 100vw, 500px\" \/><br \/>\n<img loading=\"lazy\" decoding=\"async\" class=\" wp-image-903 alignnone\" src=\"https:\/\/blog.uclm.es\/areammt\/wp-content\/uploads\/sites\/175\/2022\/02\/Instalacion-sondas-bajo-vehiculo-146x300.jpg\" alt=\"\" width=\"248\" height=\"509\" srcset=\"https:\/\/blog.uclm.es\/areammt\/wp-content\/uploads\/sites\/175\/2022\/02\/Instalacion-sondas-bajo-vehiculo-146x300.jpg 146w, https:\/\/blog.uclm.es\/areammt\/wp-content\/uploads\/sites\/175\/2022\/02\/Instalacion-sondas-bajo-vehiculo-498x1024.jpg 498w, https:\/\/blog.uclm.es\/areammt\/wp-content\/uploads\/sites\/175\/2022\/02\/Instalacion-sondas-bajo-vehiculo.jpg 632w\" sizes=\"auto, (max-width: 248px) 100vw, 248px\" \/>[\/vc_column_text][\/vc_tta_section][vc_tta_section title=\u00bbPublicaciones\u00bb tab_id=\u00bb1602581067144-cc8a00d4-77cc\u00bb][vc_column_text]Beres, N.D.; Lapuerta, M.; Cereceda-Balic, F.; Moosm\u00fcller, H. Snow surface albedo sensitivity to black carbon: radiative transfer modelling. Atmosphere. Vol. 11(10). Article number 1077. 2020.<\/p>\n<p><a href=\"https:\/\/www.mdpi.com\/search?q=&amp;authors=Lapuerta&amp;journal=atmosphere&amp;article_type=&amp;search=Search&amp;section=&amp;special_issue=&amp;volume=&amp;issue=&amp;number=&amp;page=\">https:\/\/www.mdpi.com\/search?q=&amp;authors=Lapuerta&amp;journal=atmosphere&amp;article_type=&amp;search=Search&amp;section=&amp;special_issue=&amp;volume=&amp;issue=&amp;number=&amp;page=<\/a><\/p>\n<p><a href=\"https:\/\/blog.uclm.es\/areammt\/wp-content\/uploads\/sites\/175\/2020\/10\/atmosphere-11-01077.pdf\">atmosphere-11-01077<\/a><\/p>\n<p>Lapuerta, M.; Gonz\u00e1lez-Correa, S.; Cerreceda-Balic, F.M Moosm\u00fcller, H. Comparison of equations used to estimate soot agglomerate absorption efficiency with the Rayleigh-Debye-Gans approximation. Science Direct. Vol 262. Article number 107522.2021.<\/p>\n<p><a href=\"https:\/\/www.sciencedirect.com\/science\/article\/pii\/S0022407321000157?dgcid=coauthor\">Comparison of equations used to estimate soot agglomerate absorption efficiency with the Rayleigh-Debye-Gans approximation &#8211; ScienceDirect<\/a><\/p>\n<p>[\/vc_column_text][\/vc_tta_section][vc_tta_section title=\u00bbEquipamiento adquirido\u00bb tab_id=\u00bb1602581185013-c5ecb627-7c04&#8243;][vc_column_text]<strong>Cavity Attenuated Particle Shift (CAPS)<\/strong><\/p>\n<p><img loading=\"lazy\" decoding=\"async\" class=\"alignleft wp-image-720 size-medium\" src=\"https:\/\/blog.uclm.es\/areammt\/wp-content\/uploads\/sites\/175\/2021\/05\/CAPS-interior-146x300.jpg\" alt=\"\" width=\"146\" height=\"300\" \/><\/p>\n<p>&nbsp;<\/p>\n<p style=\"text-align: center\"><a href=\"https:\/\/blog.uclm.es\/areammt\/wp-content\/uploads\/sites\/175\/2021\/06\/Operating-Manual-PMssa-Silver-March-2021.pdf\">Operating Manual-PMssa (Silver) March 2021<\/a><\/p>\n<p style=\"text-align: center\"><a href=\"https:\/\/blog.uclm.es\/areammt\/wp-content\/uploads\/sites\/175\/2021\/06\/321001-SolMA-Certificate.pdf\">321001 SolMA Certificate<\/a><\/p>\n<p>[\/vc_column_text][\/vc_tta_section][vc_tta_section title=\u00bbReuniones espec\u00edficas por actividad\u00bb tab_id=\u00bb1604910627449-32b835c7-ac78&#8243;][vc_column_text]<a href=\"https:\/\/blog.uclm.es\/areammt\/wp-content\/uploads\/sites\/175\/2021\/05\/1a-reunion-16_10_2020.pdf\">1\u00aa reuni\u00f3n 16_10_2020<\/a><\/p>\n<p><a href=\"https:\/\/blog.uclm.es\/areammt\/wp-content\/uploads\/sites\/175\/2021\/05\/2a-reunion22_10_2020.pdf\">2\u00aa reuni\u00f3n22_10_2020<\/a><\/p>\n<p><a href=\"https:\/\/blog.uclm.es\/areammt\/wp-content\/uploads\/sites\/175\/2021\/05\/3a-reunion-06_11_20.pdf\">3\u00aa reuni\u00f3n 06_11_20<\/a><\/p>\n<p><a href=\"https:\/\/blog.uclm.es\/areammt\/wp-content\/uploads\/sites\/175\/2021\/05\/4a-reunion-20_11_20.pdf\">4\u00aa reuni\u00f3n 20_11_20<\/a><\/p>\n<p><a href=\"https:\/\/blog.uclm.es\/areammt\/wp-content\/uploads\/sites\/175\/2021\/05\/5a-reunion-22_01_21.pdf\">5\u00aa reuni\u00f3n 22_01_21<\/a><\/p>\n<p><a href=\"https:\/\/blog.uclm.es\/areammt\/wp-content\/uploads\/sites\/175\/2022\/02\/6a-reunion-15_06_2021.pdf\">6\u00aa reuni\u00f3n 15_06_2021<\/a><\/p>\n<p><a href=\"https:\/\/blog.uclm.es\/areammt\/wp-content\/uploads\/sites\/175\/2022\/02\/7a-reunion-22_06_2021.pdf\">7\u00aa reuni\u00f3n 22_06_2021<\/a><\/p>\n<p><a href=\"https:\/\/blog.uclm.es\/areammt\/wp-content\/uploads\/sites\/175\/2022\/02\/8a-reunion-02_07_2021.pdf\">8\u00aa reuni\u00f3n 02_07_2021<\/a><\/p>\n<p><a href=\"https:\/\/blog.uclm.es\/areammt\/wp-content\/uploads\/sites\/175\/2022\/02\/9a-reunion-05_07_2021.pdf\">9\u00aa reuni\u00f3n 05_07_2021<\/a><\/p>\n<p><a href=\"https:\/\/blog.uclm.es\/areammt\/wp-content\/uploads\/sites\/175\/2022\/02\/10a-reunion-08_07_2021.pdf\">10\u00aa reuni\u00f3n 08_07_2021<\/a><\/p>\n<p><a href=\"https:\/\/blog.uclm.es\/areammt\/wp-content\/uploads\/sites\/175\/2022\/02\/11a-reunion-21_09_2021.pdf\">11\u00aa reuni\u00f3n 21_09_2021<\/a><\/p>\n<p><a href=\"https:\/\/blog.uclm.es\/areammt\/wp-content\/uploads\/sites\/175\/2022\/02\/12a-reunion-30_12_2021.pdf\">12\u00aa reuni\u00f3n 30_12_2021<\/a>[\/vc_column_text][\/vc_tta_section][vc_tta_section title=\u00bbReuniones equipo completo\u00bb tab_id=\u00bb1604910752049-c9188555-54e3&#8243;][vc_column_text]<a href=\"https:\/\/blog.uclm.es\/areammt\/wp-content\/uploads\/sites\/175\/2021\/05\/1a-reunion_01.07.20.pptx\">1\u00aa reuni\u00f3n_01.07.20<\/a><\/p>\n<p><a href=\"https:\/\/blog.uclm.es\/areammt\/wp-content\/uploads\/sites\/175\/2021\/05\/2a-reunion_30.07.20.pptx\">2\u00aa reuni\u00f3n_30.07.20<\/a><\/p>\n<p><a href=\"https:\/\/blog.uclm.es\/areammt\/wp-content\/uploads\/sites\/175\/2021\/05\/3a-reunion_06.11.20.pptx\">3\u00aa reuni\u00f3n_06.11.20<\/a>[\/vc_column_text][\/vc_tta_section][vc_tta_section title=\u00bbTrabajos Fin de Estudios vinculados al proyecto\u00bb tab_id=\u00bb1643717172121-4d0de4c8-5fd1&#8243;][vc_column_text]<a href=\"https:\/\/blog.uclm.es\/areammt\/wp-content\/uploads\/sites\/175\/2022\/02\/TFM-Sofia-Gonzalez-Correa.pdf\">TFM Sof\u00eda Gonz\u00e1lez Correa<\/a><\/p>\n<p><a href=\"https:\/\/blog.uclm.es\/areammt\/wp-content\/uploads\/sites\/175\/2022\/02\/Memoria-TFM-Jesus-Fdez-Rguez.pdf\">TFM Jes\u00fas Fdez Rguez<\/a><\/p>\n<p><a href=\"https:\/\/blog.uclm.es\/areammt\/wp-content\/uploads\/sites\/175\/2022\/02\/TFG-Jaime-Isasi-Campillo-1.pdf\">TFG Jaime Isasi Campillo <\/a><\/p>\n<p>[\/vc_column_text][\/vc_tta_section][vc_tta_section title=\u00bbOptiPar\u00bb tab_id=\u00bb1650968287578-c2f6d943-737a\u00bb][vc_column_text]<img loading=\"lazy\" decoding=\"async\" class=\"alignnone size-medium wp-image-920\" src=\"https:\/\/blog.uclm.es\/areammt\/wp-content\/uploads\/sites\/175\/2022\/06\/OptiPar-Logo-sin-fondo-300x153.png\" alt=\"\" width=\"300\" height=\"153\" srcset=\"https:\/\/blog.uclm.es\/areammt\/wp-content\/uploads\/sites\/175\/2022\/06\/OptiPar-Logo-sin-fondo-300x153.png 300w, https:\/\/blog.uclm.es\/areammt\/wp-content\/uploads\/sites\/175\/2022\/06\/OptiPar-Logo-sin-fondo.png 629w\" sizes=\"auto, (max-width: 300px) 100vw, 300px\" \/><\/p>\n<p><a href=\"https:\/\/github.com\/sofiagc9\/OptiPar\">https:\/\/github.com\/sofiagc9\/OptiPar<\/a>[\/vc_column_text][vc_column_text][\/vc_column_text][\/vc_tta_section][\/vc_tta_accordion][\/vc_column][\/vc_row]<\/p>\n","protected":false},"excerpt":{"rendered":"<p>[vc_row][vc_column][vc_tta_accordion style=\u00bbmodern\u00bb shape=\u00bbround\u00bb color=\u00bbturquoise\u00bb c_align=\u00bbcenter\u00bb active_section=\u00bb1&#8243;][vc_tta_section title=\u00bbEntidades participantes\u00bb tab_id=\u00bb1606380305487-83ea0613-c1b0&#8243;][vc_column_text] GRUPO DE COMBUSTIBLES Y MOTORES(GCM) Secci\u00f3n de Ciudad Real Secci\u00f3n de Albacete INSTITUTO NACIONAL DE T\u00c9CNICA AEROSPACIAL (INTA) UNIVERSIDAD POLIT\u00c9CNICA DE MADRID (UPM) [\/vc_column_text][\/vc_tta_section][vc_tta_section title=\u00bbInformes cient\u00edfico-t\u00e9cnicos\u00bb tab_id=\u00bb1602577543283-6e611fe6-9c9c\u00bb][vc_column_text]Expliaci\u00f3n borrador electrones efectivos_24_02_21 Informe_22_10_20 Modelo de dispersi\u00f3n_13_02_21[\/vc_column_text][\/vc_tta_section][vc_tta_section title=\u00bbResoluciones\u00bb tab_id=\u00bb1602577543310-936c8fe6-621c\u00bb][vc_column_text]Resoluci\u00f3n definitiva[\/vc_column_text][\/vc_tta_section][vc_tta_section title=\u00bbFotograf\u00edas\u00bb tab_id=\u00bb1602577620963-293ef0e5-a319&#8243;][vc_column_text] [\/vc_column_text][\/vc_tta_section][vc_tta_section title=\u00bbPublicaciones\u00bb tab_id=\u00bb1602581067144-cc8a00d4-77cc\u00bb][vc_column_text]Beres, N.D.; Lapuerta, M.; Cereceda-Balic, [&hellip;]<\/p>\n","protected":false},"author":6,"featured_media":0,"parent":0,"menu_order":0,"comment_status":"closed","ping_status":"closed","template":"","meta":{"footnotes":""},"class_list":["post-603","page","type-page","status-publish","hentry"],"_links":{"self":[{"href":"https:\/\/blog.uclm.es\/areammt\/wp-json\/wp\/v2\/pages\/603","targetHints":{"allow":["GET"]}}],"collection":[{"href":"https:\/\/blog.uclm.es\/areammt\/wp-json\/wp\/v2\/pages"}],"about":[{"href":"https:\/\/blog.uclm.es\/areammt\/wp-json\/wp\/v2\/types\/page"}],"author":[{"embeddable":true,"href":"https:\/\/blog.uclm.es\/areammt\/wp-json\/wp\/v2\/users\/6"}],"replies":[{"embeddable":true,"href":"https:\/\/blog.uclm.es\/areammt\/wp-json\/wp\/v2\/comments?post=603"}],"version-history":[{"count":0,"href":"https:\/\/blog.uclm.es\/areammt\/wp-json\/wp\/v2\/pages\/603\/revisions"}],"wp:attachment":[{"href":"https:\/\/blog.uclm.es\/areammt\/wp-json\/wp\/v2\/media?parent=603"}],"curies":[{"name":"wp","href":"https:\/\/api.w.org\/{rel}","templated":true}]}}