{"id":516,"date":"2020-06-25T18:00:18","date_gmt":"2020-06-25T17:00:18","guid":{"rendered":"http:\/\/blog.uclm.es\/areammt\/?page_id=516"},"modified":"2022-11-10T09:00:58","modified_gmt":"2022-11-10T09:00:58","slug":"energias-renovables","status":"publish","type":"page","link":"https:\/\/blog.uclm.es\/areammt\/energias-renovables\/","title":{"rendered":"Energ\u00edas Renovables"},"content":{"rendered":"\n<figure class=\"wp-block-table\"><table><tbody><tr><td><b>Subject Code<\/b><\/td><td>56414<\/td><\/tr><tr><td><b>Subject Name<\/b><\/td><td>Renewable energy<\/td><\/tr><tr><td><b>Subject term<\/b><\/td><td>Second quarter of 3rd year<\/td><\/tr><tr><td><b>Hours per week<\/b><\/td><td>4<\/td><\/tr><tr><td><b>Subject type<\/b><\/td><td><i>Troncal<\/i>(Required)<\/td><\/tr><tr><td><b>Credits<\/b><\/td><td>6 ECTS credits<\/td><\/tr><tr><td>&nbsp;<\/td><\/tr><tr><td><b>Objectives<\/b><\/td><td>&nbsp;<\/td><\/tr><tr><td><b>Contents<\/b><\/td><td>&nbsp;<\/td><\/tr><tr><td><b>Bibliography<\/b><\/td><td>&nbsp;<\/td><\/tr><tr><td>&nbsp;<\/td><\/tr><tr><td><b>Professor<\/b><\/td><td>\n<p>Juan Jos\u00e9 Hern\u00e1ndez Adrover<\/p>\n<p>Manuel Domingo Barriga Carrasco<\/p>\n<p>\u00c1ngel Ramos Diezma<\/p>\n<\/td><\/tr><tr><td><b>Teaching Method<\/b><\/td><td>Classroom and laboratory teaching<\/td><\/tr><tr><td><b>Evaluation Method<\/b><\/td><td>Mid-term and final exams<\/td><\/tr><\/tbody><\/table><\/figure>\n","protected":false},"excerpt":{"rendered":"<p>Subject Code 56414 Subject Name Renewable energy Subject term Second quarter of 3rd year Hours per week 4 Subject type Troncal(Required) Credits 6 ECTS credits &nbsp; Objectives &nbsp; Contents &nbsp; Bibliography &nbsp; &nbsp; Professor Juan Jos\u00e9 Hern\u00e1ndez Adrover Manuel Domingo Barriga Carrasco \u00c1ngel Ramos Diezma Teaching Method Classroom and laboratory teaching Evaluation Method Mid-term and [&hellip;]<\/p>\n","protected":false},"author":245,"featured_media":0,"parent":0,"menu_order":0,"comment_status":"closed","ping_status":"closed","template":"page-no-separators","meta":{"footnotes":""},"class_list":["post-516","page","type-page","status-publish","hentry"],"_links":{"self":[{"href":"https:\/\/blog.uclm.es\/areammt\/wp-json\/wp\/v2\/pages\/516","targetHints":{"allow":["GET"]}}],"collection":[{"href":"https:\/\/blog.uclm.es\/areammt\/wp-json\/wp\/v2\/pages"}],"about":[{"href":"https:\/\/blog.uclm.es\/areammt\/wp-json\/wp\/v2\/types\/page"}],"author":[{"embeddable":true,"href":"https:\/\/blog.uclm.es\/areammt\/wp-json\/wp\/v2\/users\/245"}],"replies":[{"embeddable":true,"href":"https:\/\/blog.uclm.es\/areammt\/wp-json\/wp\/v2\/comments?post=516"}],"version-history":[{"count":1,"href":"https:\/\/blog.uclm.es\/areammt\/wp-json\/wp\/v2\/pages\/516\/revisions"}],"predecessor-version":[{"id":1034,"href":"https:\/\/blog.uclm.es\/areammt\/wp-json\/wp\/v2\/pages\/516\/revisions\/1034"}],"wp:attachment":[{"href":"https:\/\/blog.uclm.es\/areammt\/wp-json\/wp\/v2\/media?parent=516"}],"curies":[{"name":"wp","href":"https:\/\/api.w.org\/{rel}","templated":true}]}}