{"id":40,"date":"2019-09-18T08:52:12","date_gmt":"2019-09-18T07:52:12","guid":{"rendered":"http:\/\/blog.uclm.es\/areammt\/?page_id=40"},"modified":"2025-03-18T09:52:05","modified_gmt":"2025-03-18T09:52:05","slug":"tesis","status":"publish","type":"page","link":"https:\/\/blog.uclm.es\/areammt\/tesis\/","title":{"rendered":"Tesis"},"content":{"rendered":"<h4><span style=\"color: #0000ff\"><b>TESIS REALIZADAS<\/b><\/span><\/h4>\n<hr noshade=\"noshade\" size=\"1\" \/>\n<p><em><strong>Theoretical-experimental evaluation of the radiative impact of soot particle emissions from combustion processes.<\/strong><\/em><\/p>\n<p><em>Autor<\/em>: Sof\u00eda Gonz\u00e1lez Correa<br \/>\n<em>Director<\/em>: Mag\u00edn Lapuerta Amigo<br \/>\n<em>Presentada en<\/em>: Universidad de Castilla-La Mancha<br \/>\n<em>Fecha de lectura<\/em>: Junio 2024<\/p>\n<p><em><strong>Potencial de combustibles sostenibles de bajo carbono para su empleo en motores de encendido por compresi\u00f3n operando en modo dual<\/strong><\/em><\/p>\n<p><em>Autor<\/em>: V\u00edctor Manuel Dom\u00ednguez P\u00e9rez<br \/>\n<em>Director<\/em>: Juan Jos\u00e9 Hern\u00e1ndez Adrover y \u00c1ngel Ramos Diezma<br \/>\n<em>Presentada en<\/em>: Universidad de Castilla-La Mancha<br \/>\n<em>Fecha de lectura<\/em>: Febrero 2024<\/p>\n<p><em><strong>Estudio del comportamiento del material inerte presente en biocombustibles s\u00f3lidos en procesos de combusti\u00f3n en calderas industriales<\/strong><\/em><\/p>\n<p><em>Autor<\/em>: Amparo Pazo Catal\u00e1n<br \/>\n<em>Director<\/em>: Mag\u00edn Lapuerta Amigo y Anselmo Acosta Echevarr\u00eda<br \/>\n<em>Presentada en<\/em>: Universidad de Castilla-La Mancha<br \/>\n<em>Fecha de lectura<\/em>: Septiembre 2023<\/p>\n<p><em><strong>Evaluaci\u00f3n de biocombustibles residuales de origen terp\u00e9nico para el transporte<\/strong><\/em><\/p>\n<p><em>Autor<\/em>: David Donoso Malag\u00f3n<br \/>\n<em>Director<\/em>: Mag\u00edn Lapuerta Amigo y Jos\u00e9 Laureano Canoira L\u00f3pez<br \/>\n<em>Presentada en<\/em>: Universidad de Castilla-La Mancha<br \/>\n<em>Fecha de lectura<\/em>: Junio 2023<\/p>\n<p><strong><em>Efecto de biocombustibles avanzados sobre las prestaciones y emisiones de veh\u00edculos equipados con trampas NOx y UREA-SCR<\/em><\/strong><\/p>\n<p><em>Autor<\/em>: Alejandro Calle Asensio<br \/>\n<em>Director<\/em>: Juan Jos\u00e9 Hern\u00e1ndez Adrover y Jos\u00e9 Rodr\u00edguez Fern\u00e1ndez<br \/>\n<em>Presentada en<\/em>: Universidad de Castilla-La Mancha<br \/>\n<em>Fecha de lectura<\/em>: Noviembre 2022<\/p>\n<p><b><i>Efecto de las interacciones moleculares sobre las propiedades macrosc\u00f3picas de las mezclas alcohol-di\u00e9sel.<\/i><\/b><\/p>\n<p><em>Autora: <\/em>Rayda Margareth Pati\u00f1o Camino<br \/>\n<em>Director:<\/em> Mag\u00edn Lapuerta Amigo y Jos\u00e9 Rodr\u00edguez Fern\u00e1ndez<br \/>\n<i>Presentado en:<\/i> Universidad de Castilla-La Mancha<br \/>\n<i>Fecha de lectura:<\/i> Septiembre 2021<\/p>\n<p><b><i>Estudio te\u00f3rico-experimental del efecto de la estructura y posici\u00f3n del grupo funcional en la autoignici\u00f3n de combustibles. Alcanos y alcoholes.<\/i><\/b><\/p>\n<p><em>Autor: <\/em>Alexis Jos\u00e9 Cova Bonillo<br \/>\n<em>Director:<\/em> Juan Jos\u00e9 Hern\u00e1ndez Adrover<br \/>\n<i>Presentado en:<\/i> Universidad de Castilla-La Mancha<br \/>\n<i>Fecha de lectura:<\/i> Mayo 2020<\/p>\n<p><b><i>Evaluation of n-butanol as blending component for diesel engines with euro 6 aftertreatment system.<\/i><\/b><\/p>\n<p><em>Autor: <\/em>David Fern\u00e1ndez Rodr\u00edguez<br \/>\n<em>Director:<\/em> Mag\u00edn Lapuerta Amigo<br \/>\n<i>Presentado en:<\/i> Universidad de Castilla-La Mancha<br \/>\n<i>Fecha de lectura:<\/i> Julio 2019<\/p>\n<p><b><i>Modelado geom\u00e9trico para el an\u00e1lisis fractal de aglomerados de holl\u00edn emitidos en procesos de combusti\u00f3n.<\/i><\/b><\/p>\n<p><em>Autor: <\/em>Juan Jos\u00e9 Exp\u00f3sito Gonz\u00e1lez<br \/>\n<em>Director:<\/em> Mag\u00edn Lapuerta Amigo<br \/>\n<i>Presentado en:<\/i> Universidad de Castilla-La Mancha<br \/>\n<i>Fecha de lectura:<\/i> Marzo 2019<\/p>\n<p><b><i>Caracterizaci\u00f3n de holl\u00edn e implicaciones en la reactividad en filtros de part\u00edculas di\u00e9sel.<\/i><\/b><\/p>\n<p><em>Autor: <\/em>Jes\u00fas S\u00e1nchez-Valdepe\u00f1as Garc\u00eda-Moreno<br \/>\n<em>Director:<\/em> Jos\u00e9 Rodr\u00edguez Fern\u00e1ndez<br \/>\n<i>Presentado en:<\/i> Universidad de Castilla-La Mancha<br \/>\n<i>Fecha de lectura:<\/i> Julio 2018<\/p>\n<p><b><i>Estudio experimental de peletizado en planta piloto y de combusti\u00f3n en caldera de biomasa a baja potencia.<\/i><\/b><\/p>\n<p><em>Autora: <\/em>Henar Mar\u00eda Gonz\u00e1lez Portero<br \/>\n<em>Director:<\/em> Mag\u00edn Lapuerta Amigo. Esperanza Monedero Villalba<br \/>\n<i>Presentado en:<\/i> Universidad de Castilla-La Mancha<br \/>\n<i>Fecha de lectura:<\/i> Marzo 2018<\/p>\n<p><i><b>Emisiones contaminantes producidas por motores y veh\u00edculos di\u00e9sel empleando combustibles alternativos de segunda generaci\u00f3n.<\/b><\/i><\/p>\n<p><em>Autor:\u00a0<\/em>\u00c1ngel Ramos Diezma<br \/>\n<em>Director:<\/em>\u00a0Octavio Armas Vergel<br \/>\n<i>Presentado en:<\/i> Universidad de Castilla-La Mancha<br \/>\n<i>Fecha de lectura:<\/i>\u00a0Mayo 2016<\/p>\n<p><i><b>Estudio de las emisiones de motores di\u00e9sel de automoci\u00f3n en condiciones de funcionamiento transitorias al usar biodiesel.<\/b><\/i><\/p>\n<p><em>Autora:\u00a0<\/em>M\u00aa. Dolores C\u00e1rdenas Almena<br \/>\n<em>Director:<\/em>\u00a0Octavio Armas Vergel<br \/>\n<i>Presentado en:<\/i>\u00a0Universidad de Castilla La Mancha<br \/>\n<i>Fecha de lectura:<\/i>\u00a0Enero 2016<\/p>\n<p><em><strong>Especiaci\u00f3n de hidrocarburos en un motor di\u00e9sel empelando distintos combustibles y modos de operaci\u00f3n.<\/strong><\/em><\/p>\n<p><em>Autor:\u00a0<\/em>Jos\u00e9 Guill\u00e9n Flores<br \/>\n<em>Directora:<\/em>\u00a0Rosario Ballesteros Y\u00e1\u00f1ez<br \/>\n<em>Fecha de lectura:<\/em>\u00a0Enero 2016<\/p>\n<p><strong><em>Estudio experimental sobre el empleo de gas de gasificaci\u00f3n de biomasa en quemadores y motores diesel.<\/em><\/strong><\/p>\n<p><em>Autor:\u00a0<\/em>Javier Barba Salvador<br \/>\n<em>Director:<\/em>\u00a0Juan Jos\u00e9 Hern\u00e1ndez Adrover<br \/>\n<em>Fecha de lectura:<\/em>\u00a0Julio 2014<\/p>\n<p><strong><em>Estudio experimental del proceso de gasificaci\u00f3n de biomasa en flujo arrastrado.<\/em><\/strong><\/p>\n<p><em>Autora:\u00a0<\/em>Guadalupe Aranda Almansa<br \/>\n<em>Director:<\/em>\u00a0Juan Jos\u00e9 Hern\u00e1ndez Adrover<br \/>\n<em>Fecha de lectura:<\/em>\u00a0Julio 2012<\/p>\n<p><strong><em>Estudio sobre los procesos de acumulaci\u00f3n y regeneraci\u00f3n de holl\u00edn en una trampa de part\u00edculas diesel con diferentes combustibles.<\/em><\/strong><\/p>\n<p><em>Autor:\u00a0<\/em>Ferm\u00edn Oliva Mi\u00f1ana<br \/>\n<em>Director:<\/em>\u00a0Mag\u00edn Lapuerta Amigo<br \/>\n<em>Fecha de lectura:<\/em>\u00a0Marzo 2012<\/p>\n<p><strong><em>Estudio de las emisiones contaminantes y de la durabilidad de un sistema de inyecci\u00f3n utilizando mezclas etanol-di\u00e9sel en veh\u00edculos.<\/em><\/strong><\/p>\n<p><em>Autora:\u00a0<\/em>Carmen Mata Montes<br \/>\n<em>Director:<\/em>\u00a0Octavio Armas Vergel<br \/>\n<em>Fecha de lectura:<\/em>\u00a0Diciembre 2010<\/p>\n<p><strong><em>Impacts of fuel formulation and engine operating parameters on the nanostructure and reactivity of diesel soot.<\/em><\/strong><\/p>\n<p><em>Autor:\u00a0<\/em>Kuen Yehliu<br \/>\n<em>Directores:<\/em>\u00a0Andr\u00e8 L. Boehman, Randy W. Val, Octavio Armas<br \/>\n<em>Fecha de lectura:<\/em>\u00a0Septiembre 2010<\/p>\n<p><i><b>Especiaci\u00f3n de hidrocarburos gaseosos y arom\u00e1ticos polic\u00edclicos emitidos por un motor diesel ensayado con diferentes combustibles.<\/b><\/i><\/p>\n<p><em>Autora:\u00a0<\/em>Lisbeth Lucia Lyons Chima<br \/>\n<em>Directora:<\/em>\u00a0Rosario Ballesteros Y\u00e1\u00f1ez<br \/>\n<i>Presentado en:<\/i>\u00a0Universidad de Castilla La Mancha<br \/>\n<i>Fecha de lectura:<\/i>\u00a0Julio 2010<\/p>\n<p><i><b>An\u00e1lisis Cin\u00e9tico-Qu\u00edmico del proceso de autoencendido del combustible di\u00e9sel en condiciones de carga homog\u00e9nea.<\/b><\/i><\/p>\n<p><em>Autor:\u00a0<\/em>Josep Sanz Argent<br \/>\n<em>Director:<\/em>\u00a0Juan Jos\u00e9 Hern\u00e1ndez Adrover<br \/>\n<i>Presentado en:<\/i>\u00a0Universidad de Castilla La Mancha<br \/>\n<i>Fecha de lectura:<\/i>\u00a0Marzo 2010<\/p>\n<p><i><b>Estudio de mezclas basadas en bioetanol sobre las emisiones de un motor diesel.<\/b><\/i><\/p>\n<p><em>Autora:\u00a0<\/em>M\u00aa. Reyes Garc\u00eda Contreras<br \/>\n<em>Director:<\/em>\u00a0Mag\u00edn Lapuerta Amigo<br \/>\n<i>Presentado en:<\/i>\u00a0Universidad de Castilla La Mancha<br \/>\n<i>Fecha de lectura:<\/i>\u00a0Octubre 2009<\/p>\n<p><i><b>Estudio del efecto del combustible sobre el tama\u00f1o y forma de las part\u00edculas emitidas por un motor diesel.<\/b><\/i><\/p>\n<p><em>Autor:\u00a0<\/em>Jos\u00e9 Mart\u00edn Herreros Arellano<br \/>\n<em>Director:<\/em>\u00a0Mag\u00edn Lapuerta Amigo<br \/>\n<i>Presentado en:<\/i>\u00a0Universidad de Castilla La Mancha<br \/>\n<i>Fecha de lectura:<\/i>\u00a0Julio 2009<\/p>\n<p><i><b>Estudio bibliogr\u00e1fico y experimental de la emisiones y prestaciones de un motor trabajando con biodiesel.<\/b><\/i><\/p>\n<p><em>Autor:\u00a0<\/em>Jos\u00e9 Rodr\u00edguez Fern\u00e1ndez<br \/>\n<em>Director:<\/em>\u00a0Mag\u00edn Lapuerta Amigo<br \/>\n<i>Presentado en:<\/i>\u00a0Universidad de Castilla La Mancha<br \/>\n<i>Fecha de lectura:<\/i>\u00a0Junio 2007<\/p>\n<p><i><b>Modelo cin\u00e9tico-qu\u00edmico del proceso de combusti\u00f3n diesel para la estimaci\u00f3n de contaminantes gaseosos.<\/b><\/i><\/p>\n<p><em>Autor:\u00a0<\/em>Javier P\u00e9rez Collado<br \/>\n<em>Director:<\/em>\u00a0Juan Jos\u00e9 Hern\u00e1ndez Adrover<br \/>\n<i>Presentado en:<\/i>\u00a0Universidad de Castilla La Mancha<br \/>\n<i>Fecha de lectura:<\/i>\u00a0Febrero 2007<\/p>\n<p><b><i>Metodolog\u00eda para determinar distribuciones de tama\u00f1os de part\u00edculas Diesel mediante un sistema de medida de movilidad el\u00e9ctrica.<\/i><\/b><\/p>\n<p><i>Autora:<\/i>\u00a0Ar\u00e1ntzazu G\u00f3mez Esteban<br \/>\n<i>Director:<\/i>\u00a0Octavio Armas Vergel<br \/>\n<i>Presentado en:<\/i>\u00a0Universidad de Castilla La Mancha<br \/>\n<em>Fecha de lectura<\/em>: Septiembre 2006<\/p>\n<p><i><b>Modelado del proceso de gasificaci\u00f3n de biomasa lignocelul\u00f3sica residual.<\/b><\/i><\/p>\n<p><i>Autor:<\/i>\u00a0Joaqu\u00edn Rodr\u00edguez Morales.<br \/>\n<i>Director:<\/i>\u00a0Mag\u00edn Lapuerta Amigo<br \/>\n<i>Presentado en:<\/i>\u00a0Universidad de Castilla La Mancha<br \/>\n<em>Fecha de lectura<\/em>: Julio 2006<\/p>\n<p><i><b>Estudio del comportamiento del gas de gasificaci\u00f3n de biomasa en procesos de combusti\u00f3n.<\/b><\/i><\/p>\n<p><i>Autor:<\/i>\u00a0Clara Serrano Huertas.<br \/>\n<i>Director:<\/i>\u00a0Juan Jos\u00e9 Hern\u00e1ndez Adrover<br \/>\n<i>Presentado en:<\/i>\u00a0Universidad de Castilla La Mancha<br \/>\n<em>Fecha de lectura<\/em>: Mayo 2006<\/p>\n<p><b><i>Caracterizaci\u00f3n morfol\u00f3gica de part\u00edculas diesel.<\/i><\/b><\/p>\n<p><i>Autor:<\/i>\u00a0Francisco Javier Martos Ramos<br \/>\n<i>Director:<\/i>\u00a0Mag\u00edn Lapuerta Amigo<br \/>\n<i>Presentado en:<\/i>\u00a0Universidad de Castilla La Mancha<br \/>\n<em>Fecha de lectura<\/em>: Marzo 2006<\/p>\n<p><i><b>An\u00e1lisis experimental de las emisiones de part\u00edculas de un motor diesel con combustibles convencionales y alternativos.<\/b><\/i><\/p>\n<p><i>Autora:<\/i>\u00a0Rosario Ballesteros Y\u00e1\u00f1ez<br \/>\n<i>Director:<\/i>\u00a0Mag\u00edn Lapuerta Amigo<br \/>\n<i>Presentado en:<\/i>\u00a0Universidad de Castilla La Mancha<br \/>\n<i>Fecha de lectura:<\/i>\u00a0Enero 2002<\/p>\n<p><i><b>Modelado de la formaci\u00f3n y emisi\u00f3n de contaminantes en sistemas de combusti\u00f3n.<\/b><\/i><\/p>\n<p><i>Autor:<\/i>\u00a0Juan Jos\u00e9 Hern\u00e1ndez Adrover<br \/>\n<i>Director:<\/i>\u00a0Mag\u00edn Lapuerta Amigo<br \/>\n<i>Presentado en:<\/i>\u00a0Universidad Polit\u00e9cnica de Valencia<br \/>\n<i>Fecha de lectura:<\/i>\u00a0Abril 2000<\/p>\n<p><i><b>Estudio del proceso de combusti\u00f3n en un motor Diesel de inyecci\u00f3n indirecta.<\/b><\/i><\/p>\n<p><i>Autor:<\/i>\u00a0Carlos Domenech Jord\u00e1<br \/>\n<i>Director:<\/i>\u00a0Mag\u00edn Lapuerta Amigo<br \/>\n<i>Presentado en:<\/i>\u00a0Universidad Polit\u00e9cnica de Valencia<br \/>\n<i>Fecha de lectura:\u00a0<\/i>1999<\/p>\n<p><i><b>Estudio te\u00f3rico-experimental del chorro libre Diesel isotermo.<\/b><\/i><\/p>\n<p><i>Autor:<\/i>\u00a0David Correas Jim\u00e9nez<br \/>\n<i>Director:<\/i>\u00a0Mag\u00edn Lapuerta Amigo<br \/>\n<i>Presentado en:<\/i>\u00a0Universidad Polit\u00e9cnica de Valencia<br \/>\n<i>Fecha de lectura:\u00a0<\/i>1998.<\/p>\n<p><b><i>Diagn\u00f3stico experimental del proceso de combusti\u00f3n en motores Diesel de inyecci\u00f3n directa.<\/i><\/b><\/p>\n<p><i>Autor:<\/i>\u00a0Octavio Armas Vergel<br \/>\n<i>Director:<\/i>\u00a0Francisco Payri<br \/>\n<i>Presentado en:<\/i>\u00a0Universidad Polit\u00e9cnica de Valencia.<br \/>\n<i>Fecha de lectura:\u00a0<\/i>1998.<\/p>\n<h3 style=\"text-align: center\"><span style=\"color: #0000ff\"><b>TESIS EN CURSO<\/b><\/span><\/h3>\n<hr noshade=\"noshade\" size=\"1\" \/>\n<p><strong><em>Estudio del comportamiento del material inerte presente en biocombustibles s\u00f3lidos en procesos de combusti\u00f3n en calderas dom\u00e9sticas e industriales.<\/em><\/strong><\/p>\n<p><em>Autora:\u00a0<\/em>Amparo Pazo Catal\u00e1n<br \/>\n<em>Directores:<\/em>\u00a0Anselmo Acosta Echeverr\u00eda y Mag\u00edn Lapuerta Amigo<br \/>\n<em>Fecha prevista de finalizaci\u00f3n:<\/em> 2023<\/p>\n<p><em><strong>Producci\u00f3n, caracterizaci\u00f3n, ensayo y evaluaci\u00f3n del impacto medioambiental de la resina de pino y sus derivados como biocombustibles para el transporte.\u00a0<\/strong><\/em><\/p>\n<p><em>Autor: <\/em>David Donoso Malag\u00f3n<br \/>\n<em>Directores:<\/em> Mag\u00edn Lapuerta Amigo y Jos\u00e9 Laureano Canoira L\u00f3pez<br \/>\n<em>Fecha prevista de finalizaci\u00f3n:<\/em> 2023<\/p>\n<p><em><strong>Reducci\u00f3n de emisiones de CO2 en motores di\u00e9sel mediante la dualizaci\u00f3n con gases y l\u00edquidos.<\/strong><\/em><\/p>\n<p><em>Autor: <\/em>V\u00edctor Manuel Dom\u00ednguez P\u00e9rez<br \/>\n<em>Directores:<\/em> Juan Jos\u00e9 Hern\u00e1ndez Adrover y Jos\u00e9 Rodr\u00edguez Fern\u00e1ndez<br \/>\n<em>Fecha prevista de finalizaci\u00f3n:<\/em> 2023<\/p>\n<p><strong><em>Estudio experimental sobre las prestaciones y emisiones contaminantes de calderas alimentadas con biomasa no le\u00f1osa.<\/em><\/strong><\/p>\n<p><em>Autor: <\/em>Mar\u00eda del Roc\u00edo Collado Castillo<br \/>\n<em>Directores:<\/em> Juan Jos\u00e9 Hern\u00e1ndez Adrover<br \/>\n<em>Fecha prevista de finalizaci\u00f3n:<\/em> 2023<\/p>\n<p><strong><em>Theoretical-experimental evaluation of the radiative impact of soot particle emissions from combustion processes.<\/em><\/strong><\/p>\n<p><em>Autor: <\/em>Sof\u00eda Gonz\u00e1lez Correa<br \/>\n<em>Directores:<\/em> Mag\u00edn Lapuerta Amigo<br \/>\n<em>Fecha prevista de finalizaci\u00f3n:<\/em> 2024<\/p>\n","protected":false},"excerpt":{"rendered":"<p>TESIS REALIZADAS Theoretical-experimental evaluation of the radiative impact of soot particle emissions from combustion processes. Autor: Sof\u00eda Gonz\u00e1lez Correa Director: Mag\u00edn Lapuerta Amigo Presentada en: Universidad de Castilla-La Mancha Fecha de lectura: Junio 2024 Potencial de combustibles sostenibles de bajo carbono para su empleo en motores de encendido por compresi\u00f3n operando en modo dual Autor: [&hellip;]<\/p>\n","protected":false},"author":245,"featured_media":0,"parent":0,"menu_order":0,"comment_status":"closed","ping_status":"closed","template":"page-no-separators","meta":{"footnotes":""},"class_list":["post-40","page","type-page","status-publish","hentry"],"_links":{"self":[{"href":"https:\/\/blog.uclm.es\/areammt\/wp-json\/wp\/v2\/pages\/40","targetHints":{"allow":["GET"]}}],"collection":[{"href":"https:\/\/blog.uclm.es\/areammt\/wp-json\/wp\/v2\/pages"}],"about":[{"href":"https:\/\/blog.uclm.es\/areammt\/wp-json\/wp\/v2\/types\/page"}],"author":[{"embeddable":true,"href":"https:\/\/blog.uclm.es\/areammt\/wp-json\/wp\/v2\/users\/245"}],"replies":[{"embeddable":true,"href":"https:\/\/blog.uclm.es\/areammt\/wp-json\/wp\/v2\/comments?post=40"}],"version-history":[{"count":12,"href":"https:\/\/blog.uclm.es\/areammt\/wp-json\/wp\/v2\/pages\/40\/revisions"}],"predecessor-version":[{"id":1422,"href":"https:\/\/blog.uclm.es\/areammt\/wp-json\/wp\/v2\/pages\/40\/revisions\/1422"}],"wp:attachment":[{"href":"https:\/\/blog.uclm.es\/areammt\/wp-json\/wp\/v2\/media?parent=40"}],"curies":[{"name":"wp","href":"https:\/\/api.w.org\/{rel}","templated":true}]}}