{"id":339,"date":"2019-10-22T12:48:15","date_gmt":"2019-10-22T11:48:15","guid":{"rendered":"http:\/\/blog.uclm.es\/areammt\/?page_id=339"},"modified":"2023-06-07T06:55:16","modified_gmt":"2023-06-07T06:55:16","slug":"fotos","status":"publish","type":"page","link":"https:\/\/blog.uclm.es\/areammt\/fotos\/","title":{"rendered":"Fotos"},"content":{"rendered":"\n<h3 class=\"wp-block-heading has-large-font-size\"><span style=\"color: #0000ff\"><strong>EVENTOS<\/strong><\/span><\/h3>\n\n\n\n<h4 class=\"wp-block-heading has-foreground-color has-text-color has-large-font-size\">     <strong><em><span style=\"color: #a600ff\">Defensa de Tesis Doctoral de David Donoso el d\u00eda 2 de junio de 2023.<\/span><\/em><\/strong><\/h4>\n\n\n\n<figure class=\"wp-block-image size-large\"><img loading=\"lazy\" decoding=\"async\" width=\"1024\" height=\"768\" src=\"https:\/\/blog.uclm.es\/areammt\/wp-content\/uploads\/sites\/175\/2023\/06\/Foto-defensa-de-tesis-David-Donoso-1024x768.jpg\" alt=\"\" class=\"wp-image-1376\" srcset=\"https:\/\/blog.uclm.es\/areammt\/wp-content\/uploads\/sites\/175\/2023\/06\/Foto-defensa-de-tesis-David-Donoso-1024x768.jpg 1024w, https:\/\/blog.uclm.es\/areammt\/wp-content\/uploads\/sites\/175\/2023\/06\/Foto-defensa-de-tesis-David-Donoso-300x225.jpg 300w, https:\/\/blog.uclm.es\/areammt\/wp-content\/uploads\/sites\/175\/2023\/06\/Foto-defensa-de-tesis-David-Donoso-768x576.jpg 768w, https:\/\/blog.uclm.es\/areammt\/wp-content\/uploads\/sites\/175\/2023\/06\/Foto-defensa-de-tesis-David-Donoso-1536x1152.jpg 1536w, https:\/\/blog.uclm.es\/areammt\/wp-content\/uploads\/sites\/175\/2023\/06\/Foto-defensa-de-tesis-David-Donoso-2048x1536.jpg 2048w\" sizes=\"auto, (max-width: 1024px) 100vw, 1024px\" \/><\/figure>\n\n\n\n<h4 class=\"wp-block-heading has-foreground-color has-text-color has-large-font-size\">     <strong><em><span style=\"color: #a600ff\">Defensa de Tesis Doctoral de Alejandro Calle el d\u00eda 25 de noviembre de 2022.<\/span><\/em><\/strong><\/h4>\n\n\n\n<figure class=\"wp-block-gallery has-nested-images columns-default is-cropped wp-block-gallery-1 is-layout-flex wp-block-gallery-is-layout-flex\">\n<figure class=\"wp-block-image size-large\"><img loading=\"lazy\" decoding=\"async\" width=\"1024\" height=\"768\" data-id=\"1076\" src=\"https:\/\/blog.uclm.es\/areammt\/wp-content\/uploads\/sites\/175\/2022\/12\/Foto-defensa-tesis-Alejandro-Calle-1024x768.jpg\" alt=\"\" class=\"wp-image-1076\" srcset=\"https:\/\/blog.uclm.es\/areammt\/wp-content\/uploads\/sites\/175\/2022\/12\/Foto-defensa-tesis-Alejandro-Calle-1024x768.jpg 1024w, https:\/\/blog.uclm.es\/areammt\/wp-content\/uploads\/sites\/175\/2022\/12\/Foto-defensa-tesis-Alejandro-Calle-300x225.jpg 300w, https:\/\/blog.uclm.es\/areammt\/wp-content\/uploads\/sites\/175\/2022\/12\/Foto-defensa-tesis-Alejandro-Calle-768x576.jpg 768w, https:\/\/blog.uclm.es\/areammt\/wp-content\/uploads\/sites\/175\/2022\/12\/Foto-defensa-tesis-Alejandro-Calle-1536x1152.jpg 1536w, https:\/\/blog.uclm.es\/areammt\/wp-content\/uploads\/sites\/175\/2022\/12\/Foto-defensa-tesis-Alejandro-Calle-2048x1536.jpg 2048w\" sizes=\"auto, (max-width: 1024px) 100vw, 1024px\" \/><\/figure>\n<\/figure>\n\n\n\n<p><\/p>\n\n\n\n<h4 class=\"wp-block-heading has-large-font-size\"><span style=\"color: #a600ff\"><strong><em>     XII Congreso Nacional y III Internacional de Ingenier\u00eda Termodin\u00e1mica celebrado en Madrid del 29 de Junio al 1 de Julio de 2022.<\/em><\/strong><\/span><\/h4>\n\n\n\n<p><span style=\"color: #a600ff\"><strong>\u00a0<\/strong><\/span><\/p>\n\n\n\n<figure class=\"wp-block-image size-large is-resized\"><img loading=\"lazy\" decoding=\"async\" src=\"https:\/\/blog.uclm.es\/areammt\/wp-content\/uploads\/sites\/175\/2023\/06\/20220630_121723-768x1024.jpg\" alt=\"\" class=\"wp-image-1378\" width=\"650\" height=\"866\" srcset=\"https:\/\/blog.uclm.es\/areammt\/wp-content\/uploads\/sites\/175\/2023\/06\/20220630_121723-768x1024.jpg 768w, https:\/\/blog.uclm.es\/areammt\/wp-content\/uploads\/sites\/175\/2023\/06\/20220630_121723-225x300.jpg 225w, https:\/\/blog.uclm.es\/areammt\/wp-content\/uploads\/sites\/175\/2023\/06\/20220630_121723-1152x1536.jpg 1152w, https:\/\/blog.uclm.es\/areammt\/wp-content\/uploads\/sites\/175\/2023\/06\/20220630_121723-1536x2048.jpg 1536w, https:\/\/blog.uclm.es\/areammt\/wp-content\/uploads\/sites\/175\/2023\/06\/20220630_121723-scaled.jpg 1920w\" sizes=\"auto, (max-width: 650px) 100vw, 650px\" \/><\/figure>\n\n\n\n<h2 class=\"wp-block-heading\"><strong><em><span style=\"color: #a600ff\">&nbsp; &nbsp;<\/span><\/em><\/strong><\/h2>\n\n\n\n<h4 class=\"wp-block-heading has-large-font-size\"><strong><em><span style=\"color: #a600ff\">&nbsp; &nbsp; &nbsp;Defensa de Trabajo Fin de M\u00e1ster el d\u00eda 9 de Junio de 2022.<\/span><\/em><\/strong><\/h4>\n\n\n\n<h2 class=\"wp-block-heading has-text-align-center\"><img loading=\"lazy\" decoding=\"async\" class=\"size-medium wp-image-961 aligncenter\" src=\"https:\/\/blog.uclm.es\/areammt\/wp-content\/uploads\/sites\/175\/2022\/07\/Foto-defensa-TFM-de-Diego-Gomez-300x135.jpg\" alt=\"\" width=\"300\" height=\"135\" srcset=\"https:\/\/blog.uclm.es\/areammt\/wp-content\/uploads\/sites\/175\/2022\/07\/Foto-defensa-TFM-de-Diego-Gomez-300x135.jpg 300w, https:\/\/blog.uclm.es\/areammt\/wp-content\/uploads\/sites\/175\/2022\/07\/Foto-defensa-TFM-de-Diego-Gomez-1024x461.jpg 1024w, https:\/\/blog.uclm.es\/areammt\/wp-content\/uploads\/sites\/175\/2022\/07\/Foto-defensa-TFM-de-Diego-Gomez-768x346.jpg 768w, https:\/\/blog.uclm.es\/areammt\/wp-content\/uploads\/sites\/175\/2022\/07\/Foto-defensa-TFM-de-Diego-Gomez-1536x691.jpg 1536w, https:\/\/blog.uclm.es\/areammt\/wp-content\/uploads\/sites\/175\/2022\/07\/Foto-defensa-TFM-de-Diego-Gomez.jpg 1600w\" sizes=\"auto, (max-width: 300px) 100vw, 300px\" \/><\/h2>\n\n\n\n<h4 class=\"wp-block-heading has-large-font-size\">&nbsp; &nbsp; &nbsp;<strong><em><span style=\"color: #a600ff\">La Fundaci\u00f3n Rodolfo Benito Samaniego hace menci\u00f3n honor\u00edfica a David Donoso Malag\u00f3n por su Trabajo Fin de M\u00e1ster.&nbsp;<\/span><\/em><\/strong><\/h4>\n\n\n\n<p><a href=\"https:\/\/www.fundacionrbs.org\/actividades\/premios-fundacion\/item\/280-xvi-premios-fundacion-rodolfo-benito-samaniego\"><em>https:\/\/www.fundacionrbs.org\/actividades\/premios-fundacion\/item\/280-xvi-premios-fundacion-rodolfo-benito-samaniego<\/em><\/a><\/p>\n\n\n\n<p><strong> Durante la celebraci\u00f3n de su acto central en honor a las v\u00edctimas del terrorismo, entregando sus XVI premios anuales, hace menci\u00f3n honor\u00edfica a David Donoso por su Trabajo Fin de M\u00e1ster, con t\u00edtulo: \u00abProducci\u00f3n y evaluaci\u00f3n de propiedades de un combustible procedente de subproductos de la industria vin\u00edcola\u00bb dirigido por Mag\u00edn Lapuerta y Jos\u00e9 Rodr\u00edguez Fern\u00e1ndez, miembros del Grupo de Combustibles y Motores (GCM). Actualmente, David Donoso se encuentra realizando su Tesis Doctoral.<\/strong><\/p>\n\n\n\n<p><strong>&nbsp; &nbsp; &nbsp; &nbsp; &nbsp; &nbsp; &nbsp; Estos premios anuales reconocen a personas individuales y colectivos que destacan por sus aportaciones al fortalecimiento de los valores de convivencia y tolerancia en la sociedad; as\u00ed como a j\u00f3venes ingenieros que, como Rodolfo, realizan brillantes proyectos con aplicaciones sociales.<\/strong><\/p>\n\n\n\n<figure class=\"wp-block-image aligncenter\"><img loading=\"lazy\" decoding=\"async\" width=\"225\" height=\"300\" src=\"https:\/\/blog.uclm.es\/areammt\/wp-content\/uploads\/sites\/175\/2022\/07\/Imagen3-225x300.jpg\" alt=\"\" class=\"wp-image-947\" srcset=\"https:\/\/blog.uclm.es\/areammt\/wp-content\/uploads\/sites\/175\/2022\/07\/Imagen3-225x300.jpg 225w, https:\/\/blog.uclm.es\/areammt\/wp-content\/uploads\/sites\/175\/2022\/07\/Imagen3.jpg 266w\" sizes=\"auto, (max-width: 225px) 100vw, 225px\" \/><\/figure>\n\n\n\n<h4 class=\"wp-block-heading has-large-font-size\"><strong><em><span style=\"color: #a600ff\">&nbsp; &nbsp; &nbsp;Presentaci\u00f3n de Trabajos Fin de Grado d\u00eda 28 de Febrero de 2020.<\/span><\/em><\/strong><\/h4>\n\n\n\n<figure class=\"wp-block-image aligncenter\"><img loading=\"lazy\" decoding=\"async\" width=\"225\" height=\"300\" src=\"https:\/\/blog.uclm.es\/areammt\/wp-content\/uploads\/sites\/175\/2022\/07\/Imagen1-225x300.jpg\" alt=\"\" class=\"wp-image-945\" srcset=\"https:\/\/blog.uclm.es\/areammt\/wp-content\/uploads\/sites\/175\/2022\/07\/Imagen1-225x300.jpg 225w, https:\/\/blog.uclm.es\/areammt\/wp-content\/uploads\/sites\/175\/2022\/07\/Imagen1.jpg 266w\" sizes=\"auto, (max-width: 225px) 100vw, 225px\" \/><\/figure>\n\n\n\n<h4 class=\"wp-block-heading has-large-font-size\"><span style=\"color: #a600ff\"><strong><em>Reuni\u00f3n del proyecto europeo ASIAXIS celebrada durante los d\u00edas 15-17 Enero 2020.<\/em><\/strong><\/span><\/h4>\n\n\n\n<p><a href=\"http:\/\/www.asiaxis.eu\/index.html\"><em>http:\/\/www.asiaxis.eu\/index.html&nbsp;<\/em><\/a><a href=\"https:\/\/www.uclm.es\/noticias\/noticias2020\/enero\/ciudad-real\/reunion_proyecto_asiaxis\"><em>https:\/\/www.uclm.es\/noticias\/noticias2020\/enero\/ciudad-real\/reunion_proyecto_asiaxis&nbsp;<\/em><\/a><\/p>\n\n\n\n<figure class=\"wp-block-image aligncenter\"><img loading=\"lazy\" decoding=\"async\" width=\"300\" height=\"169\" src=\"https:\/\/blog.uclm.es\/areammt\/wp-content\/uploads\/sites\/175\/2022\/07\/Imagen2-300x169.jpg\" alt=\"\" class=\"wp-image-946\" srcset=\"https:\/\/blog.uclm.es\/areammt\/wp-content\/uploads\/sites\/175\/2022\/07\/Imagen2-300x169.jpg 300w, https:\/\/blog.uclm.es\/areammt\/wp-content\/uploads\/sites\/175\/2022\/07\/Imagen2.jpg 425w\" sizes=\"auto, (max-width: 300px) 100vw, 300px\" \/><\/figure>\n","protected":false},"excerpt":{"rendered":"<p>EVENTOS Defensa de Tesis Doctoral de David Donoso el d\u00eda 2 de junio de 2023. Defensa de Tesis Doctoral de Alejandro Calle el d\u00eda 25 de noviembre de 2022. XII Congreso Nacional y III Internacional de Ingenier\u00eda Termodin\u00e1mica celebrado en Madrid del 29 de Junio al 1 de Julio de 2022. \u00a0 &nbsp; &nbsp; &nbsp; [&hellip;]<\/p>\n","protected":false},"author":245,"featured_media":0,"parent":0,"menu_order":0,"comment_status":"closed","ping_status":"closed","template":"page-no-separators","meta":{"footnotes":""},"class_list":["post-339","page","type-page","status-publish","hentry"],"_links":{"self":[{"href":"https:\/\/blog.uclm.es\/areammt\/wp-json\/wp\/v2\/pages\/339","targetHints":{"allow":["GET"]}}],"collection":[{"href":"https:\/\/blog.uclm.es\/areammt\/wp-json\/wp\/v2\/pages"}],"about":[{"href":"https:\/\/blog.uclm.es\/areammt\/wp-json\/wp\/v2\/types\/page"}],"author":[{"embeddable":true,"href":"https:\/\/blog.uclm.es\/areammt\/wp-json\/wp\/v2\/users\/245"}],"replies":[{"embeddable":true,"href":"https:\/\/blog.uclm.es\/areammt\/wp-json\/wp\/v2\/comments?post=339"}],"version-history":[{"count":14,"href":"https:\/\/blog.uclm.es\/areammt\/wp-json\/wp\/v2\/pages\/339\/revisions"}],"predecessor-version":[{"id":1383,"href":"https:\/\/blog.uclm.es\/areammt\/wp-json\/wp\/v2\/pages\/339\/revisions\/1383"}],"wp:attachment":[{"href":"https:\/\/blog.uclm.es\/areammt\/wp-json\/wp\/v2\/media?parent=339"}],"curies":[{"name":"wp","href":"https:\/\/api.w.org\/{rel}","templated":true}]}}