{"id":32,"date":"2019-09-18T08:44:50","date_gmt":"2019-09-18T07:44:50","guid":{"rendered":"http:\/\/blog.uclm.es\/areammt\/?page_id=32"},"modified":"2019-09-18T08:44:50","modified_gmt":"2019-09-18T07:44:50","slug":"termotecnia","status":"publish","type":"page","link":"https:\/\/blog.uclm.es\/areammt\/docencia-2\/termotecnia\/","title":{"rendered":"Termotecnia"},"content":{"rendered":"<p>[vc_row][vc_column][vc_tta_accordion style=\u00bbmodern\u00bb shape=\u00bbround\u00bb color=\u00bbblue\u00bb active_section=\u00bb100&#8243; collapsible_all=\u00bbtrue\u00bb][vc_tta_section title=\u00bbFicha en Castellano\u00bb tab_id=\u00bb1568792519854-cbeda8c8-c9ff\u00bb][vc_column_text]<\/p>\n<table border=\"1\" width=\"550\">\n<tbody>\n<tr>\n<td width=\"25%\"><b>C\u00f3digo Asignatura<\/b><\/td>\n<td width=\"75%\">56115<\/td>\n<\/tr>\n<tr>\n<td width=\"25%\"><b>Nombre asignatura<\/b><\/td>\n<td width=\"75%\">Termotecnia<\/td>\n<\/tr>\n<tr>\n<td width=\"25%\"><b>Duraci\u00f3n<\/b><\/td>\n<td width=\"75%\">Segundo cuatrimestre del 2\u00ba curso<\/td>\n<\/tr>\n<tr>\n<td width=\"25%\"><b>N\u00ba Horas semanales<\/b><\/td>\n<td width=\"75%\">3<\/td>\n<\/tr>\n<tr>\n<td width=\"25%\"><b>Tipo Asignatura<\/b><\/td>\n<td width=\"75%\">Obligatoria<\/td>\n<\/tr>\n<tr>\n<td width=\"25%\"><b>Cr\u00e9ditos<\/b><\/td>\n<td width=\"75%\">4.5 cr\u00e9ditos UCLM (4 cr\u00e9ditos ECTS)<\/td>\n<\/tr>\n<tr>\n<td colspan=\"2\" bgcolor=\"#CCCCCC\" width=\"100%\">\n<p align=\"center\">\n<\/td>\n<\/tr>\n<tr>\n<td width=\"25%\"><b>Objetivos<\/b><\/td>\n<td width=\"75%\">Aprendizaje de los diferentes modos de transmisi\u00f3n de calor (conducci\u00f3n, convecci\u00f3n y radiaci\u00f3n), as\u00ed como las leyes que los gobiernan y sus aplicaciones<\/td>\n<\/tr>\n<tr>\n<td width=\"25%\"><b>Contenido<\/b><\/td>\n<td width=\"75%\">Conducci\u00f3n en r\u00e9gimen permanente unidimensional y multidimensional, conducci\u00f3n transitoria, convecci\u00f3n forzada, convecci\u00f3n natural, convecci\u00f3n con cambio de fase, transmisi\u00f3n de calor por radiaci\u00f3n<\/td>\n<\/tr>\n<tr>\n<td width=\"25%\"><b>Bibliograf\u00eda<\/b><\/td>\n<td width=\"75%\">F.P. Incropera, D.P. De Witt. Introduction to heat transfer. John Wiley &amp; Sons, 1996.<br \/>\nJ.P. Holman. Transferencia de calor. McGraw Hill, 1998.<br \/>\nF. Kreith, M.S. Bohn. Principios de transferencia de calor. Ed. Thomson, 2002.<\/td>\n<\/tr>\n<tr>\n<td colspan=\"2\" bgcolor=\"#CCCCCC\" width=\"100%\"><\/td>\n<\/tr>\n<tr>\n<td width=\"25%\"><b>Profesor<\/b><\/td>\n<td width=\"75%\">Juan J. Hern\u00e1ndez<br \/>\nJavier Perez<\/td>\n<\/tr>\n<tr>\n<td width=\"25%\"><b>M\u00e9t. Ense\u00f1anza<\/b><\/td>\n<td width=\"75%\">Clases y pr\u00e1cticas presenciales<\/td>\n<\/tr>\n<tr>\n<td width=\"25%\"><b>M\u00e9t. Evaluaci\u00f3n<\/b><\/td>\n<td width=\"75%\">Ex\u00e1menes parciales + examen final<\/td>\n<\/tr>\n<\/tbody>\n<\/table>\n<p>[\/vc_column_text][\/vc_tta_section][vc_tta_section title=\u00bbFicha en Ingl\u00e9s\u00bb tab_id=\u00bb1568792519896-6bf79d80-44c0&#8243;][vc_column_text]<\/p>\n<table border=\"1\" width=\"550\">\n<tbody>\n<tr>\n<td width=\"25%\"><b>Subject Code<\/b><\/td>\n<td width=\"75%\">56115<\/td>\n<\/tr>\n<tr>\n<td width=\"25%\"><b>Subject Name<\/b><\/td>\n<td width=\"75%\">Heat Transfer<\/td>\n<\/tr>\n<tr>\n<td width=\"25%\"><b>Subject term<\/b><\/td>\n<td width=\"75%\">Second quarter of 2nd year<\/td>\n<\/tr>\n<tr>\n<td width=\"25%\"><b>Hours per week<\/b><\/td>\n<td width=\"75%\">3<\/td>\n<\/tr>\n<tr>\n<td width=\"25%\"><b>Subject type<\/b><\/td>\n<td width=\"75%\"><i>Obligatoria\u00a0<\/i>(Required)<\/td>\n<\/tr>\n<tr>\n<td width=\"25%\"><b>Credits<\/b><\/td>\n<td width=\"75%\">4.5 UCLM credits (4 ECTS credits)<\/td>\n<\/tr>\n<tr>\n<td colspan=\"2\" bgcolor=\"#CCCCCC\" width=\"100%\">\n<p align=\"center\">\n<\/td>\n<\/tr>\n<tr>\n<td width=\"25%\"><b>Objectives<\/b><\/td>\n<td width=\"75%\">Learning of the different modes related to heat transfer (conduction, convection and radiation), governing equations and practical applications<\/td>\n<\/tr>\n<tr>\n<td width=\"25%\"><b>Contents<\/b><\/td>\n<td width=\"75%\">One and multidimensional steady-state conduction, transient conduction, forced and free convection, boiling and condensation, radiation heat transfer<\/td>\n<\/tr>\n<tr>\n<td width=\"25%\"><b>Bibliography<\/b><\/td>\n<td width=\"75%\">F.P. Incropera, D.P. De Witt. Introduction to heat transfer. John Wiley &amp; Sons, 1996<br \/>\nJ.P. Holman. Transferencia de calor. McGraw Hill, 1998<br \/>\nF. Kreith, M.S. Bohn. Principios de transferencia de calor. Ed. Thomson, 2002<\/td>\n<\/tr>\n<tr>\n<td colspan=\"2\" bgcolor=\"#CCCCCC\" width=\"100%\"><\/td>\n<\/tr>\n<tr>\n<td width=\"25%\"><b>Professor<\/b><\/td>\n<td width=\"75%\">Juan J. Hern\u00e1ndez<br \/>\nJavier P\u00e9rez<\/td>\n<\/tr>\n<tr>\n<td width=\"25%\"><b>Teaching Method<\/b><\/td>\n<td width=\"75%\">Classroom and laboratory teaching<\/td>\n<\/tr>\n<tr>\n<td width=\"25%\"><b>Evaluation Method<\/b><\/td>\n<td width=\"75%\">Mid-term and final exams<\/td>\n<\/tr>\n<\/tbody>\n<\/table>\n<p>[\/vc_column_text][\/vc_tta_section][vc_tta_section title=\u00bbPrograma Extendido\u00bb tab_id=\u00bb1568792641450-0e5e7a11-a7e5&#8243;][vc_column_text]<b><i>CAPITULO 1. Principios fundamentales de transmisi\u00f3n de calor.<\/i><\/b><\/p>\n<p><b>Tema1. Introducci\u00f3n y propiedades importantes de los materiales en la transmisi\u00f3n de calor.<\/b><\/p>\n<p>Importancia de la transmisi\u00f3n de calor y aplicaciones. Formas de transmisi\u00f3n de calor. Leyes fundamentales de las distintas formas de transmisi\u00f3n de calor. Propiedades importantes de los materiales en la transmisi\u00f3n de calor. N\u00fameros adimensionales.<\/p>\n<p><b><i>CAPITULO 2. Transmisi\u00f3n de calor por conducci\u00f3n.<\/i><\/b><\/p>\n<p><b>Tema 2. R\u00e9gimen permanente unidireccional. Conceptos y ecuaciones.<\/b><\/p>\n<p>Introducci\u00f3n. Paredes planas. Paredes cil\u00edndricas. Paredes esf\u00e9ricas. Superficies de contorno rodeadas por fluidos a temperaturas conocidas. El coeficiente global de transmisi\u00f3n de calor. Espesor cr\u00edtico de aislamiento en tuber\u00edas. Espesor \u00f3ptimo econ\u00f3mico de aislamiento.<\/p>\n<p><b>Tema 3. R\u00e9gimen permanente unidireccional. Superficies adicionales.<\/b><\/p>\n<p>Introducci\u00f3n. Ecuaci\u00f3n general de las superficies adicionales. Aleta recta de espesor uniforme. Aguja de secci\u00f3n transversal constante. Aleta anular de espesor constante. Otros tipos de aletas. Efectividad de las aletas. Utilidad de las aletas. Calor total transmitido por una superficie aleteada.<\/p>\n<p><b>Tema 4. R\u00e9gimen permanente bidireccional.<\/b><\/p>\n<p>Introducci\u00f3n. Conducci\u00f3n en placas rectangulares. Conducci\u00f3n en un cilindro circular de longitud finita. M\u00e9todos num\u00e9ricos.<\/p>\n<p><b>Tema 5. Conducci\u00f3n en r\u00e9gimen transitorio.<\/b><\/p>\n<p>Sistemas de capacidad t\u00e9rmica global. Sistemas con variaciones espaciales. M\u00e9todos num\u00e9ricos.<\/p>\n<p><i><b>CAPITULO 3. Transmisi\u00f3n de calor por convecci\u00f3n.<\/b><\/i><\/p>\n<p><b>Tema 6. Principios fundamentales.<\/b><\/p>\n<p>Introducci\u00f3n. Tipos de convecci\u00f3n. Ecuaciones generales conservativas. Teor\u00eda de la semejanza. Capa l\u00edmite. Flujo turbulento.<\/p>\n<p><b>Tema 7. Convecci\u00f3n forzada.<\/b><\/p>\n<p>Introducci\u00f3n. Convecci\u00f3n forzada externa. F\u00f3rmulas de trabajo para la convecci\u00f3n forzada externa. Convecci\u00f3n forzada interna. F\u00f3rmulas de trabajo para la convecci\u00f3n forzada interna.<\/p>\n<p><b>Tema 8. Convecci\u00f3n natural o libre.<\/b><\/p>\n<p>Introducci\u00f3n. Ecuaciones fundamentales. Correlaciones de trabajo. Convecci\u00f3n mixta forzada y libre.<\/p>\n<p><b><i>CAPITULO 4. Transmisi\u00f3n de calor por radiaci\u00f3n.<\/i><\/b><\/p>\n<p><b>Tema 9. Conceptos b\u00e1sicos, leyes y propiedades radiantes.<\/b><\/p>\n<p>Introducci\u00f3n. Intensidad de la radiaci\u00f3n. Absortividad, reflectividad y transmisividad. Cuerpo negro. Emitancia. Ley de Lambert. Ley de Stefan-Boltzman. Leyes de Planck y de Wien. Fracci\u00f3n de energ\u00eda emitida por un cuerpo negro. Cuerpos grises. Ley de Kirchoff.<\/p>\n<p><b>Tema 10. Intercambios de calor por radiaci\u00f3n.<\/b><\/p>\n<p>Factores de forma. Algebra de los factores de forma. Radiosidad, irradiaci\u00f3n y flujo neto de calor radiante. Intercambio de calor en recintos cerrados. Intercambio de calor entre planos. Superficies rerradiantes. Radiaci\u00f3n solar.<\/p>\n<p>PR\u00c1CTICAS:<\/p>\n<p>P1.- Calibraci\u00f3n de instrumentos para la medida de temperatura.<\/p>\n<p>P2.- Determinaci\u00f3n experimental del coeficiente de transmisi\u00f3n de calor por convecci\u00f3n en el interior de una tuber\u00eda.<\/p>\n<p>P3.- Ensayo de un colector global de baja temperatura<\/p>\n<p>&nbsp;<\/p>\n<p>BIBLIOGRAF\u00cdA:<\/p>\n<p><i>&#8211; A.J. Chapman. \u00abTransmisi\u00f3n del calor\u00bb. Ed. Bellisco. 1990.<\/i><\/p>\n<p>&#8211; J.P. Holman. \u00abHeat Transfer\u00bb. Ed. McGraw-Hill. 1992.<\/p>\n<p>&#8211; V. Isachenko. \u00abTransmisi\u00f3n del calor\u00bb. Ed. Marcombo. 1973<\/p>\n<p>&#8211; J.P. Gupta. \u00abWorking with Heat Exchangers. Questions and Answers\u00bb. Ed. Hemisphere. 1990<\/p>\n<p>&#8211; F.P. Incropera, D.B. DeWitt. \u00abIntroduction to Heat Transfer\u00bb. Ed. John Wiley &amp; Sons. 1996<\/p>\n<p>&#8211; F. Kreith, M.S. Bohn. Principios de transferencia de calor. Ed. Thomson, 2002.[\/vc_column_text][\/vc_tta_section][\/vc_tta_accordion][\/vc_column][\/vc_row]<\/p>\n","protected":false},"excerpt":{"rendered":"<p>[vc_row][vc_column][vc_tta_accordion style=\u00bbmodern\u00bb shape=\u00bbround\u00bb color=\u00bbblue\u00bb active_section=\u00bb100&#8243; collapsible_all=\u00bbtrue\u00bb][vc_tta_section title=\u00bbFicha en Castellano\u00bb tab_id=\u00bb1568792519854-cbeda8c8-c9ff\u00bb][vc_column_text] C\u00f3digo Asignatura 56115 Nombre asignatura Termotecnia Duraci\u00f3n Segundo cuatrimestre del 2\u00ba curso N\u00ba Horas semanales 3 Tipo Asignatura Obligatoria Cr\u00e9ditos 4.5 cr\u00e9ditos UCLM (4 cr\u00e9ditos ECTS) Objetivos Aprendizaje de los diferentes modos de transmisi\u00f3n de calor (conducci\u00f3n, convecci\u00f3n y radiaci\u00f3n), as\u00ed como las leyes que [&hellip;]<\/p>\n","protected":false},"author":245,"featured_media":0,"parent":24,"menu_order":0,"comment_status":"closed","ping_status":"closed","template":"","meta":{"footnotes":""},"class_list":["post-32","page","type-page","status-publish","hentry"],"_links":{"self":[{"href":"https:\/\/blog.uclm.es\/areammt\/wp-json\/wp\/v2\/pages\/32","targetHints":{"allow":["GET"]}}],"collection":[{"href":"https:\/\/blog.uclm.es\/areammt\/wp-json\/wp\/v2\/pages"}],"about":[{"href":"https:\/\/blog.uclm.es\/areammt\/wp-json\/wp\/v2\/types\/page"}],"author":[{"embeddable":true,"href":"https:\/\/blog.uclm.es\/areammt\/wp-json\/wp\/v2\/users\/245"}],"replies":[{"embeddable":true,"href":"https:\/\/blog.uclm.es\/areammt\/wp-json\/wp\/v2\/comments?post=32"}],"version-history":[{"count":0,"href":"https:\/\/blog.uclm.es\/areammt\/wp-json\/wp\/v2\/pages\/32\/revisions"}],"up":[{"embeddable":true,"href":"https:\/\/blog.uclm.es\/areammt\/wp-json\/wp\/v2\/pages\/24"}],"wp:attachment":[{"href":"https:\/\/blog.uclm.es\/areammt\/wp-json\/wp\/v2\/media?parent=32"}],"curies":[{"name":"wp","href":"https:\/\/api.w.org\/{rel}","templated":true}]}}