{"id":29,"date":"2019-09-18T08:39:46","date_gmt":"2019-09-18T07:39:46","guid":{"rendered":"http:\/\/blog.uclm.es\/areammt\/?page_id=29"},"modified":"2022-11-10T08:54:23","modified_gmt":"2022-11-10T08:54:23","slug":"termodinamica","status":"publish","type":"page","link":"https:\/\/blog.uclm.es\/areammt\/docencia-2\/termodinamica\/","title":{"rendered":"Termodin\u00e1mica T\u00e9cnica"},"content":{"rendered":"\n<figure class=\"wp-block-table\"><table><tbody><tr><td>Subject Code<\/td><td>56321<\/td><\/tr><tr><td>Subject Name<\/td><td>Thermodynamics and Heat Transfer<\/td><\/tr><tr><td>Subject term<\/td><td>2nd quarter of 2nd year; 1<sup>st<\/sup> quarter of 3<sup>rd<\/sup> year<\/td><\/tr><tr><td>Hours per week<\/td><td>4<\/td><\/tr><tr><td>Subject type<\/td><td>Troncal(Required)<\/td><\/tr><tr><td>Credits<\/td><td>6 ECTS credits<\/td><\/tr><tr><td>\n<p align=\"center\">&nbsp;<\/p>\n<\/td><\/tr><tr><td>Objectives<\/td><td>Basic principles of the thermodynamics and heat transfer and their application in engineering for energetic transformations<\/td><\/tr><tr><td>Contents<\/td><td>First and second laws for open and closed systems. Real gases behaviour. Themodynamic cycles. Heat transfer: conduction, convection and radiation.<\/td><\/tr><tr><td>Bibliography<\/td><td>Y.A. \u00c7engel, M.A. Boles. Termodin\u00e1mica. McGraw-Hill. M\u00e9xico. 1996.<br>Wark, K.; Richards, D.E. Termodin\u00e1mica. McGraw-Hill. Madrid, 2001.<br>M. Lapuerta, J.J. Hern\u00e1ndez, R. Ballesteros. Termodin\u00e1mica. ETSII-UCLM. 2002.F.P. Incropera. Fundamentos de transferencia de calor. Prentice Hall 1999.J.J. Hern\u00e1ndez, J. Rodr\u00edguez-Fern\u00e1ndez, Sanz J. Transmisi\u00f3n de calor para ingenieros. UCLM 2010.<\/td><\/tr><tr><td>&nbsp;<\/td><\/tr><tr><td>Professor<\/td><td>Juan J. Hern\u00e1ndez<br>Jos\u00e9 Rodr\u00edguez Fern\u00e1ndez<\/td><\/tr><tr><td>Teaching Method<\/td><td>Classroom and laboratory teaching<\/td><\/tr><tr><td>Evaluation Method<\/td><td>Mid-term and final exams<\/td><\/tr><\/tbody><\/table><\/figure>\n\n\n\n<p>[\/vc_column_text][\/vc_tta_section][\/vc_tta_accordion][\/vc_column][\/vc_row]<\/p>\n","protected":false},"excerpt":{"rendered":"<p>Subject Code 56321 Subject Name Thermodynamics and Heat Transfer Subject term 2nd quarter of 2nd year; 1st quarter of 3rd year Hours per week 4 Subject type Troncal(Required) Credits 6 ECTS credits &nbsp; Objectives Basic principles of the thermodynamics and heat transfer and their application in engineering for energetic transformations Contents First and second laws [&hellip;]<\/p>\n","protected":false},"author":245,"featured_media":0,"parent":24,"menu_order":0,"comment_status":"closed","ping_status":"closed","template":"page-no-separators","meta":{"footnotes":""},"class_list":["post-29","page","type-page","status-publish","hentry"],"_links":{"self":[{"href":"https:\/\/blog.uclm.es\/areammt\/wp-json\/wp\/v2\/pages\/29","targetHints":{"allow":["GET"]}}],"collection":[{"href":"https:\/\/blog.uclm.es\/areammt\/wp-json\/wp\/v2\/pages"}],"about":[{"href":"https:\/\/blog.uclm.es\/areammt\/wp-json\/wp\/v2\/types\/page"}],"author":[{"embeddable":true,"href":"https:\/\/blog.uclm.es\/areammt\/wp-json\/wp\/v2\/users\/245"}],"replies":[{"embeddable":true,"href":"https:\/\/blog.uclm.es\/areammt\/wp-json\/wp\/v2\/comments?post=29"}],"version-history":[{"count":1,"href":"https:\/\/blog.uclm.es\/areammt\/wp-json\/wp\/v2\/pages\/29\/revisions"}],"predecessor-version":[{"id":1027,"href":"https:\/\/blog.uclm.es\/areammt\/wp-json\/wp\/v2\/pages\/29\/revisions\/1027"}],"up":[{"embeddable":true,"href":"https:\/\/blog.uclm.es\/areammt\/wp-json\/wp\/v2\/pages\/24"}],"wp:attachment":[{"href":"https:\/\/blog.uclm.es\/areammt\/wp-json\/wp\/v2\/media?parent=29"}],"curies":[{"name":"wp","href":"https:\/\/api.w.org\/{rel}","templated":true}]}}