{"id":24,"date":"2019-09-18T08:32:13","date_gmt":"2019-09-18T07:32:13","guid":{"rendered":"http:\/\/blog.uclm.es\/areammt\/?page_id=24"},"modified":"2022-11-10T08:52:38","modified_gmt":"2022-11-10T08:52:38","slug":"docencia-2","status":"publish","type":"page","link":"https:\/\/blog.uclm.es\/areammt\/docencia-2\/","title":{"rendered":"Docencia"},"content":{"rendered":"\n<h4 class=\"wp-block-heading\">&nbsp;<\/h4>\n\n\n\n<hr class=\"wp-block-separator has-alpha-channel-opacity\" \/>\n\n\n\n<h4 class=\"wp-block-heading\"><strong><a href=\"http:\/\/blog.uclm.es\/areammt\/docencia\/termodinamica\/\">Termodin\u00e1mica<\/a><\/strong><\/h4>\n\n\n\n<h4 class=\"wp-block-heading\"><strong><a href=\"http:\/\/blog.uclm.es\/areammt\/docencia\/termotecnia\/\">Termotecnia<\/a><\/strong><\/h4>\n\n\n\n<h4 class=\"wp-block-heading\"><strong><a href=\"http:\/\/blog.uclm.es\/areammt\/ingenieria-termica\/\">Ingenier\u00eda T\u00e9rmica<\/a><\/strong><\/h4>\n\n\n\n<h4 class=\"wp-block-heading\"><strong><a href=\"http:\/\/blog.uclm.es\/areammt\/docencia\/maquinas-termicas\/\">M\u00e1quinas T\u00e9rmicas<\/a><\/strong><\/h4>\n\n\n\n<h4 class=\"wp-block-heading\"><strong><a href=\"http:\/\/blog.uclm.es\/areammt\/docencia\/evaluacion-y-gestion-de-sistemas-energeticos\/\">Evaluaci\u00f3n y Gesti\u00f3n de Sistemas Energ\u00e9ticos<\/a><\/strong><\/h4>\n\n\n\n<h4 class=\"wp-block-heading\"><strong><a href=\"http:\/\/blog.uclm.es\/areammt\/docencia\/tecnologias-de-la-combustion\/\">Tecnolog\u00edas de la Combusti\u00f3n<\/a><\/strong><\/h4>\n\n\n\n<h4 class=\"wp-block-heading\"><strong><a href=\"http:\/\/blog.uclm.es\/areammt\/docencia\/tecnologia-energetica\/\">Tecnolog\u00eda Energ\u00e9tica<\/a><\/strong><\/h4>\n\n\n\n<h4 class=\"wp-block-heading\"><strong><a href=\"http:\/\/blog.uclm.es\/areammt\/docencia\/frio-industrial\/\">Fr\u00edo Industrial<\/a><\/strong><\/h4>\n\n\n\n<h4 class=\"wp-block-heading\"><strong><a href=\"http:\/\/blog.uclm.es\/areammt\/docencia\/proyectos-fin-de-carrera-en-curso\/\">Proyectos fin de Carrera en Curso<\/a><\/strong><\/h4>\n\n\n\n<h4 class=\"wp-block-heading\"><strong><a href=\"http:\/\/blog.uclm.es\/areammt\/docencia\/proyectos-fin-de-carrera-realizados\/\">Proyectos fin de Carrera Realizados<\/a><\/strong><\/h4>\n\n\n\n<h4 class=\"wp-block-heading\"><strong><a href=\"http:\/\/blog.uclm.es\/areammt\/docencia\/cursos-organizados\/\">Cursos organizados<\/a><\/strong><\/h4>\n\n\n\n<h4 class=\"wp-block-heading\">&nbsp;<\/h4>\n","protected":false},"excerpt":{"rendered":"<p>&nbsp; Termodin\u00e1mica Termotecnia Ingenier\u00eda T\u00e9rmica M\u00e1quinas T\u00e9rmicas Evaluaci\u00f3n y Gesti\u00f3n de Sistemas Energ\u00e9ticos Tecnolog\u00edas de la Combusti\u00f3n Tecnolog\u00eda Energ\u00e9tica Fr\u00edo Industrial Proyectos fin de Carrera en Curso Proyectos fin de Carrera Realizados Cursos organizados &nbsp;<\/p>\n","protected":false},"author":245,"featured_media":0,"parent":0,"menu_order":0,"comment_status":"closed","ping_status":"closed","template":"page-no-separators","meta":{"footnotes":""},"class_list":["post-24","page","type-page","status-publish","hentry"],"_links":{"self":[{"href":"https:\/\/blog.uclm.es\/areammt\/wp-json\/wp\/v2\/pages\/24","targetHints":{"allow":["GET"]}}],"collection":[{"href":"https:\/\/blog.uclm.es\/areammt\/wp-json\/wp\/v2\/pages"}],"about":[{"href":"https:\/\/blog.uclm.es\/areammt\/wp-json\/wp\/v2\/types\/page"}],"author":[{"embeddable":true,"href":"https:\/\/blog.uclm.es\/areammt\/wp-json\/wp\/v2\/users\/245"}],"replies":[{"embeddable":true,"href":"https:\/\/blog.uclm.es\/areammt\/wp-json\/wp\/v2\/comments?post=24"}],"version-history":[{"count":2,"href":"https:\/\/blog.uclm.es\/areammt\/wp-json\/wp\/v2\/pages\/24\/revisions"}],"predecessor-version":[{"id":1450,"href":"https:\/\/blog.uclm.es\/areammt\/wp-json\/wp\/v2\/pages\/24\/revisions\/1450"}],"wp:attachment":[{"href":"https:\/\/blog.uclm.es\/areammt\/wp-json\/wp\/v2\/media?parent=24"}],"curies":[{"name":"wp","href":"https:\/\/api.w.org\/{rel}","templated":true}]}}