{"id":20,"date":"2019-09-17T14:03:42","date_gmt":"2019-09-17T13:03:42","guid":{"rendered":"http:\/\/blog.uclm.es\/areammt\/?page_id=20"},"modified":"2025-09-18T08:16:31","modified_gmt":"2025-09-18T08:16:31","slug":"personal","status":"publish","type":"page","link":"https:\/\/blog.uclm.es\/areammt\/personal\/","title":{"rendered":"Personal"},"content":{"rendered":"\n<div class=\"wp-block-group alignfull is-layout-constrained wp-block-group-is-layout-constrained\">\n<h3 class=\"wp-block-heading has-foreground-color has-text-color has-large-font-size\"><span style=\"color: #0000ff\"><strong>PROFESORES<\/strong><\/span><\/h3>\n\n\n\n<hr class=\"wp-block-separator has-alpha-channel-opacity\" \/>\n\n\n\n<p><b>Mag\u00edn Lapuerta Amigo<\/b>, Catedr\u00e1tico de Universidad<br>Doctor por la Universidad Polit\u00e9cnica de Valencia<br>Ingeniero Industrial<br>Tfn. 926 29 54 31<br>Adscripci\u00f3n: E.T.S.I.I. de Ciudad Real<br><a href=\"mailto:Magin.Lapuerta@uclm.es\">Magin.Lapuerta@uclm.es<\/a><br><a href=\"https:\/\/orcid.org\/0000-0001-7418-1412\">https:\/\/orcid.org\/0000-0001-7418-1412<\/a><\/p>\n\n\n\n<p><b>Juan Jos\u00e9 Hern\u00e1ndez Adrover<\/b>, Catedr\u00e1tico de Universidad<br>Doctor por la Universidad Polit\u00e9cnica de Valencia<br>Ingeniero Industrial<br>Tfn. 926 05 24 38<br>Adscripci\u00f3n: E.T.S.I.I. de Ciudad Real<br><a href=\"mailto:JuanJose.Hernandez@uclm.es\">JuanJose.Hernandez@uclm.es<\/a><br><a href=\"https:\/\/orcid.org\/0000-0003-4347-5666\">https:\/\/orcid.org\/0000-0003-4347-5666&nbsp;<\/a><\/p>\n\n\n\n<p><b>Rosario Ballesteros Ya\u00f1ez<\/b>, Catedr\u00e1tica de Universidad<br>Doctora por la Universidad de Castilla-La Mancha<br>Licenciada en Ciencias Qu\u00edmicas<br>Tfn. 926 05 28 03<br>Adscripci\u00f3n: E.T.S.I.I. de Ciudad Real<br><a href=\"mailto:Rosario.Ballesteros@uclm.es\">Rosario.Ballesteros@uclm.es<\/a><br><a href=\"https:\/\/orcid.org\/0000-0003-1072-1576\">https:\/\/orcid.org\/0000-0003-1072-1576<\/a><\/p>\n\n\n\n<p><b>Jos\u00e9 Rodr\u00edguez Fern\u00e1ndez<\/b>, Catedr\u00e1tico de Universidad<br>Doctor por la Universidad de Castilla-La Mancha<br>Ingeniero Industrial<br>Tfn. 926 05 23 19<br>Adscripci\u00f3n: E.T.S.I.I. de Ciudad Real<br><a href=\"mailto:Jose.RFernandez@uclm.es\">Jose.RFernandez@uclm.es<\/a><br><a href=\"https:\/\/orcid.org\/0000-0002-8380-5351\">https:\/\/orcid.org\/0000-0002-8380-5351<\/a><\/p>\n\n\n\n<p><b>\u00c1ngel Ramos Diezma<\/b>, Profesor Titular<br>Doctor por la Universidad de Castilla-La Mancha<br>Ingeniero Industrial<br>Tfn. 926 05 19 78<br>Adscripci\u00f3n: E.T.S.I.I. de Ciudad Real<br><a href=\"mailto:angel.ramos@uclm.es\">Angel.Ramos@uclm.es<\/a><br><a href=\"https:\/\/orcid.org\/0000-0002-9737-7714\">https:\/\/orcid.org\/0000-0002-9737-7714<\/a><\/p>\n\n\n\n<p><b>Esperanza Monedero Villalba<\/b>, Profesora Ayudante Doctor<br>Doctora por la Universidad de Castilla-La Mancha<br>Licenciada en Ciencias Qu\u00edmicas<br>Tfn. 926 05 30 93<br>Adscripci\u00f3n: Instituto de Investigaci\u00f3n en Energ\u00edas Renovables<br>Parque Cient\u00edfico y Tecnol\u00f3gico de Albacete (PCyTA)<br><a href=\"mailto:Esperanza.Monedero@uclm.es\">Esperanza.Monedero@uclm.es<\/a><br><a href=\"https:\/\/orcid.org\/0000-0002-0288-7261\">https:\/\/orcid.org\/0000-0002-0288-7261<\/a><\/p>\n\n\n\n<h3 class=\"wp-block-heading\"><span style=\"color: #0000ff\"><strong>PERSONAL INVESTIGADOR<\/strong><\/span><\/h3>\n\n\n\n<hr class=\"wp-block-separator has-alpha-channel-opacity\" \/>\n\n\n\n<p><b>Amparo Pazo Catal\u00e1n<\/b>, Doctorando<br>Licenciada en Ciencias F\u00edsicas<br>Tfn. 967 59 92 00\/ 8214<br>Adscripci\u00f3n: Instituto de Investigaci\u00f3n en Energ\u00edas Renovables<br>Parque Cient\u00edfico y Tecnol\u00f3gico de Albacete (PCyTA)<br><a href=\"mailto:Amparo.Pazo@uclm.es\">Amparo.Pazo@uclm.es&nbsp;<\/a><br><a href=\"https:\/\/orcid.org\/0000-0002-5045-2596\">https:\/\/orcid.org\/0000-0002-5045-2596<\/a><\/p>\n\n\n\n<p><b>Diego G\u00f3mez Domenech<\/b>, Contrato Predoctoral<br>Ingeniero Industrial<br>Tfn. 926 29 53 00<br>Adscripci\u00f3n: E.T.S.I.I. Ciudad Real<br><a href=\"mailto:mrocio.collado@uclm.es\">Diego.GDomenech@uclm.es<\/a><\/p>\n\n\n\n<p><b>Javier David Londo\u00f1o Echeverri, <\/b>Contratado Proyecto<br>Ingeniero Mec\u00e1nico<br>Adscripci\u00f3n: E.T.S.I.I. Ciudad Real<br>JavierDavid.Londono@uclm.es<br><a href=\"https:\/\/orcid.org\/0000-0003-4722-053X\">https:\/\/orcid.org\/0000-0003-4722-053X<\/a><\/p>\n\n\n\n<p><b>Sara Dom\u00ednguez Cardozo, <\/b>Contrato Predoctoral<br>Ingeniera Qu\u00edmica<br>Adscripci\u00f3n: E.T.S.I.I. Ciudad Real<br>Sara.Dominguez@uclm.es<br><a href=\"https:\/\/orcid.org\/0000-0001-8916-2783\">https:\/\/orcid.org\/0000-0001-8916-2783<\/a><\/p>\n\n\n\n<p><b>Pedro Bancillon Ventin Muniz, <\/b>Contratado Proyecto<br>Ingeniero Industrial<br>Adscripci\u00f3n: E.T.S.I.I. Ciudad Real<br>Pedro.BMuniz@uclm.es<br><a href=\"https:\/\/orcid.org\/0000-0002-6030-7069\">https:\/\/orcid.org\/0000-0002-6030-7069<\/a><\/p>\n\n\n\n<p><b>Indira Tob\u00edo P\u00e9rez, <\/b>Contratada Proyecto<br>Ingeniera Qu\u00edmica<br>Adscripci\u00f3n: E.T.S.I.I. Ciudad Real<br>Indira.Tobio@uclm.es<br><a href=\"https:\/\/orcid.org\/0000-0003-0001-0172\">https:\/\/orcid.org\/0000-0003-0001-0172<\/a><\/p>\n\n\n\n<p><b>Iv\u00e1n Enrique Skroce, <\/b>Contratado Proyecto<br>Ingeniero Mec\u00e1nico <br>Adscripci\u00f3n: E.T.S.I.I. Ciudad Real<br>Ivan.Skroce@uclm.es<br><\/p>\n\n\n\n<h3 class=\"wp-block-heading\"><span style=\"color: #0000ff\"><strong>PAS<\/strong><\/span><\/h3>\n\n\n\n<hr class=\"wp-block-separator has-alpha-channel-opacity\" \/>\n\n\n\n<h5 class=\"wp-block-heading\">T\u00e9cnicos<\/h5>\n\n\n\n<p><b>Juan Antonio Gonz\u00e1lez S\u00e1nchez de la Nieta<\/b>, T\u00e9cnico de Laboratorio<br>Ingeniero T\u00e9cnico Agr\u00edcola<br>Tfn. 926 05 24 31<br>Adscripci\u00f3n: E.T.S.I.I. de Ciudad Real<br><a href=\"mailto:JuanAntonio.Gonzalez@uclm.es\">JuanAntonio.Gonzalez@uclm.es<\/a><\/p>\n\n\n\n<h5 class=\"wp-block-heading\">&nbsp;<\/h5>\n<\/div>\n","protected":false},"excerpt":{"rendered":"<p>PROFESORES Mag\u00edn Lapuerta Amigo, Catedr\u00e1tico de UniversidadDoctor por la Universidad Polit\u00e9cnica de ValenciaIngeniero IndustrialTfn. 926 29 54 31Adscripci\u00f3n: E.T.S.I.I. de Ciudad RealMagin.Lapuerta@uclm.eshttps:\/\/orcid.org\/0000-0001-7418-1412 Juan Jos\u00e9 Hern\u00e1ndez Adrover, Catedr\u00e1tico de UniversidadDoctor por la Universidad Polit\u00e9cnica de ValenciaIngeniero IndustrialTfn. 926 05 24 38Adscripci\u00f3n: E.T.S.I.I. de Ciudad RealJuanJose.Hernandez@uclm.eshttps:\/\/orcid.org\/0000-0003-4347-5666&nbsp; Rosario Ballesteros Ya\u00f1ez, Catedr\u00e1tica de UniversidadDoctora por la Universidad de Castilla-La [&hellip;]<\/p>\n","protected":false},"author":245,"featured_media":0,"parent":0,"menu_order":0,"comment_status":"closed","ping_status":"closed","template":"page-no-separators","meta":{"footnotes":""},"class_list":["post-20","page","type-page","status-publish","hentry"],"_links":{"self":[{"href":"https:\/\/blog.uclm.es\/areammt\/wp-json\/wp\/v2\/pages\/20","targetHints":{"allow":["GET"]}}],"collection":[{"href":"https:\/\/blog.uclm.es\/areammt\/wp-json\/wp\/v2\/pages"}],"about":[{"href":"https:\/\/blog.uclm.es\/areammt\/wp-json\/wp\/v2\/types\/page"}],"author":[{"embeddable":true,"href":"https:\/\/blog.uclm.es\/areammt\/wp-json\/wp\/v2\/users\/245"}],"replies":[{"embeddable":true,"href":"https:\/\/blog.uclm.es\/areammt\/wp-json\/wp\/v2\/comments?post=20"}],"version-history":[{"count":22,"href":"https:\/\/blog.uclm.es\/areammt\/wp-json\/wp\/v2\/pages\/20\/revisions"}],"predecessor-version":[{"id":1449,"href":"https:\/\/blog.uclm.es\/areammt\/wp-json\/wp\/v2\/pages\/20\/revisions\/1449"}],"wp:attachment":[{"href":"https:\/\/blog.uclm.es\/areammt\/wp-json\/wp\/v2\/media?parent=20"}],"curies":[{"name":"wp","href":"https:\/\/api.w.org\/{rel}","templated":true}]}}