{"id":9321,"date":"2022-05-19T16:16:01","date_gmt":"2022-05-19T15:16:01","guid":{"rendered":"https:\/\/blog.uclm.es\/areadpenalto\/?page_id=9321"},"modified":"2023-10-21T07:01:57","modified_gmt":"2023-10-21T07:01:57","slug":"seminario-de-estudios-del-area-de-derecho-penal","status":"publish","type":"page","link":"https:\/\/blog.uclm.es\/areadpenalto\/seminario-de-estudios-del-area-de-derecho-penal\/","title":{"rendered":"Seminario de estudios del \u00c1rea de Derecho penal"},"content":{"rendered":"\n<p><\/p>\n\n\n\n<p><\/p>\n\n\n\n<figure class=\"wp-block-table\"><table><thead><tr><th>Transacciones de criptoactivos y la Teor\u00eda de la tentativa.<br>La criminalizaci\u00f3n de la etapa previa y la consumaci\u00f3n en el delito de blanqueo de capitales<\/th><\/tr><\/thead><tbody><tr><td>VII Seminario de Estudio de Derecho penal de Toledo<br><strong>Invitado<\/strong>:\u00a0Maestro Ciro Chagas<br><strong>Marco<\/strong>:\u00a0Seminarios de Estudio de Derecho penal de Toledo, Eduardo Demetrio Crespo (Dir.)<br><strong>Lugar<\/strong>: Facultad de Ciencias jur\u00eddicas y sociales de Toledo.<br><strong>Fecha<\/strong>: 26\/10\/2023<br><a href=\"https:\/\/blog.uclm.es\/areadpenalto\/wp-content\/uploads\/sites\/142\/2023\/10\/Draft_VIII_Sem_DPT_fgt.pdf\">Descarga el cartel<\/a><\/td><\/tr><\/tbody><\/table><\/figure>\n\n\n\n<figure class=\"wp-block-table\"><table><thead><tr><th><strong>Inmigraci\u00f3n irregular, transformaci\u00f3n de la industria textil y explotaci\u00f3n laboral.<\/strong><\/th><\/tr><\/thead><tbody><tr><td>VI Seminario de Estudio de Derecho penal de Toledo<br><strong>Autor<\/strong>:&nbsp;<a rel=\"noreferrer noopener\" href=\"https:\/\/www.linkedin.com\/in\/patricia-gallo-b83619211?lipi=urn%3Ali%3Apage%3Ad_flagship3_profile_view_base_contact_details%3BTpkAnYrORdmC%2BSWei%2BoeUQ%3D%3D\" target=\"_blank\">Dra. Patricia Gallo<\/a><br><strong>Marco<\/strong>:&nbsp;Seminarios de Estudio de Derecho penal de Toledo&nbsp;(Eduardo Demetrio Crespo (Dir.)<br><strong>Lugar<\/strong>: Facultad de Ciencias jur\u00eddicas y sociales de Toledo.<br><strong>Fecha<\/strong>: 19\/05\/2022<\/td><\/tr><\/tbody><\/table><\/figure>\n\n\n\n<figure class=\"wp-block-gallery has-nested-images columns-default is-cropped wp-block-gallery-1 is-layout-flex wp-block-gallery-is-layout-flex\">\n<figure class=\"wp-block-image size-large\"><img loading=\"lazy\" decoding=\"async\" width=\"1024\" height=\"768\" data-id=\"9324\" src=\"https:\/\/blog.uclm.es\/areadpenalto\/wp-content\/uploads\/sites\/142\/2022\/05\/b3cb166c-6e19-4741-b044-b79deb70f7df.jpg\" alt=\"\" class=\"wp-image-9324\" srcset=\"https:\/\/blog.uclm.es\/areadpenalto\/wp-content\/uploads\/sites\/142\/2022\/05\/b3cb166c-6e19-4741-b044-b79deb70f7df.jpg 1024w, https:\/\/blog.uclm.es\/areadpenalto\/wp-content\/uploads\/sites\/142\/2022\/05\/b3cb166c-6e19-4741-b044-b79deb70f7df-300x225.jpg 300w, https:\/\/blog.uclm.es\/areadpenalto\/wp-content\/uploads\/sites\/142\/2022\/05\/b3cb166c-6e19-4741-b044-b79deb70f7df-768x576.jpg 768w\" sizes=\"auto, (max-width: 767px) 89vw, (max-width: 1000px) 54vw, (max-width: 1071px) 543px, 580px\" \/><\/figure>\n\n\n\n<figure class=\"wp-block-image size-large\"><img loading=\"lazy\" decoding=\"async\" width=\"1024\" height=\"672\" data-id=\"9325\" src=\"https:\/\/blog.uclm.es\/areadpenalto\/wp-content\/uploads\/sites\/142\/2022\/05\/464a7c14-a776-4066-9bb0-3088ee84e503-1024x672.jpg\" alt=\"\" class=\"wp-image-9325\" srcset=\"https:\/\/blog.uclm.es\/areadpenalto\/wp-content\/uploads\/sites\/142\/2022\/05\/464a7c14-a776-4066-9bb0-3088ee84e503-1024x672.jpg 1024w, https:\/\/blog.uclm.es\/areadpenalto\/wp-content\/uploads\/sites\/142\/2022\/05\/464a7c14-a776-4066-9bb0-3088ee84e503-300x197.jpg 300w, https:\/\/blog.uclm.es\/areadpenalto\/wp-content\/uploads\/sites\/142\/2022\/05\/464a7c14-a776-4066-9bb0-3088ee84e503-768x504.jpg 768w, https:\/\/blog.uclm.es\/areadpenalto\/wp-content\/uploads\/sites\/142\/2022\/05\/464a7c14-a776-4066-9bb0-3088ee84e503-1536x1008.jpg 1536w, https:\/\/blog.uclm.es\/areadpenalto\/wp-content\/uploads\/sites\/142\/2022\/05\/464a7c14-a776-4066-9bb0-3088ee84e503.jpg 1600w\" sizes=\"auto, (max-width: 767px) 89vw, (max-width: 1000px) 54vw, (max-width: 1071px) 543px, 580px\" \/><\/figure>\n\n\n\n<figure class=\"wp-block-image size-large\"><img loading=\"lazy\" decoding=\"async\" width=\"1024\" height=\"768\" data-id=\"9328\" src=\"https:\/\/blog.uclm.es\/areadpenalto\/wp-content\/uploads\/sites\/142\/2022\/05\/IMG_20220519_122412-scaled-1-1024x768.jpg\" alt=\"\" class=\"wp-image-9328\" srcset=\"https:\/\/blog.uclm.es\/areadpenalto\/wp-content\/uploads\/sites\/142\/2022\/05\/IMG_20220519_122412-scaled-1-1024x768.jpg 1024w, https:\/\/blog.uclm.es\/areadpenalto\/wp-content\/uploads\/sites\/142\/2022\/05\/IMG_20220519_122412-scaled-1-300x225.jpg 300w, https:\/\/blog.uclm.es\/areadpenalto\/wp-content\/uploads\/sites\/142\/2022\/05\/IMG_20220519_122412-scaled-1-768x576.jpg 768w, https:\/\/blog.uclm.es\/areadpenalto\/wp-content\/uploads\/sites\/142\/2022\/05\/IMG_20220519_122412-scaled-1-1536x1152.jpg 1536w, https:\/\/blog.uclm.es\/areadpenalto\/wp-content\/uploads\/sites\/142\/2022\/05\/IMG_20220519_122412-scaled-1-2048x1536.jpg 2048w\" sizes=\"auto, (max-width: 767px) 89vw, (max-width: 1000px) 54vw, (max-width: 1071px) 543px, 580px\" \/><\/figure>\n\n\n\n<figure class=\"wp-block-image size-large\"><img loading=\"lazy\" decoding=\"async\" width=\"724\" height=\"1024\" data-id=\"9327\" src=\"https:\/\/blog.uclm.es\/areadpenalto\/wp-content\/uploads\/sites\/142\/2022\/05\/CartelSeminarioPatriciaGallo-1_page-0001-724x1024.jpg\" alt=\"\" class=\"wp-image-9327\" srcset=\"https:\/\/blog.uclm.es\/areadpenalto\/wp-content\/uploads\/sites\/142\/2022\/05\/CartelSeminarioPatriciaGallo-1_page-0001-724x1024.jpg 724w, https:\/\/blog.uclm.es\/areadpenalto\/wp-content\/uploads\/sites\/142\/2022\/05\/CartelSeminarioPatriciaGallo-1_page-0001-212x300.jpg 212w, https:\/\/blog.uclm.es\/areadpenalto\/wp-content\/uploads\/sites\/142\/2022\/05\/CartelSeminarioPatriciaGallo-1_page-0001-768x1087.jpg 768w, https:\/\/blog.uclm.es\/areadpenalto\/wp-content\/uploads\/sites\/142\/2022\/05\/CartelSeminarioPatriciaGallo-1_page-0001-1085x1536.jpg 1085w, https:\/\/blog.uclm.es\/areadpenalto\/wp-content\/uploads\/sites\/142\/2022\/05\/CartelSeminarioPatriciaGallo-1_page-0001.jpg 1240w\" sizes=\"auto, (max-width: 724px) 100vw, 724px\" \/><\/figure>\n<\/figure>\n\n\n\n<hr class=\"wp-block-separator has-alpha-channel-opacity is-style-wide\" \/>\n\n\n\n<figure class=\"wp-block-table\"><table><thead><tr><th><strong>Algunas razones pol\u00edtico-criminales para la responsabilidad penal de las personas jur\u00eddicas<\/strong><\/th><\/tr><\/thead><tbody><tr><td>V Seminario de Estudio de Derecho penal de Toledo<br><strong>Autor<\/strong>:&nbsp;<a href=\"https:\/\/blog.uclm.es\/areadpenalto\/paulo-cesar-busato\/\" target=\"_blank\" rel=\"noreferrer noopener\">Paulo Cesar Busato<\/a><br><strong>Marco<\/strong>:&nbsp;Seminarios de Estudio de Derecho penal de Toledo, (Eduardo Demetrio Crespo (Dir.) &amp; \u00d3scar L\u00f3pez Rey (Coord.))<br><strong>Lugar<\/strong>: Facultad de Ciencias jur\u00eddicas y sociales de Toledo.<br><strong>Fecha<\/strong>: 26\/01\/2018<\/td><\/tr><\/tbody><\/table><\/figure>\n\n\n\n<hr class=\"wp-block-separator has-alpha-channel-opacity is-style-wide\" \/>\n\n\n\n<figure class=\"wp-block-table\"><table><thead><tr><th><strong>Tratamiento jur\u00eddico penal de la contaminaci\u00f3n ac\u00fastica<\/strong><\/th><\/tr><\/thead><tbody><tr><td>IV Seminario de Estudio de Derecho penal de Toledo<br><strong>Autor<\/strong>:&nbsp;<a href=\"http:\/\/blog.uclm.es\/areadpenalto\/teresa-montero-ruiz\/\" target=\"_blank\" rel=\"noreferrer noopener\">Teresa Montero Ruiz<\/a><br><strong>Marco<\/strong>:&nbsp;Seminarios de Estudio de Derecho penal de Toledo&nbsp;(Eduardo Demetrio Crespo (Dir.) &amp; \u00d3scar L\u00f3pez Rey (Coord.))<br><strong>Lugar<\/strong>: Facultad de Ciencias jur\u00eddicas y sociales de Toledo.<br><strong>Fecha<\/strong>: 26\/01\/2017<\/td><\/tr><\/tbody><\/table><\/figure>\n\n\n\n<figure class=\"wp-block-gallery has-nested-images columns-default is-cropped wp-block-gallery-2 is-layout-flex wp-block-gallery-is-layout-flex\">\n<figure class=\"wp-block-image size-large\"><img loading=\"lazy\" decoding=\"async\" width=\"1024\" height=\"768\" data-id=\"3563\" src=\"https:\/\/blog.uclm.es\/areadpenalto\/wp-content\/uploads\/sites\/142\/2018\/01\/IV-Seminario-de-estudio-02-1024x768.jpg\" alt=\"\" class=\"wp-image-3563\" srcset=\"https:\/\/blog.uclm.es\/areadpenalto\/wp-content\/uploads\/sites\/142\/2018\/01\/IV-Seminario-de-estudio-02-1024x768.jpg 1024w, https:\/\/blog.uclm.es\/areadpenalto\/wp-content\/uploads\/sites\/142\/2018\/01\/IV-Seminario-de-estudio-02-300x225.jpg 300w, https:\/\/blog.uclm.es\/areadpenalto\/wp-content\/uploads\/sites\/142\/2018\/01\/IV-Seminario-de-estudio-02-768x576.jpg 768w, https:\/\/blog.uclm.es\/areadpenalto\/wp-content\/uploads\/sites\/142\/2018\/01\/IV-Seminario-de-estudio-02.jpg 1152w\" sizes=\"auto, (max-width: 767px) 89vw, (max-width: 1000px) 54vw, (max-width: 1071px) 543px, 580px\" \/><figcaption class=\"wp-element-caption\">De izq. a dcha. D. Faustino Garc\u00eda de la Torre Garc\u00eda, D\u00f1a. M\u00f3nica de la Cuerda Mart\u00edn, D\u00f1a. Teresa Montero Ruiz y Prof. Dr. D. Eduardo Demetrio Crespo<\/figcaption><\/figure>\n\n\n\n<figure class=\"wp-block-image size-large\"><img loading=\"lazy\" decoding=\"async\" width=\"1024\" height=\"768\" data-id=\"3562\" src=\"https:\/\/blog.uclm.es\/areadpenalto\/wp-content\/uploads\/sites\/142\/2018\/01\/IV-Seminario-de-estudio-01-1024x768.jpg\" alt=\"\" class=\"wp-image-3562\" srcset=\"https:\/\/blog.uclm.es\/areadpenalto\/wp-content\/uploads\/sites\/142\/2018\/01\/IV-Seminario-de-estudio-01-1024x768.jpg 1024w, https:\/\/blog.uclm.es\/areadpenalto\/wp-content\/uploads\/sites\/142\/2018\/01\/IV-Seminario-de-estudio-01-300x225.jpg 300w, https:\/\/blog.uclm.es\/areadpenalto\/wp-content\/uploads\/sites\/142\/2018\/01\/IV-Seminario-de-estudio-01-768x576.jpg 768w, https:\/\/blog.uclm.es\/areadpenalto\/wp-content\/uploads\/sites\/142\/2018\/01\/IV-Seminario-de-estudio-01.jpg 1152w\" sizes=\"auto, (max-width: 767px) 89vw, (max-width: 1000px) 54vw, (max-width: 1071px) 543px, 580px\" \/><figcaption class=\"wp-element-caption\">De izq. a dcha. D. Oscar L\u00f3pez Rey, D\u00f1a. M\u00f3nica de la Cuerda Mart\u00edn, D\u00f1a. Teresa Montero Ruiz y Prof. Dr. D. Eduardo Demetrio Crespo<\/figcaption><\/figure>\n<\/figure>\n\n\n\n<hr class=\"wp-block-separator has-alpha-channel-opacity is-style-wide\" \/>\n\n\n\n<figure class=\"wp-block-table\"><table><thead><tr><th><strong>Teor\u00edas de la acci\u00f3n, acci\u00f3n significativa y delitos de posesi\u00f3n<\/strong><\/th><\/tr><\/thead><tbody><tr><td>III Seminario de Estudio de Derecho penal de Toledo<br><strong>Autor<\/strong>:&nbsp;<a href=\"https:\/\/blog.uclm.es\/areadpenalto\/paulo-cesar-busato\/\" target=\"_blank\" rel=\"noreferrer noopener\">Paulo Cesar Busato<\/a><br><strong>Marco<\/strong>:&nbsp;Seminarios de Estudio de Derecho penal de Toledo&nbsp;(Eduardo Demetrio Crespo (Dir.) &amp; \u00d3scar L\u00f3pez Rey (Coord.))<br><strong>Lugar<\/strong>: Facultad de Ciencias jur\u00eddicas y sociales de Toledo.<br><strong>Fecha<\/strong>: 14\/07\/2017<\/td><\/tr><\/tbody><\/table><\/figure>\n\n\n\n<figure class=\"wp-block-gallery has-nested-images columns-default is-cropped wp-block-gallery-3 is-layout-flex wp-block-gallery-is-layout-flex\">\n<figure class=\"wp-block-image size-large\"><img loading=\"lazy\" decoding=\"async\" width=\"1024\" height=\"768\" data-id=\"3255\" src=\"https:\/\/blog.uclm.es\/areadpenalto\/wp-content\/uploads\/sites\/142\/2017\/10\/DSCN7184.1-1024x768.jpg\" alt=\"\" class=\"wp-image-3255\" srcset=\"https:\/\/blog.uclm.es\/areadpenalto\/wp-content\/uploads\/sites\/142\/2017\/10\/DSCN7184.1-1024x768.jpg 1024w, https:\/\/blog.uclm.es\/areadpenalto\/wp-content\/uploads\/sites\/142\/2017\/10\/DSCN7184.1-300x225.jpg 300w, https:\/\/blog.uclm.es\/areadpenalto\/wp-content\/uploads\/sites\/142\/2017\/10\/DSCN7184.1-768x576.jpg 768w, https:\/\/blog.uclm.es\/areadpenalto\/wp-content\/uploads\/sites\/142\/2017\/10\/DSCN7184.1.jpg 1152w\" sizes=\"auto, (max-width: 767px) 89vw, (max-width: 1000px) 54vw, (max-width: 1071px) 543px, 580px\" \/><\/figure>\n\n\n\n<figure class=\"wp-block-image size-large\"><img loading=\"lazy\" decoding=\"async\" width=\"1024\" height=\"768\" data-id=\"3254\" src=\"https:\/\/blog.uclm.es\/areadpenalto\/wp-content\/uploads\/sites\/142\/2017\/10\/DSCN7182.1-1024x768.jpg\" alt=\"\" class=\"wp-image-3254\" srcset=\"https:\/\/blog.uclm.es\/areadpenalto\/wp-content\/uploads\/sites\/142\/2017\/10\/DSCN7182.1-1024x768.jpg 1024w, https:\/\/blog.uclm.es\/areadpenalto\/wp-content\/uploads\/sites\/142\/2017\/10\/DSCN7182.1-300x225.jpg 300w, https:\/\/blog.uclm.es\/areadpenalto\/wp-content\/uploads\/sites\/142\/2017\/10\/DSCN7182.1-768x576.jpg 768w, https:\/\/blog.uclm.es\/areadpenalto\/wp-content\/uploads\/sites\/142\/2017\/10\/DSCN7182.1.jpg 1152w\" sizes=\"auto, (max-width: 767px) 89vw, (max-width: 1000px) 54vw, (max-width: 1071px) 543px, 580px\" \/><\/figure>\n<\/figure>\n\n\n\n<hr class=\"wp-block-separator has-alpha-channel-opacity is-style-wide\" \/>\n\n\n\n<figure class=\"wp-block-table\"><table><thead><tr><th><strong>A vueltas con los problemas de delimitaci\u00f3n entre el dolo eventual y la imprudencia consciente<\/strong><\/th><\/tr><\/thead><tbody><tr><td>II Seminario de Estudio de Derecho penal de Toledo<br><strong>Autor<\/strong>: Fernando Molina Fern\u00e1ndez<br><strong>Marco<\/strong>:&nbsp;Seminarios de Estudio de Derecho penal de Toledo&nbsp;(Eduardo Demetrio Crespo (Dir.) &amp; \u00d3scar L\u00f3pez Rey (Coord.))<br><strong>Lugar<\/strong>: Facultad de Ciencias jur\u00eddicas y sociales de Toledo.<br><strong>Fecha<\/strong>: 21\/10\/2016<\/td><\/tr><\/tbody><\/table><\/figure>\n\n\n\n<figure class=\"wp-block-gallery has-nested-images columns-default is-cropped wp-block-gallery-4 is-layout-flex wp-block-gallery-is-layout-flex\">\n<figure class=\"wp-block-image size-large\"><img loading=\"lazy\" decoding=\"async\" width=\"921\" height=\"691\" data-id=\"2797\" src=\"https:\/\/blog.uclm.es\/areadpenalto\/wp-content\/uploads\/sites\/142\/2016\/10\/DSCN6247.1.jpg\" alt=\"\" class=\"wp-image-2797\" srcset=\"https:\/\/blog.uclm.es\/areadpenalto\/wp-content\/uploads\/sites\/142\/2016\/10\/DSCN6247.1.jpg 921w, https:\/\/blog.uclm.es\/areadpenalto\/wp-content\/uploads\/sites\/142\/2016\/10\/DSCN6247.1-300x225.jpg 300w, https:\/\/blog.uclm.es\/areadpenalto\/wp-content\/uploads\/sites\/142\/2016\/10\/DSCN6247.1-768x576.jpg 768w\" sizes=\"auto, (max-width: 767px) 89vw, (max-width: 1000px) 54vw, (max-width: 1071px) 543px, 580px\" \/><\/figure>\n\n\n\n<figure class=\"wp-block-image size-large\"><img loading=\"lazy\" decoding=\"async\" width=\"921\" height=\"691\" data-id=\"2795\" src=\"https:\/\/blog.uclm.es\/areadpenalto\/wp-content\/uploads\/sites\/142\/2016\/10\/DSCN6244.1.jpg\" alt=\"\" class=\"wp-image-2795\" srcset=\"https:\/\/blog.uclm.es\/areadpenalto\/wp-content\/uploads\/sites\/142\/2016\/10\/DSCN6244.1.jpg 921w, https:\/\/blog.uclm.es\/areadpenalto\/wp-content\/uploads\/sites\/142\/2016\/10\/DSCN6244.1-300x225.jpg 300w, https:\/\/blog.uclm.es\/areadpenalto\/wp-content\/uploads\/sites\/142\/2016\/10\/DSCN6244.1-768x576.jpg 768w\" sizes=\"auto, (max-width: 767px) 89vw, (max-width: 1000px) 54vw, (max-width: 1071px) 543px, 580px\" \/><\/figure>\n<\/figure>\n\n\n\n<hr class=\"wp-block-separator has-alpha-channel-opacity is-style-wide\" \/>\n\n\n\n<figure class=\"wp-block-table\"><table><thead><tr><th><strong>A vueltas con los problemas de delimitaci\u00f3n entre el dolo eventual y la imprudencia consciente<\/strong><\/th><\/tr><\/thead><tbody><tr><td>I Seminario de Estudio de Derecho penal de Toledo<br><strong>Marco<\/strong>:&nbsp;Seminarios de Estudio de Derecho penal de Toledo&nbsp;(Eduardo Demetrio Crespo (Dir.) &amp; \u00d3scar L\u00f3pez Rey (Coord.))<br><strong>Lugar<\/strong>: Facultad de Ciencias jur\u00eddicas y sociales de Toledo.<br><strong>Fecha<\/strong>: 17\/06\/2016<\/td><\/tr><\/tbody><\/table><\/figure>\n\n\n\n<figure class=\"wp-block-gallery has-nested-images columns-default is-cropped wp-block-gallery-5 is-layout-flex wp-block-gallery-is-layout-flex\">\n<figure class=\"wp-block-image size-large\"><img loading=\"lazy\" decoding=\"async\" width=\"921\" height=\"691\" data-id=\"2791\" src=\"https:\/\/blog.uclm.es\/areadpenalto\/wp-content\/uploads\/sites\/142\/2016\/07\/DSCN5394.1.jpg\" alt=\"\" class=\"wp-image-2791\" srcset=\"https:\/\/blog.uclm.es\/areadpenalto\/wp-content\/uploads\/sites\/142\/2016\/07\/DSCN5394.1.jpg 921w, https:\/\/blog.uclm.es\/areadpenalto\/wp-content\/uploads\/sites\/142\/2016\/07\/DSCN5394.1-300x225.jpg 300w, https:\/\/blog.uclm.es\/areadpenalto\/wp-content\/uploads\/sites\/142\/2016\/07\/DSCN5394.1-768x576.jpg 768w\" sizes=\"auto, (max-width: 767px) 89vw, (max-width: 1000px) 54vw, (max-width: 1071px) 543px, 580px\" \/><\/figure>\n\n\n\n<figure class=\"wp-block-image size-large\"><img loading=\"lazy\" decoding=\"async\" width=\"921\" height=\"691\" data-id=\"2792\" src=\"https:\/\/blog.uclm.es\/areadpenalto\/wp-content\/uploads\/sites\/142\/2016\/07\/DSCN5395.1.jpg\" alt=\"\" class=\"wp-image-2792\" srcset=\"https:\/\/blog.uclm.es\/areadpenalto\/wp-content\/uploads\/sites\/142\/2016\/07\/DSCN5395.1.jpg 921w, https:\/\/blog.uclm.es\/areadpenalto\/wp-content\/uploads\/sites\/142\/2016\/07\/DSCN5395.1-300x225.jpg 300w, https:\/\/blog.uclm.es\/areadpenalto\/wp-content\/uploads\/sites\/142\/2016\/07\/DSCN5395.1-768x576.jpg 768w\" sizes=\"auto, (max-width: 767px) 89vw, (max-width: 1000px) 54vw, (max-width: 1071px) 543px, 580px\" \/><\/figure>\n\n\n\n<figure class=\"wp-block-image size-large\"><img loading=\"lazy\" decoding=\"async\" width=\"921\" height=\"691\" data-id=\"2793\" src=\"https:\/\/blog.uclm.es\/areadpenalto\/wp-content\/uploads\/sites\/142\/2016\/07\/DSCN5396.1.jpg\" alt=\"\" class=\"wp-image-2793\" srcset=\"https:\/\/blog.uclm.es\/areadpenalto\/wp-content\/uploads\/sites\/142\/2016\/07\/DSCN5396.1.jpg 921w, https:\/\/blog.uclm.es\/areadpenalto\/wp-content\/uploads\/sites\/142\/2016\/07\/DSCN5396.1-300x225.jpg 300w, https:\/\/blog.uclm.es\/areadpenalto\/wp-content\/uploads\/sites\/142\/2016\/07\/DSCN5396.1-768x576.jpg 768w\" sizes=\"auto, (max-width: 767px) 89vw, (max-width: 1000px) 54vw, (max-width: 1071px) 543px, 580px\" \/><\/figure>\n<\/figure>\n\n\n\n<hr class=\"wp-block-separator has-alpha-channel-opacity is-style-wide\" \/>\n","protected":false},"excerpt":{"rendered":"<p>Transacciones de criptoactivos y la Teor\u00eda de la tentativa.La criminalizaci\u00f3n de la etapa previa y la consumaci\u00f3n en el delito de blanqueo de capitales VII Seminario de Estudio de Derecho penal de ToledoInvitado:\u00a0Maestro Ciro ChagasMarco:\u00a0Seminarios de Estudio de Derecho penal de Toledo, Eduardo Demetrio Crespo (Dir.)Lugar: Facultad de Ciencias jur\u00eddicas y sociales de Toledo.Fecha: 26\/10\/2023Descarga &hellip; <\/p>\n<p class=\"link-more\"><a href=\"https:\/\/blog.uclm.es\/areadpenalto\/seminario-de-estudios-del-area-de-derecho-penal\/\" class=\"more-link\">Continuar leyendo<span class=\"screen-reader-text\"> \u00abSeminario de estudios del \u00c1rea de Derecho penal\u00bb<\/span><\/a><\/p>\n","protected":false},"author":132,"featured_media":0,"parent":0,"menu_order":0,"comment_status":"closed","ping_status":"closed","template":"","meta":{"footnotes":""},"class_list":["post-9321","page","type-page","status-publish","hentry"],"_links":{"self":[{"href":"https:\/\/blog.uclm.es\/areadpenalto\/wp-json\/wp\/v2\/pages\/9321","targetHints":{"allow":["GET"]}}],"collection":[{"href":"https:\/\/blog.uclm.es\/areadpenalto\/wp-json\/wp\/v2\/pages"}],"about":[{"href":"https:\/\/blog.uclm.es\/areadpenalto\/wp-json\/wp\/v2\/types\/page"}],"author":[{"embeddable":true,"href":"https:\/\/blog.uclm.es\/areadpenalto\/wp-json\/wp\/v2\/users\/132"}],"replies":[{"embeddable":true,"href":"https:\/\/blog.uclm.es\/areadpenalto\/wp-json\/wp\/v2\/comments?post=9321"}],"version-history":[{"count":4,"href":"https:\/\/blog.uclm.es\/areadpenalto\/wp-json\/wp\/v2\/pages\/9321\/revisions"}],"predecessor-version":[{"id":9849,"href":"https:\/\/blog.uclm.es\/areadpenalto\/wp-json\/wp\/v2\/pages\/9321\/revisions\/9849"}],"wp:attachment":[{"href":"https:\/\/blog.uclm.es\/areadpenalto\/wp-json\/wp\/v2\/media?parent=9321"}],"curies":[{"name":"wp","href":"https:\/\/api.w.org\/{rel}","templated":true}]}}